{"id":793,"date":"2024-04-28T08:49:31","date_gmt":"2024-04-28T08:49:31","guid":{"rendered":"https:\/\/palegoldenrod-manatee-952098.hostingersite.com\/?post_type=product&#038;p=793"},"modified":"2025-09-17T19:30:36","modified_gmt":"2025-09-17T11:30:36","slug":"modelador-endos-velapro-b0156","status":"publish","type":"product","link":"https:\/\/shefmon.com\/pt\/product\/b0156-endos-velapro-shaper\/","title":{"rendered":"B0156 5 em 1 Endos Velapro Shaper"},"content":{"rendered":"<p><strong>Caracter\u00edsticas :<\/strong><\/p>\n<p>1) Redu\u00e7\u00e3o de gordura e modelagem corporal<br \/>\nMassagem de amassamento de gordura com rolamento e rota\u00e7\u00e3o + press\u00e3o negativa + radiofrequ\u00eancia + 80K forte<br \/>\nondas sonoras + laser infravermelho pr\u00f3ximo cinco mais uma tecnologia para estimular a decomposi\u00e7\u00e3o das c\u00e9lulas de gordura, para atingir o efeito de<br \/>\nredu\u00e7\u00e3o de gordura e modelagem.<\/p>\n<p>2) Anti-incha\u00e7o, lifting facial e remo\u00e7\u00e3o de papada<br \/>\nPress\u00e3o de v\u00e1cuo, radiofrequ\u00eancia e luz infravermelha para melhorar problemas de envelhecimento, como flacidez e alta perda de col\u00e1geno no rosto,<br \/>\ne gordura no queixo.<\/p>\n<p>3) Al\u00edvio da Dor e Drenagem Linf\u00e1tica<br \/>\nMassagem rolante + press\u00e3o negativa + radiofrequ\u00eancia + estimula\u00e7\u00e3o a laser infravermelho pr\u00f3ximo da f\u00e1scia e do m\u00fasculo, pode melhorar a<br \/>\ndor corporal e subcondi\u00e7\u00e3o de sa\u00fade.<\/p>\n<p>4) Remo\u00e7\u00e3o de rugas e escultura corporal, redu\u00e7\u00e3o de estrias<br \/>\nMassagem com rolo + V\u00e1cuo + radiofrequ\u00eancia + cavita\u00e7\u00e3o 80K + luz infravermelha pr\u00f3xima Tecnologia 5 em 1 para estimular o conjuntivo<br \/>\ntecido, aplic\u00e1vel a todas as partes do corpo humano, modelando vincos, estrias, celulite.<\/p>\n<p><strong>Princ\u00edpio:<\/strong><br \/>\nO dispositivo integrado V-20 Super Vela usa rota\u00e7\u00e3o tridimensional do rolo de v\u00e1cuo para massagear o tecido profundo da pele, mecanismo mec\u00e2nico patenteado<br \/>\ndesign de rolo com modo de rolamento exclusivo, conjunto de massagem de rolo + v\u00e1cuo + radiofrequ\u00eancia + cavita\u00e7\u00e3o 80K + luz infravermelha cinco<br \/>\ntecnologias em uma s\u00f3, podem melhorar de forma r\u00e1pida e eficaz os quatro principais problemas de forma natural e indolor.<\/p>\n<p>a) Amassar gordura por meio de rolamento e rota\u00e7\u00e3o de forma puramente f\u00edsica, com diferentes frequ\u00eancias de vibra\u00e7\u00e3o, pode ser aplicado na derme, camada de gordura, camada da f\u00e1scia e outros locais diferentes para obter o efeito de emagrecimento e contorno, al\u00edvio de dores e assim por diante.<\/p>\n<p>b) Ao mesmo tempo, o uso de press\u00e3o negativa na tecnologia de dobramento da pele, de modo que a energia de radiofrequ\u00eancia passe diretamente pelas duas camadas da pele dobradas juntas, melhorando significativamente o efeito e a seguran\u00e7a, causados pelo movimento mec\u00e2nico da radiofrequ\u00eancia<br \/>\nProfundidade de penetra\u00e7\u00e3o de 5 a 15 mm, e o uso de rolos girat\u00f3rios, clipes e alongamentos das fibras conjuntivas das diferentes camadas da pele, a decomposi\u00e7\u00e3o eficaz da gordura subcut\u00e2nea e a extrus\u00e3o dos capilares e vasos linf\u00e1ticos, al\u00e9m de promover o metabolismo do corpo humano, melhorando significativamente a modelagem! O efeito \u00e9 significativamente aprimorado;<\/p>\n<p>c) Combinando duas cavita\u00e7\u00f5es de 80K, V\u00e1cuo<br \/>\n+ 940 luz infravermelha, o primeiro uso de cavita\u00e7\u00e3o 80K, vibra\u00e7\u00e3o de alta velocidade de c\u00e9lulas de gordura, dentro e fora das c\u00e9lulas de gordura para<br \/>\nproduzir in\u00fameras bolsas de ar reais, forte impacto nas c\u00e9lulas de gordura, de modo que as membranas das c\u00e9lulas de gordura produzem ruptura interna, de modo que a decomposi\u00e7\u00e3o dos triglicer\u00eddeos de glicerol e \u00e1cidos graxos livres, de modo a atingir o efeito de perda de peso e corpo<br \/>\nembelezamento.<\/p>\n<p>d) Ajuste da imped\u00e2ncia do corpo atrav\u00e9s do laser NIR: Reduz a imped\u00e2ncia da epiderme \u00e0 radiofrequ\u00eancia<br \/>\nenergia aumentando a temperatura da epiderme, direcionando a energia de RF (radiofrequ\u00eancia) para se concentrar mais profundamente no tecido conjuntivo;<\/p>\n<p><strong>Fun\u00e7\u00f5es:<\/strong><br \/>\n1. Emagrecimento, contorno e modelagem corporal<br \/>\n2. Redu\u00e7\u00e3o de gordura e celulite<br \/>\n3. Firmeza da pele<br \/>\n4. Remo\u00e7\u00e3o de rugas<br \/>\n5. Massagem a v\u00e1cuo quente para celulite<br \/>\n6. Tratamentos para a \u00e1rea dos olhos<br \/>\n7. Remo\u00e7\u00e3o e levantamento de rugas faciais<br \/>\n8. Promove o metabolismo celular, melhora a circula\u00e7\u00e3o sangu\u00ednea<br \/>\n9. Aumenta a elasticidade da pele<br \/>\n10. Lifting de pele<\/p>","protected":false},"excerpt":{"rendered":"<p><strong><span style=\"color: #000000;\">5 EM 1 Endos Velapro, tamb\u00e9m pode combinar diferentes al\u00e7as<\/span><\/strong><br \/>\n<strong>Rolo de v\u00e1cuo (corpo):<\/strong><br \/>\n1. Tamanho do tratamento de 40 mm*60 mm.<br \/>\n2. Pot\u00eancia de RF de at\u00e9 50 W.<br \/>\n3. Maior tamanho para tratamento de celulite.<br \/>\n4. Manipula\u00e7\u00e3o Mec\u00e2nica Autom\u00e1tica.<br \/>\n5. V\u00e1cuo + RF + Laser de luz de 3 cores + Rolo<br \/>\n6. Tratamento seguro e eficaz.<br \/>\n<strong>Rolo de v\u00e1cuo (rosto\/bra\u00e7o\/pesco\u00e7o):<\/strong><br \/>\n1. Tamanho do tratamento: 30 mm * 50 mm.<br \/>\n2. Pot\u00eancia de RF de at\u00e9 50 W.<br \/>\n3. Tamanho adequado para tratamento direcionado.<br \/>\n4. Entrega precisa de energia.<br \/>\n5. V\u00e1cuo + RF + Luz vermelha + Rolo<br \/>\n<strong>90 Al\u00e7a girat\u00f3ria de gordura (corpo):<\/strong><br \/>\n90 Combina\u00e7\u00e3o rotativa de gordura 40,68M RF multipolar,<br \/>\nv\u00e1cuo e f\u00f3ton para remover gordura.<br \/>\n<strong>90 Al\u00e7a girat\u00f3ria de gordura (face):<\/strong><br \/>\n90 Combina\u00e7\u00e3o rotativa de gordura 40,68M RF multipolar,<br \/>\nv\u00e1cuo e f\u00f3ton para endurecimento da pele e<br \/>\nremo\u00e7\u00e3o de rugas.<br \/>\n<strong>Foco Dupla Cavita\u00e7\u00e3o 80K:<\/strong><br \/>\nCom seu design renovado e tela sens\u00edvel ao toque de 3,5 polegadas, atua no tecido adiposo aspirado. Mais seguro e eficaz.<br \/>\n<strong>Pacote<\/strong>:67*54*141cm 59,2kgs\/75*49*29cm,17,2kgs<\/p>","protected":false},"featured_media":2422,"template":"","meta":[],"product_brand":[],"product_cat":[77,90],"product_tag":[],"class_list":{"0":"post-793","1":"product","2":"type-product","3":"status-publish","4":"has-post-thumbnail","6":"product_cat-endos-velapro","7":"product_cat-lose-fat-and-body-firming","9":"first","10":"instock","11":"shipping-taxable","12":"product-type-simple"},"_links":{"self":[{"href":"https:\/\/shefmon.com\/pt\/wp-json\/wp\/v2\/product\/793","targetHints":{"allow":["GET"]}}],"collection":[{"href":"https:\/\/shefmon.com\/pt\/wp-json\/wp\/v2\/product"}],"about":[{"href":"https:\/\/shefmon.com\/pt\/wp-json\/wp\/v2\/types\/product"}],"version-history":[{"count":0,"href":"https:\/\/shefmon.com\/pt\/wp-json\/wp\/v2\/product\/793\/revisions"}],"wp:featuredmedia":[{"embeddable":true,"href":"https:\/\/shefmon.com\/pt\/wp-json\/wp\/v2\/media\/2422"}],"wp:attachment":[{"href":"https:\/\/shefmon.com\/pt\/wp-json\/wp\/v2\/media?parent=793"}],"wp:term":[{"taxonomy":"product_brand","embeddable":true,"href":"https:\/\/shefmon.com\/pt\/wp-json\/wp\/v2\/product_brand?post=793"},{"taxonomy":"product_cat","embeddable":true,"href":"https:\/\/shefmon.com\/pt\/wp-json\/wp\/v2\/product_cat?post=793"},{"taxonomy":"product_tag","embeddable":true,"href":"https:\/\/shefmon.com\/pt\/wp-json\/wp\/v2\/product_tag?post=793"}],"curies":[{"name":"wp","href":"https:\/\/api.w.org\/{rel}","templated":true}]}}