{"id":6155,"date":"2025-07-16T17:34:09","date_gmt":"2025-07-16T09:34:09","guid":{"rendered":"https:\/\/shefmon.com\/?post_type=product&#038;p=6155"},"modified":"2025-09-17T17:23:05","modified_gmt":"2025-09-17T09:23:05","slug":"s10-criolipolisis-portatil-slimming-machine-cryotherapy-criolipolisis-machine-with-two-handles-2","status":"publish","type":"product","link":"https:\/\/shefmon.com\/pt\/product\/s10-criolipolisis-portatil-slimming-machine-cryotherapy-criolipolisis-machine-with-two-handles-2\/","title":{"rendered":"M\u00e1quina de criolip\u00f3lise port\u00e1til S10 M\u00e1quina de criolip\u00f3lise com duas al\u00e7as"},"content":{"rendered":"<p><strong>Introdu\u00e7\u00e3o \u00e0 m\u00e1quina de criolip\u00f3lise:<\/strong><\/p>\n<p>A criolip\u00f3lise \u00e9 uma nova forma n\u00e3o invasiva de reduzir a gordura de forma suave e eficaz em \u00e1reas espec\u00edficas do corpo, resultando em uma redu\u00e7\u00e3o de gordura percept\u00edvel e avan\u00e7ada nas \u00e1reas tratadas. Como os triglicer\u00eddeos presentes nas gorduras s\u00e3o convertidos em s\u00f3lidos em temperaturas particularmente baixas, a criolip\u00f3lise utiliza uma tecnologia de resfriamento para atingir seletivamente as protuber\u00e2ncias de gordura e eliminar as c\u00e9lulas adiposas por meio de um processo gradual que n\u00e3o agride os tecidos circundantes, reduzindo a gordura indesejada. O resfriamento por contato da superf\u00edcie da pe\u00e7a de m\u00e3o regula a temperatura da pele e protege as estruturas d\u00e9rmicas finas, promovendo os efeitos de remodela\u00e7\u00e3o corporal e firmeza da pele! M\u00e1quina de emagrecimento criog\u00eanica para modelagem corporal, sistema de congelamento de gordura por criolip\u00f3lise, sistema de beleza para congelamento de gordura e celulite.<\/p>\n<p><strong>Fun\u00e7\u00f5es:<\/strong><\/p>\n<p>1. Emagrecimento e dissolu\u00e7\u00e3o de gordura<br \/>\n2. Firma a pele, antienvelhecimento<br \/>\n3. Melhore a circula\u00e7\u00e3o sangu\u00ednea<br \/>\n4. Acelerar o metabolismo<br \/>\n5. Suavizar cicatrizes e rugas<br \/>\n6. Grav\u00eddeo estriado liso<br \/>\n7. Adicione umidade \u00e0 pele<br \/>\n8. Melhora o tecido el\u00e1stico dos fibroblastos<\/p>\n<p><strong>Tecnologia de resfriamento de 360 graus: padr\u00e3o com 5 cabe\u00e7as de congelamento ao desligar a gordura<\/strong><\/p>\n<p>Este sistema gera energia de resfriamento est\u00e1vel, mas potente, nos dep\u00f3sitos de gordura subcut\u00e2nea do paciente para induzir a apoptose, eliminando c\u00e9lulas mortas atrav\u00e9s do metabolismo corporal. Para garantir a remo\u00e7\u00e3o eficaz da gordura teimosa, as ventosas de resfriamento surround 360\u00b0 direcionam apenas os dep\u00f3sitos de gordura para cristaliza\u00e7\u00e3o, sem danificar os tecidos circundantes ou \u00e1reas nervosas.<\/p>\n<p>A temperatura m\u00ednima pode atingir \u2013 18 \u00b0C:<\/p>\n<p>A diferen\u00e7a entre o resfriamento completo de 360\u00b0 e as placas de resfriamento tradicionais em ambos os lados<br \/>\nA dissipa\u00e7\u00e3o de calor com som surround de 360\u00b0 da escultura de gelo Diamond \u00e9 diferente do m\u00e9todo de resfriamento tradicional em ambos os lados. A tecnologia de resfriamento surround de 360\u00b0 pode aumentar a efici\u00eancia em at\u00e9 18,1%, permitindo o resfriamento de toda a sonda, controlando a quantidade de \u00e1rea adsorvida, a quantidade de \u00e1rea tratada e a \u00e1rea adsorvida congelada de forma omnidirecional de 360\u00b0, sem cantos mortos, resultando em uma remo\u00e7\u00e3o mais eficaz das c\u00e9lulas de gordura.<\/p>\n<p>&nbsp;<\/p>","protected":false},"excerpt":{"rendered":"<p><strong>Introdu\u00e7\u00e3o \u00e0 m\u00e1quina de criolip\u00f3lise:<\/strong><\/p>\n<p>A criolip\u00f3lise \u00e9 uma nova forma n\u00e3o invasiva de reduzir a gordura de forma suave e eficaz em \u00e1reas espec\u00edficas do corpo, resultando em uma redu\u00e7\u00e3o de gordura percept\u00edvel e avan\u00e7ada nas \u00e1reas tratadas. Como os triglicer\u00eddeos presentes nas gorduras s\u00e3o convertidos em s\u00f3lidos em temperaturas particularmente baixas, a criolip\u00f3lise utiliza uma tecnologia de resfriamento para atingir seletivamente as protuber\u00e2ncias de gordura e eliminar as c\u00e9lulas adiposas por meio de um processo gradual que n\u00e3o agride os tecidos circundantes, reduzindo a gordura indesejada. O resfriamento por contato da superf\u00edcie da pe\u00e7a de m\u00e3o regula a temperatura da pele e protege as estruturas d\u00e9rmicas finas, promovendo os efeitos de remodela\u00e7\u00e3o corporal e firmeza da pele! M\u00e1quina de emagrecimento criog\u00eanica para modelagem corporal, sistema de congelamento de gordura por criolip\u00f3lise, sistema de beleza para congelamento de gordura e celulite.<\/p>\n<p><strong>Fun\u00e7\u00f5es:<\/strong><\/p>\n<p>1. Emagrecimento e dissolu\u00e7\u00e3o de gordura<br \/>\n2. Firma a pele, antienvelhecimento<br \/>\n3. Melhore a circula\u00e7\u00e3o sangu\u00ednea<br \/>\n4. Acelerar o metabolismo<br \/>\n5. Suavizar cicatrizes e rugas<br \/>\n6. Grav\u00eddeo estriado liso<br \/>\n7. Adicione umidade \u00e0 pele<br \/>\n8. Melhora o tecido el\u00e1stico dos fibroblastos<\/p>\n<p><strong>Tecnologia de resfriamento de 360 graus: padr\u00e3o com 5 cabe\u00e7as de congelamento ao desligar a gordura<\/strong><\/p>\n<p>Este sistema gera energia de resfriamento est\u00e1vel, mas potente, nos dep\u00f3sitos de gordura subcut\u00e2nea do paciente para induzir a apoptose, eliminando c\u00e9lulas mortas atrav\u00e9s do metabolismo corporal. Para garantir a remo\u00e7\u00e3o eficaz da gordura teimosa, as ventosas de resfriamento surround 360\u00b0 direcionam apenas os dep\u00f3sitos de gordura para cristaliza\u00e7\u00e3o, sem danificar os tecidos circundantes ou \u00e1reas nervosas.<\/p>\n<p>A temperatura m\u00ednima pode atingir \u2013 18 \u00b0C:<\/p>\n<p>A diferen\u00e7a entre o resfriamento completo de 360\u00b0 e as placas de resfriamento tradicionais em ambos os lados<br \/>\nA dissipa\u00e7\u00e3o de calor com som surround de 360\u00b0 da escultura de gelo Diamond \u00e9 diferente do m\u00e9todo de resfriamento tradicional em ambos os lados. A tecnologia de resfriamento surround de 360\u00b0 pode aumentar a efici\u00eancia em at\u00e9 18,1%, permitindo o resfriamento de toda a sonda, controlando a quantidade de \u00e1rea adsorvida, a quantidade de \u00e1rea tratada e a \u00e1rea adsorvida congelada de forma omnidirecional de 360\u00b0, sem cantos mortos, resultando em uma remo\u00e7\u00e3o mais eficaz das c\u00e9lulas de gordura.<\/p>","protected":false},"featured_media":5330,"template":"","meta":[],"product_brand":[],"product_cat":[74],"product_tag":[],"class_list":{"0":"post-6155","1":"product","2":"type-product","3":"status-publish","4":"has-post-thumbnail","6":"product_cat-landing-page-cryolipolysis","8":"first","9":"instock","10":"shipping-taxable","11":"product-type-simple"},"_links":{"self":[{"href":"https:\/\/shefmon.com\/pt\/wp-json\/wp\/v2\/product\/6155","targetHints":{"allow":["GET"]}}],"collection":[{"href":"https:\/\/shefmon.com\/pt\/wp-json\/wp\/v2\/product"}],"about":[{"href":"https:\/\/shefmon.com\/pt\/wp-json\/wp\/v2\/types\/product"}],"version-history":[{"count":0,"href":"https:\/\/shefmon.com\/pt\/wp-json\/wp\/v2\/product\/6155\/revisions"}],"wp:featuredmedia":[{"embeddable":true,"href":"https:\/\/shefmon.com\/pt\/wp-json\/wp\/v2\/media\/5330"}],"wp:attachment":[{"href":"https:\/\/shefmon.com\/pt\/wp-json\/wp\/v2\/media?parent=6155"}],"wp:term":[{"taxonomy":"product_brand","embeddable":true,"href":"https:\/\/shefmon.com\/pt\/wp-json\/wp\/v2\/product_brand?post=6155"},{"taxonomy":"product_cat","embeddable":true,"href":"https:\/\/shefmon.com\/pt\/wp-json\/wp\/v2\/product_cat?post=6155"},{"taxonomy":"product_tag","embeddable":true,"href":"https:\/\/shefmon.com\/pt\/wp-json\/wp\/v2\/product_tag?post=6155"}],"curies":[{"name":"wp","href":"https:\/\/api.w.org\/{rel}","templated":true}]}}