{"id":6086,"date":"2025-07-16T14:18:28","date_gmt":"2025-07-16T06:18:28","guid":{"rendered":"https:\/\/shefmon.com\/?post_type=product&#038;p=6086"},"modified":"2025-09-17T18:29:59","modified_gmt":"2025-09-17T10:29:59","slug":"e0435-womens-postpartum-repair-new-ems-chair-pelvic-floor-chair-ems-pelvic-floor-muscle-stimulator","status":"publish","type":"product","link":"https:\/\/shefmon.com\/pt\/product\/e0435-womens-postpartum-repair-new-ems-chair-pelvic-floor-chair-ems-pelvic-floor-muscle-stimulator\/","title":{"rendered":"E0435 Cadeira de Reparo P\u00f3s-Parto Feminina Nova Cadeira de Assoalho P\u00e9lvico EMS Estimulador Muscular do Assoalho P\u00e9lvico"},"content":{"rendered":"<div class=\"J_module\">\n<div class=\"detail-decorate-json-renderer-container\">\n<div class=\"magic-15\">\n<div class=\"magic-27\"><strong><span class=\"magic-29\" data-spm-anchor-id=\"a2700.details-description.0.i10.783a3n2I3n2I5j\">Tecnologia<\/span><\/strong><\/div>\n<div class=\"magic-16\">\n<div class=\"magic-17\">\n<div class=\"magic-18\">\n<div><span class=\"magic-28\">Este produto utiliza tecnologia de pulso focado em energia eletromagn\u00e9tica, todo o tratamento \u00e9 seguro e n\u00e3o invasivo, <\/span><\/div>\n<div><span class=\"magic-28\" data-spm-anchor-id=\"a2700.details-description.0.i11.783a3n2I3n2I5j\">Durante o tratamento, a energia pode penetrar profundamente nos m\u00fasculos do assoalho p\u00e9lvico e estimular toda a \u00e1rea do assoalho p\u00e9lvico. <\/span><\/div>\n<div><span class=\"magic-28\">Um tratamento equivale a 12.000 contra\u00e7\u00f5es dos m\u00fasculos do assoalho p\u00e9lvico, o que pode fortalecer os m\u00fasculos da bacia, evitar vazamento de urina e aumentar a sensibilidade sexual.<\/span><\/div>\n<div><span class=\"magic-28\">A tecnologia emite energia eletromagn\u00e9tica focada que induz contra\u00e7\u00f5es musculares supram\u00e1ximas na regi\u00e3o do assoalho p\u00e9lvico. <\/span><\/div>\n<div data-spm-anchor-id=\"a2700.details-description.0.i5.783a3n2I3n2I5j\">\n<p><span class=\"magic-28\">Esta estimula\u00e7\u00e3o muscular profunda oferece benef\u00edcios em rela\u00e7\u00e3o aos exerc\u00edcios de Kegel. O procedimento \u00e9 usado para tratar a incontin\u00eancia urin\u00e1ria em mulheres.<\/span><\/p>\n<div><img fetchpriority=\"high\" decoding=\"async\" class=\"alignnone size-medium wp-image-5308\" src=\"https:\/\/shefmon.com\/wp-content\/uploads\/2025\/07\/6-300x300.jpg\" alt=\"\" width=\"300\" height=\"300\" srcset=\"https:\/\/shefmon.com\/wp-content\/uploads\/2025\/07\/6-300x300.jpg 300w, https:\/\/shefmon.com\/wp-content\/uploads\/2025\/07\/6-150x150.jpg 150w, https:\/\/shefmon.com\/wp-content\/uploads\/2025\/07\/6-600x600.jpg 600w, https:\/\/shefmon.com\/wp-content\/uploads\/2025\/07\/6.jpg 750w\" sizes=\"(max-width: 300px) 100vw, 300px\" \/><\/div>\n<\/div>\n<\/div>\n<\/div>\n<\/div>\n<\/div>\n<\/div>\n<\/div>\n<div class=\"J_module\">\n<div class=\"detail-decorate-json-renderer-container\">\n<div class=\"magic-15\">\n<div class=\"magic-25\"><\/div>\n<div class=\"magic-16\">\n<div class=\"magic-17\">\n<div class=\"magic-18\" data-spm-anchor-id=\"a2700.details-description.0.i6.783a3n2I3n2I5j\">\n<p><b><span class=\"magic-29\">PROJETO DE INSTRUMENTO (masculino)<\/span><\/b><\/p>\n<div data-spm-anchor-id=\"a2700.details-description.0.i8.783a3n2I3n2I5j\"><span class=\"magic-28\">1. Recupere o controle do corpo <\/span><\/div>\n<div><span class=\"magic-28\">2. Fortalecer os m\u00fasculos do assoalho p\u00e9lvico.<\/span><\/div>\n<div><span class=\"magic-28\">3. Melhore a capacidade geral. <\/span><\/div>\n<div><span class=\"magic-28\">4. Aumente a frequ\u00eancia da mic\u00e7\u00e3o. <\/span><\/div>\n<div><span class=\"magic-28\">5. Evite a incontin\u00eancia urin\u00e1ria ap\u00f3s o envelhecimento.<\/span><\/div>\n<div><span class=\"magic-28\">6. Melhore a queda de urina.<\/span><\/div>\n<div><span class=\"magic-28\"><img decoding=\"async\" class=\"alignnone size-medium wp-image-5305 lazyload\" data-src=\"https:\/\/shefmon.com\/wp-content\/uploads\/2025\/07\/3-300x300.jpg\" alt=\"\" width=\"300\" height=\"300\" data-srcset=\"https:\/\/shefmon.com\/wp-content\/uploads\/2025\/07\/3-300x300.jpg 300w, https:\/\/shefmon.com\/wp-content\/uploads\/2025\/07\/3-150x150.jpg 150w, https:\/\/shefmon.com\/wp-content\/uploads\/2025\/07\/3-600x600.jpg 600w, https:\/\/shefmon.com\/wp-content\/uploads\/2025\/07\/3.jpg 750w\" data-sizes=\"(max-width: 300px) 100vw, 300px\" src=\"data:image\/gif;base64,R0lGODlhAQABAAAAACH5BAEKAAEALAAAAAABAAEAAAICTAEAOw==\" style=\"--smush-placeholder-width: 300px; --smush-placeholder-aspect-ratio: 300\/300;\" \/><\/span><\/div>\n<div><span class=\"magic-29\"><br \/>\n<\/span><\/p>\n<div><span class=\"magic-30\"> <b class=\"magic-30\"><span class=\"magic-29\">PROJETO DE INSTRUMENTO (feminino)<\/span> <\/b><\/span><\/div>\n<div><span class=\"magic-28\">1. Recupere o controle do corpo Fortale\u00e7a a musculatura do assoalho p\u00e9lvico e o controle da evacua\u00e7\u00e3o e dos movimentos intestinais. <\/span><\/div>\n<div><span class=\"magic-28\">2. Melhora o prolapso da bexiga, \u00fatero ou intestino causado pelo relaxamento dos m\u00fasculos do assoalho p\u00e9lvico.<\/span><\/div>\n<div><span class=\"magic-28\">3. Reduza o vazamento de urina causado por tosse, espirro ou pulo.<\/span><\/div>\n<div><span class=\"magic-28\">4. Melhore o t\u00f4nus muscular (especialmente antes da amamenta\u00e7\u00e3o) e previna a incontin\u00eancia urin\u00e1ria de esfor\u00e7o p\u00f3s-parto. <\/span><\/div>\n<div data-spm-anchor-id=\"a2700.details-description.0.i7.783a3n2I3n2I5j\"><span class=\"magic-28\">5. Estreita a vagina e melhora a satisfa\u00e7\u00e3o sexual.<\/span><\/div>\n<div data-spm-anchor-id=\"a2700.details-description.0.i7.783a3n2I3n2I5j\"><img decoding=\"async\" class=\"alignnone size-medium wp-image-5306 lazyload\" data-src=\"https:\/\/shefmon.com\/wp-content\/uploads\/2025\/07\/4-300x300.jpg\" alt=\"\" width=\"300\" height=\"300\" data-srcset=\"https:\/\/shefmon.com\/wp-content\/uploads\/2025\/07\/4-300x300.jpg 300w, https:\/\/shefmon.com\/wp-content\/uploads\/2025\/07\/4-150x150.jpg 150w, https:\/\/shefmon.com\/wp-content\/uploads\/2025\/07\/4-600x600.jpg 600w, https:\/\/shefmon.com\/wp-content\/uploads\/2025\/07\/4.jpg 750w\" data-sizes=\"(max-width: 300px) 100vw, 300px\" src=\"data:image\/gif;base64,R0lGODlhAQABAAAAACH5BAEKAAEALAAAAAABAAEAAAICTAEAOw==\" style=\"--smush-placeholder-width: 300px; --smush-placeholder-aspect-ratio: 300\/300;\" \/><\/div>\n<\/div>\n<\/div>\n<\/div>\n<\/div>\n<\/div>\n<\/div>\n<\/div>","protected":false},"excerpt":{"rendered":"<p>Vantagens da cadeira Emslim para sexo<\/p>\n<p>1. fortalecer o m\u00fasculo pubococcidiano (m\u00fasculo PC).<\/p>\n<p>2. preven\u00e7\u00e3o e tratamento da incontin\u00eancia urin\u00e1ria de esfor\u00e7o.<\/p>\n<p>3. melhorar a sensibilidade e a fun\u00e7\u00e3o sexual.<\/p>\n<p>4. restaurar a tens\u00e3o muscular vaginal e melhorar a sa\u00fade vaginal.<\/p>\n<p>5. promover a recupera\u00e7\u00e3o p\u00f3s-parto.<\/p>\n<p>6. aumentar a espessura da parede vaginal e a lubrifica\u00e7\u00e3o ap\u00f3s a menopausa 7. aumentar o fluxo sangu\u00edneo e a fun\u00e7\u00e3o nervosa da bacia.<\/p>","protected":false},"featured_media":5309,"template":"","meta":[],"product_brand":[],"product_cat":[76],"product_tag":[],"class_list":{"0":"post-6086","1":"product","2":"type-product","3":"status-publish","4":"has-post-thumbnail","6":"product_cat-landing-page-emslim","8":"first","9":"instock","10":"shipping-taxable","11":"product-type-simple"},"_links":{"self":[{"href":"https:\/\/shefmon.com\/pt\/wp-json\/wp\/v2\/product\/6086","targetHints":{"allow":["GET"]}}],"collection":[{"href":"https:\/\/shefmon.com\/pt\/wp-json\/wp\/v2\/product"}],"about":[{"href":"https:\/\/shefmon.com\/pt\/wp-json\/wp\/v2\/types\/product"}],"version-history":[{"count":0,"href":"https:\/\/shefmon.com\/pt\/wp-json\/wp\/v2\/product\/6086\/revisions"}],"wp:featuredmedia":[{"embeddable":true,"href":"https:\/\/shefmon.com\/pt\/wp-json\/wp\/v2\/media\/5309"}],"wp:attachment":[{"href":"https:\/\/shefmon.com\/pt\/wp-json\/wp\/v2\/media?parent=6086"}],"wp:term":[{"taxonomy":"product_brand","embeddable":true,"href":"https:\/\/shefmon.com\/pt\/wp-json\/wp\/v2\/product_brand?post=6086"},{"taxonomy":"product_cat","embeddable":true,"href":"https:\/\/shefmon.com\/pt\/wp-json\/wp\/v2\/product_cat?post=6086"},{"taxonomy":"product_tag","embeddable":true,"href":"https:\/\/shefmon.com\/pt\/wp-json\/wp\/v2\/product_tag?post=6086"}],"curies":[{"name":"wp","href":"https:\/\/api.w.org\/{rel}","templated":true}]}}