{"id":5328,"date":"2025-07-02T16:21:39","date_gmt":"2025-07-02T08:21:39","guid":{"rendered":"https:\/\/shefmon.com\/?post_type=product&#038;p=5328"},"modified":"2025-09-20T14:51:20","modified_gmt":"2025-09-20T06:51:20","slug":"maquina-de-criolipolise-portatil-s10-maquina-de-crioterapia-e-criolipolise-com-duas-alcas","status":"publish","type":"product","link":"https:\/\/shefmon.com\/pt\/product\/s10-criolipolisis-portatil-slimming-machine-cryotherapy-criolipolisis-machine-with-two-handles\/","title":{"rendered":"M\u00e1quina de criolip\u00f3lise port\u00e1til S10 M\u00e1quina de criolip\u00f3lise com duas al\u00e7as"},"content":{"rendered":"<p><strong>Par\u00e2metros:<\/strong><\/p>\n<p><strong>Nome do produto:<\/strong>\u00a0M\u00e1quina de emagrecimento de crioterapia 360<br \/>\n<strong>Tecnologia:<\/strong>\u00a0Tecnologia de resfriamento completo de 360\u00b0<br \/>\n<strong>Tens\u00e3o:<\/strong>\u00a0CA 110 V\/220 V 50-60 Hz<br \/>\n<strong>Tela:<\/strong>\u00a0Tela resistente de 10,4 polegadas<br \/>\n<strong>Pontas:<\/strong>\u00a0padr\u00e3o 5, m\u00e1ximo 7<br \/>\n<strong>Temperatura de resfriamento:<\/strong>\u00a01-5 marchas (temperatura de resfriamento de 1 a -15\u2103)<br \/>\n<strong>Temperatura de aquecimento:<\/strong>\u00a00-4 marchas (pr\u00e9-aquecimento por 3 minutos, temperatura de aquecimento de 37 a 45\u2103)<br \/>\n<strong>Suc\u00e7\u00e3o a v\u00e1cuo:<\/strong>\u00a01-5 marchas (10-80Kpa)<br \/>\n<strong>Pot\u00eancia de sa\u00edda:<\/strong>\u00a01000W<br \/>\n<strong>Tempo de configura\u00e7\u00e3o:<\/strong>\u00a01-99min (padr\u00e3o 60min)<\/p>","protected":false},"excerpt":{"rendered":"<p><strong>Par\u00e2metros:<\/strong><br \/>\n<strong>Nome do produto:<\/strong>\u00a0M\u00e1quina de emagrecimento de crioterapia 360<br \/>\n<strong>Tecnologia:<\/strong>\u00a0Tecnologia de resfriamento completo de 360\u00b0<br \/>\n<strong>Tens\u00e3o:<\/strong>\u00a0CA 110 V\/220 V 50-60 Hz<br \/>\n<strong>Tela:<\/strong>\u00a0Tela resistente de 10,4 polegadas<br \/>\n<strong>Pontas:<\/strong>\u00a0padr\u00e3o 5, m\u00e1ximo 7<br \/>\n<strong>Temperatura de resfriamento:<\/strong>\u00a01-5 marchas (temperatura de resfriamento de 1 a -15\u2103)<br \/>\n<strong>Temperatura de aquecimento:<\/strong>\u00a00-4 marchas (pr\u00e9-aquecimento por 3 minutos, temperatura de aquecimento de 37 a 45\u2103)<br \/>\n<strong>Suc\u00e7\u00e3o a v\u00e1cuo:<\/strong>\u00a01-5 marchas (10-80Kpa)<br \/>\n<strong>Pot\u00eancia de sa\u00edda:<\/strong>\u00a01000W<br \/>\n<strong>Tempo de configura\u00e7\u00e3o:<\/strong>\u00a01-99min (padr\u00e3o 60min)<\/p>","protected":false},"featured_media":5330,"template":"","meta":[],"product_brand":[],"product_cat":[73,90],"product_tag":[],"class_list":{"0":"post-5328","1":"product","2":"type-product","3":"status-publish","4":"has-post-thumbnail","6":"product_cat-cryolipolysis","7":"product_cat-lose-fat-and-body-firming","9":"first","10":"instock","11":"shipping-taxable","12":"product-type-simple"},"_links":{"self":[{"href":"https:\/\/shefmon.com\/pt\/wp-json\/wp\/v2\/product\/5328","targetHints":{"allow":["GET"]}}],"collection":[{"href":"https:\/\/shefmon.com\/pt\/wp-json\/wp\/v2\/product"}],"about":[{"href":"https:\/\/shefmon.com\/pt\/wp-json\/wp\/v2\/types\/product"}],"version-history":[{"count":0,"href":"https:\/\/shefmon.com\/pt\/wp-json\/wp\/v2\/product\/5328\/revisions"}],"wp:featuredmedia":[{"embeddable":true,"href":"https:\/\/shefmon.com\/pt\/wp-json\/wp\/v2\/media\/5330"}],"wp:attachment":[{"href":"https:\/\/shefmon.com\/pt\/wp-json\/wp\/v2\/media?parent=5328"}],"wp:term":[{"taxonomy":"product_brand","embeddable":true,"href":"https:\/\/shefmon.com\/pt\/wp-json\/wp\/v2\/product_brand?post=5328"},{"taxonomy":"product_cat","embeddable":true,"href":"https:\/\/shefmon.com\/pt\/wp-json\/wp\/v2\/product_cat?post=5328"},{"taxonomy":"product_tag","embeddable":true,"href":"https:\/\/shefmon.com\/pt\/wp-json\/wp\/v2\/product_tag?post=5328"}],"curies":[{"name":"wp","href":"https:\/\/api.w.org\/{rel}","templated":true}]}}