{"id":4969,"date":"2025-05-27T15:01:01","date_gmt":"2025-05-27T07:01:01","guid":{"rendered":"https:\/\/palegoldenrod-manatee-952098.hostingersite.com\/?post_type=product&#038;p=4969"},"modified":"2025-09-17T18:13:41","modified_gmt":"2025-09-17T10:13:41","slug":"dispositivo-de-beleza-para-tratamento-facial-com-plasma-de-fusao-a-frio-shefmon-coolplasma-a0145","status":"publish","type":"product","link":"https:\/\/shefmon.com\/pt\/product\/shefmon-coolplasma-cold-fusion-plasma-facial-skin-treatment-beauty-device-a0145\/","title":{"rendered":"Dispositivo de beleza para tratamento facial de pele com plasma de fus\u00e3o a frio SHEFMON Coolplasma A0145"},"content":{"rendered":"<h2>O que \u00e9 o tratamento facial com plasma de fus\u00e3o a frio?<\/h2>\n<p>O plasma de fus\u00e3o \u00e9 um tipo de plasma gerado usando gases condutores (como h\u00e9lio, arg\u00f4nio, ne\u00f4nio, hidrog\u00eanio, etc.), que \u00e9 frio ao toque. Plasma frio n\u00e3o deve ser confundido com plasma quente. O plasma quente pode ser gerado sem o suporte de g\u00e1s e \u00e9 muito quente. O plasma de fus\u00e3o \u00e9 diferente de muitos dispositivos no mercado que se autodenominam &quot;plasma frio&quot;. O plasma de fus\u00e3o combina as tecnologias de plasma frio e plasma quente em um \u00fanico sistema. Gra\u00e7as \u00e0 sua tecnologia de ioniza\u00e7\u00e3o exclusiva, o arg\u00f4nio ou o h\u00e9lio podem gerar plasmas diferentes.<\/p>\n<p>O instrumento usa uma tecnologia espec\u00edfica e um campo el\u00e9trico de alta frequ\u00eancia ou outra fonte de energia em um ambiente de g\u00e1s espec\u00edfico (como nitrog\u00eanio, arg\u00f4nio no ar) para ionizar mol\u00e9culas de g\u00e1s e formar plasma.<br \/>\nEste plasma \u00e9 composto de el\u00e9trons, \u00edons, part\u00edculas neutras e f\u00f3tons, e \u00e9 uma subst\u00e2ncia em estado altamente ativado.<br \/>\nPode promover a produ\u00e7\u00e3o de col\u00e1geno, matar bact\u00e9rias e reduzir a inflama\u00e7\u00e3o, clarear a pele e assim por diante.<\/p>\n<h2>Quais s\u00e3o os benef\u00edcios do plasma de fus\u00e3o?<\/h2>\n<p>Ele atua eficazmente contra acne, psor\u00edase, ros\u00e1cea, hiperpigmenta\u00e7\u00e3o, estimula o crescimento capilar, reduz a inflama\u00e7\u00e3o, acelera a cicatriza\u00e7\u00e3o de feridas e melhora a absor\u00e7\u00e3o de produtos para cuidados com a pele.<\/p>\n<h2>Cabos de plasma de fus\u00e3o<\/h2>\n<p><strong>1. Cabo de plasma de fus\u00e3o<\/strong><br \/>\n\u2014\u2014Rejuvenescimento, repara\u00e7\u00e3o e regenera\u00e7\u00e3o da pele<\/p>\n<p><img decoding=\"async\" class=\"alignnone wp-image-4955 size-thumbnail lazyload\" data-src=\"https:\/\/shefmon.com\/wp-content\/uploads\/2025\/05\/A0145-cold-plasma-2.1-150x150.webp\" alt=\"Dispositivo de plasma frio 10 em 1, antienvelhecimento, lifting de pele, m\u00e1quina de plasma quente e frio\" width=\"150\" height=\"150\" data-srcset=\"https:\/\/shefmon.com\/wp-content\/uploads\/2025\/05\/A0145-cold-plasma-2.1-150x150.webp 150w, https:\/\/shefmon.com\/wp-content\/uploads\/2025\/05\/A0145-cold-plasma-2.1-300x300.webp 300w\" data-sizes=\"(max-width: 150px) 100vw, 150px\" src=\"data:image\/gif;base64,R0lGODlhAQABAAAAACH5BAEKAAEALAAAAAABAAEAAAICTAEAOw==\" style=\"--smush-placeholder-width: 150px; --smush-placeholder-aspect-ratio: 150\/150;\" \/><br \/>\nRemove com precis\u00e3o as c\u00e9lulas mortas da epiderme sem causar sensibilidade no modo de rejuvenescimento da pele, deixando a pele mais saud\u00e1vel e radiante.<br \/>\nAo mesmo tempo, pode promover a expans\u00e3o dos vasos sangu\u00edneos da pele, aumentar o fluxo sangu\u00edneo e melhorar a microcircula\u00e7\u00e3o cut\u00e2nea. Uma boa microcircula\u00e7\u00e3o pode fornecer mais nutrientes e oxig\u00eanio \u00e0s c\u00e9lulas da pele.<br \/>\nMicro feridas ser\u00e3o formadas durante a opera\u00e7\u00e3o de plasma, o que promover\u00e1 o reparo da fun\u00e7\u00e3o de barreira da pele e estimular\u00e1 a regenera\u00e7\u00e3o do col\u00e1geno da pele.<br \/>\n2. Al\u00e7a de plasma em flocos<br \/>\n\u2014\u2014Melhora o microambiente do couro cabeludo<\/p>\n<p><img decoding=\"async\" class=\"alignnone wp-image-4953 size-thumbnail lazyload\" data-src=\"https:\/\/shefmon.com\/wp-content\/uploads\/2025\/05\/A0145-cold-plasma-1.1-150x150.webp\" alt=\"Dispositivo de plasma frio 10 em 1, antienvelhecimento, lifting de pele, m\u00e1quina de plasma quente e frio\" width=\"150\" height=\"150\" data-srcset=\"https:\/\/shefmon.com\/wp-content\/uploads\/2025\/05\/A0145-cold-plasma-1.1-150x150.webp 150w, https:\/\/shefmon.com\/wp-content\/uploads\/2025\/05\/A0145-cold-plasma-1.1-300x300.webp 300w\" data-sizes=\"(max-width: 150px) 100vw, 150px\" src=\"data:image\/gif;base64,R0lGODlhAQABAAAAACH5BAEKAAEALAAAAAABAAEAAAICTAEAOw==\" style=\"--smush-placeholder-width: 150px; --smush-placeholder-aspect-ratio: 150\/150;\" \/><br \/>\nPara pessoas com inflama\u00e7\u00e3o do couro cabeludo, como dermatite seborreica, foliculite, etc., o efeito anti-inflamat\u00f3rio do equipamento de beleza de plasma pode reduzir a resposta inflamat\u00f3ria e inibir efetivamente o crescimento e a reprodu\u00e7\u00e3o de microrganismos, como bact\u00e9rias e fungos, no couro cabeludo.<br \/>\nPode aliviar a vermelhid\u00e3o, o incha\u00e7o, a coceira, a dor e outros sintomas de desconforto no couro cabeludo, al\u00e9m de criar um ambiente prop\u00edcio para o crescimento do cabelo.<br \/>\n3. Cabo de plasma de diamante<br \/>\n\u2014\u2014Anti-envelhecimento preciso<\/p>\n<p><img decoding=\"async\" class=\"alignnone wp-image-4957 size-thumbnail lazyload\" data-src=\"https:\/\/shefmon.com\/wp-content\/uploads\/2025\/05\/A0145-cold-plasma-3.1-150x150.webp\" alt=\"Dispositivo de plasma frio 10 em 1, antienvelhecimento, lifting de pele, m\u00e1quina de plasma quente e frio\" width=\"150\" height=\"150\" data-srcset=\"https:\/\/shefmon.com\/wp-content\/uploads\/2025\/05\/A0145-cold-plasma-3.1-150x150.webp 150w, https:\/\/shefmon.com\/wp-content\/uploads\/2025\/05\/A0145-cold-plasma-3.1-300x300.webp 300w\" data-sizes=\"(max-width: 150px) 100vw, 150px\" src=\"data:image\/gif;base64,R0lGODlhAQABAAAAACH5BAEKAAEALAAAAAABAAEAAAICTAEAOw==\" style=\"--smush-placeholder-width: 150px; --smush-placeholder-aspect-ratio: 150\/150;\" \/><br \/>\nA energia plasm\u00e1tica pode atuar diretamente nos fibroblastos da pele. Os fibroblastos s\u00e3o as principais c\u00e9lulas que sintetizam fibras col\u00e1genas e el\u00e1sticas. A energia plasm\u00e1tica pode ativar a atividade dessas c\u00e9lulas e induzi-las a aumentar a secre\u00e7\u00e3o e a s\u00edntese de fibras col\u00e1genas e el\u00e1sticas.<br \/>\nA energia plasm\u00e1tica pode dilatar os vasos sangu\u00edneos da pele e aumentar o fluxo sangu\u00edneo para a pele. Uma boa circula\u00e7\u00e3o sangu\u00ednea \u00e9 essencial para a sa\u00fade da pele. Ela pode levar oxig\u00eanio e nutrientes suficientes para as c\u00e9lulas da pele, como vitamina C, vitamina E, amino\u00e1cidos, etc. Esses nutrientes s\u00e3o muito importantes para manter a fun\u00e7\u00e3o normal e a capacidade antioxidante das c\u00e9lulas da pele.<br \/>\n4. Cabo de plasma com agulha reta<br \/>\n\u2014\u2014Metabolismo do pigmento<\/p>\n<p><img decoding=\"async\" class=\"alignnone wp-image-4958 size-thumbnail lazyload\" data-src=\"https:\/\/shefmon.com\/wp-content\/uploads\/2025\/05\/A0145-cold-plasma-4.1-150x150.webp\" alt=\"Dispositivo de plasma frio 10 em 1, antienvelhecimento, lifting de pele, m\u00e1quina de plasma quente e frio\" width=\"150\" height=\"150\" data-srcset=\"https:\/\/shefmon.com\/wp-content\/uploads\/2025\/05\/A0145-cold-plasma-4.1-150x150.webp 150w, https:\/\/shefmon.com\/wp-content\/uploads\/2025\/05\/A0145-cold-plasma-4.1-300x300.webp 300w\" data-sizes=\"(max-width: 150px) 100vw, 150px\" src=\"data:image\/gif;base64,R0lGODlhAQABAAAAACH5BAEKAAEALAAAAAABAAEAAAICTAEAOw==\" style=\"--smush-placeholder-width: 150px; --smush-placeholder-aspect-ratio: 150\/150;\" \/><br \/>\nAp\u00f3s o plasma de alta energia entrar em contato com a pele, ele pode ser transferido para a superf\u00edcie da pele, formando uma esfolia\u00e7\u00e3o control\u00e1vel sem gaseifica\u00e7\u00e3o com uma profundidade de 100-150um na epiderme e na derme superficial da pele, ou seja, a \u201czona de microesfolia\u00e7\u00e3o\u201d, que pode remover a pele morta pigmentada e, ao mesmo tempo, produzir um efeito t\u00e9rmico para estimular a derme da pele e promover o reparo e o rearranjo das fibras de col\u00e1geno e fibras el\u00e1sticas na derme.<br \/>\n5. Cabo de plasma cer\u00e2mico<br \/>\n\u2014\u2014Remo\u00e7\u00e3o e esteriliza\u00e7\u00e3o de acne<\/p>\n<p><img decoding=\"async\" class=\"alignnone wp-image-4960 size-thumbnail lazyload\" data-src=\"https:\/\/shefmon.com\/wp-content\/uploads\/2025\/05\/A0145-cold-plasma-5.1-150x150.webp\" alt=\"\" width=\"150\" height=\"150\" data-srcset=\"https:\/\/shefmon.com\/wp-content\/uploads\/2025\/05\/A0145-cold-plasma-5.1-150x150.webp 150w, https:\/\/shefmon.com\/wp-content\/uploads\/2025\/05\/A0145-cold-plasma-5.1-300x300.webp 300w\" data-sizes=\"(max-width: 150px) 100vw, 150px\" src=\"data:image\/gif;base64,R0lGODlhAQABAAAAACH5BAEKAAEALAAAAAABAAEAAAICTAEAOw==\" style=\"--smush-placeholder-width: 150px; --smush-placeholder-aspect-ratio: 150\/150;\" \/><br \/>\nO plasma cont\u00e9m uma variedade de part\u00edculas ativas, como el\u00e9trons, \u00edons, radicais livres, etc. Essas part\u00edculas possuem alta energia e podem destruir as paredes e membranas celulares das bact\u00e9rias. Quando o plasma entra em contato com as bact\u00e9rias, as part\u00edculas ativas atingem a superf\u00edcie das bact\u00e9rias, destruindo a estrutura das paredes e membranas celulares, causando o vazamento de subst\u00e2ncias intracelulares, atingindo assim o objetivo da esteriliza\u00e7\u00e3o.<br \/>\nPor exemplo, o plasma pode matar efetivamente o Propionibacterium acnes, que causa acne, reduzir o n\u00famero de bact\u00e9rias na superf\u00edcie da pele e diminuir a chance de resposta inflamat\u00f3ria.<br \/>\n6. Al\u00e7a de plasma com agulha de rolo grande<br \/>\n\u2014\u2014Permea\u00e7\u00e3o i\u00f4nica<\/p>\n<p><img decoding=\"async\" class=\"alignnone wp-image-4965 size-thumbnail lazyload\" data-src=\"https:\/\/shefmon.com\/wp-content\/uploads\/2025\/05\/A0145-cold-plasma-8-150x150.webp\" alt=\"Dispositivo de plasma frio 10 em 1, antienvelhecimento, lifting de pele, m\u00e1quina de plasma quente e frio\" width=\"150\" height=\"150\" data-srcset=\"https:\/\/shefmon.com\/wp-content\/uploads\/2025\/05\/A0145-cold-plasma-8-150x150.webp 150w, https:\/\/shefmon.com\/wp-content\/uploads\/2025\/05\/A0145-cold-plasma-8-300x300.webp 300w\" data-sizes=\"(max-width: 150px) 100vw, 150px\" src=\"data:image\/gif;base64,R0lGODlhAQABAAAAACH5BAEKAAEALAAAAAABAAEAAAICTAEAOw==\" style=\"--smush-placeholder-width: 150px; --smush-placeholder-aspect-ratio: 150\/150;\" \/><br \/>\nAtrav\u00e9s da tecnologia de quebra de agulhas rotativas de plasma, part\u00edculas ativas podem atuar nas c\u00e9lulas do estrato c\u00f3rneo da pele, afrouxando a conex\u00e3o entre elas e formando pequenos canais. Esses canais podem fazer com que os nutrientes presentes nos produtos para a pele, como vitaminas, minerais, extratos vegetais, etc., penetrem no estrato c\u00f3rneo com mais facilidade e penetrem na camada mais profunda da pele.<br \/>\nA energia do plasma pode ativar v\u00e1rias atividades enzim\u00e1ticas nas c\u00e9lulas da pele, que desempenham um papel fundamental no metabolismo de materiais e na absor\u00e7\u00e3o de nutrientes da c\u00e9lula.<br \/>\n7. Al\u00e7a de plasma com agulha de rolo pequeno<br \/>\n\u2014\u2014Regenera\u00e7\u00e3o de cicatrizes<\/p>\n<p><img decoding=\"async\" class=\"alignnone wp-image-4962 size-thumbnail lazyload\" data-src=\"https:\/\/shefmon.com\/wp-content\/uploads\/2025\/05\/A0145-cold-plasma-6.1-150x150.webp\" alt=\"Dispositivo de plasma frio 10 em 1, antienvelhecimento, lifting de pele, m\u00e1quina de plasma quente e frio\" width=\"150\" height=\"150\" data-srcset=\"https:\/\/shefmon.com\/wp-content\/uploads\/2025\/05\/A0145-cold-plasma-6.1-150x150.webp 150w, https:\/\/shefmon.com\/wp-content\/uploads\/2025\/05\/A0145-cold-plasma-6.1-300x300.webp 300w\" data-sizes=\"(max-width: 150px) 100vw, 150px\" src=\"data:image\/gif;base64,R0lGODlhAQABAAAAACH5BAEKAAEALAAAAAABAAEAAAICTAEAOw==\" style=\"--smush-placeholder-width: 150px; --smush-placeholder-aspect-ratio: 150\/150;\" \/><br \/>\nAs part\u00edculas ativas no plasma podem quebrar algumas das estruturas reticuladas de fibronectina e col\u00e1geno no tecido cicatricial. Essas estruturas reticuladas endurecem o tecido cicatricial e, ao quebr\u00e1-las, a dureza do tecido cicatricial pode ser reduzida, causando seu amolecimento gradual.<br \/>\nAl\u00e9m disso, o plasma estimula os fibroblastos a sintetizar e secretar algumas metaloproteinases da matriz, que podem degradar componentes anormais da matriz extracelular no tecido cicatricial, promover ainda mais o amolecimento e a remodela\u00e7\u00e3o do tecido cicatricial e melhorar a flexibilidade e a elasticidade das cicatrizes.<br \/>\n8. Al\u00e7a de plasma de carimbo<br \/>\n\u2014\u2014Microdermoabras\u00e3o de cicatriz de acne local<\/p>\n<p><img decoding=\"async\" class=\"alignnone wp-image-4963 size-thumbnail lazyload\" data-src=\"https:\/\/shefmon.com\/wp-content\/uploads\/2025\/05\/A0145-cold-plasma-7.1-150x150.webp\" alt=\"\" width=\"150\" height=\"150\" data-srcset=\"https:\/\/shefmon.com\/wp-content\/uploads\/2025\/05\/A0145-cold-plasma-7.1-150x150.webp 150w, https:\/\/shefmon.com\/wp-content\/uploads\/2025\/05\/A0145-cold-plasma-7.1-300x300.webp 300w\" data-sizes=\"(max-width: 150px) 100vw, 150px\" src=\"data:image\/gif;base64,R0lGODlhAQABAAAAACH5BAEKAAEALAAAAAABAAEAAAICTAEAOw==\" style=\"--smush-placeholder-width: 150px; --smush-placeholder-aspect-ratio: 150\/150;\" \/><br \/>\nA energia plasm\u00e1tica pode estimular a divis\u00e3o e a prolifera\u00e7\u00e3o das c\u00e9lulas basais da pele e acelerar o metabolismo das c\u00e9lulas da pele.<br \/>\nIsso permite que as c\u00e9lulas velhas e danificadas nas cicatrizes de acne sejam substitu\u00eddas por c\u00e9lulas novas mais rapidamente, ajudando a melhorar a textura e a cor da pele nas cicatrizes de acne e gradualmente retornar ao normal.<\/p>\n<h3>Abordagem de terapia combinada de plasma de fus\u00e3o<\/h3>\n<p>1. Produtos + M\u00e1quina de Plasma de Fus\u00e3o<br \/>\nUtilize produtos adequados \u00e0s necessidades da pele do cliente, como clareadores, removedores de acne e hidratantes, e combine-os com o modo de plasma correspondente. O efeito de sobreposi\u00e7\u00e3o \u00e9 1+1&gt;2. Por exemplo, o cabo de plasma de fus\u00e3o \u00e9 combinado com produtos de rejuvenescimento, hidrata\u00e7\u00e3o e repara\u00e7\u00e3o da pele.<br \/>\n2. M\u00e1quina de plasma fotoel\u00e9trico + fus\u00e3o<br \/>\nPara condi\u00e7\u00f5es de pele como acne e cicatrizes de acne, pode-se usar picossegundos ou f\u00f3tons para extrair pigmentos na \u00e1rea da cicatriz de acne e usar o cabo de plasma do carimbo para estimular a regenera\u00e7\u00e3o na \u00e1rea da acne.<\/p>\n<p><img decoding=\"async\" class=\"alignnone wp-image-4968 lazyload\" data-src=\"https:\/\/shefmon.com\/wp-content\/uploads\/2025\/05\/A0145-acne-removal-before-after-300x300.webp\" alt=\"remo\u00e7\u00e3o de acne shefmon antes e depois\" width=\"500\" height=\"500\" data-srcset=\"https:\/\/shefmon.com\/wp-content\/uploads\/2025\/05\/A0145-acne-removal-before-after-300x300.webp 300w, https:\/\/shefmon.com\/wp-content\/uploads\/2025\/05\/A0145-acne-removal-before-after-150x150.webp 150w, https:\/\/shefmon.com\/wp-content\/uploads\/2025\/05\/A0145-acne-removal-before-after-600x600.webp 600w, https:\/\/shefmon.com\/wp-content\/uploads\/2025\/05\/A0145-acne-removal-before-after-768x768.webp 768w, https:\/\/shefmon.com\/wp-content\/uploads\/2025\/05\/A0145-acne-removal-before-after.webp 1000w\" data-sizes=\"(max-width: 500px) 100vw, 500px\" src=\"data:image\/gif;base64,R0lGODlhAQABAAAAACH5BAEKAAEALAAAAAABAAEAAAICTAEAOw==\" style=\"--smush-placeholder-width: 500px; --smush-placeholder-aspect-ratio: 500\/500;\" \/><\/p>","protected":false},"excerpt":{"rendered":"<p><strong>Fun\u00e7\u00f5es:<\/strong><br \/>\n<strong>1. Esteriliza\u00e7\u00e3o e desinfec\u00e7\u00e3o:<\/strong> O plasma frio pode matar eficazmente bact\u00e9rias, fungos e v\u00edrus, e \u00e9 adequado para o tratamento de acne e infec\u00e7\u00f5es de pele.<br \/>\n<strong>2. Promova a cura:<\/strong> Ao estimular a regenera\u00e7\u00e3o celular e a produ\u00e7\u00e3o de col\u00e1geno, acelera a cicatriza\u00e7\u00e3o de feridas e reduz cicatrizes.<br \/>\n<strong>3. Antienvelhecimento:<\/strong> Promove a produ\u00e7\u00e3o de col\u00e1geno e elastina, reduz linhas finas e rugas e melhora a elasticidade da pele.<br \/>\n<strong>4. Melhore a qualidade da pele:<\/strong> Ajuda a remover c\u00e9lulas mortas da pele, promove o metabolismo e deixa a pele mais lisa e delicada.<br \/>\n<strong>5. Anti-inflamat\u00f3rio:<\/strong> Alivia a inflama\u00e7\u00e3o da pele e \u00e9 adequado para o tratamento de doen\u00e7as inflamat\u00f3rias da pele, como eczema e dermatite.<\/p>\n<p><strong>Par\u00e2metros:<\/strong><br \/>\nNome do produto: Dispositivo de beleza de plasma frio Coolplasma<br \/>\nTela sens\u00edvel ao toque capacitiva de vidro temperado: 15 polegadas<br \/>\nTela sens\u00edvel ao toque: AC100V \uff5e 240V, 50Hz-60Hz<br \/>\nPot\u00eancia: 10-200W<br \/>\nTamanho da m\u00e1quina: 48,5\u271840\u271847cm<br \/>\nPeso bruto: 23 kg<\/p>\n<p><strong>Inclu\u00eddo no Pacote:<\/strong><br \/>\n1 x Host de dispositivo de beleza de plasma frio<br \/>\n1 x 2 al\u00e7as<br \/>\n8 x cabe\u00e7as de substitui\u00e7\u00e3o<\/p>","protected":false},"featured_media":4954,"template":"","meta":[],"product_brand":[],"product_cat":[86,81],"product_tag":[],"class_list":{"0":"post-4969","1":"product","2":"type-product","3":"status-publish","4":"has-post-thumbnail","6":"product_cat-skin-care-and-facial-rejuvenation","7":"product_cat-mnrf-microneedling","9":"first","10":"instock","11":"shipping-taxable","12":"product-type-simple"},"_links":{"self":[{"href":"https:\/\/shefmon.com\/pt\/wp-json\/wp\/v2\/product\/4969","targetHints":{"allow":["GET"]}}],"collection":[{"href":"https:\/\/shefmon.com\/pt\/wp-json\/wp\/v2\/product"}],"about":[{"href":"https:\/\/shefmon.com\/pt\/wp-json\/wp\/v2\/types\/product"}],"version-history":[{"count":0,"href":"https:\/\/shefmon.com\/pt\/wp-json\/wp\/v2\/product\/4969\/revisions"}],"wp:featuredmedia":[{"embeddable":true,"href":"https:\/\/shefmon.com\/pt\/wp-json\/wp\/v2\/media\/4954"}],"wp:attachment":[{"href":"https:\/\/shefmon.com\/pt\/wp-json\/wp\/v2\/media?parent=4969"}],"wp:term":[{"taxonomy":"product_brand","embeddable":true,"href":"https:\/\/shefmon.com\/pt\/wp-json\/wp\/v2\/product_brand?post=4969"},{"taxonomy":"product_cat","embeddable":true,"href":"https:\/\/shefmon.com\/pt\/wp-json\/wp\/v2\/product_cat?post=4969"},{"taxonomy":"product_tag","embeddable":true,"href":"https:\/\/shefmon.com\/pt\/wp-json\/wp\/v2\/product_tag?post=4969"}],"curies":[{"name":"wp","href":"https:\/\/api.w.org\/{rel}","templated":true}]}}