{"id":4730,"date":"2024-12-27T15:05:51","date_gmt":"2024-12-27T07:05:51","guid":{"rendered":"https:\/\/palegoldenrod-manatee-952098.hostingersite.com\/?post_type=product&#038;p=4730"},"modified":"2025-09-17T18:15:05","modified_gmt":"2025-09-17T10:15:05","slug":"inner-ball-rollerzero-endolift-therapy-machine-for-body-shaping","status":"publish","type":"product","link":"https:\/\/shefmon.com\/pt\/product\/inner-ball-rollerzero-endolift-therapy-machine-for-body-shaping\/","title":{"rendered":"M\u00e1quina de terapia EndoLift ZERO com rolo de esfera interna XC102 para modelagem corporal"},"content":{"rendered":"<h2><strong>O que \u00e9 RollerZERO e como funciona?<\/strong><\/h2>\n<p><a href=\"https:\/\/palegoldenrod-manatee-952098.hostingersite.com\/what-is-endospheres-and-rollerzero\/\" target=\"_blank\" rel=\"noopener\">RollerZERO<\/a> \u00e9 um dispositivo de uso pessoal de \u00faltima gera\u00e7\u00e3o, projetado para levar terapia de qualidade profissional para sua casa. Seus recursos avan\u00e7ados o tornam vers\u00e1til, f\u00e1cil de usar e eficaz para uma variedade de necessidades, incluindo modelagem corporal, melhora da textura da pele e promo\u00e7\u00e3o do relaxamento.<\/p>\n<p><img fetchpriority=\"high\" decoding=\"async\" class=\"alignnone size-full wp-image-4725\" src=\"https:\/\/shefmon.com\/wp-content\/uploads\/2024\/12\/rollerzero-shefmon.jpg\" alt=\"o que \u00e9 terapia de endosferas\" width=\"750\" height=\"750\" srcset=\"https:\/\/shefmon.com\/wp-content\/uploads\/2024\/12\/rollerzero-shefmon.jpg 750w, https:\/\/shefmon.com\/wp-content\/uploads\/2024\/12\/rollerzero-shefmon-300x300.jpg 300w, https:\/\/shefmon.com\/wp-content\/uploads\/2024\/12\/rollerzero-shefmon-150x150.jpg 150w, https:\/\/shefmon.com\/wp-content\/uploads\/2024\/12\/rollerzero-shefmon-600x600.jpg 600w\" sizes=\"(max-width: 750px) 100vw, 750px\" \/><\/p>\n<h3><strong>Principais recursos do RollerZERO<\/strong><\/h3>\n<ol>\n<li><strong>Design inovador de tela sens\u00edvel ao toque<\/strong>\n<ul>\n<li>Equipado com uma tela sens\u00edvel ao toque capacitiva IPS de 4,3 polegadas e tela cheia.<\/li>\n<li>Interface intuitiva para opera\u00e7\u00e3o sem esfor\u00e7o.<\/li>\n<\/ul>\n<\/li>\n<li><strong>Motor de alto desempenho<\/strong>\n<ul>\n<li>Motor sem escovas de 6 ranhuras e 4 polos com velocidade sem carga de 7.900 RPM e velocidade com carga de 6.000 RPM.<\/li>\n<li>Oferece um torque de 500 g*cm para desempenho consistente.<\/li>\n<\/ul>\n<\/li>\n<li><strong>Velocidade e rota\u00e7\u00e3o personaliz\u00e1veis<\/strong>\n<ul>\n<li>10 n\u00edveis de velocidade ajust\u00e1veis para atender \u00e0s suas prefer\u00eancias.<\/li>\n<li>Altern\u00e2ncia de rota\u00e7\u00e3o para frente e para tr\u00e1s com um toque para maior flexibilidade.<\/li>\n<\/ul>\n<\/li>\n<li><strong>Modos de luz LED din\u00e2micos<\/strong>\n<ul>\n<li>Sete cores vibrantes de LED (vermelho, laranja, amarelo, verde, ciano, azul, roxo) com brilho ajust\u00e1vel em 10 n\u00edveis.<\/li>\n<li>Quatro modos de LED para atender a diferentes necessidades terap\u00eauticas.<\/li>\n<\/ul>\n<\/li>\n<li><strong>Design elegante e dur\u00e1vel<\/strong>\n<ul>\n<li>Embalagem com folha de ouro UV e interior de espuma EVA de alta densidade para prote\u00e7\u00e3o premium.<\/li>\n<li>O inv\u00f3lucro magn\u00e9tico de pl\u00e1stico ABS permite substitui\u00e7\u00f5es f\u00e1ceis da cabe\u00e7a.<\/li>\n<\/ul>\n<\/li>\n<li><strong>Compatibilidade global<\/strong>\n<ul>\n<li>Adaptador de energia de 24 V com v\u00e1rias op\u00e7\u00f5es de plugues: padr\u00f5es dos EUA, UE, Reino Unido, Brasil e China.<\/li>\n<li>Perfeito para uso internacional.<\/li>\n<\/ul>\n<\/li>\n<li><strong>Acess\u00f3rios completos<\/strong>\n<ul>\n<li>Inclui um dispositivo principal, uma cabe\u00e7a s\u00f3lida de POM, uma cabe\u00e7a combinada de silicone, um adaptador de energia e um manual do usu\u00e1rio multil\u00edngue (traduzido para oito idiomas: ingl\u00eas, chin\u00eas, russo, franc\u00eas, alem\u00e3o, italiano, espanhol e portugu\u00eas).<\/li>\n<\/ul>\n<\/li>\n<\/ol>\n<p><img decoding=\"async\" class=\"alignnone size-full wp-image-4723 lazyload\" data-src=\"https:\/\/shefmon.com\/wp-content\/uploads\/2024\/12\/rollerzero-from-shefmon-3-1.webp\" alt=\"dispositivo de emagrecimento endospheres therapy inner ball rollerzero\" width=\"750\" height=\"508\" data-srcset=\"https:\/\/shefmon.com\/wp-content\/uploads\/2024\/12\/rollerzero-from-shefmon-3-1.webp 750w, https:\/\/shefmon.com\/wp-content\/uploads\/2024\/12\/rollerzero-from-shefmon-3-1-150x102.webp 150w, https:\/\/shefmon.com\/wp-content\/uploads\/2024\/12\/rollerzero-from-shefmon-3-1-600x406.webp 600w, https:\/\/shefmon.com\/wp-content\/uploads\/2024\/12\/rollerzero-from-shefmon-3-1-300x203.webp 300w\" data-sizes=\"(max-width: 750px) 100vw, 750px\" src=\"data:image\/gif;base64,R0lGODlhAQABAAAAACH5BAEKAAEALAAAAAABAAEAAAICTAEAOw==\" style=\"--smush-placeholder-width: 750px; --smush-placeholder-aspect-ratio: 750\/508;\" \/><\/p>\n<h3><strong>Por que escolher RollerZERO?<\/strong><\/h3>\n<ul>\n<li><strong>Facilidade de uso:<\/strong> Projetado para uso pessoal sem necessidade de um operador profissional.<\/li>\n<li><strong>Conveni\u00eancia:<\/strong> Compacto e port\u00e1til, o que o torna perfeito para uso dom\u00e9stico.<\/li>\n<li><strong>Versatilidade:<\/strong> Combina m\u00faltiplas fun\u00e7\u00f5es, como al\u00edvio muscular, rejuvenescimento da pele e terapia de relaxamento.<\/li>\n<li><strong>Embalagem ecol\u00f3gica:<\/strong> Materiais dur\u00e1veis e reutiliz\u00e1veis para uso a longo prazo.<\/li>\n<\/ul>\n<h3><strong>Como usar o RollerZERO<\/strong><\/h3>\n<ol>\n<li>Selecione o cabe\u00e7ote apropriado para sua \u00e1rea de tratamento.<\/li>\n<li>Ajuste a velocidade e as configura\u00e7\u00f5es de LED para corresponder \u00e0 intensidade e finalidade desejadas.<\/li>\n<li>Comece sua sess\u00e3o movendo o dispositivo suavemente sobre a \u00e1rea alvo.<\/li>\n<\/ol>\n<h3><strong>Quem pode se beneficiar?<\/strong><\/h3>\n<p>O RollerZERO \u00e9 ideal para quem busca melhorar a sa\u00fade do corpo e da pele sem precisar ir frequentemente a um spa. Sua combina\u00e7\u00e3o de recursos de alta tecnologia e facilidade de uso o torna acess\u00edvel para todos os n\u00edveis de habilidade.<\/p>\n<h3><strong>Obtenha o RollerZERO hoje mesmo<\/strong><\/h3>\n<p>Leve terapia profissional para sua casa com o RollerZERO. Seja para combater a celulite, melhorar a circula\u00e7\u00e3o ou simplesmente desfrutar de uma massagem relaxante, este aparelho oferece a solu\u00e7\u00e3o perfeita. Pe\u00e7a agora e d\u00ea o primeiro passo para uma vers\u00e3o mais saud\u00e1vel e radiante de voc\u00ea!<\/p>\n<p><img decoding=\"async\" class=\"alignnone size-full wp-image-4721 lazyload\" data-src=\"https:\/\/shefmon.com\/wp-content\/uploads\/2024\/12\/rollerzero-from-shefmon-1-1.webp\" alt=\"dispositivo de emagrecimento endospheres therapy inner ball rollerzero\" width=\"750\" height=\"485\" data-srcset=\"https:\/\/shefmon.com\/wp-content\/uploads\/2024\/12\/rollerzero-from-shefmon-1-1.webp 750w, https:\/\/shefmon.com\/wp-content\/uploads\/2024\/12\/rollerzero-from-shefmon-1-1-150x97.webp 150w, https:\/\/shefmon.com\/wp-content\/uploads\/2024\/12\/rollerzero-from-shefmon-1-1-600x388.webp 600w, https:\/\/shefmon.com\/wp-content\/uploads\/2024\/12\/rollerzero-from-shefmon-1-1-300x194.webp 300w\" data-sizes=\"(max-width: 750px) 100vw, 750px\" src=\"data:image\/gif;base64,R0lGODlhAQABAAAAACH5BAEKAAEALAAAAAABAAEAAAICTAEAOw==\" style=\"--smush-placeholder-width: 750px; --smush-placeholder-aspect-ratio: 750\/485;\" \/><\/p>","protected":false},"excerpt":{"rendered":"<p><strong>Descubra o RollerZERO<\/strong><br \/>\nLeve terapia de n\u00edvel profissional para sua casa com <strong>RollerZERO<\/strong>, o dispositivo de cuidado pessoal definitivo. Projetado para praticidade e efic\u00e1cia, \u00e9 perfeito para rejuvenescimento da pele, redu\u00e7\u00e3o da celulite e relaxamento muscular.<br \/>\n<strong>Tecnologia Avan\u00e7ada<\/strong><br \/>\nO RollerZERO possui um potente motor sem escovas, 10 n\u00edveis de velocidade ajust\u00e1veis e modos de ilumina\u00e7\u00e3o LED din\u00e2micos para atender a todas as suas necessidades. Sua tela sens\u00edvel ao toque de 4,3 polegadas e as cabe\u00e7as magn\u00e9ticas de reposi\u00e7\u00e3o o tornam incrivelmente f\u00e1cil de usar.<\/p>","protected":false},"featured_media":4722,"template":"","meta":[],"product_brand":[],"product_cat":[90,77],"product_tag":[],"class_list":{"0":"post-4730","1":"product","2":"type-product","3":"status-publish","4":"has-post-thumbnail","6":"product_cat-lose-fat-and-body-firming","7":"product_cat-endos-velapro","9":"first","10":"instock","11":"shipping-taxable","12":"product-type-simple"},"_links":{"self":[{"href":"https:\/\/shefmon.com\/pt\/wp-json\/wp\/v2\/product\/4730","targetHints":{"allow":["GET"]}}],"collection":[{"href":"https:\/\/shefmon.com\/pt\/wp-json\/wp\/v2\/product"}],"about":[{"href":"https:\/\/shefmon.com\/pt\/wp-json\/wp\/v2\/types\/product"}],"version-history":[{"count":0,"href":"https:\/\/shefmon.com\/pt\/wp-json\/wp\/v2\/product\/4730\/revisions"}],"wp:featuredmedia":[{"embeddable":true,"href":"https:\/\/shefmon.com\/pt\/wp-json\/wp\/v2\/media\/4722"}],"wp:attachment":[{"href":"https:\/\/shefmon.com\/pt\/wp-json\/wp\/v2\/media?parent=4730"}],"wp:term":[{"taxonomy":"product_brand","embeddable":true,"href":"https:\/\/shefmon.com\/pt\/wp-json\/wp\/v2\/product_brand?post=4730"},{"taxonomy":"product_cat","embeddable":true,"href":"https:\/\/shefmon.com\/pt\/wp-json\/wp\/v2\/product_cat?post=4730"},{"taxonomy":"product_tag","embeddable":true,"href":"https:\/\/shefmon.com\/pt\/wp-json\/wp\/v2\/product_tag?post=4730"}],"curies":[{"name":"wp","href":"https:\/\/api.w.org\/{rel}","templated":true}]}}