{"id":4674,"date":"2024-11-27T21:54:25","date_gmt":"2024-11-27T13:54:25","guid":{"rendered":"https:\/\/palegoldenrod-manatee-952098.hostingersite.com\/?post_type=product&#038;p=4674"},"modified":"2025-09-17T18:34:07","modified_gmt":"2025-09-17T10:34:07","slug":"maquina-estimuladora-muscular-magface-emface-a-venda","status":"publish","type":"product","link":"https:\/\/shefmon.com\/pt\/product\/magface-emface-muscle-stimulators-machine-for-sale\/","title":{"rendered":"M\u00e1quina estimuladora muscular A0271-F MAGFACE EmFace \u00e0 venda"},"content":{"rendered":"<h2><strong>Esculpa e remodele seu rosto com MAGFACE\u2122 <a href=\"https:\/\/shefmon.com\/beauty-machines\/emslim\/\">EMFACE<\/a> em Dallas<\/strong><\/h2>\n<p>A SHEFMON Aesthetics apresenta <a href=\"https:\/\/shefmon.com\/beauty-machines\/emslim\/\"><strong>MAGFACE\u2122 EMFACE<\/strong>,<\/a> Um tratamento n\u00e3o invasivo inovador que esculpe seu rosto como o EmsculptNeo esculpe o corpo. O MAGFACE\u2122 utiliza tecnologia de ponta para atingir m\u00fasculos e gordura simultaneamente, proporcionando uma experi\u00eancia transformadora de contorno facial em uma \u00fanica sess\u00e3o. <strong>Consult\u00f3rio de Dermatologia<\/strong> em Dallas \u00e9 o primeiro a oferecer este tratamento inovador, com <strong>Dra. Ellen Turner<\/strong>, uma lumin\u00e1ria MAGFACE\u2122, liderando o caminho na educa\u00e7\u00e3o de profissionais de sa\u00fade em todo o pa\u00eds sobre os benef\u00edcios do dispositivo.<\/p>\n<p><img fetchpriority=\"high\" decoding=\"async\" class=\"alignnone wp-image-4374\" src=\"https:\/\/shefmon.com\/wp-content\/uploads\/2024\/08\/A0272-emface-7.webp\" alt=\"Estimula\u00e7\u00e3o muscular por radiofrequ\u00eancia (EMS) e escultura facial, m\u00e1quina de beleza para cuidados faciais por radiofrequ\u00eancia (EMS)\" width=\"701\" height=\"550\" \/><\/p>\n<h2><strong>Por que o MAGFACE\u2122 EMFACE funciona<\/strong><\/h2>\n<p>O MAGFACE\u2122 levanta a sobrancelha, suaviza as linhas da testa, define o maxilar e firma a pele fl\u00e1cida \u2014 tudo isso sem cirurgia, inje\u00e7\u00f5es ou pontos. Estudos cl\u00ednicos mostram que os pacientes podem experimentar:<\/p>\n<ul>\n<li><strong>30% melhora no t\u00f4nus muscular<\/strong><\/li>\n<li><strong>Melhora do 23% no lifting da pele<\/strong><\/li>\n<li><strong>37% redu\u00e7\u00e3o de rugas<\/strong><\/li>\n<\/ul>\n<p><img decoding=\"async\" class=\"alignnone wp-image-4388 size-full lazyload\" data-src=\"https:\/\/shefmon.com\/wp-content\/uploads\/2024\/08\/emsface-shefmon.webp\" alt=\"\" width=\"800\" height=\"352\" data-srcset=\"https:\/\/shefmon.com\/wp-content\/uploads\/2024\/08\/emsface-shefmon.webp 800w, https:\/\/shefmon.com\/wp-content\/uploads\/2024\/08\/emsface-shefmon-150x66.webp 150w, https:\/\/shefmon.com\/wp-content\/uploads\/2024\/08\/emsface-shefmon-600x264.webp 600w, https:\/\/shefmon.com\/wp-content\/uploads\/2024\/08\/emsface-shefmon-300x132.webp 300w, https:\/\/shefmon.com\/wp-content\/uploads\/2024\/08\/emsface-shefmon-768x338.webp 768w\" data-sizes=\"(max-width: 800px) 100vw, 800px\" src=\"data:image\/gif;base64,R0lGODlhAQABAAAAACH5BAEKAAEALAAAAAABAAEAAAICTAEAOw==\" style=\"--smush-placeholder-width: 800px; --smush-placeholder-aspect-ratio: 800\/352;\" \/><\/p>\n<p>&nbsp;<\/p>\n<h2><strong>Como o envelhecimento afeta seu rosto<\/strong><\/h2>\n<p>\u00c0 medida que envelhecemos, nosso rosto passa por muitas mudan\u00e7as. Ossos, m\u00fasculos e gordura perdem densidade, fazendo com que a pele fique mais fina e fraca devido \u00e0 perda de col\u00e1geno. Essas mudan\u00e7as podem levar \u00e0 flacidez ao redor da linha do maxilar e a linhas mais profundas na pele. <strong>Camada SMAS<\/strong> (o tecido que conecta os m\u00fasculos do rosto e pesco\u00e7o \u00e0 pele) tamb\u00e9m perde elasticidade, causando ainda mais flacidez.<\/p>\n<h2><strong>Como o MAGFACE\u2122 EMFACE reverte esses efeitos<\/strong><\/h2>\n<p>MAGFACE\u2122 combina dois tratamentos poderosos em uma sess\u00e3o:<\/p>\n<ul>\n<li><strong>HIFEM\u2122 (Tecnologia Eletromagn\u00e9tica Focada de Alta Intensidade)<\/strong> Ajuda a construir m\u00fasculos e tonificar, desencadeando contra\u00e7\u00f5es supram\u00e1ximas, que equivalem a um treino intenso para os m\u00fasculos faciais. Esse processo n\u00e3o s\u00f3 fortalece os m\u00fasculos, como tamb\u00e9m estimula o metabolismo da gordura.<\/li>\n<li><strong>Energia de radiofrequ\u00eancia (RF)<\/strong> ajuda a firmar a pele, reduzir a gordura e estimular a produ\u00e7\u00e3o de col\u00e1geno, proporcionando uma pele mais lisa, firme e jovem.<\/li>\n<\/ul>\n<p>Este processo de dupla a\u00e7\u00e3o torna o MAGFACE\u2122 uma alternativa poderosa e n\u00e3o invasiva \u00e0s inje\u00e7\u00f5es, liftings faciais e outros tratamentos minimamente invasivos.<\/p>\n<h2><strong>O MAGFACE\u2122 EMFACE \u00e9 ideal para voc\u00ea?<\/strong><\/h2>\n<p>O MAGFACE\u2122 EMFACE \u00e9 seguro para todos os tipos de corpo, tipos e tons de pele. N\u00e3o existe uma &quot;idade perfeita&quot; para iniciar o tratamento, mas pacientes saud\u00e1veis, bem hidratados e com peso est\u00e1vel tendem a apresentar os melhores resultados. Se voc\u00ea tem marca-passo ou implantes met\u00e1licos, o MAGFACE\u2122 pode n\u00e3o ser adequado para voc\u00ea.<\/p>\n<h2><strong>O que acontece durante o tratamento MAGFACE\u2122 EMFACE?<\/strong><\/h2>\n<p>O procedimento MAGFACE\u2122 EMFACE \u00e9 r\u00e1pido, confort\u00e1vel e indolor. As sess\u00f5es duram apenas 20 minutos. Voc\u00ea se deita enquanto uma almofada condutora \u00e9 colocada sobre sua pele, e almofadas de gel MAGFACE\u2122 s\u00e3o aplicadas em \u00e1reas como testa e bochechas. O dispositivo emite energia que causa contra\u00e7\u00f5es musculares e aquece seus tecidos, proporcionando uma sensa\u00e7\u00e3o relaxante, semelhante \u00e0 de uma pedra quente, com algumas vibra\u00e7\u00f5es suaves. Um recurso de desligamento autom\u00e1tico garante que o tratamento nunca fique muito quente ou desconfort\u00e1vel. Um profissional estar\u00e1 presente durante toda a sess\u00e3o.<\/p>\n<h2><strong>Resultados que voc\u00ea pode esperar do MAGFACE\u2122EMFACE<\/strong><\/h2>\n<p>Embora voc\u00ea possa notar algumas melhorias iniciais ap\u00f3s apenas uma sess\u00e3o, os melhores resultados surgem ap\u00f3s uma s\u00e9rie de tratamentos. A maioria dos pacientes experimenta os benef\u00edcios completos dentro de 3 meses ap\u00f3s a conclus\u00e3o de at\u00e9 <strong>4 sess\u00f5es<\/strong>. O procedimento proporciona resultados sutis e de apar\u00eancia natural que levantam e contornam seu rosto sem a apar\u00eancia &quot;exagerada&quot; ou &quot;congelada&quot; que alguns outros tratamentos podem criar.<\/p>\n<p>MAGFACE\u2122 EMFACE \u00e9 uma maneira segura, eficaz e n\u00e3o invasiva de rejuvenescer o rosto, restaurar o volume e obter o visual esculpido dos seus sonhos. Pronto para transformar os contornos do seu rosto? <strong>Agende uma consulta hoje mesmo<\/strong>!<\/p>\n<p><img decoding=\"async\" class=\"alignnone size-full wp-image-4681 lazyload\" data-src=\"https:\/\/shefmon.com\/wp-content\/uploads\/2024\/11\/A0271-F.4-1.jpg\" alt=\"Magface Emface Face Lifting Facial, M\u00e1quina para Remo\u00e7\u00e3o de Rugas e Reafirma\u00e7\u00e3o da Pele \u00e0 Venda\" width=\"750\" height=\"750\" data-srcset=\"https:\/\/shefmon.com\/wp-content\/uploads\/2024\/11\/A0271-F.4-1.jpg 750w, https:\/\/shefmon.com\/wp-content\/uploads\/2024\/11\/A0271-F.4-1-300x300.jpg 300w, https:\/\/shefmon.com\/wp-content\/uploads\/2024\/11\/A0271-F.4-1-150x150.jpg 150w, https:\/\/shefmon.com\/wp-content\/uploads\/2024\/11\/A0271-F.4-1-600x600.jpg 600w\" data-sizes=\"(max-width: 750px) 100vw, 750px\" src=\"data:image\/gif;base64,R0lGODlhAQABAAAAACH5BAEKAAEALAAAAAABAAEAAAICTAEAOw==\" style=\"--smush-placeholder-width: 750px; --smush-placeholder-aspect-ratio: 750\/750;\" \/><\/p>","protected":false},"excerpt":{"rendered":"<p>MAGFACE Emface EMS Dispositivo de microcorrente para escultura e lifting facial<br \/>\n<strong>Fun\u00e7\u00f5es:<\/strong><br \/>\nFirmeza da pele, lifting facial e redu\u00e7\u00e3o de rugas<br \/>\nMelhora o t\u00f4nus muscular<br \/>\nAumenta a produ\u00e7\u00e3o de col\u00e1geno e elastina<br \/>\n<strong>Caracter\u00edsticas:<\/strong><br \/>\nAlmofadas faciais magn\u00e9ticas e almofadas de tratamento EMS + RF<br \/>\nAtua em cinco \u00e1reas principais: testa, olhos, rosto, queixo e pesco\u00e7o<br \/>\nAlta pot\u00eancia de sa\u00edda de energia para melhores resultados<br \/>\nSuporte de fabrica\u00e7\u00e3o OEM e ODM dispon\u00edvel<br \/>\n<span style=\"color: #000000;\"><strong>Par\u00e2metros:<\/strong><\/span><br \/>\nPot\u00eancia: 800W<br \/>\nTamanho da tela: 12,1 polegadas<br \/>\nFormatos de patch: 5 tipos<br \/>\nCanais: 5 simultaneamente<br \/>\nPot\u00eancia de RF: 300W<br \/>\nVoltagem: AC220V\u00b110% 50HZ,110v\u00b110% 60HZ<\/p>","protected":false},"featured_media":4678,"template":"","meta":[],"product_brand":[],"product_cat":[75,85,86,91],"product_tag":[],"class_list":{"0":"post-4674","1":"product","2":"type-product","3":"status-publish","4":"has-post-thumbnail","6":"product_cat-emslim","7":"product_cat-gain-muscle-and-body-shaping","8":"product_cat-skin-care-and-facial-rejuvenation","9":"product_cat-wrinkle-removal-and-skin-tightening","11":"first","12":"instock","13":"shipping-taxable","14":"product-type-simple"},"_links":{"self":[{"href":"https:\/\/shefmon.com\/pt\/wp-json\/wp\/v2\/product\/4674","targetHints":{"allow":["GET"]}}],"collection":[{"href":"https:\/\/shefmon.com\/pt\/wp-json\/wp\/v2\/product"}],"about":[{"href":"https:\/\/shefmon.com\/pt\/wp-json\/wp\/v2\/types\/product"}],"version-history":[{"count":0,"href":"https:\/\/shefmon.com\/pt\/wp-json\/wp\/v2\/product\/4674\/revisions"}],"wp:featuredmedia":[{"embeddable":true,"href":"https:\/\/shefmon.com\/pt\/wp-json\/wp\/v2\/media\/4678"}],"wp:attachment":[{"href":"https:\/\/shefmon.com\/pt\/wp-json\/wp\/v2\/media?parent=4674"}],"wp:term":[{"taxonomy":"product_brand","embeddable":true,"href":"https:\/\/shefmon.com\/pt\/wp-json\/wp\/v2\/product_brand?post=4674"},{"taxonomy":"product_cat","embeddable":true,"href":"https:\/\/shefmon.com\/pt\/wp-json\/wp\/v2\/product_cat?post=4674"},{"taxonomy":"product_tag","embeddable":true,"href":"https:\/\/shefmon.com\/pt\/wp-json\/wp\/v2\/product_tag?post=4674"}],"curies":[{"name":"wp","href":"https:\/\/api.w.org\/{rel}","templated":true}]}}