{"id":4656,"date":"2024-11-26T20:08:51","date_gmt":"2024-11-26T12:08:51","guid":{"rendered":"https:\/\/palegoldenrod-manatee-952098.hostingersite.com\/?post_type=product&#038;p=4656"},"modified":"2025-09-17T18:56:37","modified_gmt":"2025-09-17T10:56:37","slug":"nova-maquina-de-criolipolise-crioems-para-perda-de-peso-e-modelagem-corporal","status":"publish","type":"product","link":"https:\/\/shefmon.com\/pt\/product\/new-cryo-ems-coolsculpting-cryolipolysis-cryoems-weight-loss-body-shaping-machine\/","title":{"rendered":"S26-CryoEMS Novo Cryo EMS Coolsculpting Criolip\u00f3lise Cryoems M\u00e1quina de modelagem corporal para perda de peso"},"content":{"rendered":"<h2>O que \u00e9 CryoEMS?<\/h2>\n<p>CRYOEMS \u00e9 um dispositivo cosm\u00e9tico avan\u00e7ado que combina terapia a frio e estimula\u00e7\u00e3o muscular eletr\u00f4nica (EMS) para reduzir a gordura localizada, firmar a pele e esculpir o corpo. O sistema inclui um corpo principal, duas pe\u00e7as de m\u00e3o de resfriamento em tamanhos variados e seis placas de resfriamento com superf\u00edcies curvas ou planas, todas conectadas por mangueiras.<br \/>\nO dispositivo opera com software inteligente controlado por meio de uma tela sens\u00edvel ao toque. As pe\u00e7as de m\u00e3o de resfriamento possuem placas que podem aquecer at\u00e9 36 \u00b0C ou resfriar at\u00e9 -4 \u00b0C, proporcionando op\u00e7\u00f5es vers\u00e1teis de tratamento. Cada uma das seis placas de resfriamento \u00e9 equipada com pontos de contato de eletrodos adesivos EMS para maior funcionalidade.<br \/>\nQuando n\u00e3o estiverem em uso, as placas de resfriamento e as pe\u00e7as de m\u00e3o devem ser colocadas com seguran\u00e7a nos suportes designados na parte traseira do dispositivo, garantindo o cuidado e a organiza\u00e7\u00e3o adequados. O CryoEMS oferece uma solu\u00e7\u00e3o de ponta para redu\u00e7\u00e3o eficaz de gordura e firmeza da pele.<\/p>\n<p>&nbsp;<\/p>\n<p><img fetchpriority=\"high\" decoding=\"async\" class=\"alignnone wp-image-4647 size-full\" src=\"https:\/\/shefmon.com\/wp-content\/uploads\/2024\/11\/S23-CRYOEMS-1-e1732620402397.webp\" alt=\"M\u00e1quina de emagrecimento crio ems, crioescultura, emagrecimento, modelagem corporal\" width=\"750\" height=\"537\" srcset=\"https:\/\/shefmon.com\/wp-content\/uploads\/2024\/11\/S23-CRYOEMS-1-e1732620402397.webp 750w, https:\/\/shefmon.com\/wp-content\/uploads\/2024\/11\/S23-CRYOEMS-1-e1732620402397-150x107.webp 150w, https:\/\/shefmon.com\/wp-content\/uploads\/2024\/11\/S23-CRYOEMS-1-e1732620402397-600x430.webp 600w, https:\/\/shefmon.com\/wp-content\/uploads\/2024\/11\/S23-CRYOEMS-1-e1732620402397-300x215.webp 300w\" sizes=\"(max-width: 750px) 100vw, 750px\" \/><\/p>\n<h2>Obtenha uma das m\u00e1quinas de Criolip\u00f3lise CryoEMS mais avan\u00e7adas!<\/h2>\n<p>O CryoEMS combina a tecnologia CRYO e a estimula\u00e7\u00e3o muscular EMS para redu\u00e7\u00e3o eficaz de gordura e tonifica\u00e7\u00e3o muscular.<br \/>\nCom at\u00e9 8 pe\u00e7as de m\u00e3o trabalhando simultaneamente, ele proporciona resultados poderosos.<br \/>\n<span style=\"color: #ff6600;\">Constru\u00eddo com pe\u00e7as importadas da It\u00e1lia de alta qualidade.\u201d<\/span><\/p>\n<p><img decoding=\"async\" class=\"alignnone wp-image-4653 size-full lazyload\" data-src=\"https:\/\/shefmon.com\/wp-content\/uploads\/2024\/11\/S23-CRYOEMS-7.webp\" alt=\"\" width=\"750\" height=\"750\" data-srcset=\"https:\/\/shefmon.com\/wp-content\/uploads\/2024\/11\/S23-CRYOEMS-7.webp 750w, https:\/\/shefmon.com\/wp-content\/uploads\/2024\/11\/S23-CRYOEMS-7-300x300.webp 300w, https:\/\/shefmon.com\/wp-content\/uploads\/2024\/11\/S23-CRYOEMS-7-150x150.webp 150w, https:\/\/shefmon.com\/wp-content\/uploads\/2024\/11\/S23-CRYOEMS-7-600x600.webp 600w, https:\/\/shefmon.com\/wp-content\/uploads\/2024\/11\/S23-CRYOEMS-7-500x500.webp 500w\" data-sizes=\"(max-width: 750px) 100vw, 750px\" src=\"data:image\/gif;base64,R0lGODlhAQABAAAAACH5BAEKAAEALAAAAAABAAEAAAICTAEAOw==\" style=\"--smush-placeholder-width: 750px; --smush-placeholder-aspect-ratio: 750\/750;\" \/><\/p>\n<h2>Compre CryoEMS \u2013 Criolip\u00f3lise e EMS em um \u00fanico dispositivo<\/h2>\n<p>O CryoEMS combina criolip\u00f3lise (congelamento de gordura) e EMS (estimula\u00e7\u00e3o muscular) em cada placa de resfriamento, permitindo que ambas as tecnologias trabalhem juntas para afinar e tonificar seu corpo. A melhor parte \u00e9 que o CryoEMS \u00e9 vers\u00e1til, com al\u00e7as faciais e corporais exclusivas que permitem tratar praticamente qualquer \u00e1rea.<\/p>\n<p>A tela sens\u00edvel ao toque de 15,6\u201d permite que voc\u00ea defina facilmente o tempo e a intensidade do tratamento. Depois que tudo estiver configurado e os controles aplicados, n\u00e3o ser\u00e1 necess\u00e1ria supervis\u00e3o constante. Voc\u00ea pode usar esse tempo para auxiliar outros clientes ou realizar tratamentos adicionais.<\/p>\n<p>O procedimento \u00e9 suave, indolor e simples de aprender. A coloca\u00e7\u00e3o e remo\u00e7\u00e3o das al\u00e7as leva apenas alguns minutos. Enquanto o tratamento est\u00e1 em andamento, seus clientes podem relaxar e voc\u00ea pode se concentrar em outras tarefas.<\/p>\n<p><img decoding=\"async\" class=\"alignnone wp-image-4655 size-full lazyload\" data-src=\"https:\/\/shefmon.com\/wp-content\/uploads\/2024\/11\/S23-CRYOEMS-9.webp\" alt=\"M\u00e1quina de emagrecimento crio ems, crioescultura, emagrecimento, modelagem corporal\" width=\"750\" height=\"750\" data-srcset=\"https:\/\/shefmon.com\/wp-content\/uploads\/2024\/11\/S23-CRYOEMS-9.webp 750w, https:\/\/shefmon.com\/wp-content\/uploads\/2024\/11\/S23-CRYOEMS-9-300x300.webp 300w, https:\/\/shefmon.com\/wp-content\/uploads\/2024\/11\/S23-CRYOEMS-9-150x150.webp 150w, https:\/\/shefmon.com\/wp-content\/uploads\/2024\/11\/S23-CRYOEMS-9-600x600.webp 600w\" data-sizes=\"(max-width: 750px) 100vw, 750px\" src=\"data:image\/gif;base64,R0lGODlhAQABAAAAACH5BAEKAAEALAAAAAABAAEAAAICTAEAOw==\" style=\"--smush-placeholder-width: 750px; --smush-placeholder-aspect-ratio: 750\/750;\" \/><\/p>\n<p>&nbsp;<\/p>\n<h2>Para que \u00e9 usado o CryoEMS?<\/h2>\n<p>A criolip\u00f3lise congela a gordura usando temperaturas baixas e constantes, enquanto luzes LED azuis real\u00e7am a pele e a fun\u00e7\u00e3o EMS integrada firma o corpo \u2014 tudo em um \u00fanico tratamento. O melhor de tudo \u00e9 que \u00e9 totalmente indolor, n\u00e3o invasivo e n\u00e3o agride a pele.<\/p>\n<p>Com o CryoEMS, voc\u00ea pode atingir uma ampla gama de \u00e1reas do corpo e do rosto ou criar sess\u00f5es personalizadas de acordo com as necessidades do seu cliente. N\u00e3o importa onde estejam as \u00e1reas problem\u00e1ticas, o CryoEMS oferece a solu\u00e7\u00e3o perfeita para cada uma.<\/p>\n<p><strong>Benef\u00edcios para o corpo:<\/strong><br \/>\n\u2013 Remo\u00e7\u00e3o de gordura<br \/>\n\u2013 Firmeza<br \/>\n\u2013 Relaxamento Muscular<br \/>\n\u2013 Drenagem<br \/>\n\u2013 Redu\u00e7\u00e3o da Celulite<br \/>\n\u2013 Moldagem<\/p>\n<p><strong>Benef\u00edcios faciais:<\/strong><br \/>\n\u2013 Antienvelhecimento<br \/>\n\u2013 Suaviza\u00e7\u00e3o de rugas<br \/>\n\u2013 Eleva\u00e7\u00e3o<br \/>\n\u2013 Limpeza de Pele<br \/>\n\u2013 Tratamento para Couperose<br \/>\n\u2013 Redu\u00e7\u00e3o de Papada<\/p>\n<p><img decoding=\"async\" class=\"alignnone wp-image-4649 size-full lazyload\" data-src=\"https:\/\/shefmon.com\/wp-content\/uploads\/2024\/11\/S23-CRYOEMS-3.webp\" alt=\"M\u00e1quina de emagrecimento crio ems, crioescultura, emagrecimento, modelagem corporal\" width=\"750\" height=\"750\" data-srcset=\"https:\/\/shefmon.com\/wp-content\/uploads\/2024\/11\/S23-CRYOEMS-3.webp 750w, https:\/\/shefmon.com\/wp-content\/uploads\/2024\/11\/S23-CRYOEMS-3-300x300.webp 300w, https:\/\/shefmon.com\/wp-content\/uploads\/2024\/11\/S23-CRYOEMS-3-150x150.webp 150w, https:\/\/shefmon.com\/wp-content\/uploads\/2024\/11\/S23-CRYOEMS-3-600x600.webp 600w\" data-sizes=\"(max-width: 750px) 100vw, 750px\" src=\"data:image\/gif;base64,R0lGODlhAQABAAAAACH5BAEKAAEALAAAAAABAAEAAAICTAEAOw==\" style=\"--smush-placeholder-width: 750px; --smush-placeholder-aspect-ratio: 750\/750;\" \/><\/p>\n<h2>Perguntas frequentes sobre CryoEMS<\/h2>\n<p><strong>Qu\u00e3o seguro \u00e9 esse tratamento?<\/strong><br \/>\nMuito seguro! Este processo de contorno corporal n\u00e3o invasivo induz a lip\u00f3lise (quebra das c\u00e9lulas de gordura) e reduz a gordura sem danificar outros tecidos. N\u00e3o h\u00e1 tempo de recupera\u00e7\u00e3o, o que o torna uma op\u00e7\u00e3o conveniente.<\/p>\n<p><strong>Como posso obter os melhores resultados?<\/strong><br \/>\nCombine o tratamento com uma dieta saud\u00e1vel e exerc\u00edcios regulares. A criolip\u00f3lise visa a redu\u00e7\u00e3o de gordura localizada e n\u00e3o \u00e9 uma solu\u00e7\u00e3o para perda de peso. Mantenha-se hidratado bebendo bastante \u00e1gua antes e depois da sess\u00e3o para auxiliar na elimina\u00e7\u00e3o de res\u00edduos pelo sistema linf\u00e1tico. Exerc\u00edcios f\u00edsicos potencializam os resultados, enquanto uma dieta inadequada e a falta de atividade f\u00edsica podem prejudic\u00e1-los.<\/p>\n<p><strong>Com que frequ\u00eancia devo fazer isso?<\/strong><br \/>\nPara tratamentos de redu\u00e7\u00e3o de gordura, recomenda-se uma sess\u00e3o a cada 12 dias. Essa rotina permite que seu corpo processe e elimine naturalmente os res\u00edduos da apoptose das c\u00e9lulas de gordura. Para tratamentos de tonifica\u00e7\u00e3o e emagrecimento, as sess\u00f5es podem ser semanais.<\/p>\n<p><strong>Quais \u00e1reas podem ser tratadas?<\/strong><br \/>\nO abd\u00f4men, a parte interna ou externa das coxas, os culotes, os bra\u00e7os, a linha do suti\u00e3, os gl\u00fateos e as pernas podem ser tratados. Para resultados ideais, geralmente s\u00e3o recomendadas de 3 a 5 sess\u00f5es por \u00e1rea.<\/p>\n<p><strong>Com que rapidez verei resultados?<\/strong><br \/>\nOs resultados iniciais costumam ser vis\u00edveis ap\u00f3s a primeira sess\u00e3o e podem ser muito encorajadores. No entanto, os resultados ideais geralmente aparecem entre 15 dias e 3 semanas ap\u00f3s o in\u00edcio do tratamento e continuam a melhorar nos meses seguintes.<\/p>\n<p><strong>Como voc\u00ea se sente?<\/strong><br \/>\nA experi\u00eancia \u00e9 agrad\u00e1vel, come\u00e7ando com uma breve fase de aquecimento seguida de um resfriamento gradual, por\u00e9m r\u00e1pido. Ao final da sess\u00e3o, o choque t\u00e9rmico cria uma sensa\u00e7\u00e3o de calor e leveza, deixando voc\u00ea revigorado.<\/p>\n<h2>Par\u00e2metros do CryoEMS<\/h2>\n<table style=\"height: 529px;\" width=\"947\">\n<tbody>\n<tr>\n<td width=\"198\">Nome<\/td>\n<td colspan=\"3\" width=\"618\">Cryoems criolip\u00f3lise 8 al\u00e7as<\/td>\n<\/tr>\n<tr>\n<td>Tamanho da tela<\/td>\n<td>15,6 polegadas<\/td>\n<td>Al\u00e7as<\/td>\n<td>8 pe\u00e7as<\/td>\n<\/tr>\n<tr>\n<td>Temperatura<\/td>\n<td>-10\uff5e0\u00b0\uff0c37\uff5e45\u00b0<\/td>\n<td>Tens\u00e3o<\/td>\n<td>110~220V<\/td>\n<\/tr>\n<tr>\n<td>Modo EMS<\/td>\n<td width=\"224\">Sa\u00edda cont\u00ednua, sa\u00edda de onda senoidal, sa\u00edda de onda quadrada<\/td>\n<td>Energia EMS<\/td>\n<td>0-30J<\/td>\n<\/tr>\n<tr>\n<td>corrente de pico<\/td>\n<td>Resfriamento 6,7 A\/Quente 6,8 A<\/td>\n<td>Pot\u00eancia na corrente<\/td>\n<td>0,38A<\/td>\n<\/tr>\n<tr>\n<td>pot\u00eancia de pico<\/td>\n<td>Resfriamento 920w\/Quente 930w<\/td>\n<td>Ligar<\/td>\n<td>40w<\/td>\n<\/tr>\n<tr>\n<td>Modo de opera\u00e7\u00e3o<\/td>\n<td colspan=\"3\">Modo de ajuste manual\/modo de ciclo autom\u00e1tico<\/td>\n<\/tr>\n<tr>\n<td>Manipular corrente<\/td>\n<td>2,5-3,5A<\/td>\n<td>Lidar com o poder<\/td>\n<td>60-84W<\/td>\n<\/tr>\n<tr>\n<td colspan=\"4\" width=\"816\">\u00a0Pacote: Al\u00e7as: 17,2 kg, 75 * 49 * 29 cm cm<br \/>\nM\u00e1quina: 59,2 kg, 67*54*141 cm<\/td>\n<\/tr>\n<\/tbody>\n<\/table>\n<p>&nbsp;<\/p>","protected":false},"excerpt":{"rendered":"<p><strong>O CryoEMS \u00e9 o \u00fanico dispositivo no mercado que oferece tr\u00eas oportunidades de neg\u00f3cios em um s\u00f3 dispositivo.<\/strong><br \/>\n1. Alcance um grupo-alvo maior e gere mais vendas.<br \/>\n2. Combina\u00e7\u00e3o \u00fanica \u2013 tr\u00eas tecnologias em um \u00fanico dispositivo: Criolip\u00f3lise, EMS para constru\u00e7\u00e3o muscular e redu\u00e7\u00e3o de gordura<br \/>\n3. Tratamento simult\u00e2neo de no m\u00e1ximo 8 \u00e1reas do corpo<br \/>\n4. Perfeito como base para seu est\u00fadio<br \/>\n5. Conveniente tanto para o usu\u00e1rio quanto para o cliente<br \/>\n6. Investimento que vale a pena a longo prazo<br \/>\n7. Amortiza\u00e7\u00e3o r\u00e1pida<\/p>","protected":false},"featured_media":4650,"template":"","meta":[],"product_brand":[],"product_cat":[73,90],"product_tag":[],"class_list":{"0":"post-4656","1":"product","2":"type-product","3":"status-publish","4":"has-post-thumbnail","6":"product_cat-cryolipolysis","7":"product_cat-lose-fat-and-body-firming","9":"first","10":"instock","11":"shipping-taxable","12":"product-type-simple"},"_links":{"self":[{"href":"https:\/\/shefmon.com\/pt\/wp-json\/wp\/v2\/product\/4656","targetHints":{"allow":["GET"]}}],"collection":[{"href":"https:\/\/shefmon.com\/pt\/wp-json\/wp\/v2\/product"}],"about":[{"href":"https:\/\/shefmon.com\/pt\/wp-json\/wp\/v2\/types\/product"}],"version-history":[{"count":0,"href":"https:\/\/shefmon.com\/pt\/wp-json\/wp\/v2\/product\/4656\/revisions"}],"wp:featuredmedia":[{"embeddable":true,"href":"https:\/\/shefmon.com\/pt\/wp-json\/wp\/v2\/media\/4650"}],"wp:attachment":[{"href":"https:\/\/shefmon.com\/pt\/wp-json\/wp\/v2\/media?parent=4656"}],"wp:term":[{"taxonomy":"product_brand","embeddable":true,"href":"https:\/\/shefmon.com\/pt\/wp-json\/wp\/v2\/product_brand?post=4656"},{"taxonomy":"product_cat","embeddable":true,"href":"https:\/\/shefmon.com\/pt\/wp-json\/wp\/v2\/product_cat?post=4656"},{"taxonomy":"product_tag","embeddable":true,"href":"https:\/\/shefmon.com\/pt\/wp-json\/wp\/v2\/product_tag?post=4656"}],"curies":[{"name":"wp","href":"https:\/\/api.w.org\/{rel}","templated":true}]}}