{"id":3954,"date":"2024-06-22T15:46:06","date_gmt":"2024-06-22T07:46:06","guid":{"rendered":"https:\/\/palegoldenrod-manatee-952098.hostingersite.com\/?post_type=product&#038;p=3954"},"modified":"2026-01-08T10:46:26","modified_gmt":"2026-01-08T02:46:26","slug":"laser-ultra-de-co2-fracionado-de-fibra-shefmon-2910nm","status":"publish","type":"product","link":"https:\/\/shefmon.com\/pt\/product\/shefmon-2910nm-fiber-fractional-co2-ultra-laser\/","title":{"rendered":"A0509 SHEFMON 2910nm Laser Ultra de CO2 Fracionado de Fibra"},"content":{"rendered":"<p>O Laser de CO2 Fracionado por Fibra utiliza feixes de luz curtos e concentrados para remover suavemente as camadas superficiais da pele opaca e danificada, desencadeando o processo natural de cicatriza\u00e7\u00e3o do corpo e estimulando o crescimento de novas c\u00e9lulas. Ao mesmo tempo, deposita energia t\u00e9rmica controlada na derme, induzindo a quantidade certa de energia t\u00e9rmica na profundidade correta da pele para iniciar o processo de rejuvenescimento, aumentando a produ\u00e7\u00e3o de col\u00e1geno e elastina, revitalizando a pele de dentro para fora.<\/p>\n<p>&nbsp;<\/p>\n<p>Duas a\u00e7\u00f5es em uma passagem<\/p>\n<p><strong>Rejuvenescimento da pele a laser de alta resolu\u00e7\u00e3o<\/strong><br \/>\nOs feixes de laser frio do Laser de CO2 Fracionado de Fibra removem com precis\u00e3o as c\u00e9lulas epid\u00e9rmicas danificadas para limpar irregularidades da superf\u00edcie, minimizando os efeitos colaterais induzidos pelo calor e reduzindo a dor. A qualidade superior do feixe do Laser de CO2 Fracionado de Fibra permite uma distribui\u00e7\u00e3o uniforme da energia, proporcionando resultados de resurfacing altamente consistentes. Assim como a esfolia\u00e7\u00e3o profunda, o Laser de CO2 Fracionado de Fibra promove o crescimento de c\u00e9lulas novas e frescas da pele, que ficam mais lisas, saud\u00e1veis e radiantes.<\/p>\n<p><strong>Remodela\u00e7\u00e3o de Col\u00e1geno<\/strong><br \/>\nSimultaneamente, o Laser de CO2 Fracionado de Fibra forma les\u00f5es t\u00e9rmicas na derme m\u00e9dia ao depositar energia t\u00e9rmica control\u00e1vel, que por sua vez inicia o processo de autocura da pele para promover o crescimento interno de col\u00e1geno (neocolag\u00eanese), elastina e \u00e1cido hialur\u00f4nico por meio de um suposto mecanismo de a\u00e7\u00e3o de remodela\u00e7\u00e3o d\u00e9rmica.<\/p>\n<p>&nbsp;<\/p>","protected":false},"excerpt":{"rendered":"<p>O laser de CO2 fracionado de fibra funciona no comprimento de onda de 2910 nm, o que \u00e9 novo,<br \/>\nque trata m\u00faltiplas camadas da pele - do estrato c\u00f3rneo \u00e0 epiderme e \u00e0 derme m\u00e9dia -<br \/>\npara<span style=\"color: #000000;\"> ajudar a reverter os sinais de envelhecimento.<\/span><br \/>\n<span style=\"color: #000000;\">Revitalizando a pele e fazendo com que seu rosto pare\u00e7a mais fresco, mais liso, mais firme, <\/span><br \/>\n<span style=\"color: #000000;\">e mais jovens em apenas um tratamento de 20 minutos.<\/span><\/p>","protected":false},"featured_media":3960,"template":"","meta":[],"product_brand":[],"product_cat":[89,80,86,88,91],"product_tag":[],"class_list":{"0":"post-3954","1":"product","2":"type-product","3":"status-publish","4":"has-post-thumbnail","6":"product_cat-acne-scars-treatment","7":"product_cat-laser-ipl","8":"product_cat-skin-care-and-facial-rejuvenation","9":"product_cat-vaginal-tightening","10":"product_cat-wrinkle-removal-and-skin-tightening","12":"first","13":"instock","14":"shipping-taxable","15":"product-type-simple"},"_links":{"self":[{"href":"https:\/\/shefmon.com\/pt\/wp-json\/wp\/v2\/product\/3954","targetHints":{"allow":["GET"]}}],"collection":[{"href":"https:\/\/shefmon.com\/pt\/wp-json\/wp\/v2\/product"}],"about":[{"href":"https:\/\/shefmon.com\/pt\/wp-json\/wp\/v2\/types\/product"}],"version-history":[{"count":0,"href":"https:\/\/shefmon.com\/pt\/wp-json\/wp\/v2\/product\/3954\/revisions"}],"wp:featuredmedia":[{"embeddable":true,"href":"https:\/\/shefmon.com\/pt\/wp-json\/wp\/v2\/media\/3960"}],"wp:attachment":[{"href":"https:\/\/shefmon.com\/pt\/wp-json\/wp\/v2\/media?parent=3954"}],"wp:term":[{"taxonomy":"product_brand","embeddable":true,"href":"https:\/\/shefmon.com\/pt\/wp-json\/wp\/v2\/product_brand?post=3954"},{"taxonomy":"product_cat","embeddable":true,"href":"https:\/\/shefmon.com\/pt\/wp-json\/wp\/v2\/product_cat?post=3954"},{"taxonomy":"product_tag","embeddable":true,"href":"https:\/\/shefmon.com\/pt\/wp-json\/wp\/v2\/product_tag?post=3954"}],"curies":[{"name":"wp","href":"https:\/\/api.w.org\/{rel}","templated":true}]}}