{"id":3919,"date":"2024-06-14T18:33:48","date_gmt":"2024-06-14T10:33:48","guid":{"rendered":"https:\/\/palegoldenrod-manatee-952098.hostingersite.com\/?post_type=product&#038;p=3919"},"modified":"2026-01-08T17:22:29","modified_gmt":"2026-01-08T09:22:29","slug":"e0436-cadeira-ems-para-estimulacao-eletromagnetica-e-reabilitacao-dos-musculos-do-assoalho-pelvico","status":"publish","type":"product","link":"https:\/\/shefmon.com\/pt\/product\/e0436-electromagnetic-stimulation-pelvic-floor-muscle-rehabilitation-ems-chair\/","title":{"rendered":"E0436 Cadeira EMS de Reabilita\u00e7\u00e3o Muscular do Assoalho P\u00e9lvico com Estimula\u00e7\u00e3o Eletromagn\u00e9tica"},"content":{"rendered":"<p><strong>Teoria de Trabalho<\/strong><br \/>\nA cadeira para assoalho p\u00e9lvico atua no al\u00edvio da incontin\u00eancia, estimulando e fortalecendo os m\u00fasculos subjacentes do assoalho p\u00e9lvico. Durante o tratamento, voc\u00ea se senta em uma cadeira especialmente projetada que utiliza pulsos eletromagn\u00e9ticos para causar contra\u00e7\u00f5es supram\u00e1ximas dos m\u00fasculos do assoalho p\u00e9lvico. Isso significa que ela estimula seus m\u00fasculos a ficarem mais tensos do que normalmente seriam capazes de se contrair \u2014 at\u00e9 mais tensos do que os exerc\u00edcios de Kegel.<\/p>\n<p><strong>Aplicativo<\/strong><br \/>\nEste tratamento funciona muito rapidamente, e voc\u00ea dever\u00e1 notar alguma melhora no controle da bexiga ap\u00f3s a primeira sess\u00e3o. \u00c0 medida que voc\u00ea continua recebendo sess\u00f5es adicionais, seus vazamentos, acidentes e outros problemas urin\u00e1rios devem diminuir gradualmente.<\/p>\n<p><strong>Vantagem<\/strong><br \/>\n\u00c9 uma cadeira na qual voc\u00ea fica sentado por 30 minutos (completamente vestido) que simula mais de 10.000 exerc\u00edcios de Kegel para tonificar os m\u00fasculos da bexiga e do assoalho p\u00e9lvico. E \u00e9: sem cirurgia, sem medica\u00e7\u00e3o e completamente n\u00e3o invasivo.<\/p>","protected":false},"excerpt":{"rendered":"<div data-slate-node=\"element\"><strong>Vantagens da cadeira Emslim:<\/strong><\/div>\n<div data-slate-node=\"element\"><span data-slate-node=\"text\">1. fortalecer o m\u00fasculo pubococcidiano (m\u00fasculo PC). <\/span><\/div>\n<div data-slate-node=\"element\"><span data-slate-node=\"text\">2. preven\u00e7\u00e3o e tratamento da incontin\u00eancia urin\u00e1ria de esfor\u00e7o.<\/span><\/div>\n<div data-slate-node=\"element\"><span data-slate-node=\"text\">3. melhorar a sensibilidade e a fun\u00e7\u00e3o de .<\/span><\/div>\n<div data-slate-node=\"element\"><span data-slate-node=\"text\">4. restaurar a tens\u00e3o muscular vaginal e melhorar a sa\u00fade vaginal.<\/span><\/div>\n<div data-slate-node=\"element\"><span data-slate-node=\"text\">5. promover a recupera\u00e7\u00e3o p\u00f3s-parto.<\/span><\/div>\n<div data-slate-node=\"element\" data-slate-fragment=\"JTVCJTdCJTIydHlwZSUyMiUzQSUyMnBhcmFncmFwaCUyMiUyQyUyMmNoaWxkcmVuJTIyJTNBJTVCJTdCJTIyaWQlMjIlM0ElMjJwa0FFbDJHN3EyJTIyJTJDJTIycGFyYUlkeCUyMiUzQTAlMkMlMjJzcmMlMjIlM0ElMjJFbXNsaW0lMjBjaGFpciUyMGFkdmFudGFnZXMlRUYlQkMlOUElMjIlMkMlMjJkc3QlMjIlM0ElMjJFbXNsaW0lRTYlQTQlODUlRTUlQUQlOTAlRTclOUElODQlRTQlQkMlOTglRTclODIlQjklRUYlQkMlOUElMjIlMkMlMjJtZXRhZGF0YSUyMiUzQSUyMiUyMiUyQyUyMm1ldGFEYXRhJTIyJTNBJTVCJTVEJTJDJTIydGV4dCUyMiUzQSUyMkVtc2xpbSUyMGNoYWlyJTIwYWR2YW50YWdlcyVFRiVCQyU5QSUyMiU3RCU1RCU3RCUyQyU3QiUyMnR5cGUlMjIlM0ElMjJwYXJhZ3JhcGglMjIlMkMlMjJjaGlsZHJlbiUyMiUzQSU1QiU3QiUyMmlkJTIyJTNBJTIyelo1ZTB4VjRBTiUyMiUyQyUyMnBhcmFJZHglMjIlM0ExJTJDJTIyc3JjJTIyJTNBJTIyMS4lMjBzdHJlbmd0aGVuJTIwcHVib2NvY2NpZGlhbCUyMG11c2NsZSUyMChQQyUyMG11c2NsZSkuJTIwJTIyJTJDJTIyZHN0JTIyJTNBJTIyMSVFMyU4MCU4MSVFNSVBMiU5RSVFNSVCQyVCQSVFOCU4MCVCQiVFOSVBQSVBOCVFNSU4RiU4QyVFNyU5MCU4MyVFOCU4RiU4QyVFOCU4MiU4QyVFRiVCQyU4OFBDJUU4JTgyJThDJUVGJUJDJTg5JUUzJTgwJTgyJTIyJTJDJTIybWV0YWRhdGElMjIlM0ElMjIlMjIlMkMlMjJtZXRhRGF0YSUyMiUzQSU1QiU1RCUyQyUyMnRleHQlMjIlM0ElMjIxLiUyMHN0cmVuZ3RoZW4lMjBwdWJvY29jY2lkaWFsJTIwbXVzY2xlJTIwKFBDJTIwbXVzY2xlKS4lMjAlMjIlN0QlNUQlN0QlMkMlN0IlMjJ0eXBlJTIyJTNBJTIycGFyYWdyYXBoJTIyJTJDJTIyY2hpbGRyZW4lMjIlM0ElNUIlN0IlMjJpZCUyMiUzQSUyMnhNNWxLbXBXQUclMjIlMkMlMjJwYXJhSWR4JTIyJTNBMiUyQyUyMnNyYyUyMiUzQSUyMjIuJTIwcHJldmVudGlvbiUyMGFuZCUyMHRyZWF0bWVudCUyMG9mJTIwc3RyZXNzJTIwdXJpbmFyeSUyMGluY29udGluZW5jZSUyMC4lMjIlMkMlMjJkc3QlMjIlM0ElMjIyLiVFNSU4RSU4QiVFNSU4QSU5QiVFNiU4MCVBNyVFNSVCMCVCRiVFNSVBNCVCMSVFNyVBNiU4MSVFNyU5QSU4NCVFOSU5OCVCMiVFNiVCMiVCQiVFMyU4MCU4MiUyMiUyQyUyMm1ldGFkYXRhJTIyJTNBJTIyJTIyJTJDJTIybWV0YURhdGElMjIlM0ElNUIlNUQlMkMlMjJ0ZXh0JTIyJTNBJTIyMi4lMjBwcmV2ZW50aW9uJTIwYW5kJTIwdHJlYXRtZW50JTIwb2YlMjBzdHJlc3MlMjB1cmluYXJ5JTIwaW5jb250aW5lbmNlJTIwLiUyMiU3RCU1RCU3RCUyQyU3QiUyMnR5cGUlMjIlM0ElMjJwYXJhZ3JhcGglMjIlMkMlMjJjaGlsZHJlbiUyMiUzQSU1QiU3QiUyMmlkJTIyJTNBJTIyMDRBSlh2cFp3cCUyMiUyQyUyMnBhcmFJZHglMjIlM0EzJTJDJTIyc3JjJTIyJTNBJTIyMy4lMjBpbXByb3ZlJTIwdGhlJTIwc2Vuc2l0aXZpdHklMjBhbmQlMjBmdW5jdGlvbiUyMG9mJTIwLiUyMiUyQyUyMmRzdCUyMiUzQSUyMjMuJUU2JThGJTkwJUU5JUFCJTk4JUU3JTlBJTg0JUU3JTgxJUI1JUU2JTk1JThGJUU1JUJBJUE2JUU1JTkyJThDJUU1JThBJTlGJUU4JTgzJUJEJUUzJTgwJTgyJTIyJTJDJTIybWV0YWRhdGElMjIlM0ElMjIlMjIlMkMlMjJtZXRhRGF0YSUyMiUzQSU1QiU1RCUyQyUyMnRleHQlMjIlM0ElMjIzLiUyMGltcHJvdmUlMjB0aGUlMjBzZW5zaXRpdml0eSUyMGFuZCUyMGZ1bmN0aW9uJTIwb2YlMjAuJTIyJTdEJTVEJTdEJTJDJTdCJTIydHlwZSUyMiUzQSUyMnBhcmFncmFwaCUyMiUyQyUyMmNoaWxkcmVuJTIyJTNBJTVCJTdCJTIyaWQlMjIlM0ElMjIwajVyRFc0a3F2JTIyJTJDJTIycGFyYUlkeCUyMiUzQTQlMkMlMjJzcmMlMjIlM0ElMjI0LiUyMHJlc3RvcmUlMjB2YWdpbmFsJTIwbXVzY2xlJTIwdGVuc2lvbiUyMGFuZCUyMGltcHJvdmUlMjB2YWdpbmFsJTIwaGVhbHRoJTIwLiUyMiUyQyUyMmRzdCUyMiUzQSUyMjQuJUU2JTgxJUEyJUU1JUE0JThEJUU5JTk4JUI0JUU5JTgxJTkzJUU4JTgyJThDJUU4JTgyJTg5JUU1JUJDJUEwJUU1JThBJTlCJUVGJUJDJThDJUU2JTk0JUI5JUU1JTk2JTg0JUU5JTk4JUI0JUU5JTgxJTkzJUU1JTgxJUE1JUU1JUJBJUI3JUUzJTgwJTgyJTIyJTJDJTIybWV0YWRhdGElMjIlM0ElMjIlMjIlMkMlMjJtZXRhRGF0YSUyMiUzQSU1QiU1RCUyQyUyMnRleHQlMjIlM0ElMjI0LiUyMHJlc3RvcmUlMjB2YWdpbmFsJTIwbXVzY2xlJTIwdGVuc2lvbiUyMGFuZCUyMGltcHJvdmUlMjB2YWdpbmFsJTIwaGVhbHRoJTIwLiUyMiU3RCU1RCU3RCUyQyU3QiUyMnR5cGUlMjIlM0ElMjJwYXJhZ3JhcGglMjIlMkMlMjJjaGlsZHJlbiUyMiUzQSU1QiU3QiUyMmlkJTIyJTNBJTIyajB3WmUza241ZSUyMiUyQyUyMnBhcmFJZHglMjIlM0E1JTJDJTIyc3JjJTIyJTNBJTIyNS4lMjBwcm9tb3RlJTIwcG9zdHBhcnR1bSUyMHJlY292ZXJ5LiUyMiUyQyUyMmRzdCUyMiUzQSUyMjUlRTMlODAlODElRTQlQkYlODMlRTglQkYlOUIlRTQlQkElQTclRTUlOTAlOEUlRTYlODElQTIlRTUlQTQlOEQlRTMlODAlODIlMjIlMkMlMjJtZXRhZGF0YSUyMiUzQSUyMiUyMiUyQyUyMm1ldGFEYXRhJTIyJTNBJTVCJTVEJTJDJTIydGV4dCUyMiUzQSUyMjUuJTIwcHJvbW90ZSUyMHBvc3RwYXJ0dW0lMjByZWNvdmVyeS4lMjIlN0QlNUQlN0QlMkMlN0IlMjJ0eXBlJTIyJTNBJTIycGFyYWdyYXBoJTIyJTJDJTIyY2hpbGRyZW4lMjIlM0ElNUIlN0IlMjJpZCUyMiUzQSUyMlk5NWRWNEwycWslMjIlMkMlMjJwYXJhSWR4JTIyJTNBNiUyQyUyMnNyYyUyMiUzQSUyMjYuaW5jcmVhc2UlMjB2YWdpbmFsJTIwd2FsbCUyMHRoaWNrbmVzcyUyMGFuZCUyMGx1YnJpY2F0aW9uJTIwYWZ0ZXIlMjBtZW5vcGF1c2UlMjA3LiUyMGluY3JlYXNlJTIwdGhlJTIwYmxvb2QlMjBmbG93JTIwYW5kJTIwbmVydmUlMjBmdW5jdGlvbiUyMG9mJTIwdGhlJTIwYmFzaW4uJTIyJTJDJTIyZHN0JTIyJTNBJTIyNi4lRTclQkIlOUQlRTclQkIlOEYlRTUlOTAlOEUlRTUlQTIlOUUlRTUlOEElQTAlRTklOTglQjQlRTklODElOTMlRTUlQTMlODElRTUlOEUlOUElRTUlQkElQTYlRTUlOTIlOEMlRTYlQjYlQTYlRTYlQkIlOTE3JUUzJTgwJTgyJUU1JUEyJTlFJUU1JThBJUEwJUU3JTlCJTg2JUU3JTlBJTg0JUU4JUExJTgwJUU2JUI1JTgxJUU5JTg3JThGJUU1JTkyJThDJUU3JUE1JTlFJUU3JUJCJThGJUU1JThBJTlGJUU4JTgzJUJEJUUzJTgwJTgyJTIyJTJDJTIybWV0YWRhdGElMjIlM0ElMjIlMjIlMkMlMjJtZXRhRGF0YSUyMiUzQSU1QiU1RCUyQyUyMnRleHQlMjIlM0ElMjI2LmluY3JlYXNlJTIwdmFnaW5hbCUyMHdhbGwlMjB0aGlja25lc3MlMjBhbmQlMjBsdWJyaWNhdGlvbiUyMGFmdGVyJTIwbWVub3BhdXNlJTIwNy4lMjBpbmNyZWFzZSUyMHRoZSUyMGJsb29kJTIwZmxvdyUyMGFuZCUyMG5lcnZlJTIwZnVuY3Rpb24lMjBvZiUyMHRoZSUyMGJhc2luLiUyMiU3RCU1RCU3RCU1RA==\"><span data-slate-node=\"text\">6. aumentar a espessura da parede vaginal e a lubrifica\u00e7\u00e3o ap\u00f3s a menopausa 7. aumentar o fluxo sangu\u00edneo e a fun\u00e7\u00e3o nervosa da bacia.<\/span><\/div>","protected":false},"featured_media":3921,"template":"","meta":[],"product_brand":[],"product_cat":[75,85,88],"product_tag":[],"class_list":{"0":"post-3919","1":"product","2":"type-product","3":"status-publish","4":"has-post-thumbnail","6":"product_cat-emslim","7":"product_cat-gain-muscle-and-body-shaping","8":"product_cat-vaginal-tightening","10":"first","11":"instock","12":"shipping-taxable","13":"product-type-simple"},"_links":{"self":[{"href":"https:\/\/shefmon.com\/pt\/wp-json\/wp\/v2\/product\/3919","targetHints":{"allow":["GET"]}}],"collection":[{"href":"https:\/\/shefmon.com\/pt\/wp-json\/wp\/v2\/product"}],"about":[{"href":"https:\/\/shefmon.com\/pt\/wp-json\/wp\/v2\/types\/product"}],"version-history":[{"count":0,"href":"https:\/\/shefmon.com\/pt\/wp-json\/wp\/v2\/product\/3919\/revisions"}],"wp:featuredmedia":[{"embeddable":true,"href":"https:\/\/shefmon.com\/pt\/wp-json\/wp\/v2\/media\/3921"}],"wp:attachment":[{"href":"https:\/\/shefmon.com\/pt\/wp-json\/wp\/v2\/media?parent=3919"}],"wp:term":[{"taxonomy":"product_brand","embeddable":true,"href":"https:\/\/shefmon.com\/pt\/wp-json\/wp\/v2\/product_brand?post=3919"},{"taxonomy":"product_cat","embeddable":true,"href":"https:\/\/shefmon.com\/pt\/wp-json\/wp\/v2\/product_cat?post=3919"},{"taxonomy":"product_tag","embeddable":true,"href":"https:\/\/shefmon.com\/pt\/wp-json\/wp\/v2\/product_tag?post=3919"}],"curies":[{"name":"wp","href":"https:\/\/api.w.org\/{rel}","templated":true}]}}