{"id":3900,"date":"2024-06-14T15:47:16","date_gmt":"2024-06-14T07:47:16","guid":{"rendered":"https:\/\/palegoldenrod-manatee-952098.hostingersite.com\/?post_type=product&#038;p=3900"},"modified":"2026-01-08T10:46:18","modified_gmt":"2026-01-08T02:46:18","slug":"a0507-1064nm-532nm-q-comutado-super-picosegundo-picosure-yag-laser-remocao-de-tatuagem","status":"publish","type":"product","link":"https:\/\/shefmon.com\/pt\/product\/a0507-1064nm-532nm-q-switched-super-picosecond-picosure-yag-laser-tattoo-removal\/","title":{"rendered":"A0507 1064nm 532nm Q-switched Super Picosecond Picosure Yag Laser Remo\u00e7\u00e3o de Tatuagem"},"content":{"rendered":"<p>O laser Q-Switch\/Q-Switched Nd:YAG e o laser de picossegundo (\u00e0s vezes chamado de Pico Laser) s\u00e3o tecnologias avan\u00e7adas comumente utilizadas em tratamentos est\u00e9ticos para tratar uma variedade de problemas de pele, incluindo remo\u00e7\u00e3o de tatuagens, remo\u00e7\u00e3o de pigmenta\u00e7\u00e3o e rejuvenescimento da pele. Analisaremos as diferen\u00e7as t\u00e9cnicas e as aplica\u00e7\u00f5es das tecnologias de laser.<\/p>\n<p><strong>LASER ND:YAG Q-SWITCHED<\/strong><br \/>\nO laser Q-Switched\/Q-Switch Nd:YAG \u00e9 um tipo de laser utilizado em procedimentos m\u00e9dicos e est\u00e9ticos. Ele funciona produzindo pulsos curtos de luz de alta intensidade que s\u00e3o absorvidos pelo tecido alvo, que pode ser desde les\u00f5es pigmentadas at\u00e9 tintas de tatuagem.<\/p>\n<p><strong>COMO FUNCIONA:<\/strong><br \/>\nO cristal do laser Nd:YAG \u00e9 excitado por uma l\u00e2mpada de flash ou diodo, fazendo com que ele emita luz em comprimentos de onda espec\u00edficos.<br \/>\nO feixe de laser \u00e9 ent\u00e3o focalizado por uma lente e ent\u00e3o direcionado ao tecido alvo.<br \/>\nA energia do laser \u00e9 absorvida pelo tecido alvo, o que faz com que ele aque\u00e7a e se quebre.<br \/>\n\u00c0 medida que o tecido se decomp\u00f5e, ele libera pigmentos ou outras subst\u00e2ncias que s\u00e3o ent\u00e3o removidas pelos processos naturais do corpo.<\/p>\n<p>O laser Q-Switched Nd:YAG \u00e9 \u00fanico por produzir pulsos de luz muito curtos (medidos em nanossegundos) com pot\u00eancia de pico alt\u00edssima. Isso permite atingir seletivamente les\u00f5es pigmentadas ou tinta de tatuagem sem danificar o tecido circundante.<\/p>\n<p>Al\u00e9m disso, o Laser Q-Switched utiliza um mecanismo &quot;Q-Switch&quot; que permite ligar e desligar rapidamente, produzindo pulsos de luz muito intensos e curtos. Isso ajuda a minimizar a quantidade de calor transferida para o tecido circundante, reduzindo o risco de efeitos colaterais.<\/p>\n<p><strong>LASER DE PICOSSEGUNDO<\/strong><br \/>\nOs lasers de picossegundos, \u00e0s vezes chamados de picolasers, s\u00e3o um tipo de laser usado em procedimentos m\u00e9dicos e est\u00e9ticos que emitem pulsos de luz ultracurtos, medidos em picossegundos (trilion\u00e9simos de segundo). O laser de picossegundos funciona com um princ\u00edpio semelhante ao laser Q-Switched, mas com dura\u00e7\u00f5es de pulso muito mais curtas.<\/p>\n<p><strong>COMO FUNCIONA:<\/strong><br \/>\nO laser de picossegundo usa um diodo laser de alta pot\u00eancia para gerar pulsos de luz em um comprimento de onda espec\u00edfico (geralmente 755 nm ou 1064 nm).<br \/>\nO feixe de laser \u00e9 focado na \u00e1rea alvo, como tinta de tatuagem ou uma les\u00e3o pigmentada.<br \/>\nOs pulsos ultracurtos de luz emitidos pelo laser de picossegundo criam um efeito fotoac\u00fastico, o que significa que eles produzem uma onda de press\u00e3o mec\u00e2nica que quebra o pigmento no tecido alvo em fragmentos menores.<br \/>\nOs fragmentos menores de pigmento s\u00e3o ent\u00e3o expelidos pelo sistema imunol\u00f3gico natural do corpo.<\/p>\n<p>O laser de picossegundo pode fornecer dura\u00e7\u00f5es de pulso mais curtas, o que significa que ele pode quebrar pigmentos em fragmentos menores com menos danos t\u00e9rmicos ao tecido circundante.<\/p>\n<p>Isso pode torn\u00e1-lo mais eficaz no tratamento de certos tipos de pigmentos, como tatuagens persistentes, al\u00e9m de reduzir o risco de cicatrizes e outros efeitos colaterais.<\/p>\n<p>O laser picossegundo tamb\u00e9m pode ser usado em uma gama maior de tipos e cores de pele, pois \u00e9 menos prov\u00e1vel que cause hiperpigmenta\u00e7\u00e3o ou hipopigmenta\u00e7\u00e3o, em compara\u00e7\u00e3o com tecnologias de laser mais antigas.<\/p>\n<p>&nbsp;<\/p>\n<p><strong>COMPARA\u00c7\u00c3O DE LASERS Q-SWITCHED ND:YAG E LASERS DE PICOSSEGUNDO<\/strong><br \/>\nTanto o laser Nd:YAG Q-switched quanto o laser de picossegundos s\u00e3o muito semelhantes em suas aplica\u00e7\u00f5es. No entanto, existem algumas diferen\u00e7as importantes:<\/p>\n<p><strong>DURA\u00c7\u00c3O DO PULSO:<\/strong><br \/>\nA principal diferen\u00e7a entre os dois lasers \u00e9 a dura\u00e7\u00e3o do pulso. O laser Q-Switched Nd:YAG tem uma dura\u00e7\u00e3o de pulso de nanossegundos, enquanto o laser de picossegundos tem uma dura\u00e7\u00e3o de pulso muito menor, de picossegundos.<\/p>\n<p>Isso significa que os lasers de picossegundos podem fornecer rajadas de energia mais curtas e potentes, permitindo um tratamento mais r\u00e1pido e preciso. J\u00e1 o laser Nd:YAG Q-Switched pode oferecer uma gama mais ampla de tratamentos para pigmenta\u00e7\u00e3o.<\/p>\n<p><strong>TEMPO DE TRATAMENTO:<\/strong><br \/>\nDevido \u00e0 menor dura\u00e7\u00e3o do pulso, os lasers de picossegundos podem proporcionar o tratamento em um per\u00edodo mais curto, geralmente em poucas sess\u00f5es. O laser Nd:YAG Q-Switched pode exigir mais sess\u00f5es para atingir os mesmos resultados.<\/p>","protected":false},"excerpt":{"rendered":"<p><strong>Remo\u00e7\u00e3o de tatuagem a laser picossegundo sem dor<\/strong><br \/>\n<span style=\"color: #000000;\"><strong>Remo\u00e7\u00e3o:<\/strong><\/span><br \/>\n\u2022 Tatuagens, Rugas<br \/>\n\u2022 Cicatriz, Nevo de Ota<br \/>\n\u2022 Nevo Azul, Nevo Salpicado<br \/>\n\u2022 Lentigo, Caf\u00e9 Au Lait<br \/>\n\u2022 Hiperpigmenta\u00e7\u00e3o<br \/>\n\u2022 Sardas, Melasma<\/p>","protected":false},"featured_media":3891,"template":"","meta":[],"product_brand":[],"product_cat":[80,86,87,89,91],"product_tag":[],"class_list":{"0":"post-3900","1":"product","2":"type-product","3":"status-publish","4":"has-post-thumbnail","6":"product_cat-laser-ipl","7":"product_cat-skin-care-and-facial-rejuvenation","8":"product_cat-tattoo-and-pigmentation-removal","9":"product_cat-acne-scars-treatment","10":"product_cat-wrinkle-removal-and-skin-tightening","12":"first","13":"instock","14":"shipping-taxable","15":"product-type-simple"},"_links":{"self":[{"href":"https:\/\/shefmon.com\/pt\/wp-json\/wp\/v2\/product\/3900","targetHints":{"allow":["GET"]}}],"collection":[{"href":"https:\/\/shefmon.com\/pt\/wp-json\/wp\/v2\/product"}],"about":[{"href":"https:\/\/shefmon.com\/pt\/wp-json\/wp\/v2\/types\/product"}],"version-history":[{"count":0,"href":"https:\/\/shefmon.com\/pt\/wp-json\/wp\/v2\/product\/3900\/revisions"}],"wp:featuredmedia":[{"embeddable":true,"href":"https:\/\/shefmon.com\/pt\/wp-json\/wp\/v2\/media\/3891"}],"wp:attachment":[{"href":"https:\/\/shefmon.com\/pt\/wp-json\/wp\/v2\/media?parent=3900"}],"wp:term":[{"taxonomy":"product_brand","embeddable":true,"href":"https:\/\/shefmon.com\/pt\/wp-json\/wp\/v2\/product_brand?post=3900"},{"taxonomy":"product_cat","embeddable":true,"href":"https:\/\/shefmon.com\/pt\/wp-json\/wp\/v2\/product_cat?post=3900"},{"taxonomy":"product_tag","embeddable":true,"href":"https:\/\/shefmon.com\/pt\/wp-json\/wp\/v2\/product_tag?post=3900"}],"curies":[{"name":"wp","href":"https:\/\/api.w.org\/{rel}","templated":true}]}}