{"id":3850,"date":"2024-06-11T22:23:19","date_gmt":"2024-06-11T14:23:19","guid":{"rendered":"https:\/\/palegoldenrod-manatee-952098.hostingersite.com\/?post_type=product&#038;p=3850"},"modified":"2025-09-17T19:08:10","modified_gmt":"2025-09-17T11:08:10","slug":"a0529-equipamento-profissional-de-remocao-de-cicatrizes-de-acne-laser-fracionado-de-co2-10600nm","status":"publish","type":"product","link":"https:\/\/shefmon.com\/pt\/product\/a0529-professional-acne-scar-removal-10600nm-co2-fractional-laser-equipment\/","title":{"rendered":"Equipamento profissional de remo\u00e7\u00e3o de cicatrizes de acne A0529 com laser fracionado de CO2 de 10600 nm"},"content":{"rendered":"<p><strong>Teoria do laser fracionado de CO2 RF<\/strong><br \/>\nO laser fracionado de CO2 \u00e9 o sistema conceitual mais avan\u00e7ado de peeling de pele fracionado de CO2, com comprimento de onda de 10600 nm. Al\u00e9m do seu efeito de peeling fino, ele penetra eficazmente o feixe de laser na derme. \u00c9 o sistema de recupera\u00e7\u00e3o da pele mais ben\u00e9fico e pode alcan\u00e7ar o efeito de remodela\u00e7\u00e3o do col\u00e1geno a longo prazo, bem como a melhora das condi\u00e7\u00f5es da pele envelhecida devido \u00e0 exposi\u00e7\u00e3o \u00e0 luz. Pode ser aplicado com muita seguran\u00e7a em v\u00e1rios tipos de cicatrizes, em compara\u00e7\u00e3o com os lasers de peeling de pele de camada total 100% (CO2 ou Er: YAG) existentes. Al\u00e9m disso, n\u00e3o requer um longo per\u00edodo de recupera\u00e7\u00e3o ou efeitos colaterais. Pode remodelar v\u00e1rios tipos de cicatrizes deformadas e tecido cut\u00e2neo com muita efic\u00e1cia.<\/p>\n<p>C\u00e1psula de aperto vaginal \u2013 Teoria<br \/>\nO aquecimento intrauterino das camadas internas do tecido vaginal induz a contra\u00e7\u00e3o do col\u00e1geno e da elastina e a regenera\u00e7\u00e3o dessas prote\u00ednas a longo prazo. Esses sinais moleculares ativam todo o processo de cicatriza\u00e7\u00e3o de feridas do sistema imunol\u00f3gico local. O resultado do tratamento \u00e9 a remodela\u00e7\u00e3o completa do tecido vaginal, al\u00e9m do restabelecimento de um tecido vaginal firme e &quot;jovem&quot;, com fibras de col\u00e1geno espessas e longas, semelhantes a fios.<\/p>\n<p><strong>Caracter\u00edsticas:<\/strong><br \/>\n1. Sistema 3 em 1, f\u00e1cil e conveniente para opera\u00e7\u00e3o.<br \/>\na. Laser de CO2 fracionado para rejuvenescimento da pele e remo\u00e7\u00e3o de cicatrizes<br \/>\nb.e Laser de CO2 normal para opera\u00e7\u00e3o cir\u00fargica<br \/>\nc. Aperto vaginal opcional.<br \/>\n2. A tela pode ser dobrada para cima e para baixo, girando 180\u00b0 para a esquerda e para a direita.<br \/>\n3. Importado excelente bra\u00e7o \u00f3ptico de 7 articula\u00e7\u00f5es, f\u00e1cil de operar e reduz muito a perda de energia<br \/>\n4. Emissor de tubo RF coerente importado dos EUA<br \/>\na. sa\u00edda de energia uniforme, penetra\u00e7\u00e3o mais profunda (8-10 mm sob a pele)<br \/>\nb. longa vida \u00fatil: 3-5 anos<br \/>\nc. tamanho menor do tubo: 0,05 mm de di\u00e2metro<br \/>\n5. 6 modos de varredura: Sequ\u00eancia, Aleat\u00f3rio, Dist\u00e2ncia m\u00e1xima A&amp;B, Equidist\u00e2ncia e disparo r\u00e1pido<br \/>\n6. 7 formas de digitaliza\u00e7\u00e3o: quadrado, ret\u00e2ngulo, redondo, tri\u00e2ngulo, oval, 6 formas de losango e linha.<br \/>\n7. 3 sondas de tratamento vaginal para aperto vaginal, rejuvenescimento vaginal, clareamento vaginal<br \/>\n8. Bomba ultrassilenciosa utilizada, menor ru\u00eddo, mas maior fluxo de \u00e1gua;<br \/>\nTela sens\u00edvel ao toque LCD colorida de 9 polegadas, controle de software mais humanizado.<\/p>\n<p><strong>Aplica\u00e7\u00f5es:<\/strong><br \/>\n1. Cicatrizes lisas, como cicatrizes cir\u00fargicas, cicatrizes de queimaduras, cicatrizes de acne, etc.<br \/>\n2. Renova\u00e7\u00e3o e revitaliza\u00e7\u00e3o da pele, recupera\u00e7\u00e3o de danos causados pelo sol<br \/>\n3. Remo\u00e7\u00e3o de rugas e firmeza da pele<br \/>\n4. Remo\u00e7\u00e3o de pigmenta\u00e7\u00e3o, como cloasmas intrat\u00e1veis, manchas senis, manchas, pintas etc.<br \/>\n5. Excresc\u00eancia da pele, como verrugas, etc.<br \/>\n6. Tratamento para acne<br \/>\n7. Tratamento vaginal: estreitamento vaginal, clareamento vaginal, incontin\u00eancia venosa.<\/p>\n<p><strong>Fun\u00e7\u00e3o prim\u00e1ria<\/strong><br \/>\nA radia\u00e7\u00e3o t\u00e9rmica faz com que o tecido da mucosa se contraia, melhorando assim a contra\u00e7\u00e3o das fibras de col\u00e1geno e reorganizando o aperto vaginal.<br \/>\n1.Manter vaginal: rejuvenescimento profundo, prevenir o envelhecimento.<br \/>\n2. Encolher a vagina: aperto r\u00e1pido, constri\u00e7\u00e3o, firmeza duradoura.<br \/>\n3.Vagina apertada como sempre: para melhorar a sensibilidade.<br \/>\n4. Vagina de beleza: Pigmento dilu\u00eddo, l\u00e1bios rosados.<br \/>\n5. Sa\u00fade Privada: Equilibra o pH, melhora o ambiente interno.<br \/>\n6. Vagina \u00famida: aumenta a secre\u00e7\u00e3o, elimina o ressecamento<\/p>\n<p>&nbsp;<\/p>","protected":false},"excerpt":{"rendered":"<p>O novo padr\u00e3o: benef\u00edcios do rejuvenescimento da pele com laser de CO2 fracionado<br \/>\n1. Minimiza danos causados pelo sol, cicatrizes de acne e linhas finas.<br \/>\n2. Melhora a textura da pele e uniformiza o tom da pele.<br \/>\n3. Estimula o col\u00e1geno para uma pele mais firme e jovem.<br \/>\n4. Pode ajudar a tratar les\u00f5es cut\u00e2neas pr\u00e9-cancerosas.<br \/>\n5. Tempo de inatividade m\u00ednimo.<br \/>\n6. Fabrica\u00e7\u00e3o\/Treinamento\/Garantia de qualidade<\/p>","protected":false},"featured_media":3845,"template":"","meta":[],"product_brand":[],"product_cat":[80,86,87,88,89,91],"product_tag":[],"class_list":{"0":"post-3850","1":"product","2":"type-product","3":"status-publish","4":"has-post-thumbnail","6":"product_cat-laser-ipl","7":"product_cat-skin-care-and-facial-rejuvenation","8":"product_cat-tattoo-and-pigmentation-removal","9":"product_cat-vaginal-tightening","10":"product_cat-acne-scars-treatment","11":"product_cat-wrinkle-removal-and-skin-tightening","13":"first","14":"instock","15":"shipping-taxable","16":"product-type-simple"},"_links":{"self":[{"href":"https:\/\/shefmon.com\/pt\/wp-json\/wp\/v2\/product\/3850","targetHints":{"allow":["GET"]}}],"collection":[{"href":"https:\/\/shefmon.com\/pt\/wp-json\/wp\/v2\/product"}],"about":[{"href":"https:\/\/shefmon.com\/pt\/wp-json\/wp\/v2\/types\/product"}],"version-history":[{"count":0,"href":"https:\/\/shefmon.com\/pt\/wp-json\/wp\/v2\/product\/3850\/revisions"}],"wp:featuredmedia":[{"embeddable":true,"href":"https:\/\/shefmon.com\/pt\/wp-json\/wp\/v2\/media\/3845"}],"wp:attachment":[{"href":"https:\/\/shefmon.com\/pt\/wp-json\/wp\/v2\/media?parent=3850"}],"wp:term":[{"taxonomy":"product_brand","embeddable":true,"href":"https:\/\/shefmon.com\/pt\/wp-json\/wp\/v2\/product_brand?post=3850"},{"taxonomy":"product_cat","embeddable":true,"href":"https:\/\/shefmon.com\/pt\/wp-json\/wp\/v2\/product_cat?post=3850"},{"taxonomy":"product_tag","embeddable":true,"href":"https:\/\/shefmon.com\/pt\/wp-json\/wp\/v2\/product_tag?post=3850"}],"curies":[{"name":"wp","href":"https:\/\/api.w.org\/{rel}","templated":true}]}}