{"id":3842,"date":"2024-06-11T22:09:07","date_gmt":"2024-06-11T14:09:07","guid":{"rendered":"https:\/\/palegoldenrod-manatee-952098.hostingersite.com\/?post_type=product&#038;p=3842"},"modified":"2026-01-14T13:46:37","modified_gmt":"2026-01-14T05:46:37","slug":"aparelho-hifu-vmax-antienvelhecimento-a0270-com-radiofrequencia","status":"publish","type":"product","link":"https:\/\/shefmon.com\/pt\/product\/a0270-anti-aging-vmax-hifu-machine-with-radio-frequency\/","title":{"rendered":"A0270 M\u00e1quina Vmax Hifu Antienvelhecimento com Radiofrequ\u00eancia"},"content":{"rendered":"<p><strong>Novas vantagens do HIFU:<\/strong><br \/>\n1. Ultrassom focalizado de alta intensidade + RF.<br \/>\n2. Pe\u00e7a de m\u00e3o Smart Control de f\u00e1cil opera\u00e7\u00e3o.<br \/>\n3. 6 cartuchos para tratamento de diferentes partes do corpo. 1,5 mm\/13,0 mm opcional.<br \/>\n4. Sondas pr\u00f3ximas \u00e0 pele, mais confidenciais e seguras.<br \/>\n5. Sistema de comuta\u00e7\u00e3o de controle duplo: controle de p\u00e9 e bot\u00f5es de troca de al\u00e7as.<br \/>\n6. Um cartucho: 99999 tiros<br \/>\n7. 10 idiomas podem ser ajustados: chin\u00eas\/ingl\u00eas\/russo\/portugu\u00eas\/espanhol\/franc\u00eas\/alem\u00e3o\/coreano\/japon\u00eas\/italiano.<\/p>\n<p><strong>Novos cartuchos HIFU para rosto e corpo<\/strong><br \/>\nM1.5 \u2013 penetra na pele em 1,5 mm e atinge a epiderme em tecidos finos, como a cabe\u00e7a.<br \/>\nM3 \u2013 penetra 3,0 mm na pele e atinge a epiderme em tecidos mais espessos, como as bochechas.<br \/>\nM4.5 \u2013 penetra 4,5 mm atrav\u00e9s da pele, atingindo a pele espessa ou a camada mais fina.<br \/>\nM9 \u2013 penetra na pele em 9,0 mm e atinge peles mais grossas, como coxas.<br \/>\nM6 \u2013 penetra na pele em 6,0 mm e \u2026<br \/>\nM13 \u2013 penetra na pele em 13,0 mm e\u2026<\/p>","protected":false},"excerpt":{"rendered":"<p>Ultrassom focalizado de alta intensidade 2 em 1 + RF<br \/>\n<span style=\"color: #000000;\"><strong>Sem dor, remo\u00e7\u00e3o de rugas, endurecimento da pele, lifting facial e dos olhos<\/strong><\/span><br \/>\n<strong>Apenas um uso, efeito imediato!<\/strong><br \/>\n\u00c1rea de tratamento: rosto, corpo, olhos, pesco\u00e7o\/garganta, l\u00e1bios, pernas\/bra\u00e7os,<br \/>\nPot\u00eancia de RF: 1-20 W<br \/>\nEnergia: 1-15J<br \/>\nFrequ\u00eancia: 1-10 Hz<br \/>\nCartuchos: Padr\u00e3o: 3,0 mm, 4,5 mm, 6 mm, 9 mm. Opcional: 1,5 mm, 13 mm<br \/>\nCartuchos de tiro: 99999 tiros<br \/>\nVoltagem: 110V~240V 50hz\/60hz<\/p>","protected":false},"featured_media":2916,"template":"","meta":[],"product_brand":[],"product_cat":[78,86],"product_tag":[],"class_list":{"0":"post-3842","1":"product","2":"type-product","3":"status-publish","4":"has-post-thumbnail","6":"product_cat-hifu","7":"product_cat-skin-care-and-facial-rejuvenation","9":"first","10":"instock","11":"shipping-taxable","12":"product-type-simple"},"_links":{"self":[{"href":"https:\/\/shefmon.com\/pt\/wp-json\/wp\/v2\/product\/3842","targetHints":{"allow":["GET"]}}],"collection":[{"href":"https:\/\/shefmon.com\/pt\/wp-json\/wp\/v2\/product"}],"about":[{"href":"https:\/\/shefmon.com\/pt\/wp-json\/wp\/v2\/types\/product"}],"version-history":[{"count":0,"href":"https:\/\/shefmon.com\/pt\/wp-json\/wp\/v2\/product\/3842\/revisions"}],"wp:featuredmedia":[{"embeddable":true,"href":"https:\/\/shefmon.com\/pt\/wp-json\/wp\/v2\/media\/2916"}],"wp:attachment":[{"href":"https:\/\/shefmon.com\/pt\/wp-json\/wp\/v2\/media?parent=3842"}],"wp:term":[{"taxonomy":"product_brand","embeddable":true,"href":"https:\/\/shefmon.com\/pt\/wp-json\/wp\/v2\/product_brand?post=3842"},{"taxonomy":"product_cat","embeddable":true,"href":"https:\/\/shefmon.com\/pt\/wp-json\/wp\/v2\/product_cat?post=3842"},{"taxonomy":"product_tag","embeddable":true,"href":"https:\/\/shefmon.com\/pt\/wp-json\/wp\/v2\/product_tag?post=3842"}],"curies":[{"name":"wp","href":"https:\/\/api.w.org\/{rel}","templated":true}]}}