{"id":3629,"date":"2024-06-04T11:22:58","date_gmt":"2024-06-04T03:22:58","guid":{"rendered":"https:\/\/palegoldenrod-manatee-952098.hostingersite.com\/?post_type=product&#038;p=3629"},"modified":"2025-09-17T19:09:57","modified_gmt":"2025-09-17T11:09:57","slug":"sw12-eswt-pain-relieve-focus-shockwave-treatment-tecar-shock-wave-laser-therapy","status":"publish","type":"product","link":"https:\/\/shefmon.com\/pt\/product\/sw12-eswt-pain-relieve-focus-shockwave-treatment-tecar-shock-wave-laser-therapy\/","title":{"rendered":"SW12 ESWT Al\u00edvio da Dor Foco Tratamento por Ondas de Choque Terapia a Laser por Ondas de Choque Tecar"},"content":{"rendered":"<p><strong>O sistema de ondas de choque usa o princ\u00edpio bal\u00edstico de gera\u00e7\u00e3o de ondas de choque:<\/strong><br \/>\nUma onda de press\u00e3o \u00e9 gerada por meio de um aparelho de ondas de choque, utilizando ar comprimido acelerado. O ar comprimido \u00e9 gerado por um compressor de press\u00e3o bal\u00edstica controlado eletronicamente. Por meio de impacto el\u00e1stico, a energia cin\u00e9tica do aparelho de ondas de choque \u00e9 transferida para a sonda do aplicador e, em seguida, para o corpo do cliente. Consequentemente, durante o tratamento, a extremidade do aplicador deve estar em contato direto com a pele e o tecido subcut\u00e2neo.<\/p>\n<p>As ondas de choque s\u00e3o direcionadas \u00e0s \u00e1reas afetadas, que s\u00e3o a fonte da dor cr\u00f4nica. A influ\u00eancia das ondas de choque causa a dissolu\u00e7\u00e3o dos dep\u00f3sitos de c\u00e1lcio e leva a uma melhor vasculariza\u00e7\u00e3o. O efeito posterior \u00e9 o al\u00edvio da dor.<\/p>\n<p><strong>Princ\u00edpio do tratamento<\/strong><br \/>\nAplicar recursos de terapia de ondas de choque SW12, frequ\u00eancia de 1-21 Hz, permite atingir at\u00e9 8 cm subcutaneamente, para aplicar no peri\u00f3steo e criar calor, a temperatura instant\u00e2nea chega a 43 \u2103, ao mesmo tempo, melhora a circula\u00e7\u00e3o sangu\u00ednea.<\/p>\n<p><strong>Efeito do tratamento<\/strong><br \/>\nImagine que o vermelho \u00e9 a \u00e1rea de energia que criar\u00e1 o dano. Essa \u00e1rea vai da base do choque at\u00e9 o topo, como uma coluna, danificando tudo em seu caminho. A onda de choque extracorp\u00f3rea ao redor dessa coluna \u00e9 uma \u00e1rea de menor energia, vista em verde, que seria de uma dosagem capaz de criar cura. Tamb\u00e9m haveria uma \u00e1rea, mostrada em azul, de muito menos energia, capaz de diminuir a dor. H\u00e1 tamb\u00e9m uma \u00e1rea onde a for\u00e7a da onda diminuiria acima da \u00e1rea do dano (a energia n\u00e3o pode continuar para sempre), o que, por sua vez, teria efeitos de cura ou al\u00edvio da dor. \u00c9 preciso lembrar que os efeitos ocorrem em n\u00edveis de energia altos a baixos.<br \/>\nn\u00edveis ou seja h<strong>altos n\u00edveis = dano + cura + al\u00edvio da dor.<\/strong><\/p>","protected":false},"excerpt":{"rendered":"<p>2 modos: manual e autom\u00e1tico.<br \/>\nCom uma interface de par\u00e2metros de tratamento profissional, \u00e9 f\u00e1cil de operar.<br \/>\nTratamento doloroso<br \/>\nPerda de peso<\/p>","protected":false},"featured_media":2421,"template":"","meta":[],"product_brand":[],"product_cat":[83],"product_tag":[],"class_list":{"0":"post-3629","1":"product","2":"type-product","3":"status-publish","4":"has-post-thumbnail","6":"product_cat-shockwave-physiotherapy","8":"first","9":"instock","10":"shipping-taxable","11":"product-type-simple"},"_links":{"self":[{"href":"https:\/\/shefmon.com\/pt\/wp-json\/wp\/v2\/product\/3629","targetHints":{"allow":["GET"]}}],"collection":[{"href":"https:\/\/shefmon.com\/pt\/wp-json\/wp\/v2\/product"}],"about":[{"href":"https:\/\/shefmon.com\/pt\/wp-json\/wp\/v2\/types\/product"}],"version-history":[{"count":0,"href":"https:\/\/shefmon.com\/pt\/wp-json\/wp\/v2\/product\/3629\/revisions"}],"wp:featuredmedia":[{"embeddable":true,"href":"https:\/\/shefmon.com\/pt\/wp-json\/wp\/v2\/media\/2421"}],"wp:attachment":[{"href":"https:\/\/shefmon.com\/pt\/wp-json\/wp\/v2\/media?parent=3629"}],"wp:term":[{"taxonomy":"product_brand","embeddable":true,"href":"https:\/\/shefmon.com\/pt\/wp-json\/wp\/v2\/product_brand?post=3629"},{"taxonomy":"product_cat","embeddable":true,"href":"https:\/\/shefmon.com\/pt\/wp-json\/wp\/v2\/product_cat?post=3629"},{"taxonomy":"product_tag","embeddable":true,"href":"https:\/\/shefmon.com\/pt\/wp-json\/wp\/v2\/product_tag?post=3629"}],"curies":[{"name":"wp","href":"https:\/\/api.w.org\/{rel}","templated":true}]}}