{"id":3618,"date":"2024-06-04T10:33:50","date_gmt":"2024-06-04T02:33:50","guid":{"rendered":"https:\/\/palegoldenrod-manatee-952098.hostingersite.com\/?post_type=product&#038;p=3618"},"modified":"2025-09-17T19:10:47","modified_gmt":"2025-09-17T11:10:47","slug":"maquina-de-elevacao-rf-monopolar-vertical-448k-tecar","status":"publish","type":"product","link":"https:\/\/shefmon.com\/pt\/product\/448k-tecar-vertical-monopolar-rf-lifting-machine\/","title":{"rendered":"BCHYQ045 448k Tecar M\u00e1quina de eleva\u00e7\u00e3o vertical monopolar RF"},"content":{"rendered":"<p><strong>Fun\u00e7\u00f5es da terapia Tecar 448K e conclus\u00f5es dos testes<\/strong><\/p>\n<p><strong>Para o rosto<\/strong><br \/>\n* Redu\u00e7\u00e3o de linhas finas e rugas.<br \/>\n* Remo\u00e7\u00e3o de papada e efeito lifting.<br \/>\n* firmeza e firmeza da pele.<br \/>\n* Antienvelhecimento, hidratante, anti-incha\u00e7o.<\/p>\n<p><strong>Conclus\u00f5es do teste:<\/strong><br \/>\n* Aumento de 10 % na hidrata\u00e7\u00e3o da pele.<br \/>\n* 27 % redu\u00e7\u00e3o da largura das rugas \u201cp\u00e9s de galinha\u201d.<br \/>\n* 33 % redu\u00e7\u00e3o profunda das rugas \u201cp\u00e9s de galinha\u201d.<br \/>\n* Tratamento eficaz e seguro do envelhecimento da pele e flacidez facial.<\/p>\n<p><strong>Para o corpo<\/strong><br \/>\n* Redu\u00e7\u00e3o de celulite (todos os tipos)<br \/>\n* Contorno corporal * Perda de peso<br \/>\n* Drenagem, desintoxica\u00e7\u00e3o, drenagem linf\u00e1tica<\/p>\n<p><strong>Conclus\u00f5es do teste:<\/strong><br \/>\n* Redu\u00e7\u00e3o de 15 % no edema intersticial e no tecido adiposo.<br \/>\n* Redu\u00e7\u00e3o de 27 % em \u00e1cidos graxos livres<br \/>\n* Aumento de 22 % na elasticidade da pele<br \/>\n* Todas as pacientes apresentaram diminui\u00e7\u00e3o do grau de celulite.<\/p>\n<p><strong>Sem efeitos adversos, tratamento eficaz e seguro para celulite<\/strong><\/p>","protected":false},"excerpt":{"rendered":"<p>Frequ\u00eancia RF 448KHZ<br \/>\nTamanhos de cabe\u00e7a 20\/40\/60 mm<br \/>\nPot\u00eancia m\u00e1xima 300W<br \/>\nTecnologia: CET\/RET\/Terapia de Diatermia por Radiofrequ\u00eancia Monopolar<br \/>\nOnda de choque, ultrassom<br \/>\nDestaque Tecar Fisioterapia, Lifting Facial, Perda de Peso, Massagem Corporal<br \/>\nFisioterapia Funcional, Reabilita\u00e7\u00e3o, Al\u00edvio da Dor, Emagrecimento Corporal, Lifting Facial<\/p>","protected":false},"featured_media":3541,"template":"","meta":[],"product_brand":[],"product_cat":[82,86,90,91],"product_tag":[],"class_list":{"0":"post-3618","1":"product","2":"type-product","3":"status-publish","4":"has-post-thumbnail","6":"product_cat-rf-cavitation","7":"product_cat-skin-care-and-facial-rejuvenation","8":"product_cat-lose-fat-and-body-firming","9":"product_cat-wrinkle-removal-and-skin-tightening","11":"first","12":"instock","13":"shipping-taxable","14":"product-type-simple"},"_links":{"self":[{"href":"https:\/\/shefmon.com\/pt\/wp-json\/wp\/v2\/product\/3618","targetHints":{"allow":["GET"]}}],"collection":[{"href":"https:\/\/shefmon.com\/pt\/wp-json\/wp\/v2\/product"}],"about":[{"href":"https:\/\/shefmon.com\/pt\/wp-json\/wp\/v2\/types\/product"}],"version-history":[{"count":0,"href":"https:\/\/shefmon.com\/pt\/wp-json\/wp\/v2\/product\/3618\/revisions"}],"wp:featuredmedia":[{"embeddable":true,"href":"https:\/\/shefmon.com\/pt\/wp-json\/wp\/v2\/media\/3541"}],"wp:attachment":[{"href":"https:\/\/shefmon.com\/pt\/wp-json\/wp\/v2\/media?parent=3618"}],"wp:term":[{"taxonomy":"product_brand","embeddable":true,"href":"https:\/\/shefmon.com\/pt\/wp-json\/wp\/v2\/product_brand?post=3618"},{"taxonomy":"product_cat","embeddable":true,"href":"https:\/\/shefmon.com\/pt\/wp-json\/wp\/v2\/product_cat?post=3618"},{"taxonomy":"product_tag","embeddable":true,"href":"https:\/\/shefmon.com\/pt\/wp-json\/wp\/v2\/product_tag?post=3618"}],"curies":[{"name":"wp","href":"https:\/\/api.w.org\/{rel}","templated":true}]}}