{"id":3100,"date":"2024-05-27T17:54:01","date_gmt":"2024-05-27T09:54:01","guid":{"rendered":"https:\/\/palegoldenrod-manatee-952098.hostingersite.com\/?post_type=product&#038;p=3100"},"modified":"2026-04-08T11:32:25","modified_gmt":"2026-04-08T03:32:25","slug":"a0648-maquina-de-peeling-de-microdermoabrasao-hidrodinamica-de-diamante-9-em-1","status":"publish","type":"product","link":"https:\/\/shefmon.com\/pt\/product\/a0648-9-in-1-diamond-hydro-microdermabrasion-peeling-machine\/","title":{"rendered":"A0648 M\u00e1quina de peeling de microdermoabras\u00e3o com diamante hidro 9 em 1"},"content":{"rendered":"<p><strong>M\u00e1quina hidrofacial 9 em 1<\/strong><br \/>\nO Hydra Peel Facial Care Beauty Machine \u00e9 um dos tratamentos de pele mais populares realizados internacionalmente. Nos \u00faltimos anos, esse procedimento tem sido comercializado como a solu\u00e7\u00e3o m\u00e1gica para problemas de pele relacionados ao envelhecimento.<\/p>\n<p>O Hydra Peel Facial Care Beauty Machine \u00e9 um tratamento de pele n\u00e3o cir\u00fargico e n\u00e3o invasivo que limpa, esfolia, descasca, extrai e hidrata a pele com um \u00fanico instrumento. Antigamente, as pessoas precisavam passar por v\u00e1rios tratamentos para limpar, esfoliar e hidratar a pele, mas agora ele oferece todos esses tratamentos em uma \u00fanica sess\u00e3o.<\/p>\n<p><strong>Benef\u00edcios:<\/strong><br \/>\n* Limpa a pele<br \/>\n* Remove res\u00edduos dos poros<br \/>\n* Trata poros dilatados e congestionados<br \/>\n* Ajuda a uniformizar o tom da pele e a melhorar a sua textura.<\/p>","protected":false},"excerpt":{"rendered":"<p><span style=\"color: #000000\">M\u00e1quina de Hidradermoabras\u00e3o 9 em 1 para Cuidados com a Pele<\/span><br \/>\n\u25b6 9 tecnologias em uma m\u00e1quina, comprar uma m\u00e1quina equivale a 9 m\u00e1quinas.<br \/>\n\u25b6 A mais nova tecnologia Vacuum Pen, usa v\u00e1cuo\/suc\u00e7\u00e3o para sugar os cravos dos poros, deixando-os mais limpos.<br \/>\n\u25b6 A m\u00e1quina de microdermoabras\u00e3o Hydra Dermoabras\u00e3o mais popular.<br \/>\n\u25b6 Equipamento de beleza vertical, grande pot\u00eancia de bomba.<\/p>","protected":false},"featured_media":3090,"template":"","meta":[],"product_brand":[],"product_cat":[79,86],"product_tag":[],"class_list":{"0":"post-3100","1":"product","2":"type-product","3":"status-publish","4":"has-post-thumbnail","6":"product_cat-hydra","7":"product_cat-skin-care-and-facial-rejuvenation","9":"first","10":"instock","11":"shipping-taxable","12":"product-type-simple"},"_links":{"self":[{"href":"https:\/\/shefmon.com\/pt\/wp-json\/wp\/v2\/product\/3100","targetHints":{"allow":["GET"]}}],"collection":[{"href":"https:\/\/shefmon.com\/pt\/wp-json\/wp\/v2\/product"}],"about":[{"href":"https:\/\/shefmon.com\/pt\/wp-json\/wp\/v2\/types\/product"}],"version-history":[{"count":1,"href":"https:\/\/shefmon.com\/pt\/wp-json\/wp\/v2\/product\/3100\/revisions"}],"predecessor-version":[{"id":12911,"href":"https:\/\/shefmon.com\/pt\/wp-json\/wp\/v2\/product\/3100\/revisions\/12911"}],"wp:featuredmedia":[{"embeddable":true,"href":"https:\/\/shefmon.com\/pt\/wp-json\/wp\/v2\/media\/3090"}],"wp:attachment":[{"href":"https:\/\/shefmon.com\/pt\/wp-json\/wp\/v2\/media?parent=3100"}],"wp:term":[{"taxonomy":"product_brand","embeddable":true,"href":"https:\/\/shefmon.com\/pt\/wp-json\/wp\/v2\/product_brand?post=3100"},{"taxonomy":"product_cat","embeddable":true,"href":"https:\/\/shefmon.com\/pt\/wp-json\/wp\/v2\/product_cat?post=3100"},{"taxonomy":"product_tag","embeddable":true,"href":"https:\/\/shefmon.com\/pt\/wp-json\/wp\/v2\/product_tag?post=3100"}],"curies":[{"name":"wp","href":"https:\/\/api.w.org\/{rel}","templated":true}]}}