{"id":3071,"date":"2024-05-27T16:58:07","date_gmt":"2024-05-27T08:58:07","guid":{"rendered":"https:\/\/palegoldenrod-manatee-952098.hostingersite.com\/?post_type=product&#038;p=3071"},"modified":"2025-09-17T19:15:14","modified_gmt":"2025-09-17T11:15:14","slug":"b0154-endos-velapro-maquina-de-massagem-com-rolo-de-bola-interna","status":"publish","type":"product","link":"https:\/\/shefmon.com\/pt\/product\/b0154-endos-velapro-inner-ball-massager-roller-machine\/","title":{"rendered":"B0154 Endos Velapro M\u00e1quina de Massagem com Rolo de Bola Interna"},"content":{"rendered":"<p><strong>O que \u00e9 a m\u00e1quina de rolo de esfera interna?<\/strong><br \/>\nO rolo de esferas interno \u00e9 um instrumento de modelagem corporal de \u00faltima gera\u00e7\u00e3o e reconhecido mundialmente. Utiliza microvibra\u00e7\u00e3o de compress\u00e3o inovadora para melhorar a drenagem linf\u00e1tica, aumentar a circula\u00e7\u00e3o sangu\u00ednea, melhorar a celulite, reduzir a celulite, reverter os sinais de envelhecimento, condicionamento muscular e tratamento de desintoxica\u00e7\u00e3o. Pode ser usado no rosto e no corpo. As \u00e1reas mais populares para tratamento s\u00e3o coxas, gl\u00fateos e bra\u00e7os.<br \/>\n<strong>Princ\u00edpio de funcionamento:<\/strong><br \/>\nO aparelho de rolo de esfera interna \u00e9 um tratamento de microvibra\u00e7\u00e3o por compress\u00e3o mec\u00e2nica n\u00e3o invasiva. O princ\u00edpio \u00e9 que a esfera de silicone gira 36\u00b0 ao longo do rolo para gerar microvibra\u00e7\u00e3o por compress\u00e3o. \u00c0 medida que a esfera gira e exerce press\u00e3o sobre a pele, ela produz um efeito de &quot;compress\u00e3o pulsante&quot;, realizando um movimento rec\u00edproco de amassamento cont\u00ednuo de empurrar e puxar, e o tecido sofrer\u00e1 alguma press\u00e3o e a\u00e7\u00e3o de eleva\u00e7\u00e3o, sem comprimir ou danificar a pele. O tecido \u00e9 pressionado para esticar as c\u00e9lulas, estimulando natural e profundamente a atividade celular, o fluxo sangu\u00edneo e a oxigena\u00e7\u00e3o. Os dep\u00f3sitos de gordura s\u00e3o pressurizados e, assim, soltos para finalmente se decomporem, reduzindo a celulite e removendo a celulite.<br \/>\n<strong>Fun\u00e7\u00e3o<\/strong><br \/>\nLifting de pele, rejuvenescimento da pele;<br \/>\nRemodela\u00e7\u00e3o pr\u00e9 e p\u00f3s lipoaspira\u00e7\u00e3o;<br \/>\nRemodela\u00e7\u00e3o pr\u00e9 e p\u00f3s inje\u00e7\u00f5es antirrugas;<br \/>\nRigidez muscular do ombro e pesco\u00e7o;<br \/>\nEstimula\u00e7\u00e3o plantar;<br \/>\nPrepara\u00e7\u00e3o atl\u00e9tica;<br \/>\nFisioterapia reabilitadora p\u00f3s-traum\u00e1tica<\/p>\n<p><span style=\"color: #ff6600;\"><strong>Caracter\u00edsticas 1-Display<\/strong><\/span><\/p>\n<p><strong><img fetchpriority=\"high\" decoding=\"async\" class=\"alignnone size-medium wp-image-2796\" src=\"https:\/\/shefmon.com\/wp-content\/uploads\/2024\/05\/B0109-3-300x176.jpg\" alt=\"\" width=\"300\" height=\"176\" srcset=\"https:\/\/shefmon.com\/wp-content\/uploads\/2024\/05\/B0109-3-300x176.jpg 300w, https:\/\/shefmon.com\/wp-content\/uploads\/2024\/05\/B0109-3-150x88.jpg 150w, https:\/\/shefmon.com\/wp-content\/uploads\/2024\/05\/B0109-3.jpg 560w\" sizes=\"(max-width: 300px) 100vw, 300px\" \/><\/strong><\/p>\n<p>O formato do visor \u00e9 ULTRA de 7&quot;, com alta defini\u00e7\u00e3o e fun\u00e7\u00f5es de tela sens\u00edvel ao toque. A opera\u00e7\u00e3o \u00e9 muito simples e a sonda \u00e9 equipada com 7 luzes de tratamento diferentes, tornando o efeito mais evidente.<\/p>\n<p><span style=\"color: #ff6600;\"><strong>Possui 2-3 rolos<\/strong><\/span><\/p>\n<p><strong><img decoding=\"async\" class=\"alignnone size-medium wp-image-2617 lazyload\" data-src=\"https:\/\/shefmon.com\/wp-content\/uploads\/2024\/05\/B0109-2-300x300.png\" alt=\"\" width=\"300\" height=\"300\" data-srcset=\"https:\/\/shefmon.com\/wp-content\/uploads\/2024\/05\/B0109-2-300x300.png 300w, https:\/\/shefmon.com\/wp-content\/uploads\/2024\/05\/B0109-2-150x150.png 150w, https:\/\/shefmon.com\/wp-content\/uploads\/2024\/05\/B0109-2-600x600.png 600w, https:\/\/shefmon.com\/wp-content\/uploads\/2024\/05\/B0109-2-768x768.png 768w, https:\/\/shefmon.com\/wp-content\/uploads\/2024\/05\/B0109-2.png 1000w\" data-sizes=\"(max-width: 300px) 100vw, 300px\" src=\"data:image\/gif;base64,R0lGODlhAQABAAAAACH5BAEKAAEALAAAAAABAAEAAAICTAEAOw==\" style=\"--smush-placeholder-width: 300px; --smush-placeholder-aspect-ratio: 300\/300;\" \/><\/strong><\/p>\n<p>A pe\u00e7a de m\u00e3o possui tr\u00eas rolos exclusivos, cada um para uma fase de tratamento diferente. Inicialmente, \u00e9 utilizado um rolo de esfera de gel, seguido por um rolo de esfera de silicone para a fase funcional. O rolo, com esferas r\u00edgidas e de densidade vari\u00e1vel, atua com efic\u00e1cia em \u00e1reas espec\u00edficas.<\/p>\n<p><span style=\"color: #ff6600;\"><strong>Possui 3 rolos de silicone em forma de V com orif\u00edcios de ar<\/strong><\/span><\/p>\n<p><img decoding=\"async\" class=\"alignnone size-medium wp-image-2794 lazyload\" data-src=\"https:\/\/shefmon.com\/wp-content\/uploads\/2024\/05\/B0109-300x300.jpg\" alt=\"\" width=\"300\" height=\"300\" data-srcset=\"https:\/\/shefmon.com\/wp-content\/uploads\/2024\/05\/B0109-300x300.jpg 300w, https:\/\/shefmon.com\/wp-content\/uploads\/2024\/05\/B0109-150x150.jpg 150w, https:\/\/shefmon.com\/wp-content\/uploads\/2024\/05\/B0109.jpg 560w\" data-sizes=\"(max-width: 300px) 100vw, 300px\" src=\"data:image\/gif;base64,R0lGODlhAQABAAAAACH5BAEKAAEALAAAAAABAAEAAAICTAEAOw==\" style=\"--smush-placeholder-width: 300px; --smush-placeholder-aspect-ratio: 300\/300;\" \/><\/p>\n<p>O design mais recente apresenta rolos em forma de V, com tr\u00eas na parte superior e inferior, al\u00e9m de duas fileiras de rolos perfurados. Ele atua em duas dire\u00e7\u00f5es: tensionando os m\u00fasculos para dentro, massageando e suavizando para fora, garantindo conforto e maior efic\u00e1cia.<\/p>\n<p><span style=\"color: #ff6600;\"><strong>Caracter\u00edsticas Pe\u00e7a de m\u00e3o facial de 4 corpos<\/strong><\/span><\/p>\n<p><img decoding=\"async\" class=\"alignnone size-medium wp-image-2797 lazyload\" data-src=\"https:\/\/shefmon.com\/wp-content\/uploads\/2024\/05\/B0109-2-1-300x300.jpg\" alt=\"\" width=\"300\" height=\"300\" data-srcset=\"https:\/\/shefmon.com\/wp-content\/uploads\/2024\/05\/B0109-2-1-300x300.jpg 300w, https:\/\/shefmon.com\/wp-content\/uploads\/2024\/05\/B0109-2-1-150x150.jpg 150w, https:\/\/shefmon.com\/wp-content\/uploads\/2024\/05\/B0109-2-1.jpg 560w\" data-sizes=\"(max-width: 300px) 100vw, 300px\" src=\"data:image\/gif;base64,R0lGODlhAQABAAAAACH5BAEKAAEALAAAAAABAAEAAAICTAEAOw==\" style=\"--smush-placeholder-width: 300px; --smush-placeholder-aspect-ratio: 300\/300;\" \/><\/p>\n<p>Tanto a pe\u00e7a de m\u00e3o corporal quanto a facial s\u00e3o equipadas com sensores e um visor que se comunica com o operador. Cada uma possui 3 pontas e apresenta um design ergon\u00f4mico aprimorado com indicadores direcionais na parte traseira para uso intuitivo.<\/p>","protected":false},"excerpt":{"rendered":"<p><strong>Fun\u00e7\u00e3o:<\/strong>Perda de peso, rejuvenescimento da pele, remo\u00e7\u00e3o de rugas, firmeza<br \/>\n<strong>Tela<\/strong> 10,1 polegadas<br \/>\n<strong>Velocidade de rota\u00e7\u00e3o<\/strong> 450 rpm<br \/>\n<strong>Frequ\u00eancia de sa\u00edda<\/strong> 40-300Hz<br \/>\n<strong>Pot\u00eancia de sa\u00edda<\/strong> 300 W<br \/>\n<strong>Tens\u00e3o<\/strong> CA 110 V\/220 V<br \/>\n<strong>Fus\u00edvel<\/strong> 10A<br \/>\n<strong>Dimens\u00e3o<\/strong> 46*46*57 cm<br \/>\n<strong>Peso<\/strong> 14 kg<\/p>","protected":false},"featured_media":3076,"template":"","meta":[],"product_brand":[],"product_cat":[77,90],"product_tag":[],"class_list":{"0":"post-3071","1":"product","2":"type-product","3":"status-publish","4":"has-post-thumbnail","6":"product_cat-endos-velapro","7":"product_cat-lose-fat-and-body-firming","9":"first","10":"instock","11":"shipping-taxable","12":"product-type-simple"},"_links":{"self":[{"href":"https:\/\/shefmon.com\/pt\/wp-json\/wp\/v2\/product\/3071","targetHints":{"allow":["GET"]}}],"collection":[{"href":"https:\/\/shefmon.com\/pt\/wp-json\/wp\/v2\/product"}],"about":[{"href":"https:\/\/shefmon.com\/pt\/wp-json\/wp\/v2\/types\/product"}],"version-history":[{"count":0,"href":"https:\/\/shefmon.com\/pt\/wp-json\/wp\/v2\/product\/3071\/revisions"}],"wp:featuredmedia":[{"embeddable":true,"href":"https:\/\/shefmon.com\/pt\/wp-json\/wp\/v2\/media\/3076"}],"wp:attachment":[{"href":"https:\/\/shefmon.com\/pt\/wp-json\/wp\/v2\/media?parent=3071"}],"wp:term":[{"taxonomy":"product_brand","embeddable":true,"href":"https:\/\/shefmon.com\/pt\/wp-json\/wp\/v2\/product_brand?post=3071"},{"taxonomy":"product_cat","embeddable":true,"href":"https:\/\/shefmon.com\/pt\/wp-json\/wp\/v2\/product_cat?post=3071"},{"taxonomy":"product_tag","embeddable":true,"href":"https:\/\/shefmon.com\/pt\/wp-json\/wp\/v2\/product_tag?post=3071"}],"curies":[{"name":"wp","href":"https:\/\/api.w.org\/{rel}","templated":true}]}}