{"id":3051,"date":"2024-05-27T16:03:17","date_gmt":"2024-05-27T08:03:17","guid":{"rendered":"https:\/\/palegoldenrod-manatee-952098.hostingersite.com\/?post_type=product&#038;p=3051"},"modified":"2025-09-17T19:18:16","modified_gmt":"2025-09-17T11:18:16","slug":"a0271e-pmst-neo-tratamento-eletromagnetico-para-alivio-da-dor","status":"publish","type":"product","link":"https:\/\/shefmon.com\/pt\/product\/a0271e-pmst-neo-electromagnetic-pain-relief-treatment\/","title":{"rendered":"A0271E PMST NEO Tratamento Eletromagn\u00e9tico para Al\u00edvio da Dor"},"content":{"rendered":"<p><strong>Terapia Magneto<\/strong> pulsa um campo magn\u00e9tico no corpo, criando um efeito de cura extraordin\u00e1rio.<br \/>\nOs resultados s\u00e3o menos dor, redu\u00e7\u00e3o do incha\u00e7o e aumento da amplitude de movimento nas \u00e1reas afetadas. Danificado<br \/>\nas c\u00e9lulas s\u00e3o reenergizadas pelo aumento de cargas el\u00e9tricas dentro da c\u00e9lula que a restauram ao seu estado normal de sa\u00fade.<br \/>\nO metabolismo celular aumenta, as c\u00e9lulas sangu\u00edneas s\u00e3o regeneradas, a circula\u00e7\u00e3o \u00e9 melhorada e a absor\u00e7\u00e3o de<br \/>\no oxig\u00eanio \u00e9 aumentado em mais de 200%. O sistema imunol\u00f3gico fica mais saud\u00e1vel e o f\u00edgado, os rins,<br \/>\ne o c\u00f3lon s\u00e3o mais capazes de eliminar res\u00edduos e toxinas.<\/p>\n<p><strong>Efeitos da Magnetoterapia<\/strong><br \/>\n\u53e3reduz a dor<br \/>\nmelhora a circula\u00e7\u00e3o sangu\u00ednea superficial e profunda<br \/>\nmelhora a regenera\u00e7\u00e3o dos tecidos<br \/>\nEstimula a drenagem venosa e linf\u00e1tica<br \/>\nAfeta a restaura\u00e7\u00e3o da atividade do equil\u00edbrio metab\u00f3lico<\/p>","protected":false},"excerpt":{"rendered":"<p><strong>Nome do produto:<\/strong>M\u00e1quina de terapia magn\u00e9tica Physio<br \/>\n<strong>Tens\u00e3o:<\/strong>CA 100 V-CA 240 V 50\/60 Hz<br \/>\n<strong>Poder:<\/strong>1500W<br \/>\n<strong>Freq\u00fc\u00eancia:<\/strong>100KHz-300KHz<br \/>\n<strong>Intensidade do campo na bobina:<\/strong>4T<br \/>\n<strong>Intensidade do campo a 4 cm de dist\u00e2ncia:<\/strong>0,4T<br \/>\n<strong>Desempenho do campo:<\/strong>92T\/S<br \/>\n<strong>Fun\u00e7\u00e3o:<\/strong>Redu\u00e7\u00e3o de dor, reabilita\u00e7\u00e3o, les\u00f5es esportivas<br \/>\n<strong>Sistema de refrigera\u00e7\u00e3o:<\/strong>Sistema de refrigera\u00e7\u00e3o de ar<br \/>\n<strong>Pacote:<\/strong> 48*63*63 cm\/39 kg<br \/>\n<span style=\"color: #ff6600;\"><strong>Opcional:<\/strong><\/span> duas al\u00e7as trabalhando ao mesmo tempo com lasers<\/p>","protected":false},"featured_media":3887,"template":"","meta":[],"product_brand":[],"product_cat":[75,83],"product_tag":[],"class_list":{"0":"post-3051","1":"product","2":"type-product","3":"status-publish","4":"has-post-thumbnail","6":"product_cat-emslim","7":"product_cat-shockwave-physiotherapy","9":"first","10":"instock","11":"shipping-taxable","12":"product-type-simple"},"_links":{"self":[{"href":"https:\/\/shefmon.com\/pt\/wp-json\/wp\/v2\/product\/3051","targetHints":{"allow":["GET"]}}],"collection":[{"href":"https:\/\/shefmon.com\/pt\/wp-json\/wp\/v2\/product"}],"about":[{"href":"https:\/\/shefmon.com\/pt\/wp-json\/wp\/v2\/types\/product"}],"version-history":[{"count":0,"href":"https:\/\/shefmon.com\/pt\/wp-json\/wp\/v2\/product\/3051\/revisions"}],"wp:featuredmedia":[{"embeddable":true,"href":"https:\/\/shefmon.com\/pt\/wp-json\/wp\/v2\/media\/3887"}],"wp:attachment":[{"href":"https:\/\/shefmon.com\/pt\/wp-json\/wp\/v2\/media?parent=3051"}],"wp:term":[{"taxonomy":"product_brand","embeddable":true,"href":"https:\/\/shefmon.com\/pt\/wp-json\/wp\/v2\/product_brand?post=3051"},{"taxonomy":"product_cat","embeddable":true,"href":"https:\/\/shefmon.com\/pt\/wp-json\/wp\/v2\/product_cat?post=3051"},{"taxonomy":"product_tag","embeddable":true,"href":"https:\/\/shefmon.com\/pt\/wp-json\/wp\/v2\/product_tag?post=3051"}],"curies":[{"name":"wp","href":"https:\/\/api.w.org\/{rel}","templated":true}]}}