{"id":3042,"date":"2024-05-27T14:34:19","date_gmt":"2024-05-27T06:34:19","guid":{"rendered":"https:\/\/palegoldenrod-manatee-952098.hostingersite.com\/?post_type=product&#038;p=3042"},"modified":"2025-09-17T19:20:33","modified_gmt":"2025-09-17T11:20:33","slug":"a0272-5-em-1-emsculpt-neo-rf-emslim-maquina-de-emagrecimento","status":"publish","type":"product","link":"https:\/\/shefmon.com\/pt\/product\/a0272-5-in-1-emsculpt-neo-rf-emslim-slimming-machine\/","title":{"rendered":"A0272 5 em 1 Emsculpt NEO RF Emslim M\u00e1quina de emagrecimento"},"content":{"rendered":"<p><strong>Estimula\u00e7\u00e3o Muscular Shefmon EMS Teslasculpt<\/strong><br \/>\nTecnologia eletromagn\u00e9tica pulsada de alta intensidade (HIPEM) para contorno corporal EMS para emagrecimento, firmeza e queima de gordura. Dispositivo profissional para sal\u00f5es de beleza e m\u00e9dicos que desejam oferecer aos seus clientes os tratamentos de contorno corporal n\u00e3o invasivos mais modernos e eficazes.<br \/>\nO contorno corporal com EMS desenvolve m\u00fasculos e queima gordura simultaneamente. Pulsos eletromagn\u00e9ticos induzem contra\u00e7\u00f5es musculares supram\u00e1ximas, for\u00e7ando o tecido muscular a se adaptar, levando a um aumento no crescimento muscular e \u00e0 queima de gordura por meio da lip\u00f3lise.<\/p>\n<p><strong>Como funciona o contorno corporal EMS?<\/strong><br \/>\n\u00c9 a mais recente tecnologia de tratamento projetada pela Coreia para emagrecimento e escultura corporal n\u00e3o invasiva que constr\u00f3i m\u00fasculos e queima gordura.<br \/>\nAo mesmo tempo. A estimula\u00e7\u00e3o eletromagn\u00e9tica pulsada de alta intensidade oferece contra\u00e7\u00e3o muscular cont\u00ednua sem relaxamento muscular.<br \/>\nPortanto, permitindo que o m\u00fasculo trabalhe em sua capacidade m\u00e1xima. Essas condi\u00e7\u00f5es de contra\u00e7\u00e3o extrema exigem que o m\u00fasculo se adapte.<br \/>\nE desenvolva massa muscular na \u00e1rea tratada, enquanto queima gordura.<br \/>\nEstudos cl\u00ednicos relatam uma redu\u00e7\u00e3o m\u00e9dia de gordura de 19% associada a um aumento de massa muscular de 16% durante um tratamento<br \/>\nComposto por 4 a 6 sess\u00f5es, espa\u00e7adas a cada 2 ou 3 dias. As \u00e1reas de tratamento incluem abd\u00f4men, n\u00e1degas, bra\u00e7os e coxas.<\/p>\n<p><strong>Tratamento seguro e confort\u00e1vel<\/strong><br \/>\n(HIPEM) Tecnologia Eletromagn\u00e9tica Pulsada de Alta Intensidade<br \/>\n\u00c9 como fazer 20.000 abdominais ou agachamentos em apenas 30 minutos, sem esfor\u00e7o e suor. Tratamentos de 30 minutos<br \/>\nOs tratamentos s\u00e3o r\u00e1pidos e podem ser realizados durante o intervalo do almo\u00e7o. Clinicamente comprovado<br \/>\nTotalmente testado em 7 estudos independentes quanto \u00e0 seguran\u00e7a e efic\u00e1cia.<\/p>\n<p><strong>Vantagens da Cl\u00ednica<\/strong><br \/>\n* Ofere\u00e7a aos seus clientes o que h\u00e1 de mais moderno em tecnologia de ponta para tratamento de contorno corporal<br \/>\n* Basta ligar e deixar o sistema fazer o trabalho para voc\u00ea<br \/>\n* Opera\u00e7\u00e3o simples e f\u00e1cil de usar<br \/>\n* Zero Consum\u00edveis<br \/>\n* N\u00e3o invasivo, sem tempo de inatividade, sem efeitos colaterais e sem dor<br \/>\n* Custo do tratamento recomendado $800 (visita \u00fanica)<br \/>\n* Vem com 2 aplicadores, permitindo tratamentos para est\u00f4mago, n\u00e1degas, bra\u00e7os e coxas<\/p>","protected":false},"excerpt":{"rendered":"<p>Pot\u00eancia: 5000w<br \/>\nPot\u00eancia de RF: 800 W<br \/>\nIntensidade: 7 Tesla<br \/>\nLargura de pulso: 310us\u00b110%<br \/>\nFormato do pulso: onda bidirecional<br \/>\nTela: tela resistente de 10,4 polegadas<br \/>\nFrequ\u00eancia: 1-150hz<br \/>\nTens\u00e3o: AC220V\u00b110% 10A 50HZ, 110v\u00b110% 10A 60HZ<br \/>\nResfriamento: Resfriamento a ar<br \/>\nAl\u00e7as: 4 al\u00e7as + m\u00fasculo do assoalho p\u00e9lvico (opcional)<br \/>\nPacote: 66*53*141cm \/71KGS<\/p>","protected":false},"featured_media":2424,"template":"","meta":[],"product_brand":[],"product_cat":[75,85,91],"product_tag":[],"class_list":{"0":"post-3042","1":"product","2":"type-product","3":"status-publish","4":"has-post-thumbnail","6":"product_cat-emslim","7":"product_cat-gain-muscle-and-body-shaping","8":"product_cat-wrinkle-removal-and-skin-tightening","10":"first","11":"instock","12":"shipping-taxable","13":"product-type-simple"},"_links":{"self":[{"href":"https:\/\/shefmon.com\/pt\/wp-json\/wp\/v2\/product\/3042","targetHints":{"allow":["GET"]}}],"collection":[{"href":"https:\/\/shefmon.com\/pt\/wp-json\/wp\/v2\/product"}],"about":[{"href":"https:\/\/shefmon.com\/pt\/wp-json\/wp\/v2\/types\/product"}],"version-history":[{"count":0,"href":"https:\/\/shefmon.com\/pt\/wp-json\/wp\/v2\/product\/3042\/revisions"}],"wp:featuredmedia":[{"embeddable":true,"href":"https:\/\/shefmon.com\/pt\/wp-json\/wp\/v2\/media\/2424"}],"wp:attachment":[{"href":"https:\/\/shefmon.com\/pt\/wp-json\/wp\/v2\/media?parent=3042"}],"wp:term":[{"taxonomy":"product_brand","embeddable":true,"href":"https:\/\/shefmon.com\/pt\/wp-json\/wp\/v2\/product_brand?post=3042"},{"taxonomy":"product_cat","embeddable":true,"href":"https:\/\/shefmon.com\/pt\/wp-json\/wp\/v2\/product_cat?post=3042"},{"taxonomy":"product_tag","embeddable":true,"href":"https:\/\/shefmon.com\/pt\/wp-json\/wp\/v2\/product_tag?post=3042"}],"curies":[{"name":"wp","href":"https:\/\/api.w.org\/{rel}","templated":true}]}}