{"id":3028,"date":"2024-05-27T14:06:01","date_gmt":"2024-05-27T06:06:01","guid":{"rendered":"https:\/\/palegoldenrod-manatee-952098.hostingersite.com\/?post_type=product&#038;p=3028"},"modified":"2026-01-26T16:41:28","modified_gmt":"2026-01-26T08:41:28","slug":"a0205-9d-7d-maquina-hifu-focada-5-em-1","status":"publish","type":"product","link":"https:\/\/shefmon.com\/pt\/product\/a0205-9d-7d-focused-hifu-machine-5-in-1\/","title":{"rendered":"A0205 M\u00e1quina HIFU focada 9D\/7D 5 em 1"},"content":{"rendered":"<p><strong>Modelo n\u00ba: A0205 9D<\/strong><\/p>\n<p>A0205 M\u00e1quina Hifu 9D multifuncional<br \/>\n1.9D Hifu: 12 linhas, 26 pontos<br \/>\n2.9D Hifu Todos os cartuchos:<br \/>\n1,5 mm, 3,0 mm, 4,5 mm, 6 mm, 8 mm, 10 mm, 13 mm, 16 mm, 20.000 tiros por ponta<br \/>\n3. Al\u00e7a opcional: Vaginal Hifu\/ Vmax Hifu\/Lipo-Hifu\/Microagulha RF<br \/>\n<strong>O QUE \u00c9 O APARELHO HIFU 9D?<\/strong><br \/>\nO ultrassom focalizado de alta intensidade (HIFU) usa energia ultrass\u00f4nica precisa de n\u00edvel m\u00e9dico para lifting facial n\u00e3o cir\u00fargico e endurecimento da pele.<br \/>\nO 9D HIFU \u00e9 um aparelho HIFU de nona gera\u00e7\u00e3o que oferece maior pot\u00eancia, menor desconforto, maior seguran\u00e7a e resultados clinicamente comprovados.<br \/>\nFunciona igualmente bem para pessoas de todas as cores de pele. O tratamento HIFU \u00e9 a primeira escolha para lifting facial n\u00e3o invasivo.<br \/>\n<strong>Fun\u00e7\u00f5es da m\u00e1quina 9D HIFU:<\/strong><br \/>\n1. Remova rugas ao redor da testa, olhos, boca, etc.<br \/>\n2. Levantamento e firmeza da pele das duas bochechas.<br \/>\n3. Melhora a elasticidade da pele e modela o contorno.<br \/>\n4. Melhorando a linha da mand\u00edbula, reduzindo as \u201clinhas de marionete\u201d.<br \/>\n5. Firmando o tecido da pele na testa, levantando as linhas das sobrancelhas.<br \/>\n6. Melhora a tez da pele, deixando-a delicada e brilhante.<br \/>\n7. Removendo rugas do pesco\u00e7o, protegendo o pesco\u00e7o do envelhecimento.<br \/>\n8. Removendo gordura indesejada nos bra\u00e7os, barriga, pernas, quadris e assim por diante.<\/p>\n<p><strong>Possui diferentes cartuchos para diferentes \u00e1reas operacionais:<\/strong><br \/>\nDS-1,5 mm \u00e9 para a camada da epiderme;<br \/>\nDS-3.0mm \u00e9 para a camada da derme;<br \/>\nDS-4.5mm \u00e9 para a camada SMAS.<br \/>\nDS-6,0 mm\/9 mm\/12 mm para camada de gordura corporal<br \/>\n3. \u00c9 totalmente n\u00e3o invasivo e seguro.<br \/>\n4. O efeito ser\u00e1 notado ap\u00f3s a opera\u00e7\u00e3o, enquanto o melhor efeito ser\u00e1 observado ap\u00f3s dois meses. Pode durar de 2 a 3 meses.<br \/>\nAnos.<\/p>","protected":false},"excerpt":{"rendered":"<p><strong>Par\u00e2metros t\u00e9cnicos:<\/strong><br \/>\n<strong>Descri\u00e7\u00e3o:<\/strong>M\u00e1quina Hifu multifuncional 5 em 1 7D\/9D<br \/>\n<strong>Al\u00e7as opcionais<\/strong>:Hifu vaginal, Hifu Vmax, RF, Lipo Hifu<br \/>\n<strong>Cartuchos 9D:<\/strong>Padr\u00e3o: 3,0 mm, 4,5 mm,<br \/>\nOpcional: 1,5 mm, 6,0 mm, 8,0 mm. 13,0 mm<br \/>\n20000 tiros\/um<br \/>\n<strong>Cartuchos 7D (Opcional)<\/strong><br \/>\nPadr\u00e3o: 1,5 mm, 2,0 mm, 3,0 mm, 4,5 mm, 6,0 mm, 9,0 mm. 13,0 mm<br \/>\n20000 tiros\/um<br \/>\n<strong>Hifu vaginal (opcional)<\/strong><br \/>\n3,0 mm e 4,5 mm 10.000 tiros<br \/>\n<strong>Cartuchos Vmax (Opcional)<\/strong><br \/>\nPadr\u00e3o: 1,5 mm, 3,0 mm, 4,5 mm opcional: 8,0 mm, 13 mm<br \/>\n68000 tiros\/um<br \/>\n<strong>Agulhas de microagulhamento RF (opcional)<\/strong><br \/>\n10P, 25P, 64P, Nano Agulha, Agulhas de RF Fracionadas Macias (Opcional)<br \/>\nAl\u00e7a Lipo Hifu (Opcional)<br \/>\nPadr\u00e3o: 8,0 mm, 13 mm<br \/>\nOpcional: 6,0 mm, 10 mm, 16 mm<br \/>\n<strong>Poder:<\/strong>800 W<br \/>\n<strong>Freq\u00fc\u00eancia:<\/strong>4\/7 MHz<\/p>","protected":false},"featured_media":3041,"template":"","meta":[],"product_brand":[],"product_cat":[78,86],"product_tag":[],"class_list":{"0":"post-3028","1":"product","2":"type-product","3":"status-publish","4":"has-post-thumbnail","6":"product_cat-hifu","7":"product_cat-skin-care-and-facial-rejuvenation","9":"first","10":"instock","11":"shipping-taxable","12":"product-type-simple"},"_links":{"self":[{"href":"https:\/\/shefmon.com\/pt\/wp-json\/wp\/v2\/product\/3028","targetHints":{"allow":["GET"]}}],"collection":[{"href":"https:\/\/shefmon.com\/pt\/wp-json\/wp\/v2\/product"}],"about":[{"href":"https:\/\/shefmon.com\/pt\/wp-json\/wp\/v2\/types\/product"}],"version-history":[{"count":0,"href":"https:\/\/shefmon.com\/pt\/wp-json\/wp\/v2\/product\/3028\/revisions"}],"wp:featuredmedia":[{"embeddable":true,"href":"https:\/\/shefmon.com\/pt\/wp-json\/wp\/v2\/media\/3041"}],"wp:attachment":[{"href":"https:\/\/shefmon.com\/pt\/wp-json\/wp\/v2\/media?parent=3028"}],"wp:term":[{"taxonomy":"product_brand","embeddable":true,"href":"https:\/\/shefmon.com\/pt\/wp-json\/wp\/v2\/product_brand?post=3028"},{"taxonomy":"product_cat","embeddable":true,"href":"https:\/\/shefmon.com\/pt\/wp-json\/wp\/v2\/product_cat?post=3028"},{"taxonomy":"product_tag","embeddable":true,"href":"https:\/\/shefmon.com\/pt\/wp-json\/wp\/v2\/product_tag?post=3028"}],"curies":[{"name":"wp","href":"https:\/\/api.w.org\/{rel}","templated":true}]}}