{"id":3017,"date":"2024-05-27T13:35:20","date_gmt":"2024-05-27T05:35:20","guid":{"rendered":"https:\/\/palegoldenrod-manatee-952098.hostingersite.com\/?post_type=product&#038;p=3017"},"modified":"2026-04-11T14:43:24","modified_gmt":"2026-04-11T06:43:24","slug":"a0152-desktop-mmrf-profundidade-8-microagulhamento-rf","status":"publish","type":"product","link":"https:\/\/shefmon.com\/pt\/product\/a0152-desktop-mmrf-deepth-8-microneedling-rf\/","title":{"rendered":"A0152 Microagulhamento de mesa MNRF com profundidade 8"},"content":{"rendered":"<p><strong>Benef\u00edcios:<\/strong><br \/>\n1. Oferece os tratamentos fracionados mais profundos dispon\u00edveis, aquecendo o tecido subd\u00e9rmico em at\u00e9 8 mm (perfil t\u00e9rmico de 7 mm + 1 mm).<br \/>\n2. As pe\u00e7as de m\u00e3o duplas permitem maior funcionalidade do tratamento: al\u00e7a facial para \u00e1reas de tratamento menores, al\u00e7a corporal para tratamentos de tecidos maiores e mais profundos.<br \/>\n3. Quatro pontas fracionadas com diferentes configura\u00e7\u00f5es de microagulhas (12 pinos, 24 pinos, 40 pinos, nanochip). Fornecem energia de RF clinicamente comprovada para diversas profundidades de tratamento (0,5 mm a 7 mm).<\/p>\n<p><strong>M\u00e1quina de RF MNRF Depth 8<\/strong><\/p>\n<p>O aparelho MNRF Depth 8 destaca-se pela sua abordagem especializada no aprimoramento da Rede Fibro-Septal (FSN) na matriz de gordura da pele, resultando em uma pele visivelmente mais lisa e com redu\u00e7\u00e3o de imperfei\u00e7\u00f5es em \u00e1reas faciais e corporais.<\/p>\n<p>O MNRF Depth 8 oferece uma penetra\u00e7\u00e3o fracionada profunda, atingindo at\u00e9 7 mm na pele, acompanhada por 1 mm extra de indu\u00e7\u00e3o t\u00e9rmica, garantindo um resultado altamente consistente.<\/p>\n<p>Seu design sofisticado permite o direcionamento sequencial do tecido em tr\u00eas profundidades distintas em intervalos r\u00e1pidos de milissegundos, reduzindo drasticamente a dura\u00e7\u00e3o do tratamento, minimizando os riscos para a pele e melhorando a uniformidade dos resultados do tratamento.<\/p>\n<p><strong>Tratamento<\/strong><br \/>\nO MNRF Depth 8 apresenta uma ponta aplicadora grande e inovadora que cont\u00e9m uma matriz de 40 microagulhas finas revestidas de ouro, al\u00e9m de uma profundidade t\u00e9rmica de 7 mm, complementada por uma penetra\u00e7\u00e3o de calor extra de 1 m.<br \/>\nEle \u00e9 capaz de atingir rapidamente \u00e1reas extensas do tecido da pele, utilizando os n\u00edveis de energia de radiofrequ\u00eancia (RF) mais profundos dispon\u00edveis.<br \/>\nO Morpheus8 se destaca como uma excelente op\u00e7\u00e3o para rejuvenescimento facial, oferecendo a vantagem de tratar v\u00e1rios problemas de uma s\u00f3 vez.<br \/>\nEsta abordagem de radiofrequ\u00eancia aborda eficazmente uma s\u00e9rie de tratamentos, como:<br \/>\n1. Excesso de gordura abaixo do queixo<br \/>\n2. Amolecimento e flacidez ao longo da linha do maxilar<br \/>\n3. Danos causados pela exposi\u00e7\u00e3o solar<br \/>\n4. Cicatrizes de acne e outras causas<br \/>\n5. Estrias<br \/>\n6. Textura irregular da pele<br \/>\n7. Poros dilatados<br \/>\n8. Rugas e dobras pronunciadas<\/p>","protected":false},"excerpt":{"rendered":"<p><strong>Especifica\u00e7\u00f5es:<\/strong><br \/>\nPerfil de profundidade 1 mm - 7 mm<br \/>\nPerfil de calor adicional de 1 mm<br \/>\n12 pinos principais<br \/>\nResurfacing de 24 pinos<br \/>\nCorpo 40 pinos<br \/>\nNano agulhas para pele sens\u00edvel<br \/>\nProfundidade do Tratamento Computadorizado<br \/>\nIsolado com ponta condutora de 0,5 mm<br \/>\nPot\u00eancia m\u00e1xima de RF: 300 W<br \/>\nVoltagem 110V\/60Hz, 220V\/50Hz<br \/>\nMaterial: ABS e a\u00e7o inoxid\u00e1vel<br \/>\nTela sens\u00edvel ao toque de 15 polegadas<br \/>\nFigura de agulhas: 4 unidades (12P\\24P\\40P\\Cabe\u00e7a nanocristalina)<br \/>\nAl\u00e7a de trabalho: Op\u00e7\u00e3o: (1 RF\/2 RF\/1RF+Martelo de resfriamento\/2 RF+Martelo de resfriamento)<br \/>\n\u00c1rea alvo: corpo, rosto, olhos, pernas\/bra\u00e7os, pesco\u00e7o\/garganta, outros<br \/>\nTamanho 45*39*55 cm<br \/>\nPeso: 11,5 kg<\/p>","protected":false},"featured_media":2925,"template":"","meta":[],"product_brand":[],"product_cat":[81,86],"product_tag":[],"class_list":{"0":"post-3017","1":"product","2":"type-product","3":"status-publish","4":"has-post-thumbnail","6":"product_cat-mnrf-microneedling","7":"product_cat-skin-care-and-facial-rejuvenation","9":"first","10":"instock","11":"shipping-taxable","12":"product-type-simple"},"_links":{"self":[{"href":"https:\/\/shefmon.com\/pt\/wp-json\/wp\/v2\/product\/3017","targetHints":{"allow":["GET"]}}],"collection":[{"href":"https:\/\/shefmon.com\/pt\/wp-json\/wp\/v2\/product"}],"about":[{"href":"https:\/\/shefmon.com\/pt\/wp-json\/wp\/v2\/types\/product"}],"version-history":[{"count":1,"href":"https:\/\/shefmon.com\/pt\/wp-json\/wp\/v2\/product\/3017\/revisions"}],"predecessor-version":[{"id":13062,"href":"https:\/\/shefmon.com\/pt\/wp-json\/wp\/v2\/product\/3017\/revisions\/13062"}],"wp:featuredmedia":[{"embeddable":true,"href":"https:\/\/shefmon.com\/pt\/wp-json\/wp\/v2\/media\/2925"}],"wp:attachment":[{"href":"https:\/\/shefmon.com\/pt\/wp-json\/wp\/v2\/media?parent=3017"}],"wp:term":[{"taxonomy":"product_brand","embeddable":true,"href":"https:\/\/shefmon.com\/pt\/wp-json\/wp\/v2\/product_brand?post=3017"},{"taxonomy":"product_cat","embeddable":true,"href":"https:\/\/shefmon.com\/pt\/wp-json\/wp\/v2\/product_cat?post=3017"},{"taxonomy":"product_tag","embeddable":true,"href":"https:\/\/shefmon.com\/pt\/wp-json\/wp\/v2\/product_tag?post=3017"}],"curies":[{"name":"wp","href":"https:\/\/api.w.org\/{rel}","templated":true}]}}