{"id":3012,"date":"2024-05-27T13:16:52","date_gmt":"2024-05-27T05:16:52","guid":{"rendered":"https:\/\/palegoldenrod-manatee-952098.hostingersite.com\/?post_type=product&#038;p=3012"},"modified":"2025-09-17T19:27:44","modified_gmt":"2025-09-17T11:27:44","slug":"a0426-755-1064-810-940nm-diodo-laser-depilacao-maquina-de-beleza","status":"publish","type":"product","link":"https:\/\/shefmon.com\/pt\/product\/a0426-755-1064-810-940nm-diode-laser-hair-removal-beauty-machine\/","title":{"rendered":"A0426 755\/1064\/810\/940nm Diodo Laser M\u00e1quina de Beleza para Depila\u00e7\u00e3o"},"content":{"rendered":"<p><span style=\"color: #ff6600;\"><strong>810 nm combinados para todos os tipos de pele e cores de cabelo<\/strong><\/span><br \/>\n<strong>Caracter\u00edstica da m\u00e1quina<\/strong><br \/>\n1. Pode funcionar sem parar 24 horas, 20 milh\u00f5es de tiros de vida para uso prolongado<\/p>\n<p>2. 810nm + 755nm + 1064nm tr\u00eas comprimentos de onda de laser combinados para tratamento de todos os tipos de pele: 755nm para remo\u00e7\u00e3o de pelos de pele branca, 1064nm para remo\u00e7\u00e3o de pelos de pele negra ou escura, 810nm para remo\u00e7\u00e3o de pelos de outros tipos de pele<\/p>\n<p>3. Grande pot\u00eancia da m\u00e1quina para remover pelos em pouco tempo<\/p>\n<p>4. Melhor sistema de resfriamento: resfriamento a ar, resfriamento a \u00e1gua, resfriamento por contato de safira e resfriamento por semicondutor, o que garante que a m\u00e1quina funcione 24 horas sem parar.<\/p>\n<p>5. 8 tipos de idiomas 6. Homem\/Mulher Diferentes tipos de pele Configura\u00e7\u00f5es de par\u00e2metros<\/p>\n<p><strong>Laser de diodo 810nm<\/strong><br \/>\nCom o Diode Lazer importado da Alemanha; metade do tempo de tratamento. Realize mais sess\u00f5es de tratamento em menos tempo, permitindo que voc\u00ea trate rapidamente \u00e1reas maiores, ao mesmo tempo em que oferece aos seus pacientes a sensa\u00e7\u00e3o de remo\u00e7\u00e3o de pelos mais r\u00e1pida e eficaz.<\/p>\n<p><strong>Laser de diodo 1064 nm<\/strong><br \/>\nNova experi\u00eancia para remo\u00e7\u00e3o especializada de pelos em peles escuras, tratamento de remo\u00e7\u00e3o de pelos com comprimento de onda de 1064 nm a laser de 1064 nm ser\u00e1 mais seguro, especialmente para peles escuras, rejuvenescimento da pele. Bom desempenho e forte fun\u00e7\u00e3o de resfriamento de energia, tratamento confort\u00e1vel e seguro.<\/p>\n<p><strong>Laser de diodo 755 nm<\/strong><br \/>\nO diodo laser de 755 nm mais popular, que substitui o diodo laser de alexandrita de estado s\u00f3lido e tem um tratamento mais confort\u00e1vel.<br \/>\nA absor\u00e7\u00e3o de melanina pelo laser de diodo de 755 nm \u00e9 eficaz. Essa caracter\u00edstica \u00e9 ben\u00e9fica para a remo\u00e7\u00e3o de pelos das vilosidades quando as pessoas utilizam o laser de diodo de 755 nm. E o tempo de tratamento est\u00e1 cada vez menor.<\/p>\n<p><strong>Laser de diodo 940 nm (opcional)<\/strong><br \/>\n940 nm: este comprimento de onda proporciona melhor absor\u00e7\u00e3o pela oxi-hemoglobina (coagula\u00e7\u00e3o dos microvasos que alimentam a raiz capilar) e uma profundidade de penetra\u00e7\u00e3o moderada, o que o torna adequado para o tratamento de todos os tipos de cabelo. A absor\u00e7\u00e3o de melanina \u00e9 baixa, tornando-o muito seguro para trabalhar com fototipos escuros.<\/p>","protected":false},"excerpt":{"rendered":"<p><span style=\"color: #000000;\"><strong>Trabalho cont\u00ednuo 24 horas<\/strong><\/span><br \/>\nPot\u00eancia do cabo: 600W\/1200W<br \/>\nFonte de alimenta\u00e7\u00e3o: 3500W<br \/>\nComprimento de onda: 810 nm\/755 nm 810 nm 940 nm 1064 nm<br \/>\nTamanho do ponto: 15*15mm\/15*20mm\/15*30mm<br \/>\nFrequ\u00eancia de repeti\u00e7\u00e3o: 1-10 Hz<br \/>\nTela: tela sens\u00edvel ao toque de 12,1 polegadas<br \/>\nPot\u00eancia m\u00e1xima: 100 J\/ cm<br \/>\nLargura de pulso: 10-200 ns<br \/>\nVoltagem: 100-240V,50\/60Hz<br \/>\nTemperatura da sonda: -15\u2103-5\u2103<br \/>\nFluxo de \u00e1gua: 5L\/min<br \/>\ntanque de \u00e1gua: Tanque de \u00e1gua embutido<br \/>\nSistema de refrigera\u00e7\u00e3o: refrigera\u00e7\u00e3o semicondutora + \u00e1gua + resfriamento TEC resfriamento de temperatura constante<br \/>\nTamanho da embalagem: 67*54*141 cm<br \/>\nPeso bruto: 59,2 kg<\/p>","protected":false},"featured_media":2924,"template":"","meta":[],"product_brand":[],"product_cat":[80,84],"product_tag":[],"class_list":{"0":"post-3012","1":"product","2":"type-product","3":"status-publish","4":"has-post-thumbnail","6":"product_cat-laser-ipl","7":"product_cat-hair-removal","9":"first","10":"instock","11":"shipping-taxable","12":"product-type-simple"},"_links":{"self":[{"href":"https:\/\/shefmon.com\/pt\/wp-json\/wp\/v2\/product\/3012","targetHints":{"allow":["GET"]}}],"collection":[{"href":"https:\/\/shefmon.com\/pt\/wp-json\/wp\/v2\/product"}],"about":[{"href":"https:\/\/shefmon.com\/pt\/wp-json\/wp\/v2\/types\/product"}],"version-history":[{"count":0,"href":"https:\/\/shefmon.com\/pt\/wp-json\/wp\/v2\/product\/3012\/revisions"}],"wp:featuredmedia":[{"embeddable":true,"href":"https:\/\/shefmon.com\/pt\/wp-json\/wp\/v2\/media\/2924"}],"wp:attachment":[{"href":"https:\/\/shefmon.com\/pt\/wp-json\/wp\/v2\/media?parent=3012"}],"wp:term":[{"taxonomy":"product_brand","embeddable":true,"href":"https:\/\/shefmon.com\/pt\/wp-json\/wp\/v2\/product_brand?post=3012"},{"taxonomy":"product_cat","embeddable":true,"href":"https:\/\/shefmon.com\/pt\/wp-json\/wp\/v2\/product_cat?post=3012"},{"taxonomy":"product_tag","embeddable":true,"href":"https:\/\/shefmon.com\/pt\/wp-json\/wp\/v2\/product_tag?post=3012"}],"curies":[{"name":"wp","href":"https:\/\/api.w.org\/{rel}","templated":true}]}}