{"id":791,"date":"2024-04-28T08:49:17","date_gmt":"2024-04-28T08:49:17","guid":{"rendered":"https:\/\/palegoldenrod-manatee-952098.hostingersite.com\/?post_type=product&#038;p=791"},"modified":"2025-09-17T19:31:14","modified_gmt":"2025-09-17T11:31:14","slug":"laser-a0423","status":"publish","type":"product","link":"https:\/\/shefmon.com\/it\/product\/a0423-laser\/","title":{"rendered":"A0423 755\/1064\/810\/940nm diodo laser macchina di bellezza per la depilazione"},"content":{"rendered":"<p><span style=\"color: #ff6600;\"><strong>Combinazione 810nm per tutti i tipi di pelle e tutti i colori di capelli<\/strong><\/span><br \/>\n<strong>Caratteristica della macchina<\/strong><br \/>\n1. Pu\u00f2 funzionare senza interruzioni 24 ore su 24, 20 milioni di scatti di durata per un uso prolungato<\/p>\n<p>2. 810nm+755nm+1064nm tre lunghezze d&#039;onda laser combinate per il trattamento di tutti i tipi di pelle 755nm per la rimozione dei peli bianchi 1064nm per la rimozione dei peli neri o scuri 810nm per la rimozione dei peli di altri tipi di colore della pelle<\/p>\n<p>3. Grande potenza della macchina per rimuovere i peli in tempi rapidi<\/p>\n<p>4. Miglior sistema di raffreddamento: raffreddamento ad aria, raffreddamento ad acqua, raffreddamento a contatto con zaffiro e raffreddamento a semiconduttore, che garantiscono il funzionamento della macchina 24 ore su 24 senza interruzioni.<\/p>\n<p>5. 8 tipi di lingue 6. Uomo\/Donna Diversi tipi di pelle Impostazioni dei parametri<\/p>\n<p><strong>Laser a diodo 810nm<\/strong><br \/>\nCon il laser a diodi importato dalla Germania; tempo di trattamento dimezzato. Esegui pi\u00f9 sessioni di trattamento in meno tempo, consentendoti di trattare rapidamente aree pi\u00f9 ampie e offrendo ai tuoi pazienti la sensazione di una depilazione pi\u00f9 rapida ed efficace.<\/p>\n<p><strong>Laser a diodo 1064nm<\/strong><br \/>\nNuova esperienza per la rimozione specializzata dei peli sulla pelle scura: il laser a 1064 nm, il trattamento di rimozione dei peli con lunghezza d&#039;onda di 1064 nm sar\u00e0 pi\u00f9 sicuro, soprattutto per la pelle scura, ringiovanimento della pelle. Ottime prestazioni e potente funzione di raffreddamento, trattamento comodo e sicuro.<\/p>\n<p><strong>Laser a diodo 755nm<\/strong><br \/>\nIl laser a diodo da 755 nm pi\u00f9 diffuso, che sostituisce il laser a diodo ad alessandrite allo stato solido e offre un trattamento pi\u00f9 confortevole.<br \/>\nIl laser a diodo da 755 nm assorbe efficacemente la melanina. Questa caratteristica \u00e8 utile per la rimozione dei peli superflui quando si utilizza un manipolo laser a diodo da 755 nm. Inoltre, la durata del trattamento si sta riducendo.<\/p>\n<p><strong>Laser a diodo 940nm (opzionale)<\/strong><br \/>\n940 nm Questa lunghezza d&#039;onda offre un migliore assorbimento da parte dell&#039;ossiemoglobina (coagulazione dei microvasi che alimentano la radice del pelo) e una profondit\u00e0 di penetrazione moderata che la rende adatta al trattamento di tutti i tipi di capelli. L&#039;assorbimento di melanina \u00e8 basso, rendendola molto sicura per lavorare con fototipi scuri.<\/p>","protected":false},"excerpt":{"rendered":"<p><strong>Lavoro continuo 24 ore su 24<\/strong><br \/>\nPotenza dell&#039;impugnatura: 600W\/1200W<br \/>\nAlimentazione: 3500W<br \/>\nLunghezza d&#039;onda: 810nm\/755nm 810nm 940nm 1064nm<br \/>\nDimensioni del punto: 15*15mm\/15*20mm\/15*30mm<br \/>\nFrequenza di ripetizione: 1-10 Hz<br \/>\nSchermo: touch screen da 12,1 pollici<br \/>\nPotenza massima: 100 J\/cm<br \/>\nLarghezza di impulso: 10-200 ns<br \/>\nTensione: 100-240 V, 50\/60 Hz<br \/>\nTemperatura della sonda: -15\u2103-5\u2103<br \/>\nFlusso d&#039;acqua: 5 l\/min<br \/>\nserbatoio dell&#039;acqua: abbronzatura integrata<br \/>\nSistema di raffreddamento: refrigerazione a semiconduttore + raffreddamento ad acqua + raffreddamento a temperatura costante TEC<br \/>\nDimensioni della confezione: 63*47*61 cm<br \/>\nPeso lordo: 34,5 kg<\/p>","protected":false},"featured_media":2858,"template":"","meta":[],"product_brand":[],"product_cat":[84,80],"product_tag":[],"class_list":{"0":"post-791","1":"product","2":"type-product","3":"status-publish","4":"has-post-thumbnail","6":"product_cat-hair-removal","7":"product_cat-laser-ipl","9":"first","10":"instock","11":"shipping-taxable","12":"product-type-simple"},"_links":{"self":[{"href":"https:\/\/shefmon.com\/it\/wp-json\/wp\/v2\/product\/791","targetHints":{"allow":["GET"]}}],"collection":[{"href":"https:\/\/shefmon.com\/it\/wp-json\/wp\/v2\/product"}],"about":[{"href":"https:\/\/shefmon.com\/it\/wp-json\/wp\/v2\/types\/product"}],"version-history":[{"count":0,"href":"https:\/\/shefmon.com\/it\/wp-json\/wp\/v2\/product\/791\/revisions"}],"wp:featuredmedia":[{"embeddable":true,"href":"https:\/\/shefmon.com\/it\/wp-json\/wp\/v2\/media\/2858"}],"wp:attachment":[{"href":"https:\/\/shefmon.com\/it\/wp-json\/wp\/v2\/media?parent=791"}],"wp:term":[{"taxonomy":"product_brand","embeddable":true,"href":"https:\/\/shefmon.com\/it\/wp-json\/wp\/v2\/product_brand?post=791"},{"taxonomy":"product_cat","embeddable":true,"href":"https:\/\/shefmon.com\/it\/wp-json\/wp\/v2\/product_cat?post=791"},{"taxonomy":"product_tag","embeddable":true,"href":"https:\/\/shefmon.com\/it\/wp-json\/wp\/v2\/product_tag?post=791"}],"curies":[{"name":"parola chiave","href":"https:\/\/api.w.org\/{rel}","templated":true}]}}