{"id":4969,"date":"2025-05-27T15:01:01","date_gmt":"2025-05-27T07:01:01","guid":{"rendered":"https:\/\/palegoldenrod-manatee-952098.hostingersite.com\/?post_type=product&#038;p=4969"},"modified":"2025-09-17T18:13:41","modified_gmt":"2025-09-17T10:13:41","slug":"shefmon-coolplasma-cold-fusion-plasma-dispositivo-di-bellezza-per-il-trattamento-della-pelle-del-viso-a0145","status":"publish","type":"product","link":"https:\/\/shefmon.com\/it\/product\/shefmon-coolplasma-cold-fusion-plasma-facial-skin-treatment-beauty-device-a0145\/","title":{"rendered":"Dispositivo di bellezza per il trattamento della pelle del viso al plasma a fusione fredda SHEFMON Coolplasma A0145"},"content":{"rendered":"<h2>Che cos&#039;\u00e8 il trattamento viso al plasma Cold Fusion?<\/h2>\n<p>Il plasma a fusione \u00e8 un tipo di plasma generato utilizzando gas conduttivi (come elio, argon, neon, idrogeno, ecc.), freddi al tatto. Il plasma freddo non deve essere confuso con il plasma caldo. Il plasma caldo pu\u00f2 essere generato senza il supporto di gas e risulta molto caldo al tatto. Il plasma a fusione \u00e8 diverso da molti dispositivi sul mercato che si vantano di essere &quot;a plasma freddo&quot;. Il plasma a fusione combina le tecnologie del plasma freddo e del plasma caldo in un unico sistema. Grazie alla sua esclusiva tecnologia di ionizzazione, l&#039;argon o l&#039;elio possono generare plasmi diversi.<\/p>\n<p>Lo strumento utilizza una tecnologia specifica e un campo elettrico ad alta frequenza o un&#039;altra fonte di energia in un ambiente gassoso specifico (ad esempio azoto, argon nell&#039;aria) per ionizzare le molecole di gas e formare plasma.<br \/>\nQuesto plasma \u00e8 composto da elettroni, ioni, particelle neutre e fotoni ed \u00e8 una sostanza in uno stato altamente attivato.<br \/>\nPu\u00f2 favorire la produzione di collagene, uccidere i batteri e ridurre l&#039;infiammazione, sbiancare la pelle e cos\u00ec via.<\/p>\n<h2>Quali sono i vantaggi del plasma di fusione?<\/h2>\n<p>Agisce efficacemente su acne, psoriasi, rosacea, iperpigmentazione, stimola la crescita dei capelli, riduce l&#039;infiammazione, accelera la guarigione delle ferite e migliora l&#039;assorbimento dei prodotti per la cura della pelle.<\/p>\n<h2>Maniglie al plasma Fusion<\/h2>\n<p><strong>1. Maniglia al plasma Fusion<\/strong><br \/>\n\u2014\u2014Ringiovanimento, riparazione e rigenerazione della pelle<\/p>\n<p><img decoding=\"async\" class=\"alignnone wp-image-4955 size-thumbnail lazyload\" data-src=\"https:\/\/shefmon.com\/wp-content\/uploads\/2025\/05\/A0145-cold-plasma-2.1-150x150.webp\" alt=\"Dispositivo al plasma freddo 10 in 1, lifting della pelle anti-invecchiamento, macchina al plasma caldo e freddo\" width=\"150\" height=\"150\" data-srcset=\"https:\/\/shefmon.com\/wp-content\/uploads\/2025\/05\/A0145-cold-plasma-2.1-150x150.webp 150w, https:\/\/shefmon.com\/wp-content\/uploads\/2025\/05\/A0145-cold-plasma-2.1-300x300.webp 300w\" data-sizes=\"(max-width: 150px) 100vw, 150px\" src=\"data:image\/gif;base64,R0lGODlhAQABAAAAACH5BAEKAAEALAAAAAABAAEAAAICTAEAOw==\" style=\"--smush-placeholder-width: 150px; --smush-placeholder-aspect-ratio: 150\/150;\" \/><br \/>\nRimuove accuratamente le cellule morte dall&#039;epidermide senza causare la modalit\u00e0 di ringiovanimento della pelle sensibile, rendendola pi\u00f9 sana e radiosa.<br \/>\nAllo stesso tempo, pu\u00f2 favorire la dilatazione dei vasi sanguigni cutanei, aumentare il flusso sanguigno e migliorare la microcircolazione cutanea. Una buona microcircolazione pu\u00f2 fornire pi\u00f9 nutrienti e ossigeno alle cellule della pelle.<br \/>\nDurante l&#039;operazione al plasma si formeranno delle micro ferite che favoriranno la riparazione della funzione di barriera cutanea e stimoleranno la rigenerazione del collagene cutaneo.<br \/>\n2. Maniglia al plasma a scaglie<br \/>\n\u2014\u2014Migliora il microambiente del cuoio capelluto<\/p>\n<p><img decoding=\"async\" class=\"alignnone wp-image-4953 size-thumbnail lazyload\" data-src=\"https:\/\/shefmon.com\/wp-content\/uploads\/2025\/05\/A0145-cold-plasma-1.1-150x150.webp\" alt=\"Dispositivo al plasma freddo 10 in 1, lifting della pelle anti-invecchiamento, macchina al plasma caldo e freddo\" width=\"150\" height=\"150\" data-srcset=\"https:\/\/shefmon.com\/wp-content\/uploads\/2025\/05\/A0145-cold-plasma-1.1-150x150.webp 150w, https:\/\/shefmon.com\/wp-content\/uploads\/2025\/05\/A0145-cold-plasma-1.1-300x300.webp 300w\" data-sizes=\"(max-width: 150px) 100vw, 150px\" src=\"data:image\/gif;base64,R0lGODlhAQABAAAAACH5BAEKAAEALAAAAAABAAEAAAICTAEAOw==\" style=\"--smush-placeholder-width: 150px; --smush-placeholder-aspect-ratio: 150\/150;\" \/><br \/>\nPer le persone affette da infiammazioni del cuoio capelluto, come dermatite seborroica, follicolite, ecc., l&#039;effetto antinfiammatorio delle apparecchiature estetiche al plasma pu\u00f2 ridurre la risposta infiammatoria e inibire efficacemente la crescita e la riproduzione di microrganismi come batteri e funghi sul cuoio capelluto.<br \/>\nPu\u00f2 alleviare il rossore, il gonfiore, il prurito, il dolore e altri sintomi di fastidio del cuoio capelluto, creando un ambiente favorevole alla crescita dei capelli.<br \/>\n3.Manico al plasma diamantato<br \/>\n\u2014\u2014Anti-invecchiamento preciso<\/p>\n<p><img decoding=\"async\" class=\"alignnone wp-image-4957 size-thumbnail lazyload\" data-src=\"https:\/\/shefmon.com\/wp-content\/uploads\/2025\/05\/A0145-cold-plasma-3.1-150x150.webp\" alt=\"Dispositivo al plasma freddo 10 in 1, lifting della pelle anti-invecchiamento, macchina al plasma caldo e freddo\" width=\"150\" height=\"150\" data-srcset=\"https:\/\/shefmon.com\/wp-content\/uploads\/2025\/05\/A0145-cold-plasma-3.1-150x150.webp 150w, https:\/\/shefmon.com\/wp-content\/uploads\/2025\/05\/A0145-cold-plasma-3.1-300x300.webp 300w\" data-sizes=\"(max-width: 150px) 100vw, 150px\" src=\"data:image\/gif;base64,R0lGODlhAQABAAAAACH5BAEKAAEALAAAAAABAAEAAAICTAEAOw==\" style=\"--smush-placeholder-width: 150px; --smush-placeholder-aspect-ratio: 150\/150;\" \/><br \/>\nL&#039;energia del plasma pu\u00f2 agire direttamente sui fibroblasti della pelle. I fibroblasti sono le principali cellule che sintetizzano collagene e fibre elastiche. L&#039;energia del plasma pu\u00f2 attivare l&#039;attivit\u00e0 di queste cellule e indurle ad aumentare la secrezione e la sintesi di collagene e fibre elastiche.<br \/>\nL&#039;energia del plasma pu\u00f2 causare la dilatazione dei vasi sanguigni cutanei e aumentare il flusso sanguigno. Una buona circolazione sanguigna \u00e8 essenziale per la salute della pelle. Pu\u00f2 apportare ossigeno e nutrienti sufficienti alle cellule della pelle, come vitamina C, vitamina E, aminoacidi, ecc. Questi nutrienti sono molto importanti per il mantenimento della normale funzionalit\u00e0 e capacit\u00e0 antiossidante delle cellule della pelle.<br \/>\n4. Manico per plasma ad ago dritto<br \/>\n\u2014\u2014Metabolismo dei pigmenti<\/p>\n<p><img decoding=\"async\" class=\"alignnone wp-image-4958 size-thumbnail lazyload\" data-src=\"https:\/\/shefmon.com\/wp-content\/uploads\/2025\/05\/A0145-cold-plasma-4.1-150x150.webp\" alt=\"Dispositivo al plasma freddo 10 in 1, lifting della pelle anti-invecchiamento, macchina al plasma caldo e freddo\" width=\"150\" height=\"150\" data-srcset=\"https:\/\/shefmon.com\/wp-content\/uploads\/2025\/05\/A0145-cold-plasma-4.1-150x150.webp 150w, https:\/\/shefmon.com\/wp-content\/uploads\/2025\/05\/A0145-cold-plasma-4.1-300x300.webp 300w\" data-sizes=\"(max-width: 150px) 100vw, 150px\" src=\"data:image\/gif;base64,R0lGODlhAQABAAAAACH5BAEKAAEALAAAAAABAAEAAAICTAEAOw==\" style=\"--smush-placeholder-width: 150px; --smush-placeholder-aspect-ratio: 150\/150;\" \/><br \/>\nDopo che il plasma ad alta energia entra in contatto con la pelle, pu\u00f2 essere trasferito sulla superficie cutanea, formando un&#039;esfoliazione non gassificante controllabile con una profondit\u00e0 di 100-150 \u00b5m nell&#039;epidermide e nel derma superficiale della pelle, vale a dire la &quot;zona di microesfoliazione&quot;, che pu\u00f2 rimuovere la pelle morta pigmentata e allo stesso tempo produrre un effetto termico per stimolare il derma della pelle e promuovere la riparazione e la riorganizzazione delle fibre di collagene e delle fibre elastiche nel derma.<br \/>\n5. Maniglia al plasma in ceramica<br \/>\n\u2014\u2014Rimozione dell&#039;acne e sterilizzazione<\/p>\n<p><img decoding=\"async\" class=\"alignnone wp-image-4960 size-thumbnail lazyload\" data-src=\"https:\/\/shefmon.com\/wp-content\/uploads\/2025\/05\/A0145-cold-plasma-5.1-150x150.webp\" alt=\"\" width=\"150\" height=\"150\" data-srcset=\"https:\/\/shefmon.com\/wp-content\/uploads\/2025\/05\/A0145-cold-plasma-5.1-150x150.webp 150w, https:\/\/shefmon.com\/wp-content\/uploads\/2025\/05\/A0145-cold-plasma-5.1-300x300.webp 300w\" data-sizes=\"(max-width: 150px) 100vw, 150px\" src=\"data:image\/gif;base64,R0lGODlhAQABAAAAACH5BAEKAAEALAAAAAABAAEAAAICTAEAOw==\" style=\"--smush-placeholder-width: 150px; --smush-placeholder-aspect-ratio: 150\/150;\" \/><br \/>\nIl plasma contiene una variet\u00e0 di particelle attive, come elettroni, ioni, radicali liberi, ecc. Queste particelle hanno un&#039;elevata energia e possono distruggere le pareti e le membrane cellulari dei batteri. Quando il plasma entra in contatto con i batteri, le particelle attive colpiscono la superficie dei batteri, distruggendo la struttura delle pareti e delle membrane cellulari, causando la fuoriuscita di sostanze intracellulari e raggiungendo cos\u00ec lo scopo della sterilizzazione.<br \/>\nAd esempio, il plasma pu\u00f2 uccidere efficacemente il Propionibacterium acnes, che causa l&#039;acne, ridurre il numero di batteri sulla superficie della pelle e diminuire la possibilit\u00e0 di una risposta infiammatoria.<br \/>\n6. Grande impugnatura al plasma con ago a rullo<br \/>\n\u2014\u2014Permeazione ionica<\/p>\n<p><img decoding=\"async\" class=\"alignnone wp-image-4965 size-thumbnail lazyload\" data-src=\"https:\/\/shefmon.com\/wp-content\/uploads\/2025\/05\/A0145-cold-plasma-8-150x150.webp\" alt=\"Dispositivo al plasma freddo 10 in 1, lifting della pelle anti-invecchiamento, macchina al plasma caldo e freddo\" width=\"150\" height=\"150\" data-srcset=\"https:\/\/shefmon.com\/wp-content\/uploads\/2025\/05\/A0145-cold-plasma-8-150x150.webp 150w, https:\/\/shefmon.com\/wp-content\/uploads\/2025\/05\/A0145-cold-plasma-8-300x300.webp 300w\" data-sizes=\"(max-width: 150px) 100vw, 150px\" src=\"data:image\/gif;base64,R0lGODlhAQABAAAAACH5BAEKAAEALAAAAAABAAEAAAICTAEAOw==\" style=\"--smush-placeholder-width: 150px; --smush-placeholder-aspect-ratio: 150\/150;\" \/><br \/>\nGrazie alla tecnologia di rottura degli aghi al plasma, le particelle attive possono agire sulle cellule dello strato corneo della pelle, allentando la connessione tra le cellule e formando minuscoli canali. Questi canali possono consentire ai nutrienti presenti nei prodotti per la cura della pelle, come vitamine, minerali, estratti vegetali, ecc., di penetrare pi\u00f9 facilmente nello strato corneo e raggiungere gli strati pi\u00f9 profondi della pelle.<br \/>\nL&#039;energia del plasma pu\u00f2 attivare diverse attivit\u00e0 enzimatiche nelle cellule della pelle, che svolgono un ruolo fondamentale nel metabolismo dei materiali e nell&#039;assorbimento dei nutrienti da parte della cellula.<br \/>\n7. Piccolo manico per plasma ad ago rotante<br \/>\n\u2014\u2014Rigenerazione delle cicatrici<\/p>\n<p><img decoding=\"async\" class=\"alignnone wp-image-4962 size-thumbnail lazyload\" data-src=\"https:\/\/shefmon.com\/wp-content\/uploads\/2025\/05\/A0145-cold-plasma-6.1-150x150.webp\" alt=\"Dispositivo al plasma freddo 10 in 1, lifting della pelle anti-invecchiamento, macchina al plasma caldo e freddo\" width=\"150\" height=\"150\" data-srcset=\"https:\/\/shefmon.com\/wp-content\/uploads\/2025\/05\/A0145-cold-plasma-6.1-150x150.webp 150w, https:\/\/shefmon.com\/wp-content\/uploads\/2025\/05\/A0145-cold-plasma-6.1-300x300.webp 300w\" data-sizes=\"(max-width: 150px) 100vw, 150px\" src=\"data:image\/gif;base64,R0lGODlhAQABAAAAACH5BAEKAAEALAAAAAABAAEAAAICTAEAOw==\" style=\"--smush-placeholder-width: 150px; --smush-placeholder-aspect-ratio: 150\/150;\" \/><br \/>\nLe particelle attive presenti nel plasma possono scomporre alcune delle strutture reticolate di fibronectina e collagene presenti nel tessuto cicatriziale. Queste strutture reticolate induriscono il tessuto cicatriziale e, scomponendole, \u00e8 possibile ridurne la durezza, ammorbidendolo gradualmente.<br \/>\nInoltre, il plasma stimola i fibroblasti a sintetizzare e secernere alcune metalloproteinasi della matrice, che possono degradare i componenti anomali della matrice extracellulare nel tessuto cicatriziale, favorire ulteriormente l&#039;ammorbidimento e il rimodellamento del tessuto cicatriziale e migliorare la flessibilit\u00e0 e l&#039;elasticit\u00e0 delle cicatrici.<br \/>\n8. Maniglia per stampaggio al plasma<br \/>\n\u2014\u2014Microdermoabrasione locale delle cicatrici da acne<\/p>\n<p><img decoding=\"async\" class=\"alignnone wp-image-4963 size-thumbnail lazyload\" data-src=\"https:\/\/shefmon.com\/wp-content\/uploads\/2025\/05\/A0145-cold-plasma-7.1-150x150.webp\" alt=\"\" width=\"150\" height=\"150\" data-srcset=\"https:\/\/shefmon.com\/wp-content\/uploads\/2025\/05\/A0145-cold-plasma-7.1-150x150.webp 150w, https:\/\/shefmon.com\/wp-content\/uploads\/2025\/05\/A0145-cold-plasma-7.1-300x300.webp 300w\" data-sizes=\"(max-width: 150px) 100vw, 150px\" src=\"data:image\/gif;base64,R0lGODlhAQABAAAAACH5BAEKAAEALAAAAAABAAEAAAICTAEAOw==\" style=\"--smush-placeholder-width: 150px; --smush-placeholder-aspect-ratio: 150\/150;\" \/><br \/>\nL&#039;energia del plasma pu\u00f2 stimolare la divisione e la proliferazione delle cellule basali della pelle e accelerare il metabolismo delle cellule della pelle.<br \/>\nCi\u00f2 consente alle cellule vecchie e danneggiate presenti nelle cicatrici da acne di essere sostituite pi\u00f9 rapidamente da cellule nuove, contribuendo a migliorare la consistenza e il colore della pelle nelle cicatrici da acne e a farla tornare gradualmente alla normalit\u00e0.<\/p>\n<h3>Approccio terapeutico combinato di Fusion Plasma<\/h3>\n<p>1. Prodotti + Macchina al plasma a fusione<br \/>\nUtilizzare i prodotti corrispondenti alle esigenze della pelle del cliente, come prodotti sbiancanti, anti-acne e idratanti, e abbinarli alla modalit\u00e0 plasma corrispondente: l&#039;effetto di sovrapposizione \u00e8 1+1&gt;2. Ad esempio, il manico al plasma fuso \u00e8 abbinato a prodotti per il ringiovanimento, l&#039;idratazione e la riparazione della pelle.<br \/>\n2. Macchina fotoelettrica + al plasma a fusione<br \/>\nPer condizioni della pelle come fossette e cicatrici da acne, \u00e8 possibile utilizzare picosecondi o fotoni per estrarre i pigmenti dalla zona delle cicatrici da acne e utilizzare il manipolo al plasma per stimolare la rigenerazione nella zona delle fossette da acne.<\/p>\n<p><img decoding=\"async\" class=\"alignnone wp-image-4968 lazyload\" data-src=\"https:\/\/shefmon.com\/wp-content\/uploads\/2025\/05\/A0145-acne-removal-before-after-300x300.webp\" alt=\"rimozione dell&#039;acne shefmon prima e dopo\" width=\"500\" height=\"500\" data-srcset=\"https:\/\/shefmon.com\/wp-content\/uploads\/2025\/05\/A0145-acne-removal-before-after-300x300.webp 300w, https:\/\/shefmon.com\/wp-content\/uploads\/2025\/05\/A0145-acne-removal-before-after-150x150.webp 150w, https:\/\/shefmon.com\/wp-content\/uploads\/2025\/05\/A0145-acne-removal-before-after-600x600.webp 600w, https:\/\/shefmon.com\/wp-content\/uploads\/2025\/05\/A0145-acne-removal-before-after-768x768.webp 768w, https:\/\/shefmon.com\/wp-content\/uploads\/2025\/05\/A0145-acne-removal-before-after.webp 1000w\" data-sizes=\"(max-width: 500px) 100vw, 500px\" src=\"data:image\/gif;base64,R0lGODlhAQABAAAAACH5BAEKAAEALAAAAAABAAEAAAICTAEAOw==\" style=\"--smush-placeholder-width: 500px; --smush-placeholder-aspect-ratio: 500\/500;\" \/><\/p>","protected":false},"excerpt":{"rendered":"<p><strong>Funzioni:<\/strong><br \/>\n<strong>1. Sterilizzazione e disinfezione:<\/strong> Il plasma freddo pu\u00f2 uccidere efficacemente batteri, funghi e virus ed \u00e8 adatto al trattamento dell&#039;acne e delle infezioni della pelle.<br \/>\n<strong>2. Promuovere la guarigione:<\/strong> Stimolando la rigenerazione cellulare e la produzione di collagene, accelera la guarigione delle ferite e riduce le cicatrici.<br \/>\n<strong>3. Anti-invecchiamento:<\/strong> Favorisce la produzione di collagene ed elastina, riduce le linee sottili e le rughe e migliora l&#039;elasticit\u00e0 della pelle.<br \/>\n<strong>4. Migliora la qualit\u00e0 della pelle:<\/strong> Aiuta a rimuovere le cellule morte della pelle, favorisce il metabolismo e rende la pelle pi\u00f9 liscia e delicata.<br \/>\n<strong>5. Antinfiammatorio:<\/strong> Allevia le infiammazioni cutanee ed \u00e8 adatto al trattamento di malattie infiammatorie della pelle come eczema e dermatite.<\/p>\n<p><strong>Parametri:<\/strong><br \/>\nNome del prodotto: Dispositivo di bellezza al plasma freddo Coolplasma<br \/>\nSchermo touch capacitivo in vetro temperato: 15 pollici<br \/>\nSchermo tattile: AC100V\uff5e240V, 50Hz-60Hz<br \/>\nPotenza: 10-200W<br \/>\nDimensioni della macchina: 48,5\u271840\u271847 cm<br \/>\nPeso lordo: 23 kg<\/p>\n<p><strong>Il pacchetto include:<\/strong><br \/>\n1 x dispositivo di bellezza al plasma freddo<br \/>\n1 x 2 maniglie<br \/>\n8 testine di ricambio<\/p>","protected":false},"featured_media":4954,"template":"","meta":[],"product_brand":[],"product_cat":[86,81],"product_tag":[],"class_list":{"0":"post-4969","1":"product","2":"type-product","3":"status-publish","4":"has-post-thumbnail","6":"product_cat-skin-care-and-facial-rejuvenation","7":"product_cat-mnrf-microneedling","9":"first","10":"instock","11":"shipping-taxable","12":"product-type-simple"},"_links":{"self":[{"href":"https:\/\/shefmon.com\/it\/wp-json\/wp\/v2\/product\/4969","targetHints":{"allow":["GET"]}}],"collection":[{"href":"https:\/\/shefmon.com\/it\/wp-json\/wp\/v2\/product"}],"about":[{"href":"https:\/\/shefmon.com\/it\/wp-json\/wp\/v2\/types\/product"}],"version-history":[{"count":0,"href":"https:\/\/shefmon.com\/it\/wp-json\/wp\/v2\/product\/4969\/revisions"}],"wp:featuredmedia":[{"embeddable":true,"href":"https:\/\/shefmon.com\/it\/wp-json\/wp\/v2\/media\/4954"}],"wp:attachment":[{"href":"https:\/\/shefmon.com\/it\/wp-json\/wp\/v2\/media?parent=4969"}],"wp:term":[{"taxonomy":"product_brand","embeddable":true,"href":"https:\/\/shefmon.com\/it\/wp-json\/wp\/v2\/product_brand?post=4969"},{"taxonomy":"product_cat","embeddable":true,"href":"https:\/\/shefmon.com\/it\/wp-json\/wp\/v2\/product_cat?post=4969"},{"taxonomy":"product_tag","embeddable":true,"href":"https:\/\/shefmon.com\/it\/wp-json\/wp\/v2\/product_tag?post=4969"}],"curies":[{"name":"parola chiave","href":"https:\/\/api.w.org\/{rel}","templated":true}]}}