{"id":4674,"date":"2024-11-27T21:54:25","date_gmt":"2024-11-27T13:54:25","guid":{"rendered":"https:\/\/palegoldenrod-manatee-952098.hostingersite.com\/?post_type=product&#038;p=4674"},"modified":"2025-09-17T18:34:07","modified_gmt":"2025-09-17T10:34:07","slug":"macchni-stimolatori-muscolari-magface-emface-in-vendita","status":"publish","type":"product","link":"https:\/\/shefmon.com\/it\/product\/magface-emface-muscle-stimulators-machine-for-sale\/","title":{"rendered":"A0271-F MAGFACE EmFace Stimolatore muscolare in vendita"},"content":{"rendered":"<h2><strong>Scolpisci e rimodella il tuo viso con MAGFACE\u2122 <a href=\"https:\/\/shefmon.com\/beauty-machines\/emslim\/\">EMFACCIA<\/a> a Dallas<\/strong><\/h2>\n<p>SHEFMON Aesthetics presenta <a href=\"https:\/\/shefmon.com\/beauty-machines\/emslim\/\"><strong>MAGFACE\u2122 EMFACE<\/strong>,<\/a> Un trattamento non invasivo rivoluzionario che scolpisce il viso come EmsculptNeo scolpisce il corpo. MAGFACE\u2122 utilizza una tecnologia all&#039;avanguardia per agire contemporaneamente su muscoli e grasso, offrendo un&#039;esperienza di rimodellamento del viso trasformativa in un&#039;unica seduta. <strong>Studio dermatologico<\/strong> a Dallas \u00e8 il primo ad offrire questo trattamento innovativo, con <strong>Dott.ssa Ellen Turner<\/strong>, un luminare di MAGFACE\u2122, all&#039;avanguardia nell&#039;educazione degli operatori sanitari in tutto il paese sui vantaggi del dispositivo.<\/p>\n<p><img fetchpriority=\"high\" decoding=\"async\" class=\"alignnone wp-image-4374\" src=\"https:\/\/shefmon.com\/wp-content\/uploads\/2024\/08\/A0272-emface-7.webp\" alt=\"Stimolazione muscolare EMS Rf per la scultura del viso, macchina per la cura del viso EMS Rf per il lifting\" width=\"701\" height=\"550\" \/><\/p>\n<h2><strong>Perch\u00e9 MAGFACE\u2122 EMFACE funziona<\/strong><\/h2>\n<p>MAGFACE\u2122 solleva le sopracciglia, leviga le linee della fronte, definisce la mandibola e rassoda la pelle cadente, il tutto senza chirurgia, iniezioni o punti di sutura. Studi clinici dimostrano che i pazienti possono ottenere:<\/p>\n<ul>\n<li><strong>30% miglioramento del tono muscolare<\/strong><\/li>\n<li><strong>23% miglioramento del lifting cutaneo<\/strong><\/li>\n<li><strong>37% riduzione delle rughe<\/strong><\/li>\n<\/ul>\n<p><img decoding=\"async\" class=\"alignnone wp-image-4388 size-full lazyload\" data-src=\"https:\/\/shefmon.com\/wp-content\/uploads\/2024\/08\/emsface-shefmon.webp\" alt=\"\" width=\"800\" height=\"352\" data-srcset=\"https:\/\/shefmon.com\/wp-content\/uploads\/2024\/08\/emsface-shefmon.webp 800w, https:\/\/shefmon.com\/wp-content\/uploads\/2024\/08\/emsface-shefmon-150x66.webp 150w, https:\/\/shefmon.com\/wp-content\/uploads\/2024\/08\/emsface-shefmon-600x264.webp 600w, https:\/\/shefmon.com\/wp-content\/uploads\/2024\/08\/emsface-shefmon-300x132.webp 300w, https:\/\/shefmon.com\/wp-content\/uploads\/2024\/08\/emsface-shefmon-768x338.webp 768w\" data-sizes=\"(max-width: 800px) 100vw, 800px\" src=\"data:image\/gif;base64,R0lGODlhAQABAAAAACH5BAEKAAEALAAAAAABAAEAAAICTAEAOw==\" style=\"--smush-placeholder-width: 800px; --smush-placeholder-aspect-ratio: 800\/352;\" \/><\/p>\n<p>&nbsp;<\/p>\n<h2><strong>Come l&#039;invecchiamento influisce sul tuo viso<\/strong><\/h2>\n<p>Con l&#039;avanzare dell&#039;et\u00e0, il nostro viso subisce molti cambiamenti. Ossa, muscoli e grasso perdono densit\u00e0, causando un assottigliamento e un indebolimento della pelle a causa della perdita di collagene. Questi cambiamenti possono portare a cedimenti intorno alla mascella e a rughe pi\u00f9 profonde nella pelle. <strong>strato SMAS<\/strong> (il tessuto che collega i muscoli del viso e del collo alla pelle) perde elasticit\u00e0, causando un cedimento ancora maggiore.<\/p>\n<h2><strong>Come MAGFACE\u2122 EMFACE inverte questi effetti<\/strong><\/h2>\n<p>MAGFACE\u2122 combina due potenti trattamenti in un&#039;unica seduta:<\/p>\n<ul>\n<li><strong>HIFEM\u2122 (Tecnologia elettromagnetica focalizzata ad alta intensit\u00e0)<\/strong> Aiuta a sviluppare massa muscolare e tono innescando contrazioni sovramassimali, equivalenti a un allenamento intenso per i muscoli facciali. Questo processo non solo rafforza i muscoli, ma stimola anche il metabolismo dei grassi.<\/li>\n<li><strong>Energia a radiofrequenza (RF)<\/strong> aiuta a rassodare la pelle, ridurre il grasso e stimolare la produzione di collagene, rendendo la pelle pi\u00f9 liscia, soda e giovane.<\/li>\n<\/ul>\n<p>Questo processo a doppia azione rende MAGFACE\u2122 un&#039;alternativa potente e non invasiva a iniezioni, lifting e altri trattamenti minimamente invasivi.<\/p>\n<h2><strong>MAGFACE\u2122 EMFACE \u00e8 adatto a te?<\/strong><\/h2>\n<p>MAGFACE\u2122 EMFACE \u00e8 sicuro per tutti i tipi di corpo, di pelle e di tonalit\u00e0. Non esiste un&#039;et\u00e0 ideale per iniziare il trattamento, ma i pazienti sani, ben idratati e con un peso stabile tendono a ottenere i risultati migliori. Se si \u00e8 portatori di pacemaker o impianti metallici, MAGFACE\u2122 potrebbe non essere adatto.<\/p>\n<h2><strong>Cosa succede durante il trattamento MAGFACE\u2122 EMFACE?<\/strong><\/h2>\n<p>La procedura MAGFACE\u2122 EMFACE \u00e8 rapida, confortevole e indolore. Le sedute durano solo 20 minuti. Vi sdraierete e un cuscinetto conduttivo verr\u00e0 posizionato sulla vostra pelle, mentre i cuscinetti in gel MAGFACE\u2122 verranno applicati su zone come fronte e guance. Il dispositivo emette energia che provoca contrazioni muscolari e riscalda i tessuti, donandovi una sensazione rilassante, simile a quella delle pietre calde, con leggere vibrazioni. Una funzione di spegnimento automatico garantisce che il trattamento non diventi mai troppo caldo o fastidioso. Un operatore sar\u00e0 presente per tutta la durata della seduta.<\/p>\n<h2><strong>Risultati che puoi aspettarti da MAGFACE\u2122EMFACE<\/strong><\/h2>\n<p>Sebbene si possano notare alcuni miglioramenti iniziali dopo una sola seduta, i risultati migliori si ottengono dopo una serie di trattamenti. La maggior parte dei pazienti sperimenta i massimi benefici entro 3 mesi dal completamento del trattamento. <strong>4 sessioni<\/strong>La procedura fornisce risultati naturali e discreti che sollevano e modellano il viso senza l&#039;aspetto &quot;esagerato&quot; o &quot;congelato&quot; che altri trattamenti possono creare.<\/p>\n<p>MAGFACE\u2122 EMFACE \u00e8 un metodo sicuro, efficace e non invasivo per ringiovanire il viso, ripristinare il volume e ottenere l&#039;aspetto scolpito che hai sempre sognato. Pronto a trasformare i contorni del tuo viso? <strong>Prenota una consulenza oggi<\/strong>!<\/p>\n<p><img decoding=\"async\" class=\"alignnone size-full wp-image-4681 lazyload\" data-src=\"https:\/\/shefmon.com\/wp-content\/uploads\/2024\/11\/A0271-F.4-1.jpg\" alt=\"magface emface lifting viso rassodamento della pelle rimozione delle rughe macchina emface in vendita\" width=\"750\" height=\"750\" data-srcset=\"https:\/\/shefmon.com\/wp-content\/uploads\/2024\/11\/A0271-F.4-1.jpg 750w, https:\/\/shefmon.com\/wp-content\/uploads\/2024\/11\/A0271-F.4-1-300x300.jpg 300w, https:\/\/shefmon.com\/wp-content\/uploads\/2024\/11\/A0271-F.4-1-150x150.jpg 150w, https:\/\/shefmon.com\/wp-content\/uploads\/2024\/11\/A0271-F.4-1-600x600.jpg 600w\" data-sizes=\"(max-width: 750px) 100vw, 750px\" src=\"data:image\/gif;base64,R0lGODlhAQABAAAAACH5BAEKAAEALAAAAAABAAEAAAICTAEAOw==\" style=\"--smush-placeholder-width: 750px; --smush-placeholder-aspect-ratio: 750\/750;\" \/><\/p>","protected":false},"excerpt":{"rendered":"<p>Dispositivo a microcorrente per lifting e scultura del viso MAGFACE Emface EMS<br \/>\n<strong>Funzioni:<\/strong><br \/>\nRassodamento della pelle, lifting del viso e riduzione delle rughe<br \/>\nMigliora il tono muscolare<br \/>\nStimola la produzione di collagene ed elastina<br \/>\n<strong>Caratteristiche:<\/strong><br \/>\nCuscinetti magnetici per il viso e cuscinetti per trattamento EMS + RF<br \/>\nAgisce su cinque aree chiave: fronte, occhi, viso, mento e collo<br \/>\nElevata potenza di uscita per risultati migliori<br \/>\nSupporto di produzione OEM e ODM disponibile<br \/>\n<span style=\"color: #000000;\"><strong>Parametri:<\/strong><\/span><br \/>\nPotenza: 800W<br \/>\nDimensioni dello schermo: 12,1 pollici<br \/>\nForme delle toppe: 5 tipi<br \/>\nCanali: 5 contemporaneamente<br \/>\nPotenza RF: 300 W<br \/>\nTensione: AC220V\u00b110% 50HZ, 110v\u00b110% 60HZ<\/p>","protected":false},"featured_media":4678,"template":"","meta":[],"product_brand":[],"product_cat":[75,85,86,91],"product_tag":[],"class_list":{"0":"post-4674","1":"product","2":"type-product","3":"status-publish","4":"has-post-thumbnail","6":"product_cat-emslim","7":"product_cat-gain-muscle-and-body-shaping","8":"product_cat-skin-care-and-facial-rejuvenation","9":"product_cat-wrinkle-removal-and-skin-tightening","11":"first","12":"instock","13":"shipping-taxable","14":"product-type-simple"},"_links":{"self":[{"href":"https:\/\/shefmon.com\/it\/wp-json\/wp\/v2\/product\/4674","targetHints":{"allow":["GET"]}}],"collection":[{"href":"https:\/\/shefmon.com\/it\/wp-json\/wp\/v2\/product"}],"about":[{"href":"https:\/\/shefmon.com\/it\/wp-json\/wp\/v2\/types\/product"}],"version-history":[{"count":0,"href":"https:\/\/shefmon.com\/it\/wp-json\/wp\/v2\/product\/4674\/revisions"}],"wp:featuredmedia":[{"embeddable":true,"href":"https:\/\/shefmon.com\/it\/wp-json\/wp\/v2\/media\/4678"}],"wp:attachment":[{"href":"https:\/\/shefmon.com\/it\/wp-json\/wp\/v2\/media?parent=4674"}],"wp:term":[{"taxonomy":"product_brand","embeddable":true,"href":"https:\/\/shefmon.com\/it\/wp-json\/wp\/v2\/product_brand?post=4674"},{"taxonomy":"product_cat","embeddable":true,"href":"https:\/\/shefmon.com\/it\/wp-json\/wp\/v2\/product_cat?post=4674"},{"taxonomy":"product_tag","embeddable":true,"href":"https:\/\/shefmon.com\/it\/wp-json\/wp\/v2\/product_tag?post=4674"}],"curies":[{"name":"parola chiave","href":"https:\/\/api.w.org\/{rel}","templated":true}]}}