{"id":4355,"date":"2024-08-22T17:16:47","date_gmt":"2024-08-22T09:16:47","guid":{"rendered":"https:\/\/palegoldenrod-manatee-952098.hostingersite.com\/?post_type=product&#038;p=4355"},"modified":"2026-04-29T16:55:24","modified_gmt":"2026-04-29T08:55:24","slug":"shefmon-emface-ems-face-sculpting-lifting-microcurrent-device","status":"publish","type":"product","link":"https:\/\/shefmon.com\/it\/product\/shefmon-emface-ems-face-sculpting-lifting-microcurrent-device\/","title":{"rendered":"A0272-F SHEFMON Emface Ems Dispositivo microcorrente lifting per la scultura del viso"},"content":{"rendered":"<h2>Emface: una svolta nel ringiovanimento del viso non invasivo<\/h2>\n<h3><strong>Che cos&#039;\u00e8 Emface?<\/strong><\/h3>\n<p><strong>Emface<\/strong> \u00e8 un trattamento viso all&#039;avanguardia e non invasivo che combina la stimolazione elettrica facciale ad alta intensit\u00e0 (HIFES) con la tecnologia avanzata a radiofrequenza (RF). \u00c8 progettato per contrastare due dei segni pi\u00f9 comuni dell&#039;invecchiamento: la perdita di tono muscolare facciale e la deplezione del collagene.<\/p>\n<h3><strong>Come funziona Emface?<\/strong><\/h3>\n<p>Utilizzando HIFES, Emface invia delicate correnti elettromagnetiche per contrarre i muscoli della fronte e delle guance, sollevando e rassodando naturalmente i tessuti del viso. Allo stesso tempo, la tecnologia RF applica un calore preciso alla pelle, innescando una risposta rigenerante che stimola la produzione di collagene ed elastina, proteine chiave che mantengono la pelle liscia, tonica e giovane.<\/p>\n<h3><strong>Perch\u00e9 scegliere Emface?<\/strong><\/h3>\n<p><strong>Sollevamento e tonificazione:<\/strong> Emface aiuta a sollevare la pelle cadente e a tonificare i muscoli facciali sottostanti, donandoti un aspetto pi\u00f9 scolpito.<br \/>\n<strong>Leviga e rinfresca:<\/strong> Riduce le linee sottili e le rughe, lasciando la pelle fresca e ringiovanita.<br \/>\n<strong>Miglioramento naturale:<\/strong> A differenza dei filler o del Botox, Emface valorizza i tuoi lineamenti naturali senza aghi, offrendo un&#039;alternativa pi\u00f9 discreta ma efficace.<\/p>\n<h3>Trattamento rapido e conveniente<\/h3>\n<p>Ogni seduta Emface dura solo 25 minuti, il che la rende adattabile ai tuoi impegni. Per ottenere risultati ottimali, si consiglia una serie di quattro trattamenti a distanza di una o due settimane l&#039;uno dall&#039;altro. A seconda dei tuoi obiettivi, potrebbero essere necessarie sedute di mantenimento una o due volte all&#039;anno.<\/p>\n<h3><strong>Qual \u00e8 il costo?<\/strong><\/h3>\n<p>Un ciclo completo di trattamenti Emface costa in genere circa $4.500. Sebbene il prezzo sia un investimento, molti ritengono che i risultati duraturi e naturali ne valgano la pena.<\/p>\n<p><strong>Emface \u00e8 la soluzione giusta per te?<\/strong><\/p>\n<p>Emface \u00e8 ideale per chi cerca un metodo non invasivo e poco impegnativo per sollevare, tonificare e levigare la pelle. \u00c8 sicuro per tutti i tipi di pelle, sebbene non sia raccomandato per chi porta impianti metallici sul viso a causa dell&#039;energia a radiofrequenza utilizzata. Se stai cercando un approccio naturale al ringiovanimento del viso che non richieda aghi o tempi di recupero, Emface potrebbe essere la soluzione perfetta.<\/p>","protected":false},"excerpt":{"rendered":"<p>Solleva, volumizza e ringiovanisci con EMFACE.<br \/>\nQuesto trattamento all&#039;avanguardia tonifica i muscoli del viso, stimolando al contempo il collagene e l&#039;elastina,<br \/>\ndona alla tua pelle un aspetto giovane e luminoso. Perfetto per qualsiasi trattamento di bellezza<br \/>\n11 anni di produzione, supporto OEM ODM<\/p>","protected":false},"featured_media":4367,"template":"","meta":[],"product_brand":[],"product_cat":[75,85,86,91],"product_tag":[],"class_list":{"0":"post-4355","1":"product","2":"type-product","3":"status-publish","4":"has-post-thumbnail","6":"product_cat-emslim","7":"product_cat-gain-muscle-and-body-shaping","8":"product_cat-skin-care-and-facial-rejuvenation","9":"product_cat-wrinkle-removal-and-skin-tightening","11":"first","12":"instock","13":"shipping-taxable","14":"product-type-simple"},"_links":{"self":[{"href":"https:\/\/shefmon.com\/it\/wp-json\/wp\/v2\/product\/4355","targetHints":{"allow":["GET"]}}],"collection":[{"href":"https:\/\/shefmon.com\/it\/wp-json\/wp\/v2\/product"}],"about":[{"href":"https:\/\/shefmon.com\/it\/wp-json\/wp\/v2\/types\/product"}],"version-history":[{"count":1,"href":"https:\/\/shefmon.com\/it\/wp-json\/wp\/v2\/product\/4355\/revisions"}],"predecessor-version":[{"id":13829,"href":"https:\/\/shefmon.com\/it\/wp-json\/wp\/v2\/product\/4355\/revisions\/13829"}],"wp:featuredmedia":[{"embeddable":true,"href":"https:\/\/shefmon.com\/it\/wp-json\/wp\/v2\/media\/4367"}],"wp:attachment":[{"href":"https:\/\/shefmon.com\/it\/wp-json\/wp\/v2\/media?parent=4355"}],"wp:term":[{"taxonomy":"product_brand","embeddable":true,"href":"https:\/\/shefmon.com\/it\/wp-json\/wp\/v2\/product_brand?post=4355"},{"taxonomy":"product_cat","embeddable":true,"href":"https:\/\/shefmon.com\/it\/wp-json\/wp\/v2\/product_cat?post=4355"},{"taxonomy":"product_tag","embeddable":true,"href":"https:\/\/shefmon.com\/it\/wp-json\/wp\/v2\/product_tag?post=4355"}],"curies":[{"name":"parola chiave","href":"https:\/\/api.w.org\/{rel}","templated":true}]}}