{"id":4288,"date":"2024-08-12T14:26:14","date_gmt":"2024-08-12T06:26:14","guid":{"rendered":"https:\/\/palegoldenrod-manatee-952098.hostingersite.com\/?post_type=product&#038;p=4288"},"modified":"2026-01-08T17:49:27","modified_gmt":"2026-01-08T09:49:27","slug":"stimolatore-muscolare-3-in-1-super-lipolaser-rf-ems","status":"publish","type":"product","link":"https:\/\/shefmon.com\/it\/product\/3-in-1-super-lipolaser-rf-ems-muscle-stimulator\/","title":{"rendered":"A0928-Lipolaser Stimolatore muscolare Super Lipolaser RF Ems 3 in 1"},"content":{"rendered":"<h2>Come funziona?<\/h2>\n<p>Il dispositivo utilizza una radiofrequenza da 1 MHz e un&#039;energia a frequenza intermedia modulata in ampiezza da 1 a 4000 Hz, con luce rossa ad alta intensit\u00e0 da 658 nm, ciascuna con una potenza di 100 mW. Le tre funzioni di radiofrequenza, microelettronica a media frequenza e luce rossa possono agire simultaneamente per convertire gli ioni presenti nel corpo da negativi a positivi e generare energia termica. In questo modo, viene generato un calore profondo di 42~45 \u00b0C nelle profondit\u00e0 del corpo. La generazione continua di calore profondo riduce le dimensioni delle cellule adipose e ha un effetto positivo sul rimodellamento del corpo.<\/p>\n<h2>Funzioni: macchina dimagrante 3 in 1?<\/h2>\n<p>Il dispositivo 3 in 1 per la rimozione del grasso con luce rossa 5D Lipo Body Slimming Machine RF\/EMS 650nm per il drenaggio linfatico con luce rossa offre molteplici funzioni per migliorare la salute e l&#039;aspetto generale del corpo.<br \/>\nperdita di peso<br \/>\ndrenaggio linfatico<br \/>\nelasticit\u00e0 della pelle<br \/>\nmodellamento del corpo<br \/>\ncircolazione sanguigna<br \/>\npromuovere il metabolismo<\/p>\n<h2>Quali sono i vantaggi?<\/h2>\n<p>Questo dispositivo multifunzionale combina la potenza della terapia laser, della radiofrequenza (RF) e dell&#039;elettrostimolazione muscolare (EMS) per offrire risultati completi di rassodamento della pelle e dimagrimento del corpo. Ecco le caratteristiche principali che rendono questo dispositivo laser 3 in 1 fai da te per il rassodamento della pelle e il dimagrimento del corpo un must per raggiungere i tuoi obiettivi di bellezza:<br \/>\n1.<strong>Macchina con 4 manici grandi + 4 manici piccoli, in totale 8 manici<\/strong>: Questa macchina \u00e8 dotata di un totale di otto maniglie, garantendo la copertura di tutto il corpo e versatilit\u00e0 per varie aree di trattamento.<\/p>\n<p>2.<strong>Ogni grande maniglia ha 9 luci, 650nm, 100mw per luce laser<\/strong>: Le grandi maniglie sono dotate ciascuna di nove luci laser, che operano a una lunghezza d&#039;onda di 650 nm e forniscono 100 mW per luce laser, ottimizzando l&#039;efficacia del trattamento.<\/p>\n<p>3.<strong>Ogni piccola maniglia ha 6 luci, 650nm, 100mw per luce laser<\/strong>: Le impugnature pi\u00f9 piccole, ideali per aree pi\u00f9 precise, sono dotate ciascuna di sei luci laser, anch&#039;esse con lunghezza d&#039;onda di 650 nm e 100 mW per luce laser.<\/p>\n<p>4.<strong>Ogni maniglia \u00e8 dotata di sistema RF + EMS<\/strong>: Ogni maniglia integra sia i sistemi RF che EMS, offrendo benefici a doppia azione per il rassodamento della pelle e la stimolazione muscolare, migliorando i risultati complessivi del trattamento.<\/p>\n<p>5.<strong>Le 8 maniglie possono essere regolate e controllate separatamente<\/strong>: La macchina consente il controllo e la regolazione individuale di ogni maniglia, consentendo trattamenti personalizzati adattati alle esigenze e alle preferenze specifiche.<\/p>\n<h2>Una panoramica delle nuove tecnologie<\/h2>\n<p>Radiofrequenza (RF): genera calore profondo di 36~43\u2103, riscaldamento continuo, favorisce la rigenerazione del collagene dermico e rassoda la pelle<br \/>\nLuce rossa a basso livello (LLD): la luce rossa a bassa frequenza da 658 nm pu\u00f2 creare temporaneamente piccoli fori nelle cellule adipose, consentendo l&#039;espulsione dei neutrofili dal corpo<br \/>\nFrequenza media modulata in ampiezza (AMF): la vibrazione fisica aiuta a rafforzare muscoli e pelle e a stimolare il metabolismo, ed elimina i metaboliti persi nelle cellule adipose a causa della LLD.<\/p>\n<h2>Piano d&#039;azione strategico per l&#039;area corporea<\/h2>\n<p>In un significativo passo avanti verso il miglioramento delle tecniche di body contouring, gli esperti hanno individuato le aree vitali da trattare e hanno fornito un piano d&#039;azione strategico per affrontare le zone problematiche pi\u00f9 comuni. Ecco i dettagli:<br \/>\nLinee di biancheria intima: 1-2 grandi maniglie rimuovono la carne e il grasso sporgenti sotto la biancheria intima<br \/>\nAvambraccio: 1~2 maniglie centrali rimuovono il grasso, la giogaia e la cellulite dell&#039;avambraccio<br \/>\nAddome: 2~4 maniglie grandi Risolvono l&#039;obesit\u00e0 addominale superiore e inferiore e rimuovono la cellulite<br \/>\nAnello da nuoto addominale: 1~2 grandi maniglie rimuovono giogaie e grasso sporgente sui pantaloni<br \/>\nGlutei inferiori e cosce posteriori: 1~2 maniglie grandi rimuovono la cellulite e il grasso<br \/>\nInterno coscia: 1~2 maniglie centrali rimuovono la cellulite e il grasso<\/p>\n<h2>Domande frequenti<\/h2>\n<h3>Ci sono effetti collaterali?<\/h3>\n<p>I potenziali effetti collaterali variano a seconda del tipo di pelle, delle condizioni di salute e del dispositivo specifico utilizzato. Ecco alcuni effetti collaterali comuni e potenziali:<br \/>\n<strong>Arrossamento e irritazione della pelle<\/strong>:<br \/>\nTerapia laser: pu\u00f2 causare arrossamento, gonfiore e irritazione temporanei. Questi effetti sono solitamente lievi e scompaiono entro poche ore o giorni.<br \/>\nRF: pu\u00f2 anche causare arrossamento e gonfiore simili.<br \/>\nEMS: pu\u00f2 causare lievi dolori muscolari e irritazioni cutanee nei punti in cui vengono applicati gli elettrodi.<br \/>\n<strong>Ustioni o vesciche:<\/strong><br \/>\nTerapia laser: un uso improprio o un&#039;energia eccessiva possono provocare ustioni o vesciche, soprattutto sui tipi di pelle pi\u00f9 scuri.<br \/>\nRF: pu\u00f2 anche causare ustioni se il livello di energia \u00e8 troppo alto o se il dispositivo non \u00e8 calibrato correttamente.<br \/>\n<strong>Cambiamenti di pigmento:<\/strong><br \/>\nTerapia laser: esiste il rischio di iperpigmentazione (scurimento della pelle) o ipopigmentazione (schiarimento della pelle), soprattutto nelle persone con carnagione scura.<br \/>\nRF: rischi simili di alterazioni della pigmentazione, anche se meno comuni rispetto al laser.<br \/>\n<strong>Dolore o fastidio:<\/strong><br \/>\nTerapia laser: alcuni soggetti potrebbero avvertire dolore o fastidio durante il trattamento.<br \/>\nRF: Pu\u00f2 provocare una sensazione di calore, che potrebbe risultare fastidiosa per alcune persone.<br \/>\nEMS: le contrazioni muscolari indotte dall&#039;EMS possono risultare fastidiose per alcuni individui.<br \/>\n<strong>Rigonfiamento:<\/strong>Il gonfiore \u00e8 un effetto collaterale temporaneo comune che pu\u00f2 verificarsi con tutte e tre le modalit\u00e0.<br \/>\n<strong>lividi<\/strong>:In particolare con l&#039;EMS, possono verificarsi lividi dovuti alle contrazioni muscolari e alla pressione degli elettrodi.<\/p>\n<h3>Il trattamento \u00e8 doloroso?<\/h3>\n<p>La liposuzione laser \u00e8 generalmente considerata non invasiva e relativamente indolore. Tuttavia, le esperienze individuali possono variare. Ecco alcuni fattori da considerare:<\/p>\n<p>Terapia laser: utilizza l&#039;energia luminosa per penetrare nella pelle, favorendo la produzione di collagene e il rassodamento della pelle. La maggior parte delle persone avverte una sensazione di calore, ma in genere non \u00e8 dolorosa. Alcuni potrebbero avvertire un leggero fastidio, a seconda della soglia del dolore e della sensibilit\u00e0 cutanea.<\/p>\n<p>Radiofrequenza (RF): l&#039;energia RF riscalda gli strati pi\u00f9 profondi della pelle, provocando una sensazione di calore. Questa sensazione \u00e8 generalmente ben tollerata e non dolorosa per la maggior parte delle persone. Alcuni potrebbero avvertire un leggero fastidio, ma solitamente \u00e8 minimo.<\/p>\n<p>Stimolazione muscolare elettrica (EMS): l&#039;EMS utilizza impulsi elettrici per stimolare le contrazioni muscolari. Questa pu\u00f2 essere percepita come una sensazione di formicolio o pulsazione. Sebbene in genere non sia dolorosa, alcune persone potrebbero trovarla fastidiosa, soprattutto se l&#039;intensit\u00e0 \u00e8 impostata troppo alta.<\/p>\n<p>&nbsp;<\/p>\n<p>&nbsp;<\/p>","protected":false},"excerpt":{"rendered":"<p><strong>3 in 1<\/strong> : RF+EMS+<a href=\"https:\/\/shefmon.com\/beauty-machines\/laser-ipl\/\">Lipo Laser<\/a><br \/>\nFunzione: Rassodamento della pelle, Perdita di peso, Altro, Rassodante<br \/>\n8 maniglie (4 grandi e 4 piccole)<br \/>\nimpugnatura pi\u00f9 grande con 9 luci, 650nm, 100mw per luce laser<br \/>\nmaniglia pi\u00f9 piccola con 6 luci, 650nm, 100mw per luce laser<br \/>\nSistema RF+EMS<\/p>","protected":false},"featured_media":4310,"template":"","meta":[],"product_brand":[],"product_cat":[82,85,86,90,91],"product_tag":[],"class_list":{"0":"post-4288","1":"product","2":"type-product","3":"status-publish","4":"has-post-thumbnail","6":"product_cat-rf-cavitation","7":"product_cat-gain-muscle-and-body-shaping","8":"product_cat-skin-care-and-facial-rejuvenation","9":"product_cat-lose-fat-and-body-firming","10":"product_cat-wrinkle-removal-and-skin-tightening","12":"first","13":"instock","14":"shipping-taxable","15":"product-type-simple"},"_links":{"self":[{"href":"https:\/\/shefmon.com\/it\/wp-json\/wp\/v2\/product\/4288","targetHints":{"allow":["GET"]}}],"collection":[{"href":"https:\/\/shefmon.com\/it\/wp-json\/wp\/v2\/product"}],"about":[{"href":"https:\/\/shefmon.com\/it\/wp-json\/wp\/v2\/types\/product"}],"version-history":[{"count":0,"href":"https:\/\/shefmon.com\/it\/wp-json\/wp\/v2\/product\/4288\/revisions"}],"wp:featuredmedia":[{"embeddable":true,"href":"https:\/\/shefmon.com\/it\/wp-json\/wp\/v2\/media\/4310"}],"wp:attachment":[{"href":"https:\/\/shefmon.com\/it\/wp-json\/wp\/v2\/media?parent=4288"}],"wp:term":[{"taxonomy":"product_brand","embeddable":true,"href":"https:\/\/shefmon.com\/it\/wp-json\/wp\/v2\/product_brand?post=4288"},{"taxonomy":"product_cat","embeddable":true,"href":"https:\/\/shefmon.com\/it\/wp-json\/wp\/v2\/product_cat?post=4288"},{"taxonomy":"product_tag","embeddable":true,"href":"https:\/\/shefmon.com\/it\/wp-json\/wp\/v2\/product_tag?post=4288"}],"curies":[{"name":"parola chiave","href":"https:\/\/api.w.org\/{rel}","templated":true}]}}