{"id":3900,"date":"2024-06-14T15:47:16","date_gmt":"2024-06-14T07:47:16","guid":{"rendered":"https:\/\/palegoldenrod-manatee-952098.hostingersite.com\/?post_type=product&#038;p=3900"},"modified":"2026-04-29T17:03:42","modified_gmt":"2026-04-29T09:03:42","slug":"a0507-1064nm-532nm-q-switched-super-picosecond-picosure-yag-laser-tattoo-removal","status":"publish","type":"product","link":"https:\/\/shefmon.com\/it\/product\/a0507-1064nm-532nm-q-switched-super-picosecond-picosure-yag-laser-tattoo-removal\/","title":{"rendered":"A0507 1064nm 532nm Q-switched Super Picosecond Picosure Yag Laser per la rimozione dei tatuaggi"},"content":{"rendered":"<p>Il laser Q-Switch \/ Q-Switched Nd:YAG e il laser a picosecondi (talvolta chiamato laser Pico) sono entrambe tecnologie avanzate comunemente utilizzate nei trattamenti estetici per affrontare una vasta gamma di problemi cutanei, tra cui la rimozione di tatuaggi, la rimozione di pigmentazioni e il ringiovanimento cutaneo. Diamo un&#039;occhiata alle differenze tecniche e alle applicazioni delle tecnologie laser.<\/p>\n<p><strong>LASER ND:YAG Q-SWITCHED<\/strong><br \/>\nIl laser Q-Switched \/ Q-Switch Nd:YAG \u00e8 un tipo di laser utilizzato in procedure mediche ed estetiche. Funziona producendo brevi impulsi di luce ad alta intensit\u00e0 che vengono assorbiti dal tessuto bersaglio, che pu\u00f2 essere qualsiasi cosa, dalle lesioni pigmentate agli inchiostri dei tatuaggi.<\/p>\n<p><strong>COME FUNZIONA:<\/strong><br \/>\nIl cristallo del laser Nd:YAG viene eccitato da una lampada flash o da un diodo, che gli fa emettere luce a lunghezze d&#039;onda specifiche.<br \/>\nIl raggio laser viene quindi focalizzato da una lente e indirizzato sul tessuto bersaglio.<br \/>\nL&#039;energia del laser viene assorbita dal tessuto bersaglio, che si riscalda e si rompe.<br \/>\nQuando il tessuto si rompe, rilascia pigmenti o altre sostanze che vengono poi eliminate dai processi naturali dell&#039;organismo.<\/p>\n<p>Il laser Q-Switched Nd:YAG \u00e8 unico nel suo genere perch\u00e9 produce impulsi di luce molto brevi (misurati in nanosecondi) con una potenza di picco molto elevata. Ci\u00f2 gli consente di colpire selettivamente lesioni pigmentate o inchiostro del tatuaggio senza danneggiare i tessuti circostanti.<\/p>\n<p>Inoltre, il laser Q-Switched utilizza un meccanismo &quot;Q-Switch&quot; che gli consente di accendersi e spegnersi rapidamente, producendo impulsi di luce molto intensi e brevi. Ci\u00f2 contribuisce a ridurre al minimo la quantit\u00e0 di calore trasferita al tessuto circostante, riducendo il rischio di effetti collaterali.<\/p>\n<p><strong>LASER AL PICOSECONDO<\/strong><br \/>\nI laser a picosecondi, a volte chiamati laser Pico, sono un tipo di laser utilizzato in procedure mediche ed estetiche che emettono impulsi di luce ultrabrevi, misurati in picosecondi (trilionesimi di secondo). Il laser a picosecondi funziona secondo un principio simile al laser Q-Switched, ma con durate degli impulsi molto pi\u00f9 brevi.<\/p>\n<p><strong>COME FUNZIONA:<\/strong><br \/>\nIl laser a picosecondi utilizza un diodo laser ad alta potenza per generare impulsi di luce a una lunghezza d&#039;onda specifica (solitamente 755 nm o 1064 nm).<br \/>\nIl raggio laser viene focalizzato sulla zona bersaglio, come l&#039;inchiostro di un tatuaggio o una lesione pigmentata.<br \/>\nGli impulsi di luce ultrabrevi emessi dal laser a picosecondi creano un effetto fotoacustico, ovvero producono un&#039;onda di pressione meccanica che scompone il pigmento nel tessuto bersaglio in frammenti pi\u00f9 piccoli.<br \/>\nI frammenti di pigmento pi\u00f9 piccoli vengono poi espulsi dal sistema immunitario naturale dell&#039;organismo.<\/p>\n<p>Il laser a picosecondi pu\u00f2 fornire impulsi di durata pi\u00f9 breve, il che significa che pu\u00f2 scomporre i pigmenti in frammenti pi\u00f9 piccoli con un danno termico minore per i tessuti circostanti.<\/p>\n<p>Ci\u00f2 pu\u00f2 renderlo pi\u00f9 efficace nel trattamento di alcuni tipi di pigmenti, come i tatuaggi ostinati, riducendo al contempo il rischio di cicatrici e altri effetti collaterali.<\/p>\n<p>Il laser a picosecondi pu\u00f2 essere utilizzato anche su una gamma pi\u00f9 ampia di tipi e colori di pelle, poich\u00e9 \u00e8 meno probabile che causi iperpigmentazione o ipopigmentazione rispetto alle vecchie tecnologie laser.<\/p>\n<p>&nbsp;<\/p>\n<p><strong>CONFRONTO TRA LASER ND:YAG Q-SWITCHED E LASER PICOSECONDI<\/strong><br \/>\nSia il laser Nd:YAG Q-switched che il laser a picosecondi sono molto simili nelle loro applicazioni. Tuttavia, presentano alcune differenze fondamentali:<\/p>\n<p><strong>DURATA DELL&#039;IMPULSO:<\/strong><br \/>\nLa differenza principale tra i due laser \u00e8 la durata dell&#039;impulso. Il laser Nd:YAG Q-Switched ha una durata dell&#039;impulso di nanosecondi, mentre il laser a picosecondi ha una durata molto pi\u00f9 breve, di soli picosecondi.<\/p>\n<p>Ci\u00f2 significa che i laser a picosecondi possono erogare scariche di energia pi\u00f9 brevi e potenti, consentendo un trattamento pi\u00f9 rapido e preciso. Il laser Q-Switched Nd:YAG, invece, pu\u00f2 offrire una gamma pi\u00f9 ampia di trattamenti per la pigmentazione.<\/p>\n<p><strong>TEMPO DI TRATTAMENTO:<\/strong><br \/>\nGrazie alla durata pi\u00f9 breve dell&#039;impulso, i laser a picosecondi possono effettuare il trattamento in un arco di tempo pi\u00f9 breve, solitamente entro poche sedute. Il laser Q-Switched Nd:YAG potrebbe richiedere pi\u00f9 trattamenti per ottenere gli stessi risultati.<\/p>","protected":false},"excerpt":{"rendered":"<p><strong>Rimozione indolore dei tatuaggi con laser a picosecondi<\/strong><br \/>\n<span style=\"color: #000000;\"><strong>Rimozione:<\/strong><\/span><br \/>\n\u2022 Tatuaggi, rughe<br \/>\n\u2022 Cicatrici, Nevo di Ota<br \/>\n\u2022 Nevo blu, nevo maculato<br \/>\n\u2022 Lentigo, Caff\u00e8 Latte<br \/>\n\u2022 Iperpigmentazione<br \/>\n\u2022 Lentiggini, melasma<\/p>","protected":false},"featured_media":3891,"template":"","meta":[],"product_brand":[],"product_cat":[80,86,87,89,91],"product_tag":[],"class_list":{"0":"post-3900","1":"product","2":"type-product","3":"status-publish","4":"has-post-thumbnail","6":"product_cat-laser-ipl","7":"product_cat-skin-care-and-facial-rejuvenation","8":"product_cat-tattoo-and-pigmentation-removal","9":"product_cat-acne-scars-treatment","10":"product_cat-wrinkle-removal-and-skin-tightening","12":"first","13":"instock","14":"shipping-taxable","15":"product-type-simple"},"_links":{"self":[{"href":"https:\/\/shefmon.com\/it\/wp-json\/wp\/v2\/product\/3900","targetHints":{"allow":["GET"]}}],"collection":[{"href":"https:\/\/shefmon.com\/it\/wp-json\/wp\/v2\/product"}],"about":[{"href":"https:\/\/shefmon.com\/it\/wp-json\/wp\/v2\/types\/product"}],"version-history":[{"count":1,"href":"https:\/\/shefmon.com\/it\/wp-json\/wp\/v2\/product\/3900\/revisions"}],"predecessor-version":[{"id":13833,"href":"https:\/\/shefmon.com\/it\/wp-json\/wp\/v2\/product\/3900\/revisions\/13833"}],"wp:featuredmedia":[{"embeddable":true,"href":"https:\/\/shefmon.com\/it\/wp-json\/wp\/v2\/media\/3891"}],"wp:attachment":[{"href":"https:\/\/shefmon.com\/it\/wp-json\/wp\/v2\/media?parent=3900"}],"wp:term":[{"taxonomy":"product_brand","embeddable":true,"href":"https:\/\/shefmon.com\/it\/wp-json\/wp\/v2\/product_brand?post=3900"},{"taxonomy":"product_cat","embeddable":true,"href":"https:\/\/shefmon.com\/it\/wp-json\/wp\/v2\/product_cat?post=3900"},{"taxonomy":"product_tag","embeddable":true,"href":"https:\/\/shefmon.com\/it\/wp-json\/wp\/v2\/product_tag?post=3900"}],"curies":[{"name":"parola chiave","href":"https:\/\/api.w.org\/{rel}","templated":true}]}}