{"id":3866,"date":"2024-06-12T11:42:54","date_gmt":"2024-06-12T03:42:54","guid":{"rendered":"https:\/\/palegoldenrod-manatee-952098.hostingersite.com\/?post_type=product&#038;p=3866"},"modified":"2025-09-17T19:07:09","modified_gmt":"2025-09-17T11:07:09","slug":"b0158-endos-velapro-endolift-rullo-per-massaggio-a-sfera-interna-macchina-dimagrante","status":"publish","type":"product","link":"https:\/\/shefmon.com\/it\/product\/b0158-endos-velapro-endolift-inner-ball-roll-massage-slimming-machine\/","title":{"rendered":"B0158 Endos Velapro Endolift Inner Ball Roll Macchina per il massaggio dimagrante"},"content":{"rendered":"<p><strong>Cos&#039;\u00e8 la macchina a rulli Inner Ball?<\/strong><br \/>\nIl rullo a sfera interna \u00e8 uno strumento all&#039;avanguardia e riconosciuto a livello mondiale per il rimodellamento del corpo. Utilizza un&#039;innovativa microvibrazione a compressione per migliorare il drenaggio linfatico, aumentare la circolazione sanguigna, migliorare e ridurre la cellulite, invertire i segni dell&#039;invecchiamento, rafforzare i muscoli e favorire un trattamento disintossicante. Pu\u00f2 essere utilizzato su viso e corpo. Le zone pi\u00f9 richieste per il trattamento sono cosce, glutei e parte superiore delle braccia.<br \/>\n<strong>Principio di funzionamento:<\/strong><br \/>\nIl dispositivo a rullo con sfera interna \u00e8 un trattamento non invasivo di microvibrazione a compressione meccanica. Il principio \u00e8 che la sfera in silicone ruota lungo il rullo di 36\u00b0 per generare microvibrazioni di compressione. Mentre la sfera ruota ed esercita pressione sulla pelle, produce un effetto di &quot;compressione pulsata&quot;, realizzando un movimento alternato continuo di impasto push-pull, e il tessuto subir\u00e0 una certa pressione e un&#039;azione di sollevamento, senza schiacciare o danneggiare la pelle. Il tessuto viene sottoposto a pressione per allungare le cellule e stimolare naturalmente e in profondit\u00e0 l&#039;attivit\u00e0 cellulare, il flusso sanguigno e l&#039;ossigenazione, i depositi di grasso vengono pressurizzati e quindi allentati per decomporsi definitivamente, riducendo e rimuovendo la cellulite.<br \/>\n<strong>Funzione<\/strong><br \/>\nLifting della pelle, ringiovanimento della pelle;<br \/>\nRimodellamento pre e post liposuzione;<br \/>\nRimodellamento pre e post iniezioni antirughe;<br \/>\nRigidit\u00e0 muscolare spalle-collo;<br \/>\nStimolazione plantare;<br \/>\nPreparazione atletica;<br \/>\nFisioterapia riabilitativa post-traumatica<\/p>\n<p><span style=\"color: #ff6600;\"><strong>Caratteristiche 1-Display<\/strong><\/span><\/p>\n<p><strong><img fetchpriority=\"high\" decoding=\"async\" class=\"alignnone size-medium wp-image-2796\" src=\"https:\/\/shefmon.com\/wp-content\/uploads\/2024\/05\/B0109-3-300x176.jpg\" alt=\"\" width=\"300\" height=\"176\" srcset=\"https:\/\/shefmon.com\/wp-content\/uploads\/2024\/05\/B0109-3-300x176.jpg 300w, https:\/\/shefmon.com\/wp-content\/uploads\/2024\/05\/B0109-3-150x88.jpg 150w, https:\/\/shefmon.com\/wp-content\/uploads\/2024\/05\/B0109-3.jpg 560w\" sizes=\"(max-width: 300px) 100vw, 300px\" \/><\/strong><\/p>\n<p>Il display \u00e8 da 7&quot; ULTRA, con alta definizione e funzioni touch screen. Il funzionamento \u00e8 molto semplice e la sonda \u00e8 dotata di 7 diverse luci di trattamento, rendendo l&#039;effetto pi\u00f9 evidente.<\/p>\n<p><span style=\"color: #ff6600;\"><strong>Dispone di 2-3 rulli<\/strong><\/span><\/p>\n<p><strong><img decoding=\"async\" class=\"alignnone size-medium wp-image-2617 lazyload\" data-src=\"https:\/\/shefmon.com\/wp-content\/uploads\/2024\/05\/B0109-2-300x300.png\" alt=\"\" width=\"300\" height=\"300\" data-srcset=\"https:\/\/shefmon.com\/wp-content\/uploads\/2024\/05\/B0109-2-300x300.png 300w, https:\/\/shefmon.com\/wp-content\/uploads\/2024\/05\/B0109-2-150x150.png 150w, https:\/\/shefmon.com\/wp-content\/uploads\/2024\/05\/B0109-2-600x600.png 600w, https:\/\/shefmon.com\/wp-content\/uploads\/2024\/05\/B0109-2-768x768.png 768w, https:\/\/shefmon.com\/wp-content\/uploads\/2024\/05\/B0109-2.png 1000w\" data-sizes=\"(max-width: 300px) 100vw, 300px\" src=\"data:image\/gif;base64,R0lGODlhAQABAAAAACH5BAEKAAEALAAAAAABAAEAAAICTAEAOw==\" style=\"--smush-placeholder-width: 300px; --smush-placeholder-aspect-ratio: 300\/300;\" \/><\/strong><\/p>\n<p>Il manipolo \u00e8 dotato di tre rulli esclusivi, ognuno dedicato a una diversa fase di trattamento. Inizialmente, viene utilizzato un rullo con sfere in gel, seguito da un rullo con sfere in silicone per la fase funzionale. Il rullo, con sfere rigide a densit\u00e0 variabile, agisce efficacemente su aree specifiche.<\/p>\n<p><span style=\"color: #ff6600;\"><strong>Dispone di 3 rulli in silicone a forma di V con fori per l&#039;aria<\/strong><\/span><\/p>\n<p><img decoding=\"async\" class=\"alignnone size-medium wp-image-2794 lazyload\" data-src=\"https:\/\/shefmon.com\/wp-content\/uploads\/2024\/05\/B0109-300x300.jpg\" alt=\"\" width=\"300\" height=\"300\" data-srcset=\"https:\/\/shefmon.com\/wp-content\/uploads\/2024\/05\/B0109-300x300.jpg 300w, https:\/\/shefmon.com\/wp-content\/uploads\/2024\/05\/B0109-150x150.jpg 150w, https:\/\/shefmon.com\/wp-content\/uploads\/2024\/05\/B0109.jpg 560w\" data-sizes=\"(max-width: 300px) 100vw, 300px\" src=\"data:image\/gif;base64,R0lGODlhAQABAAAAACH5BAEKAAEALAAAAAABAAEAAAICTAEAOw==\" style=\"--smush-placeholder-width: 300px; --smush-placeholder-aspect-ratio: 300\/300;\" \/><\/p>\n<p>L&#039;ultimo modello \u00e8 dotato di rulli a V, tre in alto e tre in basso, pi\u00f9 due file di rulli perforati. Agisce in due direzioni: rassodando i muscoli verso l&#039;interno, massaggiando e distendendo, garantendo comfort e maggiore efficacia.<\/p>\n<p><span style=\"color: #ff6600;\"><strong>Caratteristiche Manipolo viso a 4 corpi<\/strong><\/span><\/p>\n<p>Sia i manipoli per il corpo che quelli per il viso sono dotati di sensori e di un display che comunica con l&#039;operatore. Ognuno di essi \u00e8 dotato di 3 punte e vanta un design ergonomico arricchito da indicatori direzionali sul retro per un utilizzo intuitivo.<\/p>\n<p><span style=\"color: #ff6600;\"><strong>Caratteristiche 5-aumenta la nuova maniglia per il massaggio del viso e degli occhi<\/strong><\/span><\/p>\n<p><img decoding=\"async\" class=\"alignnone size-medium wp-image-3077 lazyload\" data-src=\"https:\/\/shefmon.com\/wp-content\/uploads\/2024\/05\/B0154-300x300.jpg\" alt=\"\" width=\"300\" height=\"300\" data-srcset=\"https:\/\/shefmon.com\/wp-content\/uploads\/2024\/05\/B0154-300x300.jpg 300w, https:\/\/shefmon.com\/wp-content\/uploads\/2024\/05\/B0154-150x150.jpg 150w, https:\/\/shefmon.com\/wp-content\/uploads\/2024\/05\/B0154-600x600.jpg 600w, https:\/\/shefmon.com\/wp-content\/uploads\/2024\/05\/B0154-768x768.jpg 768w, https:\/\/shefmon.com\/wp-content\/uploads\/2024\/05\/B0154.jpg 1000w\" data-sizes=\"(max-width: 300px) 100vw, 300px\" src=\"data:image\/gif;base64,R0lGODlhAQABAAAAACH5BAEKAAEALAAAAAABAAEAAAICTAEAOw==\" style=\"--smush-placeholder-width: 300px; --smush-placeholder-aspect-ratio: 300\/300;\" \/><\/p>","protected":false},"excerpt":{"rendered":"<p><span style=\"color: #000000;\"><strong>Funzione:<\/strong><\/span>Perdita di peso, ringiovanimento della pelle, rimozione delle rughe, rassodamento<br \/>\n<strong>Schermo<\/strong> 10,1 pollici<br \/>\n<strong>Velocit\u00e0 di rotazione<\/strong> 450 giri al minuto<br \/>\n<strong>Frequenza di uscita<\/strong> 40-300 Hz<br \/>\n<strong>Potenza di uscita<\/strong> 300w<br \/>\n<strong>Voltaggio<\/strong> AC110V\/220V<br \/>\n<strong>Fusibile<\/strong> 10A<br \/>\n<strong>Dimensione<\/strong> 46*46*57cm<br \/>\n<strong>Peso<\/strong> 14 kg<\/p>","protected":false},"featured_media":3229,"template":"","meta":[],"product_brand":[],"product_cat":[77,90],"product_tag":[],"class_list":{"0":"post-3866","1":"product","2":"type-product","3":"status-publish","4":"has-post-thumbnail","6":"product_cat-endos-velapro","7":"product_cat-lose-fat-and-body-firming","9":"first","10":"instock","11":"shipping-taxable","12":"product-type-simple"},"_links":{"self":[{"href":"https:\/\/shefmon.com\/it\/wp-json\/wp\/v2\/product\/3866","targetHints":{"allow":["GET"]}}],"collection":[{"href":"https:\/\/shefmon.com\/it\/wp-json\/wp\/v2\/product"}],"about":[{"href":"https:\/\/shefmon.com\/it\/wp-json\/wp\/v2\/types\/product"}],"version-history":[{"count":0,"href":"https:\/\/shefmon.com\/it\/wp-json\/wp\/v2\/product\/3866\/revisions"}],"wp:featuredmedia":[{"embeddable":true,"href":"https:\/\/shefmon.com\/it\/wp-json\/wp\/v2\/media\/3229"}],"wp:attachment":[{"href":"https:\/\/shefmon.com\/it\/wp-json\/wp\/v2\/media?parent=3866"}],"wp:term":[{"taxonomy":"product_brand","embeddable":true,"href":"https:\/\/shefmon.com\/it\/wp-json\/wp\/v2\/product_brand?post=3866"},{"taxonomy":"product_cat","embeddable":true,"href":"https:\/\/shefmon.com\/it\/wp-json\/wp\/v2\/product_cat?post=3866"},{"taxonomy":"product_tag","embeddable":true,"href":"https:\/\/shefmon.com\/it\/wp-json\/wp\/v2\/product_tag?post=3866"}],"curies":[{"name":"parola chiave","href":"https:\/\/api.w.org\/{rel}","templated":true}]}}