{"id":3850,"date":"2024-06-11T22:23:19","date_gmt":"2024-06-11T14:23:19","guid":{"rendered":"https:\/\/palegoldenrod-manatee-952098.hostingersite.com\/?post_type=product&#038;p=3850"},"modified":"2025-09-17T19:08:10","modified_gmt":"2025-09-17T11:08:10","slug":"a0529-rimozione-professionale-delle-cicatrici-da-acne-con-apparecchiatura-laser-frazionato-co2-10600nm","status":"publish","type":"product","link":"https:\/\/shefmon.com\/it\/product\/a0529-professional-acne-scar-removal-10600nm-co2-fractional-laser-equipment\/","title":{"rendered":"A0529 Apparecchiatura laser frazionato CO2 10600nm per la rimozione professionale delle cicatrici da acne"},"content":{"rendered":"<p><strong>Teoria del laser frazionato RF CO2<\/strong><br \/>\nIl laser frazionato CO2 \u00e8 il sistema laser frazionato CO2 concettuale pi\u00f9 avanzato per il peeling cutaneo con una lunghezza d&#039;onda di 10600 nm. Oltre al suo effetto peeling delicato, il raggio laser penetra efficacemente nel derma. \u00c8 il sistema di recupero cutaneo pi\u00f9 efficace e pu\u00f2 ottenere un effetto a lungo termine di rimodellamento del collagene e un miglioramento delle condizioni della pelle invecchiata grazie all&#039;esposizione alla luce. Pu\u00f2 essere applicato in modo molto sicuro a vari tipi di cicatrici rispetto agli attuali laser per peeling cutaneo a strato totale 100% (CO2 o Er:YAG). Inoltre, non richiede lunghi periodi di recupero n\u00e9 effetti collaterali. Pu\u00f2 rimodellare vari tipi di cicatrici deformate e tessuto cutaneo in modo molto efficace.<\/p>\n<p>Capsula per il restringimento vaginale \u2013 Teoria<br \/>\nIl trattamento prevede che il riscaldamento trans-aortico degli strati interni del tessuto vaginale induca la contrazione del collagene e dell&#039;elastina e la rigenerazione di queste proteine a lungo termine. Questi segnali molecolari attivano l&#039;intero processo di guarigione delle ferite attraverso il sistema immunitario locale. Il risultato del trattamento \u00e8 il completo rimodellamento del tessuto vaginale, oltre al ripristino di un tessuto vaginale compatto e &quot;giovane&quot;, dotato di fibre di collagene lunghe, spesse e simili a fili.<\/p>\n<p><strong>Caratteristiche:<\/strong><br \/>\n1. Sistema 3 in 1, facile e comodo da usare.<br \/>\na. Laser CO2 frazionato per il ringiovanimento della pelle e la rimozione delle cicatrici<br \/>\nb.e Laser CO2 normale per interventi chirurgici<br \/>\nc. Serraggio vaginale facoltativo.<br \/>\n2. Lo schermo pu\u00f2 essere ripiegato verso l&#039;alto e verso il basso, ruotato di 180\u00b0 a sinistra e a destra.<br \/>\n3. Importato eccellente braccio ottico articolato a 7, facile da usare e riduce notevolmente la perdita di energia<br \/>\n4. Emettitore a tubo RF coerente importato dagli USA<br \/>\na. energia di uscita uniforme, penetrazione pi\u00f9 profonda (8-10 mm sotto la pelle)<br \/>\nb. lunga durata: 3-5 anni<br \/>\nc. dimensione sopt pi\u00f9 piccola: 0,05 mm di diametro<br \/>\n5. 6 modalit\u00e0 di scansione: Sequenza, Casuale, Distanza massima A&amp;B, Equidistanza e scatto veloce<br \/>\n6. 7 forme di scansione: quadrato, rettangolo, rotondo, triangolo, ovale, forma a 6 rombi e linea.<br \/>\n7. 3 sonde per il trattamento vaginale per il restringimento vaginale, il ringiovanimento vaginale, lo sbiancamento vaginale<br \/>\n8. Pompa ultra silenziosa, rumore ridotto ma flusso d&#039;acqua maggiore;<br \/>\nSchermo LCD touch screen a colori da 9 pollici, controllo software estremamente umanizzato.<\/p>\n<p><strong>Applicazioni:<\/strong><br \/>\n1. Levigare le cicatrici come quelle chirurgiche, le cicatrici da ustioni, le cicatrici da acne, ecc.<br \/>\n2. Rinnovamento e rigenerazione della pelle, recupero dai danni del sole<br \/>\n3. Rimozione delle rughe e rassodamento della pelle<br \/>\n4. Rimozione della pigmentazione come cloasmi intrattabili, macchie senili, imperfezioni, macchie ecc.<br \/>\n5. Escrescenze cutanee come verruche, ecc.<br \/>\n6. Trattamento dell&#039;acne<br \/>\n7. Trattamento vaginale: restringimento vaginale, sbiancamento vaginale, incontinenza vaginale.<\/p>\n<p><strong>Funzione primaria<\/strong><br \/>\nLe radiazioni termiche provocano la contrazione del tessuto mucoso, migliorando cos\u00ec la contrazione delle fibre di collagene e riorganizzando il restringimento vaginale.<br \/>\n1. Mantieni la vagina: ringiovanimento profondo, previene l&#039;invecchiamento.<br \/>\n2. Restringimento della vagina: rapido restringimento, costrizione, fermezza duratura.<br \/>\n3. Vagina stretta come sempre: per migliorare la sensibilit\u00e0.<br \/>\n4. Bellezza della vagina: pigmento diluito, labbra rosa.<br \/>\n5. Salute privata: riequilibrare il pH, migliorare l&#039;ambiente interno.<br \/>\n6. Vagina umida: aumenta la secrezione, elimina la secchezza<\/p>\n<p>&nbsp;<\/p>","protected":false},"excerpt":{"rendered":"<p>Il nuovo standard: vantaggi del resurfacing cutaneo con laser CO2 frazionato<br \/>\n1. Riduce al minimo i danni del sole, le cicatrici da acne e le linee sottili.<br \/>\n2. Migliora la consistenza della pelle e ne uniforma il tono.<br \/>\n3. Stimola il collagene per una pelle pi\u00f9 soda e giovane.<br \/>\n4. Pu\u00f2 aiutare a trattare le lesioni cutanee precancerose.<br \/>\n5. Tempi di inattivit\u00e0 minimi.<br \/>\n6.Produzione\/Formazione\/Assicurazione qualit\u00e0<\/p>","protected":false},"featured_media":3845,"template":"","meta":[],"product_brand":[],"product_cat":[80,86,87,88,89,91],"product_tag":[],"class_list":{"0":"post-3850","1":"product","2":"type-product","3":"status-publish","4":"has-post-thumbnail","6":"product_cat-laser-ipl","7":"product_cat-skin-care-and-facial-rejuvenation","8":"product_cat-tattoo-and-pigmentation-removal","9":"product_cat-vaginal-tightening","10":"product_cat-acne-scars-treatment","11":"product_cat-wrinkle-removal-and-skin-tightening","13":"first","14":"instock","15":"shipping-taxable","16":"product-type-simple"},"_links":{"self":[{"href":"https:\/\/shefmon.com\/it\/wp-json\/wp\/v2\/product\/3850","targetHints":{"allow":["GET"]}}],"collection":[{"href":"https:\/\/shefmon.com\/it\/wp-json\/wp\/v2\/product"}],"about":[{"href":"https:\/\/shefmon.com\/it\/wp-json\/wp\/v2\/types\/product"}],"version-history":[{"count":0,"href":"https:\/\/shefmon.com\/it\/wp-json\/wp\/v2\/product\/3850\/revisions"}],"wp:featuredmedia":[{"embeddable":true,"href":"https:\/\/shefmon.com\/it\/wp-json\/wp\/v2\/media\/3845"}],"wp:attachment":[{"href":"https:\/\/shefmon.com\/it\/wp-json\/wp\/v2\/media?parent=3850"}],"wp:term":[{"taxonomy":"product_brand","embeddable":true,"href":"https:\/\/shefmon.com\/it\/wp-json\/wp\/v2\/product_brand?post=3850"},{"taxonomy":"product_cat","embeddable":true,"href":"https:\/\/shefmon.com\/it\/wp-json\/wp\/v2\/product_cat?post=3850"},{"taxonomy":"product_tag","embeddable":true,"href":"https:\/\/shefmon.com\/it\/wp-json\/wp\/v2\/product_tag?post=3850"}],"curies":[{"name":"parola chiave","href":"https:\/\/api.w.org\/{rel}","templated":true}]}}