{"id":3629,"date":"2024-06-04T11:22:58","date_gmt":"2024-06-04T03:22:58","guid":{"rendered":"https:\/\/palegoldenrod-manatee-952098.hostingersite.com\/?post_type=product&#038;p=3629"},"modified":"2025-09-17T19:09:57","modified_gmt":"2025-09-17T11:09:57","slug":"sw12-eswt-pain-relieve-focus-shockwave-treatment-tecar-shock-wave-laser-therapy","status":"publish","type":"product","link":"https:\/\/shefmon.com\/it\/product\/sw12-eswt-pain-relieve-focus-shockwave-treatment-tecar-shock-wave-laser-therapy\/","title":{"rendered":"Trattamento con onde d&#039;urto focalizzate SW12 ESWT per alleviare il dolore, terapia laser a onde d&#039;urto Tecar"},"content":{"rendered":"<p><strong>Il sistema ad onde d&#039;urto sfrutta il principio balistico di generazione delle onde d&#039;urto:<\/strong><br \/>\nUn&#039;onda di pressione viene generata tramite un apparecchio a onde d&#039;urto utilizzando aria compressa accelerata. L&#039;aria compressa \u00e8 generata da un compressore a pressione balistica controllato elettronicamente. Utilizzando l&#039;impatto elastico, l&#039;energia cinetica dell&#039;apparecchio a onde d&#039;urto viene trasferita alla sonda dell&#039;applicatore e quindi al corpo del paziente. Di conseguenza, durante il trattamento, l&#039;estremit\u00e0 dell&#039;applicatore deve essere a diretto contatto con la pelle e il tessuto sottocutaneo.<\/p>\n<p>Le onde d&#039;urto sono mirate alle aree interessate dal dolore cronico. L&#039;effetto delle onde d&#039;urto provoca la dissoluzione dei depositi di calcio e porta a una migliore vascolarizzazione. L&#039;effetto collaterale \u00e8 il sollievo dal dolore.<\/p>\n<p><strong>Principio di trattamento<\/strong><br \/>\nLe caratteristiche di applicazione della terapia ad onde d&#039;urto SW12, con frequenza 1-21 Hz, consentono di raggiungere 8 cm sottocutaneamente, di applicare sul periostio e di creare calore, raggiungendo istantaneamente una temperatura di 43\u00b0C e migliorando allo stesso tempo la circolazione sanguigna.<\/p>\n<p><strong>Effetto del trattamento<\/strong><br \/>\nImmagina che il rosso sia l&#039;area di energia che creer\u00e0 danno. Quest&#039;area si estende dal fondo dello shock verso l&#039;alto come una colonna che danneggia tutto ci\u00f2 che incontra. L&#039;onda d&#039;urto extracorporea attorno a questa colonna \u00e8 un&#039;area di minore energia, visibile in verde, che sarebbe di un dosaggio in grado di creare guarigione. Ci sarebbe anche un&#039;area, mostrata in blu, di energia molto inferiore in grado di alleviare il dolore. C&#039;\u00e8 anche un&#039;area in cui la forza dell&#039;onda diminuirebbe al di sopra dell&#039;area del danno (l&#039;energia non pu\u00f2 continuare per sempre), il che a sua volta avrebbe effetti curativi o antidolorifici. \u00c8 necessario ricordare che gli effetti si verificano a livelli di energia elevati o bassi.<br \/>\nlivelli cio\u00e8 h<strong>alti livelli = danno + guarigione + sollievo dal dolore.<\/strong><\/p>","protected":false},"excerpt":{"rendered":"<p>2 modalit\u00e0: manuale e automatica.<br \/>\nGrazie all&#039;interfaccia professionale dei parametri di trattamento, \u00e8 facile da usare.<br \/>\nTrattamento doloroso<br \/>\nPerdita di peso<\/p>","protected":false},"featured_media":2421,"template":"","meta":[],"product_brand":[],"product_cat":[83],"product_tag":[],"class_list":{"0":"post-3629","1":"product","2":"type-product","3":"status-publish","4":"has-post-thumbnail","6":"product_cat-shockwave-physiotherapy","8":"first","9":"instock","10":"shipping-taxable","11":"product-type-simple"},"_links":{"self":[{"href":"https:\/\/shefmon.com\/it\/wp-json\/wp\/v2\/product\/3629","targetHints":{"allow":["GET"]}}],"collection":[{"href":"https:\/\/shefmon.com\/it\/wp-json\/wp\/v2\/product"}],"about":[{"href":"https:\/\/shefmon.com\/it\/wp-json\/wp\/v2\/types\/product"}],"version-history":[{"count":0,"href":"https:\/\/shefmon.com\/it\/wp-json\/wp\/v2\/product\/3629\/revisions"}],"wp:featuredmedia":[{"embeddable":true,"href":"https:\/\/shefmon.com\/it\/wp-json\/wp\/v2\/media\/2421"}],"wp:attachment":[{"href":"https:\/\/shefmon.com\/it\/wp-json\/wp\/v2\/media?parent=3629"}],"wp:term":[{"taxonomy":"product_brand","embeddable":true,"href":"https:\/\/shefmon.com\/it\/wp-json\/wp\/v2\/product_brand?post=3629"},{"taxonomy":"product_cat","embeddable":true,"href":"https:\/\/shefmon.com\/it\/wp-json\/wp\/v2\/product_cat?post=3629"},{"taxonomy":"product_tag","embeddable":true,"href":"https:\/\/shefmon.com\/it\/wp-json\/wp\/v2\/product_tag?post=3629"}],"curies":[{"name":"parola chiave","href":"https:\/\/api.w.org\/{rel}","templated":true}]}}