{"id":3100,"date":"2024-05-27T17:54:01","date_gmt":"2024-05-27T09:54:01","guid":{"rendered":"https:\/\/palegoldenrod-manatee-952098.hostingersite.com\/?post_type=product&#038;p=3100"},"modified":"2026-04-08T11:32:25","modified_gmt":"2026-04-08T03:32:25","slug":"a0648-9-in-1-macchina-per-peeling-idro-microdermoabrasione-al-diamante","status":"publish","type":"product","link":"https:\/\/shefmon.com\/it\/product\/a0648-9-in-1-diamond-hydro-microdermabrasion-peeling-machine\/","title":{"rendered":"A0648 Macchina per peeling e microdermoabrasione idro-diamantata 9 in 1"},"content":{"rendered":"<p><strong>Macchina idrofacciale 9 in 1<\/strong><br \/>\nHydra Peel Facial Care Beauty Machine \u00e8 uno dei trattamenti per la pelle pi\u00f9 richiesti a livello internazionale. Negli ultimi anni, questa procedura \u00e8 stata pubblicizzata come la panacea per i problemi cutanei legati all&#039;invecchiamento.<\/p>\n<p>Hydra Peel Facial Care Beauty Machine \u00e8 un trattamento cutaneo non chirurgico e non invasivo che deterge, esfolia, esfolia, estrae e idrata la pelle con un unico strumento. In passato, per detergere, esfoliare e idratare la pelle era necessario sottoporsi a pi\u00f9 trattamenti, ma questo dispositivo offre tutti questi trattamenti in un&#039;unica seduta.<\/p>\n<p><strong>Vantaggi:<\/strong><br \/>\n* Deterge la pelle<br \/>\n* Rimuove i detriti dai pori<br \/>\n* Tratta i pori dilatati e congestionati<br \/>\n* Aiuta a uniformare il tono della pelle e a migliorarne la texture.<\/p>","protected":false},"excerpt":{"rendered":"<p><span style=\"color: #000000\">Macchina per l&#039;idrodermoabrasione 9 in 1 per la cura della pelle<\/span><br \/>\n\u25b6 9 tecnologie in una macchina, l&#039;acquisto di una macchina equivale a 9 macchine.<br \/>\n\u25b6 La nuovissima tecnologia Vacuum Pen utilizza il vuoto\/l&#039;aspirazione per aspirare i punti neri dai pori, rendendoli pi\u00f9 puliti.<br \/>\n\u25b6 La macchina per microdermoabrasione Hydra Dermoabrasion pi\u00f9 popolare.<br \/>\n\u25b6 Attrezzatura estetica verticale, grande potenza della pompa.<\/p>","protected":false},"featured_media":3090,"template":"","meta":[],"product_brand":[],"product_cat":[79,86],"product_tag":[],"class_list":{"0":"post-3100","1":"product","2":"type-product","3":"status-publish","4":"has-post-thumbnail","6":"product_cat-hydra","7":"product_cat-skin-care-and-facial-rejuvenation","9":"first","10":"instock","11":"shipping-taxable","12":"product-type-simple"},"_links":{"self":[{"href":"https:\/\/shefmon.com\/it\/wp-json\/wp\/v2\/product\/3100","targetHints":{"allow":["GET"]}}],"collection":[{"href":"https:\/\/shefmon.com\/it\/wp-json\/wp\/v2\/product"}],"about":[{"href":"https:\/\/shefmon.com\/it\/wp-json\/wp\/v2\/types\/product"}],"version-history":[{"count":1,"href":"https:\/\/shefmon.com\/it\/wp-json\/wp\/v2\/product\/3100\/revisions"}],"predecessor-version":[{"id":12911,"href":"https:\/\/shefmon.com\/it\/wp-json\/wp\/v2\/product\/3100\/revisions\/12911"}],"wp:featuredmedia":[{"embeddable":true,"href":"https:\/\/shefmon.com\/it\/wp-json\/wp\/v2\/media\/3090"}],"wp:attachment":[{"href":"https:\/\/shefmon.com\/it\/wp-json\/wp\/v2\/media?parent=3100"}],"wp:term":[{"taxonomy":"product_brand","embeddable":true,"href":"https:\/\/shefmon.com\/it\/wp-json\/wp\/v2\/product_brand?post=3100"},{"taxonomy":"product_cat","embeddable":true,"href":"https:\/\/shefmon.com\/it\/wp-json\/wp\/v2\/product_cat?post=3100"},{"taxonomy":"product_tag","embeddable":true,"href":"https:\/\/shefmon.com\/it\/wp-json\/wp\/v2\/product_tag?post=3100"}],"curies":[{"name":"parola chiave","href":"https:\/\/api.w.org\/{rel}","templated":true}]}}