{"id":3031,"date":"2024-05-27T14:08:11","date_gmt":"2024-05-27T06:08:11","guid":{"rendered":"https:\/\/palegoldenrod-manatee-952098.hostingersite.com\/?post_type=product&#038;p=3031"},"modified":"2026-01-26T16:40:43","modified_gmt":"2026-01-26T08:40:43","slug":"a0204-9d-7d-macchina-hifu-focalizzata-5-in-1","status":"publish","type":"product","link":"https:\/\/shefmon.com\/it\/product\/a0204-9d-7d-focused-hifu-machine-5-in-1\/","title":{"rendered":"A0204 Macchina HIFU focalizzata 9D\/7D 5 in 1"},"content":{"rendered":"<p><strong>Modello n.: A0204 9D<\/strong><\/p>\n<p>A0204 Macchina multifunzione 9D Hifu<br \/>\n1.9D Hifu: 12 linee, 26 punti<br \/>\n2.9D Hifu Tutte le cartucce:<br \/>\n1,5 mm, 3,0 mm, 4,5 mm, 6 mm, 8 mm, 10 mm, 13 mm, 16 mm, 20000 colpi per punta<br \/>\n3. Maniglia opzionale: Vaginal Hifu\/Vmax Hifu\/Lipo-Hifu\/Microneedle RF<br \/>\n<strong>COS&#039;\u00c8 LA MACCHINA 9D HIFU?<\/strong><br \/>\nGli ultrasuoni focalizzati ad alta intensit\u00e0 (HIFU) utilizzano un&#039;energia ultrasonica precisa di grado medico per il lifting del viso e il rassodamento della pelle non chirurgici.<br \/>\n9D HIFU \u00e8 un dispositivo HIFU di nona generazione che offre maggiore potenza, minore fastidio, maggiore sicurezza e risultati clinicamente provati.<br \/>\nFunziona altrettanto bene su persone di tutti i colori della pelle: il trattamento HIFU \u00e8 la prima scelta per il lifting del viso non invasivo.<br \/>\n<strong>Funzioni della macchina HIFU 9D:<\/strong><br \/>\n1. Elimina le rughe intorno alla fronte, agli occhi, alla bocca, ecc.<br \/>\n2. Sollevamento e rassodamento della pelle di entrambe le guance.<br \/>\n3. Miglioramento dell&#039;elasticit\u00e0 della pelle e modellamento del contorno.<br \/>\n4. Miglioramento della linea della mascella, riduzione delle \u201crughe della marionetta\u201d.<br \/>\n5. Rassodamento del tessuto cutaneo sulla fronte, sollevamento delle linee delle sopracciglia.<br \/>\n6. Migliora l&#039;incarnato della pelle, rendendola delicata e luminosa.<br \/>\n7. Eliminare le rughe del collo, proteggerlo dall&#039;invecchiamento.<br \/>\n8. Rimozione del grasso indesiderato da braccia, pancia, gambe, fianchi e cos\u00ec via.<\/p>\n<p><strong>Dispone di cartucce diverse per diverse aree operative:<\/strong><br \/>\nDS-1,5 mm \u00e8 per lo strato dell&#039;epidermide;<br \/>\nDS-3.0mm \u00e8 per lo strato del derma;<br \/>\nDS-4,5 mm \u00e8 per lo strato SMAS.<br \/>\nDS-6,0 mm\/9 mm\/12 mm per strato di grasso corporeo<br \/>\n3. \u00c8 totalmente non invasivo e sicuro.<br \/>\n4. L&#039;effetto sar\u00e0 visibile dopo l&#039;operazione, mentre l&#039;effetto migliore sar\u00e0 visibile dopo due mesi. Pu\u00f2 durare per 2-3 mesi.<br \/>\nAnni.<\/p>","protected":false},"excerpt":{"rendered":"<p><strong>Parametri tecnici:<\/strong><br \/>\n<strong>Descrizione:<\/strong>Macchina Hifu multifunzionale 5 in 1 7D\/9D<br \/>\n<strong>Maniglie opzionali<\/strong>:Hifu vaginale, Vmax Hifu, RF, Lipo Hifu<br \/>\n<strong>Cartucce 9D:<\/strong>Standard: 3,0 mm, 4,5 mm,<br \/>\nOpzionale: 1,5 mm, 6,0 mm, 8,0 mm. 13,0 mm<br \/>\n20000 colpi\/uno<br \/>\n<strong>Cartucce 7D (opzionali)<\/strong><br \/>\nStandard: 1,5 mm, 2,0 mm, 3,0 mm, 4,5 mm, 6,0 mm, 9,0 mm. 13,0 mm<br \/>\n20000 colpi\/uno<br \/>\n<strong>Hifu vaginale (facoltativo)<\/strong><br \/>\n3,0 mm e 4,5 mm 10000 colpi<br \/>\n<strong>Cartucce Vmax (opzionali)<\/strong><br \/>\nStandard: 1,5 mm, 3,0 mm, 4,5 mm opzionale: 8,0 mm, 13 mm<br \/>\n68000 colpi\/uno<br \/>\n<strong>Aghi Microneedle Rf (opzionali)<\/strong><br \/>\n10P, 25P, 64P, Nano Needle, Aghi RF frazionari morbidi (opzionali)<br \/>\nManico Lipo Hifu (opzionale)<br \/>\nStandard: 8,0 mm, 13 mm<br \/>\nOpzionale: 6,0 mm, 10 mm, 16 mm<br \/>\n<strong>Energia:<\/strong>800W<br \/>\n<strong>Frequenza:<\/strong>4\/7 MHz<\/p>","protected":false},"featured_media":2918,"template":"","meta":[],"product_brand":[],"product_cat":[78,86],"product_tag":[],"class_list":{"0":"post-3031","1":"product","2":"type-product","3":"status-publish","4":"has-post-thumbnail","6":"product_cat-hifu","7":"product_cat-skin-care-and-facial-rejuvenation","9":"first","10":"instock","11":"shipping-taxable","12":"product-type-simple"},"_links":{"self":[{"href":"https:\/\/shefmon.com\/it\/wp-json\/wp\/v2\/product\/3031","targetHints":{"allow":["GET"]}}],"collection":[{"href":"https:\/\/shefmon.com\/it\/wp-json\/wp\/v2\/product"}],"about":[{"href":"https:\/\/shefmon.com\/it\/wp-json\/wp\/v2\/types\/product"}],"version-history":[{"count":0,"href":"https:\/\/shefmon.com\/it\/wp-json\/wp\/v2\/product\/3031\/revisions"}],"wp:featuredmedia":[{"embeddable":true,"href":"https:\/\/shefmon.com\/it\/wp-json\/wp\/v2\/media\/2918"}],"wp:attachment":[{"href":"https:\/\/shefmon.com\/it\/wp-json\/wp\/v2\/media?parent=3031"}],"wp:term":[{"taxonomy":"product_brand","embeddable":true,"href":"https:\/\/shefmon.com\/it\/wp-json\/wp\/v2\/product_brand?post=3031"},{"taxonomy":"product_cat","embeddable":true,"href":"https:\/\/shefmon.com\/it\/wp-json\/wp\/v2\/product_cat?post=3031"},{"taxonomy":"product_tag","embeddable":true,"href":"https:\/\/shefmon.com\/it\/wp-json\/wp\/v2\/product_tag?post=3031"}],"curies":[{"name":"parola chiave","href":"https:\/\/api.w.org\/{rel}","templated":true}]}}