{"id":3017,"date":"2024-05-27T13:35:20","date_gmt":"2024-05-27T05:35:20","guid":{"rendered":"https:\/\/palegoldenrod-manatee-952098.hostingersite.com\/?post_type=product&#038;p=3017"},"modified":"2026-04-11T14:43:24","modified_gmt":"2026-04-11T06:43:24","slug":"a0152-mmrf-desktop-deepth-8-microneedling-rf","status":"publish","type":"product","link":"https:\/\/shefmon.com\/it\/product\/a0152-desktop-mmrf-deepth-8-microneedling-rf\/","title":{"rendered":"A0152 Microneedling RF da tavolo con profondit\u00e0 8"},"content":{"rendered":"<p><strong>Vantaggi:<\/strong><br \/>\n1. Fornisce i trattamenti frazionati pi\u00f9 profondi disponibili, riscaldando il tessuto sottocutaneo fino a 8 mm (profilo termico 7 mm + 1 mm).<br \/>\n2. I doppi manipoli consentono una maggiore funzionalit\u00e0 di trattamento: impugnatura per il viso per aree di trattamento pi\u00f9 piccole, impugnatura per il corpo per trattamenti di tessuti pi\u00f9 ampi e profondi.<br \/>\n3. Quattro punte frazionate con diverse configurazioni di microaghi (12 pin, 24 pin, 40 pin, nano chip). Erogano energia RF clinicamente testata a diverse profondit\u00e0 di trattamento (da 0,5 mm a 7 mm).<\/p>\n<p><strong>Macchina RF MNRF Profondit\u00e0 8<\/strong><\/p>\n<p>Il dispositivo MNRF Depth 8 si distingue per il suo approccio specializzato al potenziamento della rete fibro-settale (FSN) all&#039;interno della matrice sottocutanea, con conseguente pelle visibilmente pi\u00f9 liscia e riduzione delle imperfezioni su viso e corpo.<\/p>\n<p>MNRF Depth 8 offre una penetrazione frazionata profonda, raggiungendo fino a 7 mm nella pelle, accompagnata da un ulteriore mm di induzione termica, garantendo un risultato altamente uniforme.<\/p>\n<p>Il suo design sofisticato consente di trattare in modo sequenziale i tessuti a tre profondit\u00e0 distinte in rapidi intervalli di millisecondi, riducendo drasticamente la durata del trattamento, minimizzando i rischi per la pelle e migliorando l&#039;uniformit\u00e0 dei risultati del trattamento.<\/p>\n<p><strong>Trattamento<\/strong><br \/>\nIl dispositivo MNRF Depth 8 \u00e8 dotato di un&#039;innovativa punta applicatrice di grandi dimensioni che ospita una serie di 40 sottili microaghi rivestiti in oro, oltre a una profondit\u00e0 termica di 7 mm, ulteriormente migliorata da una penetrazione del calore di 1 m.<br \/>\n\u00c8 in grado di agire rapidamente su ampie aree del tessuto cutaneo, sfruttando i pi\u00f9 elevati livelli di energia a radiofrequenza (RF) disponibili.<br \/>\nMorpheus8 si distingue come un&#039;eccellente scelta per il ringiovanimento del viso, offrendo il vantaggio di affrontare pi\u00f9 problemi contemporaneamente.<br \/>\nQuesto approccio basato sulla radiofrequenza affronta efficacemente una serie di trattamenti, quali:<br \/>\n1. Grasso in eccesso sotto il mento<br \/>\n2. Ammorbidimento e cedimento lungo la mascella<br \/>\n3. Danni da esposizione al sole<br \/>\n4. Cicatrici da acne e altre cause<br \/>\n5. Smagliature<br \/>\n6. Texture della pelle non uniforme<br \/>\n7. Pori dilatati<br \/>\n8. Rughe e pieghe pronunciate<\/p>","protected":false},"excerpt":{"rendered":"<p><strong>Specifiche:<\/strong><br \/>\nProfilo di profondit\u00e0 1 mm-7 mm<br \/>\nProfilo termico aggiuntivo da 1 mm<br \/>\nPrime 12 pin<br \/>\nRistrutturazione di 24 pin<br \/>\nCorpo 40 pin<br \/>\nNano aghi per pelli sensibili<br \/>\nProfondit\u00e0 del trattamento computerizzato<br \/>\nIsolato con punta conduttiva da 0,5 mm<br \/>\nPotenza RF massima: 300 W<br \/>\nTensione 110V\/60Hz, 220V\/50Hz<br \/>\nMateriale: ABS e acciaio inossidabile<br \/>\nSchermo touch da 15 pollici<br \/>\nAghi Figura: 4 pezzi (12P\\24P\\40P\\Testa nanocristallina)<br \/>\nManiglia di lavoro: Opzione: (1 RF\/2 RF\/1RF+martello di raffreddamento\/2 RF+martello di raffreddamento)<br \/>\nArea interessata Corpo, Viso, Occhi, Gambe\/Braccia, Collo\/Gola, Altro<br \/>\nDimensioni 45*39*55 cm<br \/>\nPeso lordo 11,5 kg<\/p>","protected":false},"featured_media":2925,"template":"","meta":[],"product_brand":[],"product_cat":[81,86],"product_tag":[],"class_list":{"0":"post-3017","1":"product","2":"type-product","3":"status-publish","4":"has-post-thumbnail","6":"product_cat-mnrf-microneedling","7":"product_cat-skin-care-and-facial-rejuvenation","9":"first","10":"instock","11":"shipping-taxable","12":"product-type-simple"},"_links":{"self":[{"href":"https:\/\/shefmon.com\/it\/wp-json\/wp\/v2\/product\/3017","targetHints":{"allow":["GET"]}}],"collection":[{"href":"https:\/\/shefmon.com\/it\/wp-json\/wp\/v2\/product"}],"about":[{"href":"https:\/\/shefmon.com\/it\/wp-json\/wp\/v2\/types\/product"}],"version-history":[{"count":0,"href":"https:\/\/shefmon.com\/it\/wp-json\/wp\/v2\/product\/3017\/revisions"}],"wp:featuredmedia":[{"embeddable":true,"href":"https:\/\/shefmon.com\/it\/wp-json\/wp\/v2\/media\/2925"}],"wp:attachment":[{"href":"https:\/\/shefmon.com\/it\/wp-json\/wp\/v2\/media?parent=3017"}],"wp:term":[{"taxonomy":"product_brand","embeddable":true,"href":"https:\/\/shefmon.com\/it\/wp-json\/wp\/v2\/product_brand?post=3017"},{"taxonomy":"product_cat","embeddable":true,"href":"https:\/\/shefmon.com\/it\/wp-json\/wp\/v2\/product_cat?post=3017"},{"taxonomy":"product_tag","embeddable":true,"href":"https:\/\/shefmon.com\/it\/wp-json\/wp\/v2\/product_tag?post=3017"}],"curies":[{"name":"parola chiave","href":"https:\/\/api.w.org\/{rel}","templated":true}]}}