{"id":6155,"date":"2025-07-16T17:34:09","date_gmt":"2025-07-16T09:34:09","guid":{"rendered":"https:\/\/shefmon.com\/?post_type=product&#038;p=6155"},"modified":"2025-09-17T17:23:05","modified_gmt":"2025-09-17T09:23:05","slug":"s10-criolipolisis-portatil-slimming-machine-cryotherapy-criolipolisis-machine-with-two-handles-2","status":"publish","type":"product","link":"https:\/\/shefmon.com\/fr\/product\/s10-criolipolisis-portatil-slimming-machine-cryotherapy-criolipolisis-machine-with-two-handles-2\/","title":{"rendered":"Machine de cryoth\u00e9rapie portable S10 Criolipolisis avec deux poign\u00e9es"},"content":{"rendered":"<p><strong>Pr\u00e9sentation de la machine de cryolipolyse :<\/strong><\/p>\n<p>La cryolipolyse est une m\u00e9thode non invasive et innovante pour r\u00e9duire efficacement et en douceur la graisse localis\u00e9e, offrant ainsi une r\u00e9duction visible et un r\u00e9sultat visiblement am\u00e9lior\u00e9. Gr\u00e2ce \u00e0 une technologie de refroidissement, les triglyc\u00e9rides contenus dans les graisses se solidifient sous l&#039;effet du froid. Ce proc\u00e9d\u00e9 progressif, respectueux des tissus environnants, permet de cibler les amas graisseux et d&#039;\u00e9liminer les cellules adipeuses. Le refroidissement par contact de la pi\u00e8ce \u00e0 main r\u00e9gule la temp\u00e9rature de la peau et pr\u00e9serve les structures dermiques, pour un remodelage corporel et un raffermissement cutan\u00e9 optimaux. Appareil de cryolipolyse pour un effet minceur et un corps affin\u00e9. Syst\u00e8me de cryolipolyse pour le traitement de la cellulite.<\/p>\n<p><strong>Fonctions :<\/strong><\/p>\n<p>1. Amincissement et dissolution des graisses<br \/>\n2. Raffermit la peau, anti-\u00e2ge<br \/>\n3. Am\u00e9liorer la circulation sanguine<br \/>\n4. Acc\u00e9l\u00e9rer le m\u00e9tabolisme<br \/>\n5. Lisser les cicatrices et les rides<br \/>\n6. Gravitation lisse et stri\u00e9e<br \/>\n7. Hydrater la peau<br \/>\n8. Am\u00e9liorer le tissu \u00e9lastique des fibroblastes<\/p>\n<p><strong>Technologie de refroidissement \u00e0 360 degr\u00e9s\u00a0: standard avec 5 t\u00eates de cong\u00e9lation pour \u00e9liminer les graisses<\/strong><\/p>\n<p>Ce syst\u00e8me g\u00e9n\u00e8re une \u00e9nergie de refroidissement stable mais puissante au niveau des d\u00e9p\u00f4ts de graisse sous-cutan\u00e9e du patient afin d&#039;induire l&#039;apoptose et l&#039;\u00e9limination des cellules mortes par le m\u00e9tabolisme. Pour garantir une \u00e9limination efficace des graisses tenaces, les ventouses de refroidissement \u00e0 360\u00b0 ciblent uniquement les d\u00e9p\u00f4ts graisseux pour la cristallisation, sans endommager les tissus environnants ni les zones nerveuses.<\/p>\n<p>La temp\u00e9rature minimale peut atteindre \u2013 18 \u00b0C :<\/p>\n<p>La diff\u00e9rence entre le refroidissement \u00e0 360\u00b0 et les plaques de refroidissement traditionnelles des deux c\u00f4t\u00e9s<br \/>\nLe syst\u00e8me de refroidissement \u00e0 360\u00b0 de la sculpture de glace Diamond Ice se distingue des m\u00e9thodes de refroidissement traditionnelles. Cette technologie de refroidissement \u00e0 360\u00b0 augmente l&#039;efficacit\u00e9 jusqu&#039;\u00e0 18,11 TPE\/3 TPE, refroidissant ainsi l&#039;int\u00e9gralit\u00e9 de la sonde. La zone d&#039;adsorption est congel\u00e9e de mani\u00e8re omnidirectionnelle \u00e0 360\u00b0, sans zones mortes, ce qui permet une \u00e9limination plus efficace des cellules graisseuses.<\/p>\n<p>&nbsp;<\/p>","protected":false},"excerpt":{"rendered":"<p><strong>Pr\u00e9sentation de la machine de cryolipolyse :<\/strong><\/p>\n<p>La cryolipolyse est une m\u00e9thode non invasive et innovante pour r\u00e9duire efficacement et en douceur la graisse localis\u00e9e, offrant ainsi une r\u00e9duction visible et un r\u00e9sultat visiblement am\u00e9lior\u00e9. Gr\u00e2ce \u00e0 une technologie de refroidissement, les triglyc\u00e9rides contenus dans les graisses se solidifient sous l&#039;effet du froid. Ce proc\u00e9d\u00e9 progressif, respectueux des tissus environnants, permet de cibler les amas graisseux et d&#039;\u00e9liminer les cellules adipeuses. Le refroidissement par contact de la pi\u00e8ce \u00e0 main r\u00e9gule la temp\u00e9rature de la peau et pr\u00e9serve les structures dermiques, pour un remodelage corporel et un raffermissement cutan\u00e9 optimaux. Appareil de cryolipolyse pour un effet minceur et un corps affin\u00e9. Syst\u00e8me de cryolipolyse pour le traitement de la cellulite.<\/p>\n<p><strong>Fonctions :<\/strong><\/p>\n<p>1. Amincissement et dissolution des graisses<br \/>\n2. Raffermit la peau, anti-\u00e2ge<br \/>\n3. Am\u00e9liorer la circulation sanguine<br \/>\n4. Acc\u00e9l\u00e9rer le m\u00e9tabolisme<br \/>\n5. Lisser les cicatrices et les rides<br \/>\n6. Gravitation lisse et stri\u00e9e<br \/>\n7. Hydrater la peau<br \/>\n8. Am\u00e9liorer le tissu \u00e9lastique des fibroblastes<\/p>\n<p><strong>Technologie de refroidissement \u00e0 360 degr\u00e9s\u00a0: standard avec 5 t\u00eates de cong\u00e9lation pour \u00e9liminer les graisses<\/strong><\/p>\n<p>Ce syst\u00e8me g\u00e9n\u00e8re une \u00e9nergie de refroidissement stable mais puissante au niveau des d\u00e9p\u00f4ts de graisse sous-cutan\u00e9e du patient afin d&#039;induire l&#039;apoptose et l&#039;\u00e9limination des cellules mortes par le m\u00e9tabolisme. Pour garantir une \u00e9limination efficace des graisses tenaces, les ventouses de refroidissement \u00e0 360\u00b0 ciblent uniquement les d\u00e9p\u00f4ts graisseux pour la cristallisation, sans endommager les tissus environnants ni les zones nerveuses.<\/p>\n<p>La temp\u00e9rature minimale peut atteindre \u2013 18 \u00b0C :<\/p>\n<p>La diff\u00e9rence entre le refroidissement \u00e0 360\u00b0 et les plaques de refroidissement traditionnelles des deux c\u00f4t\u00e9s<br \/>\nLe syst\u00e8me de refroidissement \u00e0 360\u00b0 de la sculpture de glace Diamond Ice se distingue des m\u00e9thodes de refroidissement traditionnelles. Cette technologie de refroidissement \u00e0 360\u00b0 augmente l&#039;efficacit\u00e9 jusqu&#039;\u00e0 18,11 TPE\/3 TPE, refroidissant ainsi l&#039;int\u00e9gralit\u00e9 de la sonde. La zone d&#039;adsorption est congel\u00e9e de mani\u00e8re omnidirectionnelle \u00e0 360\u00b0, sans zones mortes, ce qui permet une \u00e9limination plus efficace des cellules graisseuses.<\/p>","protected":false},"featured_media":5330,"template":"","meta":[],"product_brand":[],"product_cat":[74],"product_tag":[],"class_list":{"0":"post-6155","1":"product","2":"type-product","3":"status-publish","4":"has-post-thumbnail","6":"product_cat-landing-page-cryolipolysis","8":"first","9":"instock","10":"shipping-taxable","11":"product-type-simple"},"_links":{"self":[{"href":"https:\/\/shefmon.com\/fr\/wp-json\/wp\/v2\/product\/6155","targetHints":{"allow":["GET"]}}],"collection":[{"href":"https:\/\/shefmon.com\/fr\/wp-json\/wp\/v2\/product"}],"about":[{"href":"https:\/\/shefmon.com\/fr\/wp-json\/wp\/v2\/types\/product"}],"version-history":[{"count":0,"href":"https:\/\/shefmon.com\/fr\/wp-json\/wp\/v2\/product\/6155\/revisions"}],"wp:featuredmedia":[{"embeddable":true,"href":"https:\/\/shefmon.com\/fr\/wp-json\/wp\/v2\/media\/5330"}],"wp:attachment":[{"href":"https:\/\/shefmon.com\/fr\/wp-json\/wp\/v2\/media?parent=6155"}],"wp:term":[{"taxonomy":"product_brand","embeddable":true,"href":"https:\/\/shefmon.com\/fr\/wp-json\/wp\/v2\/product_brand?post=6155"},{"taxonomy":"product_cat","embeddable":true,"href":"https:\/\/shefmon.com\/fr\/wp-json\/wp\/v2\/product_cat?post=6155"},{"taxonomy":"product_tag","embeddable":true,"href":"https:\/\/shefmon.com\/fr\/wp-json\/wp\/v2\/product_tag?post=6155"}],"curies":[{"name":"wp","href":"https:\/\/api.w.org\/{rel}","templated":true}]}}