{"id":6086,"date":"2025-07-16T14:18:28","date_gmt":"2025-07-16T06:18:28","guid":{"rendered":"https:\/\/shefmon.com\/?post_type=product&#038;p=6086"},"modified":"2025-09-17T18:29:59","modified_gmt":"2025-09-17T10:29:59","slug":"e0435-womens-postpartum-repair-new-ems-chair-pelvic-floor-chair-ems-pelvic-floor-muscle-stimulator","status":"publish","type":"product","link":"https:\/\/shefmon.com\/fr\/product\/e0435-womens-postpartum-repair-new-ems-chair-pelvic-floor-chair-ems-pelvic-floor-muscle-stimulator\/","title":{"rendered":"E0435 R\u00e9paration post-partum pour femmes Nouvelle chaise EMS Chaise pour le plancher pelvien Stimulateur musculaire du plancher pelvien EMS"},"content":{"rendered":"<div class=\"J_module\">\n<div class=\"detail-decorate-json-renderer-container\">\n<div class=\"magic-15\">\n<div class=\"magic-27\"><strong><span class=\"magic-29\" data-spm-anchor-id=\"a2700.details-description.0.i10.783a3n2I3n2I5j\">Technologie<\/span><\/strong><\/div>\n<div class=\"magic-16\">\n<div class=\"magic-17\">\n<div class=\"magic-18\">\n<div><span class=\"magic-28\">Ce produit utilise une technologie d&#039;impulsion focalis\u00e9e d&#039;\u00e9nergie \u00e9lectromagn\u00e9tique, l&#039;ensemble du traitement est s\u00fbr et non invasif, <\/span><\/div>\n<div><span class=\"magic-28\" data-spm-anchor-id=\"a2700.details-description.0.i11.783a3n2I3n2I5j\">Pendant le traitement, l\u2019\u00e9nergie peut p\u00e9n\u00e9trer profond\u00e9ment dans les muscles du plancher pelvien et stimuler toute la zone du plancher pelvien. <\/span><\/div>\n<div><span class=\"magic-28\">Un traitement \u00e9quivaut \u00e0 12 000 contractions des muscles du plancher pelvien, ce qui peut renforcer les muscles du bassin, \u00e9viter les fuites urinaires et am\u00e9liorer la sensibilit\u00e9 sexuelle.<\/span><\/div>\n<div><span class=\"magic-28\">La technologie \u00e9met une \u00e9nergie \u00e9lectromagn\u00e9tique focalis\u00e9e qui induit des contractions musculaires supramaximales dans la r\u00e9gion du plancher pelvien. <\/span><\/div>\n<div data-spm-anchor-id=\"a2700.details-description.0.i5.783a3n2I3n2I5j\">\n<p><span class=\"magic-28\">Cette stimulation musculaire profonde offre des avantages par rapport aux exercices de Kegel. Cette proc\u00e9dure est utilis\u00e9e pour traiter l&#039;incontinence urinaire chez la femme.<\/span><\/p>\n<div><img fetchpriority=\"high\" decoding=\"async\" class=\"alignnone size-medium wp-image-5308\" src=\"https:\/\/shefmon.com\/wp-content\/uploads\/2025\/07\/6-300x300.jpg\" alt=\"\" width=\"300\" height=\"300\" srcset=\"https:\/\/shefmon.com\/wp-content\/uploads\/2025\/07\/6-300x300.jpg 300w, https:\/\/shefmon.com\/wp-content\/uploads\/2025\/07\/6-150x150.jpg 150w, https:\/\/shefmon.com\/wp-content\/uploads\/2025\/07\/6-600x600.jpg 600w, https:\/\/shefmon.com\/wp-content\/uploads\/2025\/07\/6.jpg 750w\" sizes=\"(max-width: 300px) 100vw, 300px\" \/><\/div>\n<\/div>\n<\/div>\n<\/div>\n<\/div>\n<\/div>\n<\/div>\n<\/div>\n<div class=\"J_module\">\n<div class=\"detail-decorate-json-renderer-container\">\n<div class=\"magic-15\">\n<div class=\"magic-25\"><\/div>\n<div class=\"magic-16\">\n<div class=\"magic-17\">\n<div class=\"magic-18\" data-spm-anchor-id=\"a2700.details-description.0.i6.783a3n2I3n2I5j\">\n<p><b><span class=\"magic-29\">PROJET INSTRUMENT (homme)<\/span><\/b><\/p>\n<div data-spm-anchor-id=\"a2700.details-description.0.i8.783a3n2I3n2I5j\"><span class=\"magic-28\">1. Reprendre le contr\u00f4le du corps <\/span><\/div>\n<div><span class=\"magic-28\">2. Renforcer les muscles du plancher pelvien.<\/span><\/div>\n<div><span class=\"magic-28\">3. Am\u00e9liorer la capacit\u00e9 globale. <\/span><\/div>\n<div><span class=\"magic-28\">4. Augmenter la fr\u00e9quence des mictions. <\/span><\/div>\n<div><span class=\"magic-28\">5. \u00c9vitez l\u2019incontinence urinaire apr\u00e8s le vieillissement.<\/span><\/div>\n<div><span class=\"magic-28\">6. Am\u00e9liorer la chute d&#039;urine.<\/span><\/div>\n<div><span class=\"magic-28\"><img decoding=\"async\" class=\"alignnone size-medium wp-image-5305 lazyload\" data-src=\"https:\/\/shefmon.com\/wp-content\/uploads\/2025\/07\/3-300x300.jpg\" alt=\"\" width=\"300\" height=\"300\" data-srcset=\"https:\/\/shefmon.com\/wp-content\/uploads\/2025\/07\/3-300x300.jpg 300w, https:\/\/shefmon.com\/wp-content\/uploads\/2025\/07\/3-150x150.jpg 150w, https:\/\/shefmon.com\/wp-content\/uploads\/2025\/07\/3-600x600.jpg 600w, https:\/\/shefmon.com\/wp-content\/uploads\/2025\/07\/3.jpg 750w\" data-sizes=\"(max-width: 300px) 100vw, 300px\" src=\"data:image\/gif;base64,R0lGODlhAQABAAAAACH5BAEKAAEALAAAAAABAAEAAAICTAEAOw==\" style=\"--smush-placeholder-width: 300px; --smush-placeholder-aspect-ratio: 300\/300;\" \/><\/span><\/div>\n<div><span class=\"magic-29\"><br \/>\n<\/span><\/p>\n<div><span class=\"magic-30\"> <b class=\"magic-30\"><span class=\"magic-29\">PROJET INSTRUMENT (f\u00e9minin)<\/span> <\/b><\/span><\/div>\n<div><span class=\"magic-28\">1. Reprendre le contr\u00f4le du corps Renforcer les muscles du plancher pelvien et le contr\u00f4le de la d\u00e9f\u00e9cation et de la d\u00e9f\u00e9cation. <\/span><\/div>\n<div><span class=\"magic-28\">2. Am\u00e9liore le prolapsus de la vessie, de l\u2019ut\u00e9rus ou de l\u2019intestin caus\u00e9 par la relaxation des muscles du plancher pelvien.<\/span><\/div>\n<div><span class=\"magic-28\">3. R\u00e9duisez les fuites urinaires caus\u00e9es par la toux, les \u00e9ternuements ou les sauts.<\/span><\/div>\n<div><span class=\"magic-28\">4. Am\u00e9liore le tonus musculaire (en particulier avant l\u2019allaitement) et pr\u00e9vient l\u2019incontinence urinaire d\u2019effort post-partum. <\/span><\/div>\n<div data-spm-anchor-id=\"a2700.details-description.0.i7.783a3n2I3n2I5j\"><span class=\"magic-28\">5. Resserre le vagin et am\u00e9liore la satisfaction sexuelle.<\/span><\/div>\n<div data-spm-anchor-id=\"a2700.details-description.0.i7.783a3n2I3n2I5j\"><img decoding=\"async\" class=\"alignnone size-medium wp-image-5306 lazyload\" data-src=\"https:\/\/shefmon.com\/wp-content\/uploads\/2025\/07\/4-300x300.jpg\" alt=\"\" width=\"300\" height=\"300\" data-srcset=\"https:\/\/shefmon.com\/wp-content\/uploads\/2025\/07\/4-300x300.jpg 300w, https:\/\/shefmon.com\/wp-content\/uploads\/2025\/07\/4-150x150.jpg 150w, https:\/\/shefmon.com\/wp-content\/uploads\/2025\/07\/4-600x600.jpg 600w, https:\/\/shefmon.com\/wp-content\/uploads\/2025\/07\/4.jpg 750w\" data-sizes=\"(max-width: 300px) 100vw, 300px\" src=\"data:image\/gif;base64,R0lGODlhAQABAAAAACH5BAEKAAEALAAAAAABAAEAAAICTAEAOw==\" style=\"--smush-placeholder-width: 300px; --smush-placeholder-aspect-ratio: 300\/300;\" \/><\/div>\n<\/div>\n<\/div>\n<\/div>\n<\/div>\n<\/div>\n<\/div>\n<\/div>","protected":false},"excerpt":{"rendered":"<p>Avantages de la chaise Emslim en tant que chaise sexuelle<\/p>\n<p>1. renforcer le muscle pubococcidien (muscle PC).<\/p>\n<p>2. pr\u00e9vention et traitement de l\u2019incontinence urinaire d\u2019effort.<\/p>\n<p>3. am\u00e9liorer la sensibilit\u00e9 et la fonction sexuelle.<\/p>\n<p>4. restaurer la tension musculaire vaginale et am\u00e9liorer la sant\u00e9 vaginale.<\/p>\n<p>5. favoriser la r\u00e9cup\u00e9ration post-partum.<\/p>\n<p>6. augmenter l&#039;\u00e9paisseur de la paroi vaginale et la lubrification apr\u00e8s la m\u00e9nopause 7. augmenter le flux sanguin et la fonction nerveuse du bassin.<\/p>","protected":false},"featured_media":5309,"template":"","meta":[],"product_brand":[],"product_cat":[76],"product_tag":[],"class_list":{"0":"post-6086","1":"product","2":"type-product","3":"status-publish","4":"has-post-thumbnail","6":"product_cat-landing-page-emslim","8":"first","9":"instock","10":"shipping-taxable","11":"product-type-simple"},"_links":{"self":[{"href":"https:\/\/shefmon.com\/fr\/wp-json\/wp\/v2\/product\/6086","targetHints":{"allow":["GET"]}}],"collection":[{"href":"https:\/\/shefmon.com\/fr\/wp-json\/wp\/v2\/product"}],"about":[{"href":"https:\/\/shefmon.com\/fr\/wp-json\/wp\/v2\/types\/product"}],"version-history":[{"count":0,"href":"https:\/\/shefmon.com\/fr\/wp-json\/wp\/v2\/product\/6086\/revisions"}],"wp:featuredmedia":[{"embeddable":true,"href":"https:\/\/shefmon.com\/fr\/wp-json\/wp\/v2\/media\/5309"}],"wp:attachment":[{"href":"https:\/\/shefmon.com\/fr\/wp-json\/wp\/v2\/media?parent=6086"}],"wp:term":[{"taxonomy":"product_brand","embeddable":true,"href":"https:\/\/shefmon.com\/fr\/wp-json\/wp\/v2\/product_brand?post=6086"},{"taxonomy":"product_cat","embeddable":true,"href":"https:\/\/shefmon.com\/fr\/wp-json\/wp\/v2\/product_cat?post=6086"},{"taxonomy":"product_tag","embeddable":true,"href":"https:\/\/shefmon.com\/fr\/wp-json\/wp\/v2\/product_tag?post=6086"}],"curies":[{"name":"wp","href":"https:\/\/api.w.org\/{rel}","templated":true}]}}