{"id":5370,"date":"2025-07-02T16:38:18","date_gmt":"2025-07-02T08:38:18","guid":{"rendered":"https:\/\/shefmon.com\/?post_type=product&#038;p=5370"},"modified":"2025-09-23T15:42:17","modified_gmt":"2025-09-23T07:42:17","slug":"machine-de-congelation-des-graisses-s9-360-pour-la-perte-de-poids-la-reduction-de-la-cellulite-la-cryolipolyse-la-congelation-des-graisses-la-cryolipolyse-la-machine-damincissement","status":"publish","type":"product","link":"https:\/\/shefmon.com\/fr\/product\/s9-360-weight-loss-fat-freezing-machine-cellulite-reduction-cryolipolysis-fat-freezing-cryolipolysis-slimming-machine\/","title":{"rendered":"Machine de cong\u00e9lation des graisses S9 360\u00b0 pour perte de poids, r\u00e9duction de la cellulite, cryolipolyse, cong\u00e9lation des graisses, machine amincissante"},"content":{"rendered":"<p><strong>Personnalisation rapide :<\/strong><br \/>\nR\u00e9alisez vos id\u00e9es de produits personnalis\u00e9s rapidement et facilement.<\/p>\n<p><strong>Envoyez-nous une demande pour nous faire part de vos besoins de personnalisation :<\/strong><\/p>\n<p>Magic est un fabricant leader de machines m\u00e9dicales et de beaut\u00e9 int\u00e9grant la recherche et le d\u00e9veloppement, la production, le marketing, les ventes et un service de solutions \u00e0 guichet unique.<\/p>\n<p><strong>Machine amincissante \u00e0 cryolipolyse 360\u00b0, gel de graisse au silicium :<\/strong><\/p>\n<p>La v\u00e9ritable cryolipolyse \u00e0 360 degr\u00e9s Cryo Angle est la derni\u00e8re technologie de refroidissement par cong\u00e9lation des graisses qui utilise un applicateur sp\u00e9cial \u00e0 360 degr\u00e9s ciblant les graisses tenaces qui r\u00e9sistent aux changements de r\u00e9gime alimentaire et d&#039;exercice, gelant, d\u00e9truisant et \u00e9liminant efficacement les cellules graisseuses sous la peau sans endommager les couches environnantes.<\/p>\n<p><strong>Avantages :<\/strong><br \/>\n1. La nouvelle technologie de refroidissement permet non seulement d&#039;obtenir un effet de refroidissement \u00e0 360\u00a0\u00bb, mais maintient \u00e9galement la m\u00eame temp\u00e9rature \u00e0 chaque position de la poign\u00e9e, \u00e9vitant ainsi les dommages caus\u00e9s par les diff\u00e9rences de temp\u00e9rature \u00e0 l&#039;utilisateur. 2. 6 inspections de s\u00e9curit\u00e9 automatiques sont r\u00e9alis\u00e9es gr\u00e2ce \u00e0 plusieurs capteurs \u00e0 l&#039;int\u00e9rieur de la machine et des proc\u00e9dures d&#039;auto-v\u00e9rification du syst\u00e8me pour assurer la s\u00e9curit\u00e9 de la machine, en mettant la s\u00e9curit\u00e9 au premier plan.<br \/>\n3. Machine amincissante pour le corps frais, syst\u00e8me de cong\u00e9lation des graisses, syst\u00e8me de beaut\u00e9 des graisses pour la cong\u00e9lation de la cellulite.<\/p>\n<p><strong>POURQUOI CRYO TEC 360 EST DIFF\u00c9RENT DES AUTRES MACHINES<\/strong><br \/>\n<strong>Temps de traitement plus court :<\/strong> Conception de tasse r\u00e9volutionnaire et quatre pi\u00e8ces \u00e0 main fonctionnant simultan\u00e9ment, \u00e9conomisent les co\u00fbts de personnel et le temps de traitement.<br \/>\n<strong>Ciblez davantage de graisses ind\u00e9sirables par traitement\u00a0:<\/strong> Pi\u00e8ce \u00e0 main \u00e0 360 degr\u00e9s, zone de refroidissement efficace 100%.<br \/>\nAction de refroidissement environnante dans tout l&#039;applicateur. Le r\u00e9sultat du traitement est bien meilleur.<br \/>\n<strong>Traitement des zones les plus tenaces :<\/strong> Les applicateurs interchangeables avec 7 contours de tailles diff\u00e9rentes nous permettent de traiter les petites et grandes zones de graisse sur le cou, les bras, le corps et les cuisses.<br \/>\n<strong>100% $raitement de s\u00e9curit\u00e9 :<\/strong> Des capteurs de temp\u00e9rature professionnels sont install\u00e9s \u00e0 l&#039;int\u00e9rieur de la poign\u00e9e pour surveiller la temp\u00e9rature de refroidissement en temps r\u00e9el afin d&#039;assurer la s\u00e9curit\u00e9 du traitement.<\/p>","protected":false},"excerpt":{"rendered":"<p><strong>Machine d&#039;amincissement par cong\u00e9lation de graisse au silicium \u00e0 360\u00b0 :<\/strong><br \/>\nNom du produit<br \/>\nMachine amincissante \u00e0 360\u00b0 pour la cong\u00e9lation des graisses au silicium<br \/>\nTension<br \/>\nCA 110 V\/220 V 50-60 Hz<br \/>\n\u00c9cran<br \/>\n\u00c9cran robuste de 10,4 pouces<br \/>\nConseils<br \/>\nNorme 5, max 7<br \/>\nTemp\u00e9rature de refroidissement<br \/>\n1 \u00e0 5 vitesses (1\u00b0C \u00e0 -15\u00b0C)<br \/>\nTemp\u00e9rature de chauffage<br \/>\n0-4 vitesses (37\u00b0C \u00e0 45\u00b0C, pr\u00e9chauffage 3 minutes)<br \/>\nAspiration sous vide<br \/>\n1 \u00e0 5 vitesses (10 \u00e0 80 kPa)<br \/>\nPuissance de sortie<br \/>\n1000 W<br \/>\nR\u00e9glage du temps<br \/>\n1 \u00e0 99 min (par d\u00e9faut 60 min)<br \/>\nServices apr\u00e8s-vente<br \/>\nSupport en ligne, support technique vid\u00e9o<\/p>","protected":false},"featured_media":5372,"template":"","meta":[],"product_brand":[],"product_cat":[73,90],"product_tag":[],"class_list":{"0":"post-5370","1":"product","2":"type-product","3":"status-publish","4":"has-post-thumbnail","6":"product_cat-cryolipolysis","7":"product_cat-lose-fat-and-body-firming","9":"first","10":"instock","11":"shipping-taxable","12":"product-type-simple"},"_links":{"self":[{"href":"https:\/\/shefmon.com\/fr\/wp-json\/wp\/v2\/product\/5370","targetHints":{"allow":["GET"]}}],"collection":[{"href":"https:\/\/shefmon.com\/fr\/wp-json\/wp\/v2\/product"}],"about":[{"href":"https:\/\/shefmon.com\/fr\/wp-json\/wp\/v2\/types\/product"}],"version-history":[{"count":0,"href":"https:\/\/shefmon.com\/fr\/wp-json\/wp\/v2\/product\/5370\/revisions"}],"wp:featuredmedia":[{"embeddable":true,"href":"https:\/\/shefmon.com\/fr\/wp-json\/wp\/v2\/media\/5372"}],"wp:attachment":[{"href":"https:\/\/shefmon.com\/fr\/wp-json\/wp\/v2\/media?parent=5370"}],"wp:term":[{"taxonomy":"product_brand","embeddable":true,"href":"https:\/\/shefmon.com\/fr\/wp-json\/wp\/v2\/product_brand?post=5370"},{"taxonomy":"product_cat","embeddable":true,"href":"https:\/\/shefmon.com\/fr\/wp-json\/wp\/v2\/product_cat?post=5370"},{"taxonomy":"product_tag","embeddable":true,"href":"https:\/\/shefmon.com\/fr\/wp-json\/wp\/v2\/product_tag?post=5370"}],"curies":[{"name":"wp","href":"https:\/\/api.w.org\/{rel}","templated":true}]}}