{"id":5328,"date":"2025-07-02T16:21:39","date_gmt":"2025-07-02T08:21:39","guid":{"rendered":"https:\/\/shefmon.com\/?post_type=product&#038;p=5328"},"modified":"2025-09-20T14:51:20","modified_gmt":"2025-09-20T06:51:20","slug":"machine-de-cryotherapie-portable-s10-pour-la-cryolipolyse-appareil-a-deux-poignees","status":"publish","type":"product","link":"https:\/\/shefmon.com\/fr\/product\/s10-criolipolisis-portatil-slimming-machine-cryotherapy-criolipolisis-machine-with-two-handles\/","title":{"rendered":"Machine de cryoth\u00e9rapie portable S10 Criolipolisis avec deux poign\u00e9es"},"content":{"rendered":"<p><strong>Param\u00e8tres:<\/strong><\/p>\n<p><strong>Nom du produit:<\/strong>\u00a0Machine d&#039;amincissement par cryoth\u00e9rapie 360\u00b0<br \/>\n<strong>Technologie:<\/strong>\u00a0Technologie de refroidissement \u00e0 360\u00b0<br \/>\n<strong>tension:<\/strong>\u00a0CA 110 V\/220 V 50-60 Hz<br \/>\n<strong>\u00c9cran:<\/strong>\u00a0\u00c9cran robuste de 10,4 pouces<br \/>\n<strong>Conseils:<\/strong>\u00a0norme 5, max 7<br \/>\n<strong>Temp\u00e9rature de refroidissement :<\/strong>\u00a01 \u00e0 5 vitesses (temp\u00e9rature de refroidissement de 1 \u00e0 -15\u2103)<br \/>\n<strong>Temp\u00e9rature de chauffage :<\/strong>\u00a00-4 vitesses (pr\u00e9chauffage pendant 3 minutes, temp\u00e9rature de chauffage 37 \u00e0 45\u2103)<br \/>\n<strong>Aspiration sous vide :<\/strong>\u00a01 \u00e0 5 vitesses (10 \u00e0 80 kPa)<br \/>\n<strong>Puissance de sortie :<\/strong>\u00a01000 W<br \/>\n<strong>Temps de prise :<\/strong>\u00a01 \u00e0 99 min (par d\u00e9faut 60 min)<\/p>","protected":false},"excerpt":{"rendered":"<p><strong>Param\u00e8tres:<\/strong><br \/>\n<strong>Nom du produit:<\/strong>\u00a0Machine d&#039;amincissement par cryoth\u00e9rapie 360\u00b0<br \/>\n<strong>Technologie:<\/strong>\u00a0Technologie de refroidissement \u00e0 360\u00b0<br \/>\n<strong>tension:<\/strong>\u00a0CA 110 V\/220 V 50-60 Hz<br \/>\n<strong>\u00c9cran:<\/strong>\u00a0\u00c9cran robuste de 10,4 pouces<br \/>\n<strong>Conseils:<\/strong>\u00a0norme 5, max 7<br \/>\n<strong>Temp\u00e9rature de refroidissement :<\/strong>\u00a01 \u00e0 5 vitesses (temp\u00e9rature de refroidissement de 1 \u00e0 -15\u2103)<br \/>\n<strong>Temp\u00e9rature de chauffage :<\/strong>\u00a00-4 vitesses (pr\u00e9chauffage pendant 3 minutes, temp\u00e9rature de chauffage 37 \u00e0 45\u2103)<br \/>\n<strong>Aspiration sous vide :<\/strong>\u00a01 \u00e0 5 vitesses (10 \u00e0 80 kPa)<br \/>\n<strong>Puissance de sortie :<\/strong>\u00a01000 W<br \/>\n<strong>Temps de prise :<\/strong>\u00a01 \u00e0 99 min (par d\u00e9faut 60 min)<\/p>","protected":false},"featured_media":5330,"template":"","meta":[],"product_brand":[],"product_cat":[73,90],"product_tag":[],"class_list":{"0":"post-5328","1":"product","2":"type-product","3":"status-publish","4":"has-post-thumbnail","6":"product_cat-cryolipolysis","7":"product_cat-lose-fat-and-body-firming","9":"first","10":"instock","11":"shipping-taxable","12":"product-type-simple"},"_links":{"self":[{"href":"https:\/\/shefmon.com\/fr\/wp-json\/wp\/v2\/product\/5328","targetHints":{"allow":["GET"]}}],"collection":[{"href":"https:\/\/shefmon.com\/fr\/wp-json\/wp\/v2\/product"}],"about":[{"href":"https:\/\/shefmon.com\/fr\/wp-json\/wp\/v2\/types\/product"}],"version-history":[{"count":0,"href":"https:\/\/shefmon.com\/fr\/wp-json\/wp\/v2\/product\/5328\/revisions"}],"wp:featuredmedia":[{"embeddable":true,"href":"https:\/\/shefmon.com\/fr\/wp-json\/wp\/v2\/media\/5330"}],"wp:attachment":[{"href":"https:\/\/shefmon.com\/fr\/wp-json\/wp\/v2\/media?parent=5328"}],"wp:term":[{"taxonomy":"product_brand","embeddable":true,"href":"https:\/\/shefmon.com\/fr\/wp-json\/wp\/v2\/product_brand?post=5328"},{"taxonomy":"product_cat","embeddable":true,"href":"https:\/\/shefmon.com\/fr\/wp-json\/wp\/v2\/product_cat?post=5328"},{"taxonomy":"product_tag","embeddable":true,"href":"https:\/\/shefmon.com\/fr\/wp-json\/wp\/v2\/product_tag?post=5328"}],"curies":[{"name":"wp","href":"https:\/\/api.w.org\/{rel}","templated":true}]}}