{"id":4969,"date":"2025-05-27T15:01:01","date_gmt":"2025-05-27T07:01:01","guid":{"rendered":"https:\/\/palegoldenrod-manatee-952098.hostingersite.com\/?post_type=product&#038;p=4969"},"modified":"2025-09-17T18:13:41","modified_gmt":"2025-09-17T10:13:41","slug":"appareil-de-beaute-pour-le-visage-au-plasma-a-fusion-froide-shefmon-coolplasma-a0145","status":"publish","type":"product","link":"https:\/\/shefmon.com\/fr\/product\/shefmon-coolplasma-cold-fusion-plasma-facial-skin-treatment-beauty-device-a0145\/","title":{"rendered":"Appareil de beaut\u00e9 pour le visage au plasma froid SHEFMON Coolplasma A0145"},"content":{"rendered":"<h2>Qu&#039;est-ce que le traitement de la peau du visage par plasma de fusion froide ?<\/h2>\n<p>Le plasma de fusion est un type de plasma g\u00e9n\u00e9r\u00e9 \u00e0 l&#039;aide de gaz conducteurs (tels que l&#039;h\u00e9lium, l&#039;argon, le n\u00e9on, l&#039;hydrog\u00e8ne, etc.), froid au toucher. Il ne faut pas confondre plasma froid et plasma chaud. Ce plasma chaud peut \u00eatre g\u00e9n\u00e9r\u00e9 sans gaz et est tr\u00e8s chaud au toucher. Le plasma de fusion se distingue de nombreux dispositifs du march\u00e9 qui se pr\u00e9sentent comme du \u00ab\u00a0plasma froid\u00a0\u00bb. Il combine les technologies du plasma froid et du plasma chaud en un seul syst\u00e8me. Gr\u00e2ce \u00e0 sa technologie d&#039;ionisation unique, l&#039;argon ou l&#039;h\u00e9lium peuvent g\u00e9n\u00e9rer des plasmas diff\u00e9rents.<\/p>\n<p>L&#039;instrument utilise une technologie sp\u00e9cifique et un champ \u00e9lectrique \u00e0 haute fr\u00e9quence ou une autre source d&#039;\u00e9nergie dans un environnement gazeux sp\u00e9cifique (comme l&#039;azote, l&#039;argon dans l&#039;air) pour ioniser les mol\u00e9cules de gaz afin de former du plasma.<br \/>\nCe plasma est compos\u00e9 d\u2019\u00e9lectrons, d\u2019ions, de particules neutres et de photons, et est une substance dans un \u00e9tat hautement activ\u00e9.<br \/>\nIl peut favoriser la production de collag\u00e8ne, tuer les bact\u00e9ries et r\u00e9duire l&#039;inflammation, blanchir la peau, etc.<\/p>\n<h2>Quels sont les avantages du plasma de fusion ?<\/h2>\n<p>Il cible efficacement l&#039;acn\u00e9, le psoriasis, la rosac\u00e9e, l&#039;hyperpigmentation, stimule la croissance des cheveux, r\u00e9duit l&#039;inflammation, acc\u00e9l\u00e8re la cicatrisation des plaies et am\u00e9liore l&#039;absorption des produits de soin de la peau.<\/p>\n<h2>Poign\u00e9es Fusion Plasma<\/h2>\n<p><strong>1. Poign\u00e9e Fusion Plasma<\/strong><br \/>\n\u2014\u2014Rajeunissement, r\u00e9paration et r\u00e9g\u00e9n\u00e9ration de la peau<\/p>\n<p><img decoding=\"async\" class=\"alignnone wp-image-4955 size-thumbnail lazyload\" data-src=\"https:\/\/shefmon.com\/wp-content\/uploads\/2025\/05\/A0145-cold-plasma-2.1-150x150.webp\" alt=\"Appareil \u00e0 plasma froid 10 en 1, appareil anti-\u00e2ge pour lifting de la peau, machine \u00e0 plasma chaud et froid\" width=\"150\" height=\"150\" data-srcset=\"https:\/\/shefmon.com\/wp-content\/uploads\/2025\/05\/A0145-cold-plasma-2.1-150x150.webp 150w, https:\/\/shefmon.com\/wp-content\/uploads\/2025\/05\/A0145-cold-plasma-2.1-300x300.webp 300w\" data-sizes=\"(max-width: 150px) 100vw, 150px\" src=\"data:image\/gif;base64,R0lGODlhAQABAAAAACH5BAEKAAEALAAAAAABAAEAAAICTAEAOw==\" style=\"--smush-placeholder-width: 150px; --smush-placeholder-aspect-ratio: 150\/150;\" \/><br \/>\n\u00c9limine avec pr\u00e9cision les cellules mortes de l&#039;\u00e9piderme sans provoquer de mode de rajeunissement de la peau sensible, rendant la peau plus saine et plus \u00e9clatante.<br \/>\nParall\u00e8lement, il favorise la dilatation des vaisseaux sanguins cutan\u00e9s, augmente le flux sanguin et am\u00e9liore la microcirculation cutan\u00e9e. Une bonne microcirculation peut apporter davantage de nutriments et d&#039;oxyg\u00e8ne aux cellules cutan\u00e9es.<br \/>\nDes micro-plaies se formeront pendant l\u2019op\u00e9ration plasma, ce qui favorisera la r\u00e9paration de la fonction barri\u00e8re cutan\u00e9e et stimulera la r\u00e9g\u00e9n\u00e9ration du collag\u00e8ne cutan\u00e9.<br \/>\n2. Poign\u00e9e plasma en flocons<br \/>\n\u2014\u2014Am\u00e9liorer le microenvironnement du cuir chevelu<\/p>\n<p><img decoding=\"async\" class=\"alignnone wp-image-4953 size-thumbnail lazyload\" data-src=\"https:\/\/shefmon.com\/wp-content\/uploads\/2025\/05\/A0145-cold-plasma-1.1-150x150.webp\" alt=\"Appareil \u00e0 plasma froid 10 en 1, appareil anti-\u00e2ge pour lifting de la peau, machine \u00e0 plasma chaud et froid\" width=\"150\" height=\"150\" data-srcset=\"https:\/\/shefmon.com\/wp-content\/uploads\/2025\/05\/A0145-cold-plasma-1.1-150x150.webp 150w, https:\/\/shefmon.com\/wp-content\/uploads\/2025\/05\/A0145-cold-plasma-1.1-300x300.webp 300w\" data-sizes=\"(max-width: 150px) 100vw, 150px\" src=\"data:image\/gif;base64,R0lGODlhAQABAAAAACH5BAEKAAEALAAAAAABAAEAAAICTAEAOw==\" style=\"--smush-placeholder-width: 150px; --smush-placeholder-aspect-ratio: 150\/150;\" \/><br \/>\nPour les personnes souffrant d&#039;inflammation du cuir chevelu, comme la dermatite s\u00e9borrh\u00e9ique, la folliculite, etc., l&#039;effet anti-inflammatoire de l&#039;\u00e9quipement de beaut\u00e9 au plasma peut r\u00e9duire la r\u00e9ponse inflammatoire et inhiber efficacement la croissance et la reproduction de micro-organismes tels que les bact\u00e9ries et les champignons sur le cuir chevelu.<br \/>\nIl peut soulager les rougeurs du cuir chevelu, les gonflements, les d\u00e9mangeaisons, la douleur et d&#039;autres sympt\u00f4mes d&#039;inconfort, et cr\u00e9er un bon environnement du cuir chevelu pour la croissance des cheveux.<br \/>\n3. Manche plasma diamant\u00e9<br \/>\n\u2014\u2014Anti-\u00e2ge pr\u00e9cis<\/p>\n<p><img decoding=\"async\" class=\"alignnone wp-image-4957 size-thumbnail lazyload\" data-src=\"https:\/\/shefmon.com\/wp-content\/uploads\/2025\/05\/A0145-cold-plasma-3.1-150x150.webp\" alt=\"Appareil \u00e0 plasma froid 10 en 1, appareil anti-\u00e2ge pour lifting de la peau, machine \u00e0 plasma chaud et froid\" width=\"150\" height=\"150\" data-srcset=\"https:\/\/shefmon.com\/wp-content\/uploads\/2025\/05\/A0145-cold-plasma-3.1-150x150.webp 150w, https:\/\/shefmon.com\/wp-content\/uploads\/2025\/05\/A0145-cold-plasma-3.1-300x300.webp 300w\" data-sizes=\"(max-width: 150px) 100vw, 150px\" src=\"data:image\/gif;base64,R0lGODlhAQABAAAAACH5BAEKAAEALAAAAAABAAEAAAICTAEAOw==\" style=\"--smush-placeholder-width: 150px; --smush-placeholder-aspect-ratio: 150\/150;\" \/><br \/>\nL&#039;\u00e9nergie plasmatique peut agir directement sur les fibroblastes cutan\u00e9s. Les fibroblastes sont les principales cellules synth\u00e9tisant le collag\u00e8ne et les fibres \u00e9lastiques. L&#039;\u00e9nergie plasmatique peut activer l&#039;activit\u00e9 de ces cellules et les inciter \u00e0 augmenter la s\u00e9cr\u00e9tion et la synth\u00e8se de collag\u00e8ne et de fibres \u00e9lastiques.<br \/>\nL&#039;\u00e9nergie plasma peut dilater les vaisseaux sanguins cutan\u00e9s et augmenter l&#039;afflux sanguin. Une bonne circulation sanguine est essentielle \u00e0 la sant\u00e9 de la peau. Elle apporte aux cellules cutan\u00e9es suffisamment d&#039;oxyg\u00e8ne et de nutriments, tels que la vitamine C, la vitamine E, les acides amin\u00e9s, etc. Ces nutriments sont essentiels au maintien du fonctionnement normal et de la capacit\u00e9 antioxydante des cellules cutan\u00e9es.<br \/>\n4. Poign\u00e9e plasma \u00e0 aiguille droite<br \/>\n\u2014\u2014M\u00e9tabolisme des pigments<\/p>\n<p><img decoding=\"async\" class=\"alignnone wp-image-4958 size-thumbnail lazyload\" data-src=\"https:\/\/shefmon.com\/wp-content\/uploads\/2025\/05\/A0145-cold-plasma-4.1-150x150.webp\" alt=\"Appareil \u00e0 plasma froid 10 en 1, appareil anti-\u00e2ge pour lifting de la peau, machine \u00e0 plasma chaud et froid\" width=\"150\" height=\"150\" data-srcset=\"https:\/\/shefmon.com\/wp-content\/uploads\/2025\/05\/A0145-cold-plasma-4.1-150x150.webp 150w, https:\/\/shefmon.com\/wp-content\/uploads\/2025\/05\/A0145-cold-plasma-4.1-300x300.webp 300w\" data-sizes=\"(max-width: 150px) 100vw, 150px\" src=\"data:image\/gif;base64,R0lGODlhAQABAAAAACH5BAEKAAEALAAAAAABAAEAAAICTAEAOw==\" style=\"--smush-placeholder-width: 150px; --smush-placeholder-aspect-ratio: 150\/150;\" \/><br \/>\nUne fois que le plasma \u00e0 haute \u00e9nergie entre en contact avec la peau, il peut \u00eatre transf\u00e9r\u00e9 \u00e0 la surface de la peau, formant une exfoliation non gaz\u00e9ifi\u00e9e contr\u00f4lable d&#039;une profondeur de 100 \u00e0 150 \u00b5m dans l&#039;\u00e9piderme et le derme superficiel de la peau, \u00e0 savoir la \u00ab zone de micro-exfoliation \u00bb, qui peut \u00e9liminer les peaux mortes pigment\u00e9es et en m\u00eame temps produire un effet thermique pour stimuler le derme de la peau et favoriser la r\u00e9paration et le r\u00e9arrangement des fibres de collag\u00e8ne et des fibres \u00e9lastiques dans le derme.<br \/>\n5. Poign\u00e9e plasma en c\u00e9ramique<br \/>\n\u2014\u2014\u00c9limination de l&#039;acn\u00e9 et st\u00e9rilisation<\/p>\n<p><img decoding=\"async\" class=\"alignnone wp-image-4960 size-thumbnail lazyload\" data-src=\"https:\/\/shefmon.com\/wp-content\/uploads\/2025\/05\/A0145-cold-plasma-5.1-150x150.webp\" alt=\"\" width=\"150\" height=\"150\" data-srcset=\"https:\/\/shefmon.com\/wp-content\/uploads\/2025\/05\/A0145-cold-plasma-5.1-150x150.webp 150w, https:\/\/shefmon.com\/wp-content\/uploads\/2025\/05\/A0145-cold-plasma-5.1-300x300.webp 300w\" data-sizes=\"(max-width: 150px) 100vw, 150px\" src=\"data:image\/gif;base64,R0lGODlhAQABAAAAACH5BAEKAAEALAAAAAABAAEAAAICTAEAOw==\" style=\"--smush-placeholder-width: 150px; --smush-placeholder-aspect-ratio: 150\/150;\" \/><br \/>\nLe plasma contient diverses particules actives, telles que des \u00e9lectrons, des ions et des radicaux libres. Ces particules, dot\u00e9es d&#039;une \u00e9nergie \u00e9lev\u00e9e, peuvent d\u00e9truire les parois et les membranes cellulaires des bact\u00e9ries. Au contact des bact\u00e9ries, les particules actives heurtent leur surface, d\u00e9truisant ainsi la structure des parois et des membranes cellulaires, provoquant ainsi une fuite de substances intracellulaires, permettant ainsi la st\u00e9rilisation.<br \/>\nPar exemple, le plasma peut tuer efficacement Propionibacterium acnes, responsable de l\u2019acn\u00e9, r\u00e9duire le nombre de bact\u00e9ries \u00e0 la surface de la peau et r\u00e9duire le risque de r\u00e9ponse inflammatoire.<br \/>\n6. Grande poign\u00e9e plasma \u00e0 aiguille \u00e0 rouleau<br \/>\n\u2014\u2014Perm\u00e9ation ionique<\/p>\n<p><img decoding=\"async\" class=\"alignnone wp-image-4965 size-thumbnail lazyload\" data-src=\"https:\/\/shefmon.com\/wp-content\/uploads\/2025\/05\/A0145-cold-plasma-8-150x150.webp\" alt=\"Appareil \u00e0 plasma froid 10 en 1, appareil anti-\u00e2ge pour lifting de la peau, machine \u00e0 plasma chaud et froid\" width=\"150\" height=\"150\" data-srcset=\"https:\/\/shefmon.com\/wp-content\/uploads\/2025\/05\/A0145-cold-plasma-8-150x150.webp 150w, https:\/\/shefmon.com\/wp-content\/uploads\/2025\/05\/A0145-cold-plasma-8-300x300.webp 300w\" data-sizes=\"(max-width: 150px) 100vw, 150px\" src=\"data:image\/gif;base64,R0lGODlhAQABAAAAACH5BAEKAAEALAAAAAABAAEAAAICTAEAOw==\" style=\"--smush-placeholder-width: 150px; --smush-placeholder-aspect-ratio: 150\/150;\" \/><br \/>\nGr\u00e2ce \u00e0 la technologie de rupture d&#039;aiguilles par plasma, les particules actives agissent sur les cellules de la couche corn\u00e9e de la peau, desserrant ainsi les connexions entre elles et formant de minuscules canaux. Ces canaux permettent aux nutriments contenus dans les produits de soin, tels que les vitamines, les min\u00e9raux et les extraits de plantes, de p\u00e9n\u00e9trer plus facilement la couche corn\u00e9e et de p\u00e9n\u00e9trer les couches profondes de la peau.<br \/>\nL&#039;\u00e9nergie du plasma peut activer diverses activit\u00e9s enzymatiques dans les cellules de la peau, qui jouent un r\u00f4le cl\u00e9 dans le m\u00e9tabolisme mat\u00e9riel de la cellule et l&#039;absorption des nutriments.<br \/>\n7.Petite poign\u00e9e \u00e0 plasma \u00e0 aiguille \u00e0 rouleau<br \/>\n\u2014\u2014R\u00e9g\u00e9n\u00e9ration des cicatrices<\/p>\n<p><img decoding=\"async\" class=\"alignnone wp-image-4962 size-thumbnail lazyload\" data-src=\"https:\/\/shefmon.com\/wp-content\/uploads\/2025\/05\/A0145-cold-plasma-6.1-150x150.webp\" alt=\"Appareil \u00e0 plasma froid 10 en 1, appareil anti-\u00e2ge pour lifting de la peau, machine \u00e0 plasma chaud et froid\" width=\"150\" height=\"150\" data-srcset=\"https:\/\/shefmon.com\/wp-content\/uploads\/2025\/05\/A0145-cold-plasma-6.1-150x150.webp 150w, https:\/\/shefmon.com\/wp-content\/uploads\/2025\/05\/A0145-cold-plasma-6.1-300x300.webp 300w\" data-sizes=\"(max-width: 150px) 100vw, 150px\" src=\"data:image\/gif;base64,R0lGODlhAQABAAAAACH5BAEKAAEALAAAAAABAAEAAAICTAEAOw==\" style=\"--smush-placeholder-width: 150px; --smush-placeholder-aspect-ratio: 150\/150;\" \/><br \/>\nLes particules actives du plasma peuvent d\u00e9grader certaines des structures r\u00e9ticul\u00e9es de fibronectine et de collag\u00e8ne du tissu cicatriciel. Ces structures r\u00e9ticul\u00e9es durcissent le tissu cicatriciel et, en les d\u00e9gradant, r\u00e9duisent sa duret\u00e9, provoquant ainsi son ramollissement progressif.<br \/>\nDe plus, le plasma stimule les fibroblastes \u00e0 synth\u00e9tiser et \u00e0 s\u00e9cr\u00e9ter certaines m\u00e9talloprot\u00e9inases matricielles, qui peuvent d\u00e9grader les composants anormaux de la matrice extracellulaire dans le tissu cicatriciel, favoriser davantage le ramollissement et le remodelage du tissu cicatriciel et am\u00e9liorer la flexibilit\u00e9 et l&#039;\u00e9lasticit\u00e9 des cicatrices.<br \/>\n8. Poign\u00e9e plasma tampon<br \/>\n\u2014\u2014Microdermabrasion locale des cicatrices d&#039;acn\u00e9<\/p>\n<p><img decoding=\"async\" class=\"alignnone wp-image-4963 size-thumbnail lazyload\" data-src=\"https:\/\/shefmon.com\/wp-content\/uploads\/2025\/05\/A0145-cold-plasma-7.1-150x150.webp\" alt=\"\" width=\"150\" height=\"150\" data-srcset=\"https:\/\/shefmon.com\/wp-content\/uploads\/2025\/05\/A0145-cold-plasma-7.1-150x150.webp 150w, https:\/\/shefmon.com\/wp-content\/uploads\/2025\/05\/A0145-cold-plasma-7.1-300x300.webp 300w\" data-sizes=\"(max-width: 150px) 100vw, 150px\" src=\"data:image\/gif;base64,R0lGODlhAQABAAAAACH5BAEKAAEALAAAAAABAAEAAAICTAEAOw==\" style=\"--smush-placeholder-width: 150px; --smush-placeholder-aspect-ratio: 150\/150;\" \/><br \/>\nL\u2019\u00e9nergie plasmatique peut stimuler la division et la prolif\u00e9ration des cellules basales de la peau et acc\u00e9l\u00e9rer le m\u00e9tabolisme des cellules de la peau.<br \/>\nCela permet aux anciennes cellules endommag\u00e9es des cicatrices d\u2019acn\u00e9 d\u2019\u00eatre remplac\u00e9es plus rapidement par de nouvelles cellules, contribuant ainsi \u00e0 am\u00e9liorer la texture et la couleur de la peau des cicatrices d\u2019acn\u00e9 et \u00e0 revenir progressivement \u00e0 la normale.<\/p>\n<h3>Approche th\u00e9rapeutique combin\u00e9e du plasma de fusion<\/h3>\n<p>1. Produits + Machine \u00e0 plasma de fusion<br \/>\nUtilisez les produits adapt\u00e9s aux besoins de votre peau, tels que les produits blanchissants, anti-acn\u00e9iques et hydratants, et associez-les au mode plasma correspondant. L&#039;effet de superposition est 1+1&gt;2. Par exemple, le manche plasma fusionn\u00e9 est associ\u00e9 \u00e0 des produits de rajeunissement, d&#039;hydratation et de r\u00e9paration de la peau.<br \/>\n2. Machine photo\u00e9lectrique + plasma de fusion<br \/>\nPour les affections cutan\u00e9es telles que les fosses d&#039;acn\u00e9 et les cicatrices d&#039;acn\u00e9, vous pouvez utiliser la picoseconde ou le photon pour extraire les pigments de la zone des cicatrices d&#039;acn\u00e9 et utiliser la poign\u00e9e plasma du tampon pour stimuler la r\u00e9g\u00e9n\u00e9ration de la zone des fosses d&#039;acn\u00e9.<\/p>\n<p><img decoding=\"async\" class=\"alignnone wp-image-4968 lazyload\" data-src=\"https:\/\/shefmon.com\/wp-content\/uploads\/2025\/05\/A0145-acne-removal-before-after-300x300.webp\" alt=\"\u00e9limination de l&#039;acn\u00e9 \u00e0 Sheffield avant apr\u00e8s\" width=\"500\" height=\"500\" data-srcset=\"https:\/\/shefmon.com\/wp-content\/uploads\/2025\/05\/A0145-acne-removal-before-after-300x300.webp 300w, https:\/\/shefmon.com\/wp-content\/uploads\/2025\/05\/A0145-acne-removal-before-after-150x150.webp 150w, https:\/\/shefmon.com\/wp-content\/uploads\/2025\/05\/A0145-acne-removal-before-after-600x600.webp 600w, https:\/\/shefmon.com\/wp-content\/uploads\/2025\/05\/A0145-acne-removal-before-after-768x768.webp 768w, https:\/\/shefmon.com\/wp-content\/uploads\/2025\/05\/A0145-acne-removal-before-after.webp 1000w\" data-sizes=\"(max-width: 500px) 100vw, 500px\" src=\"data:image\/gif;base64,R0lGODlhAQABAAAAACH5BAEKAAEALAAAAAABAAEAAAICTAEAOw==\" style=\"--smush-placeholder-width: 500px; --smush-placeholder-aspect-ratio: 500\/500;\" \/><\/p>","protected":false},"excerpt":{"rendered":"<p><strong>Fonctions:<\/strong><br \/>\n<strong>1. St\u00e9rilisation et d\u00e9sinfection :<\/strong> Le plasma froid peut tuer efficacement les bact\u00e9ries, les champignons et les virus, et convient au traitement de l&#039;acn\u00e9 et des infections cutan\u00e9es.<br \/>\n<strong>2. Favoriser la gu\u00e9rison :<\/strong> En stimulant la r\u00e9g\u00e9n\u00e9ration cellulaire et la production de collag\u00e8ne, il acc\u00e9l\u00e8re la cicatrisation des plaies et r\u00e9duit les cicatrices.<br \/>\n<strong>3. Anti-\u00e2ge :<\/strong> Il favorise la production de collag\u00e8ne et d\u2019\u00e9lastine, r\u00e9duit les ridules et les rides et am\u00e9liore l\u2019\u00e9lasticit\u00e9 de la peau.<br \/>\n<strong>4. Am\u00e9liorer la qualit\u00e9 de la peau :<\/strong> Il aide \u00e0 \u00e9liminer les cellules mortes de la peau, favorise le m\u00e9tabolisme et rend la peau plus lisse et plus d\u00e9licate.<br \/>\n<strong>5. Anti-inflammatoire :<\/strong> Il soulage l\u2019inflammation cutan\u00e9e et convient au traitement des maladies inflammatoires de la peau telles que l\u2019ecz\u00e9ma et la dermatite.<\/p>\n<p><strong>Param\u00e8tres:<\/strong><br \/>\nNom du produit : Appareil de beaut\u00e9 au plasma froid Coolplasma<br \/>\n\u00c9cran tactile capacitif en verre tremp\u00e9 : 15 pouces<br \/>\n\u00c9cran tactile : AC100V~240V, 50Hz-60Hz<br \/>\nPuissance : 10-200 W<br \/>\nTaille de la machine : 48,5\u271840\u271847cm<br \/>\nPoids brut : 23 kg<\/p>\n<p><strong>Emballage inclus:<\/strong><br \/>\n1 x h\u00f4te d&#039;appareil de beaut\u00e9 \u00e0 plasma froid<br \/>\n1 x 2 poign\u00e9es<br \/>\n8 x t\u00eates de rechange<\/p>","protected":false},"featured_media":4954,"template":"","meta":[],"product_brand":[],"product_cat":[86,81],"product_tag":[],"class_list":{"0":"post-4969","1":"product","2":"type-product","3":"status-publish","4":"has-post-thumbnail","6":"product_cat-skin-care-and-facial-rejuvenation","7":"product_cat-mnrf-microneedling","9":"first","10":"instock","11":"shipping-taxable","12":"product-type-simple"},"_links":{"self":[{"href":"https:\/\/shefmon.com\/fr\/wp-json\/wp\/v2\/product\/4969","targetHints":{"allow":["GET"]}}],"collection":[{"href":"https:\/\/shefmon.com\/fr\/wp-json\/wp\/v2\/product"}],"about":[{"href":"https:\/\/shefmon.com\/fr\/wp-json\/wp\/v2\/types\/product"}],"version-history":[{"count":0,"href":"https:\/\/shefmon.com\/fr\/wp-json\/wp\/v2\/product\/4969\/revisions"}],"wp:featuredmedia":[{"embeddable":true,"href":"https:\/\/shefmon.com\/fr\/wp-json\/wp\/v2\/media\/4954"}],"wp:attachment":[{"href":"https:\/\/shefmon.com\/fr\/wp-json\/wp\/v2\/media?parent=4969"}],"wp:term":[{"taxonomy":"product_brand","embeddable":true,"href":"https:\/\/shefmon.com\/fr\/wp-json\/wp\/v2\/product_brand?post=4969"},{"taxonomy":"product_cat","embeddable":true,"href":"https:\/\/shefmon.com\/fr\/wp-json\/wp\/v2\/product_cat?post=4969"},{"taxonomy":"product_tag","embeddable":true,"href":"https:\/\/shefmon.com\/fr\/wp-json\/wp\/v2\/product_tag?post=4969"}],"curies":[{"name":"wp","href":"https:\/\/api.w.org\/{rel}","templated":true}]}}