{"id":4730,"date":"2024-12-27T15:05:51","date_gmt":"2024-12-27T07:05:51","guid":{"rendered":"https:\/\/palegoldenrod-manatee-952098.hostingersite.com\/?post_type=product&#038;p=4730"},"modified":"2025-09-17T18:15:05","modified_gmt":"2025-09-17T10:15:05","slug":"machine-de-therapie-endolift-a-bille-interne-rollerzero-pour-le-remodelage-du-corps","status":"publish","type":"product","link":"https:\/\/shefmon.com\/fr\/product\/inner-ball-rollerzero-endolift-therapy-machine-for-body-shaping\/","title":{"rendered":"Appareil de th\u00e9rapie EndoLift XC102 Inner Ball RollerZERO pour la mise en forme du corps"},"content":{"rendered":"<h2><strong>Qu&#039;est-ce que RollerZERO et comment fonctionne-t-il ?<\/strong><\/h2>\n<p><a href=\"https:\/\/palegoldenrod-manatee-952098.hostingersite.com\/what-is-endospheres-and-rollerzero\/\" rel=\"nofollow noopener\" target=\"_blank\">RollerZERO<\/a> est un appareil personnel de pointe con\u00e7u pour vous offrir une th\u00e9rapie de qualit\u00e9 professionnelle \u00e0 domicile. Ses fonctionnalit\u00e9s avanc\u00e9es le rendent polyvalent, convivial et efficace pour r\u00e9pondre \u00e0 divers besoins, notamment le modelage corporel, l&#039;am\u00e9lioration du grain de peau et la relaxation.<\/p>\n<p><img fetchpriority=\"high\" decoding=\"async\" class=\"alignnone size-full wp-image-4725\" src=\"https:\/\/shefmon.com\/wp-content\/uploads\/2024\/12\/rollerzero-shefmon.jpg\" alt=\"qu&#039;est-ce que la th\u00e9rapie par endosph\u00e8res\" width=\"750\" height=\"750\" srcset=\"https:\/\/shefmon.com\/wp-content\/uploads\/2024\/12\/rollerzero-shefmon.jpg 750w, https:\/\/shefmon.com\/wp-content\/uploads\/2024\/12\/rollerzero-shefmon-300x300.jpg 300w, https:\/\/shefmon.com\/wp-content\/uploads\/2024\/12\/rollerzero-shefmon-150x150.jpg 150w, https:\/\/shefmon.com\/wp-content\/uploads\/2024\/12\/rollerzero-shefmon-600x600.jpg 600w\" sizes=\"(max-width: 750px) 100vw, 750px\" \/><\/p>\n<h3><strong>Principales caract\u00e9ristiques de RollerZERO<\/strong><\/h3>\n<ol>\n<li><strong>Conception innovante de l&#039;\u00e9cran tactile<\/strong>\n<ul>\n<li>\u00c9quip\u00e9 d&#039;un \u00e9cran tactile capacitif IPS plein \u00e9cran de 4,3 pouces.<\/li>\n<li>Interface intuitive pour une utilisation sans effort.<\/li>\n<\/ul>\n<\/li>\n<li><strong>Moteur haute performance<\/strong>\n<ul>\n<li>Moteur sans balais \u00e0 6 fentes et 4 p\u00f4les avec une vitesse \u00e0 vide de 7 900 tr\/min et une vitesse de charge de 6 000 tr\/min.<\/li>\n<li>Fournit un couple de 500 g*cm pour des performances constantes.<\/li>\n<\/ul>\n<\/li>\n<li><strong>Vitesse et rotation personnalisables<\/strong>\n<ul>\n<li>10 niveaux de vitesse r\u00e9glables selon vos pr\u00e9f\u00e9rences.<\/li>\n<li>Commutation de rotation avant et arri\u00e8re en une seule touche pour plus de flexibilit\u00e9.<\/li>\n<\/ul>\n<\/li>\n<li><strong>Modes d&#039;\u00e9clairage LED dynamiques<\/strong>\n<ul>\n<li>Sept couleurs LED vibrantes (rouge, orange, jaune, vert, cyan, bleu, violet) avec luminosit\u00e9 r\u00e9glable sur 10 niveaux.<\/li>\n<li>Quatre modes LED pour r\u00e9pondre \u00e0 diff\u00e9rents besoins th\u00e9rapeutiques.<\/li>\n<\/ul>\n<\/li>\n<li><strong>Conception \u00e9l\u00e9gante et durable<\/strong>\n<ul>\n<li>Emballage en feuille d&#039;or UV et int\u00e9rieur en mousse EVA haute densit\u00e9 pour une protection haut de gamme.<\/li>\n<li>La coque magn\u00e9tique en plastique ABS permet un remplacement facile de la t\u00eate.<\/li>\n<\/ul>\n<\/li>\n<li><strong>Compatibilit\u00e9 mondiale<\/strong>\n<ul>\n<li>Adaptateur secteur 24 V avec plusieurs options de prise : normes am\u00e9ricaines, europ\u00e9ennes, britanniques, br\u00e9siliennes et chinoises.<\/li>\n<li>Parfait pour une utilisation internationale.<\/li>\n<\/ul>\n<\/li>\n<li><strong>Accessoires complets<\/strong>\n<ul>\n<li>Comprend un appareil principal, une t\u00eate solide POM, une t\u00eate combin\u00e9e en silicone, un adaptateur secteur et un manuel d&#039;utilisation multilingue (traduit en huit langues : anglais, chinois, russe, fran\u00e7ais, allemand, italien, espagnol, portugais).<\/li>\n<\/ul>\n<\/li>\n<\/ol>\n<p><img decoding=\"async\" class=\"alignnone size-full wp-image-4723 lazyload\" data-src=\"https:\/\/shefmon.com\/wp-content\/uploads\/2024\/12\/rollerzero-from-shefmon-3-1.webp\" alt=\"Appareil minceur \u00e0 bille interne Endosphera Therapy RollerZero\" width=\"750\" height=\"508\" data-srcset=\"https:\/\/shefmon.com\/wp-content\/uploads\/2024\/12\/rollerzero-from-shefmon-3-1.webp 750w, https:\/\/shefmon.com\/wp-content\/uploads\/2024\/12\/rollerzero-from-shefmon-3-1-150x102.webp 150w, https:\/\/shefmon.com\/wp-content\/uploads\/2024\/12\/rollerzero-from-shefmon-3-1-600x406.webp 600w, https:\/\/shefmon.com\/wp-content\/uploads\/2024\/12\/rollerzero-from-shefmon-3-1-300x203.webp 300w\" data-sizes=\"(max-width: 750px) 100vw, 750px\" src=\"data:image\/gif;base64,R0lGODlhAQABAAAAACH5BAEKAAEALAAAAAABAAEAAAICTAEAOw==\" style=\"--smush-placeholder-width: 750px; --smush-placeholder-aspect-ratio: 750\/508;\" \/><\/p>\n<h3><strong>Pourquoi choisir RollerZERO ?<\/strong><\/h3>\n<ul>\n<li><strong>Facilit\u00e9 d&#039;utilisation :<\/strong> Con\u00e7u pour un usage personnel sans n\u00e9cessiter d&#039;op\u00e9rateur professionnel.<\/li>\n<li><strong>Commodit\u00e9:<\/strong> Compact et portable, ce qui le rend parfait pour un usage domestique.<\/li>\n<li><strong>Versatilit\u00e9:<\/strong> Combine plusieurs fonctions telles que le soulagement musculaire, le rajeunissement de la peau et la th\u00e9rapie de relaxation.<\/li>\n<li><strong>Emballage \u00e9cologique :<\/strong> Mat\u00e9riaux durables et r\u00e9utilisables pour une utilisation \u00e0 long terme.<\/li>\n<\/ul>\n<h3><strong>Comment utiliser RollerZERO<\/strong><\/h3>\n<ol>\n<li>S\u00e9lectionnez la t\u00eate appropri\u00e9e \u00e0 votre zone de traitement.<\/li>\n<li>Ajustez la vitesse et les param\u00e8tres LED en fonction de l&#039;intensit\u00e9 et de l&#039;objectif souhait\u00e9s.<\/li>\n<li>Commencez votre s\u00e9ance en d\u00e9pla\u00e7ant doucement l\u2019appareil sur la zone cibl\u00e9e.<\/li>\n<\/ol>\n<h3><strong>Qui peut en b\u00e9n\u00e9ficier ?<\/strong><\/h3>\n<p>RollerZERO est id\u00e9al pour tous ceux qui souhaitent am\u00e9liorer leur sant\u00e9 physique et cutan\u00e9e sans se rendre fr\u00e9quemment en spa. Gr\u00e2ce \u00e0 ses fonctionnalit\u00e9s high-tech et sa simplicit\u00e9 d&#039;utilisation, il est accessible \u00e0 tous les niveaux.<\/p>\n<h3><strong>Obtenez RollerZERO aujourd&#039;hui<\/strong><\/h3>\n<p>Profitez d&#039;une th\u00e9rapie de qualit\u00e9 professionnelle \u00e0 domicile avec RollerZERO. Que vous cherchiez \u00e0 lutter contre la cellulite, \u00e0 am\u00e9liorer votre circulation ou simplement \u00e0 profiter d&#039;un massage relaxant, cet appareil est la solution id\u00e9ale. Commandez d\u00e8s maintenant et faites le premier pas vers une apparence plus saine et plus radieuse\u00a0!<\/p>\n<p><img decoding=\"async\" class=\"alignnone size-full wp-image-4721 lazyload\" data-src=\"https:\/\/shefmon.com\/wp-content\/uploads\/2024\/12\/rollerzero-from-shefmon-1-1.webp\" alt=\"Appareil minceur \u00e0 bille interne Endosphera Therapy RollerZero\" width=\"750\" height=\"485\" data-srcset=\"https:\/\/shefmon.com\/wp-content\/uploads\/2024\/12\/rollerzero-from-shefmon-1-1.webp 750w, https:\/\/shefmon.com\/wp-content\/uploads\/2024\/12\/rollerzero-from-shefmon-1-1-150x97.webp 150w, https:\/\/shefmon.com\/wp-content\/uploads\/2024\/12\/rollerzero-from-shefmon-1-1-600x388.webp 600w, https:\/\/shefmon.com\/wp-content\/uploads\/2024\/12\/rollerzero-from-shefmon-1-1-300x194.webp 300w\" data-sizes=\"(max-width: 750px) 100vw, 750px\" src=\"data:image\/gif;base64,R0lGODlhAQABAAAAACH5BAEKAAEALAAAAAABAAEAAAICTAEAOw==\" style=\"--smush-placeholder-width: 750px; --smush-placeholder-aspect-ratio: 750\/485;\" \/><\/p>","protected":false},"excerpt":{"rendered":"<p><strong>D\u00e9couvrez RollerZERO<\/strong><br \/>\nApportez une th\u00e9rapie de qualit\u00e9 professionnelle \u00e0 votre domicile avec <strong>RollerZERO<\/strong>, l&#039;appareil de soins personnels par excellence. Con\u00e7u pour \u00eatre pratique et efficace, il est id\u00e9al pour le rajeunissement de la peau, la r\u00e9duction de la cellulite et la relaxation musculaire.<br \/>\n<strong>Technologie avanc\u00e9e<\/strong><br \/>\nLe RollerZERO est \u00e9quip\u00e9 d&#039;un puissant moteur sans balais, de 10 niveaux de vitesse r\u00e9glables et de modes d&#039;\u00e9clairage LED dynamiques pour r\u00e9pondre \u00e0 tous vos besoins. Son \u00e9cran tactile de 4,3 pouces et ses t\u00eates magn\u00e9tiques de remplacement le rendent incroyablement facile \u00e0 utiliser.<\/p>","protected":false},"featured_media":4722,"template":"","meta":[],"product_brand":[],"product_cat":[90,77],"product_tag":[],"class_list":{"0":"post-4730","1":"product","2":"type-product","3":"status-publish","4":"has-post-thumbnail","6":"product_cat-lose-fat-and-body-firming","7":"product_cat-endos-velapro","9":"first","10":"instock","11":"shipping-taxable","12":"product-type-simple"},"_links":{"self":[{"href":"https:\/\/shefmon.com\/fr\/wp-json\/wp\/v2\/product\/4730","targetHints":{"allow":["GET"]}}],"collection":[{"href":"https:\/\/shefmon.com\/fr\/wp-json\/wp\/v2\/product"}],"about":[{"href":"https:\/\/shefmon.com\/fr\/wp-json\/wp\/v2\/types\/product"}],"version-history":[{"count":0,"href":"https:\/\/shefmon.com\/fr\/wp-json\/wp\/v2\/product\/4730\/revisions"}],"wp:featuredmedia":[{"embeddable":true,"href":"https:\/\/shefmon.com\/fr\/wp-json\/wp\/v2\/media\/4722"}],"wp:attachment":[{"href":"https:\/\/shefmon.com\/fr\/wp-json\/wp\/v2\/media?parent=4730"}],"wp:term":[{"taxonomy":"product_brand","embeddable":true,"href":"https:\/\/shefmon.com\/fr\/wp-json\/wp\/v2\/product_brand?post=4730"},{"taxonomy":"product_cat","embeddable":true,"href":"https:\/\/shefmon.com\/fr\/wp-json\/wp\/v2\/product_cat?post=4730"},{"taxonomy":"product_tag","embeddable":true,"href":"https:\/\/shefmon.com\/fr\/wp-json\/wp\/v2\/product_tag?post=4730"}],"curies":[{"name":"wp","href":"https:\/\/api.w.org\/{rel}","templated":true}]}}