{"id":4656,"date":"2024-11-26T20:08:51","date_gmt":"2024-11-26T12:08:51","guid":{"rendered":"https:\/\/palegoldenrod-manatee-952098.hostingersite.com\/?post_type=product&#038;p=4656"},"modified":"2025-09-17T18:56:37","modified_gmt":"2025-09-17T10:56:37","slug":"nouvelle-machine-de-cryolipolyse-et-de-remodelage-corporel-pour-la-perte-de-poids","status":"publish","type":"product","link":"https:\/\/shefmon.com\/fr\/product\/new-cryo-ems-coolsculpting-cryolipolysis-cryoems-weight-loss-body-shaping-machine\/","title":{"rendered":"S26-CryoEMS Nouvelle machine de cryolipolyse pour la perte de poids et la mise en forme du corps"},"content":{"rendered":"<h2>Qu&#039;est-ce que CryoEMS ?<\/h2>\n<p>CRYOEMS est un appareil cosm\u00e9tique avanc\u00e9 combinant cryoth\u00e9rapie et \u00e9lectrostimulation musculaire (EMS) pour cibler la r\u00e9duction des graisses localis\u00e9es, raffermir la peau et sculpter le corps. Le syst\u00e8me comprend un corps principal, deux pi\u00e8ces \u00e0 main de refroidissement de diff\u00e9rentes tailles et six plaques de refroidissement \u00e0 surfaces courbes ou planes, toutes reli\u00e9es par des tuyaux.<br \/>\nL&#039;appareil fonctionne gr\u00e2ce \u00e0 un logiciel intelligent contr\u00f4l\u00e9 par un \u00e9cran tactile. Les pi\u00e8ces \u00e0 main de refroidissement sont \u00e9quip\u00e9es de plaques pouvant chauffer jusqu&#039;\u00e0 36 \u00b0C ou refroidir jusqu&#039;\u00e0 -4 \u00b0C, offrant ainsi une grande polyvalence de traitement. Chacune des six plaques de refroidissement est \u00e9quip\u00e9e d&#039;\u00e9lectrodes adh\u00e9sives EMS pour une fonctionnalit\u00e9 accrue.<br \/>\nLorsqu&#039;elles ne sont pas utilis\u00e9es, les plaques de refroidissement et les pi\u00e8ces \u00e0 main doivent \u00eatre solidement plac\u00e9es sur les supports pr\u00e9vus \u00e0 cet effet \u00e0 l&#039;arri\u00e8re de l&#039;appareil, afin de garantir un entretien et une organisation appropri\u00e9s. CryoEMS offre une solution de pointe pour une r\u00e9duction efficace des graisses et un raffermissement cutan\u00e9.<\/p>\n<p>&nbsp;<\/p>\n<p><img fetchpriority=\"high\" decoding=\"async\" class=\"alignnone wp-image-4647 size-full\" src=\"https:\/\/shefmon.com\/wp-content\/uploads\/2024\/11\/S23-CRYOEMS-1-e1732620402397.webp\" alt=\"Machine de modelage corporel amincissante et cryoth\u00e9rapie EMS CoolSculpting\" width=\"750\" height=\"537\" srcset=\"https:\/\/shefmon.com\/wp-content\/uploads\/2024\/11\/S23-CRYOEMS-1-e1732620402397.webp 750w, https:\/\/shefmon.com\/wp-content\/uploads\/2024\/11\/S23-CRYOEMS-1-e1732620402397-150x107.webp 150w, https:\/\/shefmon.com\/wp-content\/uploads\/2024\/11\/S23-CRYOEMS-1-e1732620402397-600x430.webp 600w, https:\/\/shefmon.com\/wp-content\/uploads\/2024\/11\/S23-CRYOEMS-1-e1732620402397-300x215.webp 300w\" sizes=\"(max-width: 750px) 100vw, 750px\" \/><\/p>\n<h2>Procurez-vous l&#039;une des machines de cryolipolyse CryoEMS les plus avanc\u00e9es !<\/h2>\n<p>CryoEMS combine la technologie CRYO et la stimulation musculaire EMS pour une r\u00e9duction efficace des graisses et une tonification musculaire.<br \/>\nAvec jusqu&#039;\u00e0 8 pi\u00e8ces \u00e0 main fonctionnant simultan\u00e9ment, il offre des r\u00e9sultats puissants.<br \/>\n<span style=\"color: #ff6600;\">\u00ab Construit avec des pi\u00e8ces de premi\u00e8re qualit\u00e9 import\u00e9es d&#039;Italie. \u00bb<\/span><\/p>\n<p><img decoding=\"async\" class=\"alignnone wp-image-4653 size-full lazyload\" data-src=\"https:\/\/shefmon.com\/wp-content\/uploads\/2024\/11\/S23-CRYOEMS-7.webp\" alt=\"\" width=\"750\" height=\"750\" data-srcset=\"https:\/\/shefmon.com\/wp-content\/uploads\/2024\/11\/S23-CRYOEMS-7.webp 750w, https:\/\/shefmon.com\/wp-content\/uploads\/2024\/11\/S23-CRYOEMS-7-300x300.webp 300w, https:\/\/shefmon.com\/wp-content\/uploads\/2024\/11\/S23-CRYOEMS-7-150x150.webp 150w, https:\/\/shefmon.com\/wp-content\/uploads\/2024\/11\/S23-CRYOEMS-7-600x600.webp 600w, https:\/\/shefmon.com\/wp-content\/uploads\/2024\/11\/S23-CRYOEMS-7-500x500.webp 500w\" data-sizes=\"(max-width: 750px) 100vw, 750px\" src=\"data:image\/gif;base64,R0lGODlhAQABAAAAACH5BAEKAAEALAAAAAABAAEAAAICTAEAOw==\" style=\"--smush-placeholder-width: 750px; --smush-placeholder-aspect-ratio: 750\/750;\" \/><\/p>\n<h2>Achetez CryoEMS \u2013 Cryolipolyse et EMS en un seul appareil<\/h2>\n<p>CryoEMS combine la cryolipolyse (cong\u00e9lation des graisses) et l&#039;EMS (stimulation musculaire) dans chaque plaque de refroidissement, permettant ainsi aux deux technologies de travailler ensemble pour affiner et tonifier votre corps. Le plus int\u00e9ressant est la polyvalence de CryoEMS, gr\u00e2ce \u00e0 ses poign\u00e9es uniques pour le visage et le corps, qui permettent de traiter presque toutes les zones.<\/p>\n<p>L&#039;\u00e9cran tactile de 15,6 pouces vous permet de r\u00e9gler facilement la dur\u00e9e et l&#039;intensit\u00e9 du traitement. Une fois le r\u00e9glage effectu\u00e9 et les poign\u00e9es appliqu\u00e9es, aucune surveillance constante n&#039;est n\u00e9cessaire. Vous pouvez utiliser ce temps pour assister d&#039;autres clients ou effectuer des soins suppl\u00e9mentaires.<\/p>\n<p>La proc\u00e9dure est douce, indolore et facile \u00e0 apprendre. La pose et le retrait des poign\u00e9es ne prennent que quelques minutes. Pendant le traitement, vos clients peuvent se d\u00e9tendre et vous concentrer sur d&#039;autres t\u00e2ches.<\/p>\n<p><img decoding=\"async\" class=\"alignnone wp-image-4655 size-full lazyload\" data-src=\"https:\/\/shefmon.com\/wp-content\/uploads\/2024\/11\/S23-CRYOEMS-9.webp\" alt=\"Machine de modelage corporel amincissante et cryoth\u00e9rapie EMS CoolSculpting\" width=\"750\" height=\"750\" data-srcset=\"https:\/\/shefmon.com\/wp-content\/uploads\/2024\/11\/S23-CRYOEMS-9.webp 750w, https:\/\/shefmon.com\/wp-content\/uploads\/2024\/11\/S23-CRYOEMS-9-300x300.webp 300w, https:\/\/shefmon.com\/wp-content\/uploads\/2024\/11\/S23-CRYOEMS-9-150x150.webp 150w, https:\/\/shefmon.com\/wp-content\/uploads\/2024\/11\/S23-CRYOEMS-9-600x600.webp 600w\" data-sizes=\"(max-width: 750px) 100vw, 750px\" src=\"data:image\/gif;base64,R0lGODlhAQABAAAAACH5BAEKAAEALAAAAAABAAEAAAICTAEAOw==\" style=\"--smush-placeholder-width: 750px; --smush-placeholder-aspect-ratio: 750\/750;\" \/><\/p>\n<p>&nbsp;<\/p>\n<h2>\u00c0 quoi sert CryoEMS\u00a0?<\/h2>\n<p>La cryolipolyse \u00e9limine les graisses gr\u00e2ce \u00e0 des temp\u00e9ratures basses et constantes, tandis que les lumi\u00e8res LED bleues subliment la peau et que la fonction EMS int\u00e9gr\u00e9e raffermit le corps, le tout en un seul traitement. Mieux encore, c&#039;est totalement indolore, non invasif et doux pour la peau.<\/p>\n<p>Avec CryoEMS, vous pouvez cibler de nombreuses zones du corps et du visage, ou cr\u00e9er des s\u00e9ances personnalis\u00e9es adapt\u00e9es aux besoins de votre client. Quelle que soit la zone \u00e0 traiter, CryoEMS offre la solution id\u00e9ale.<\/p>\n<p><strong>Bienfaits pour le corps :<\/strong><br \/>\n\u2013 \u00c9limination des graisses<br \/>\n\u2013 Raffermissant<br \/>\n\u2013 Relaxation musculaire<br \/>\n\u2013 Drainage<br \/>\n\u2013 R\u00e9duction de la cellulite<br \/>\n\u2013 Mise en forme<\/p>\n<p><strong>Avantages pour le visage :<\/strong><br \/>\n\u2013 Anti-\u00e2ge<br \/>\n\u2013 Lissage des rides<br \/>\n\u2013 Levage<br \/>\n\u2013 Nettoyage de la peau<br \/>\n\u2013 Traitement de la couperose<br \/>\n\u2013 R\u00e9duction du double menton<\/p>\n<p><img decoding=\"async\" class=\"alignnone wp-image-4649 size-full lazyload\" data-src=\"https:\/\/shefmon.com\/wp-content\/uploads\/2024\/11\/S23-CRYOEMS-3.webp\" alt=\"Machine de modelage corporel amincissante et cryoth\u00e9rapie EMS CoolSculpting\" width=\"750\" height=\"750\" data-srcset=\"https:\/\/shefmon.com\/wp-content\/uploads\/2024\/11\/S23-CRYOEMS-3.webp 750w, https:\/\/shefmon.com\/wp-content\/uploads\/2024\/11\/S23-CRYOEMS-3-300x300.webp 300w, https:\/\/shefmon.com\/wp-content\/uploads\/2024\/11\/S23-CRYOEMS-3-150x150.webp 150w, https:\/\/shefmon.com\/wp-content\/uploads\/2024\/11\/S23-CRYOEMS-3-600x600.webp 600w\" data-sizes=\"(max-width: 750px) 100vw, 750px\" src=\"data:image\/gif;base64,R0lGODlhAQABAAAAACH5BAEKAAEALAAAAAABAAEAAAICTAEAOw==\" style=\"--smush-placeholder-width: 750px; --smush-placeholder-aspect-ratio: 750\/750;\" \/><\/p>\n<h2>Questions fr\u00e9quemment pos\u00e9es sur CryoEMS<\/h2>\n<p><strong>Ce traitement est-il s\u00fbr\u00a0?<\/strong><br \/>\nTr\u00e8s s\u00fbr ! Ce proc\u00e9d\u00e9 de remodelage corporel non invasif induit une lipolyse (d\u00e9composition des cellules graisseuses) et r\u00e9duit la graisse sans endommager les autres tissus. Il ne n\u00e9cessite aucune convalescence, ce qui en fait une option pratique.<\/p>\n<p><strong>Comment puis-je obtenir les meilleurs r\u00e9sultats ?<\/strong><br \/>\nAssociez le traitement \u00e0 une alimentation saine et \u00e0 une activit\u00e9 physique r\u00e9guli\u00e8re. La cryolipolyse cible la r\u00e9duction des graisses localis\u00e9es et ne constitue pas une solution minceur. Hydratez-vous en buvant beaucoup d&#039;eau avant et apr\u00e8s la s\u00e9ance pour favoriser l&#039;\u00e9limination des d\u00e9chets par le syst\u00e8me lymphatique. L&#039;exercice physique am\u00e9liore les r\u00e9sultats, tandis qu&#039;une mauvaise alimentation et le manque d&#039;activit\u00e9 physique peuvent les freiner.<\/p>\n<p><strong>\u00c0 quelle fr\u00e9quence dois-je le faire ?<\/strong><br \/>\nPour les traitements de r\u00e9duction de graisse, il est recommand\u00e9 de faire une s\u00e9ance tous les 12 jours. Ce rythme permet \u00e0 votre corps de traiter et d&#039;\u00e9liminer naturellement les d\u00e9chets issus de l&#039;apoptose des cellules adipeuses. Pour les traitements tonifiants et amincissants, les s\u00e9ances peuvent \u00eatre hebdomadaires.<\/p>\n<p><strong>Quelles zones peuvent \u00eatre trait\u00e9es ?<\/strong><br \/>\nLe ventre, l&#039;int\u00e9rieur ou l&#039;ext\u00e9rieur des cuisses, les poign\u00e9es d&#039;amour, les bras, le d\u00e9collet\u00e9, les fessiers et les jambes peuvent \u00eatre trait\u00e9s. Pour des r\u00e9sultats optimaux, 3 \u00e0 5 s\u00e9ances par zone sont g\u00e9n\u00e9ralement recommand\u00e9es.<\/p>\n<p><strong>\u00c0 quelle vitesse verrai-je les r\u00e9sultats\u00a0?<\/strong><br \/>\nLes premiers r\u00e9sultats sont souvent visibles d\u00e8s la premi\u00e8re s\u00e9ance et peuvent \u00eatre tr\u00e8s encourageants. Cependant, les r\u00e9sultats optimaux apparaissent g\u00e9n\u00e9ralement entre 15 jours et 3 semaines apr\u00e8s le d\u00e9but du traitement et continuent de s&#039;am\u00e9liorer pendant des mois.<\/p>\n<p><strong>Comment vous sentez-vous ?<\/strong><br \/>\nL&#039;exp\u00e9rience est agr\u00e9able, commen\u00e7ant par une courte phase de r\u00e9chauffement suivie d&#039;un refroidissement progressif mais rapide. \u00c0 la fin de la s\u00e9ance, le choc thermique procure une sensation de chaleur et de l\u00e9g\u00e8ret\u00e9, vous laissant une sensation de fra\u00eecheur.<\/p>\n<h2>Param\u00e8tres CryoEMS<\/h2>\n<table style=\"height: 529px;\" width=\"947\">\n<tbody>\n<tr>\n<td width=\"198\">Nom<\/td>\n<td colspan=\"3\" width=\"618\">Cryolipolyse Cryoems 8 poign\u00e9es<\/td>\n<\/tr>\n<tr>\n<td>Taille de l&#039;\u00e9cran<\/td>\n<td>15,6 pouces<\/td>\n<td>Poign\u00e9es<\/td>\n<td>8 pi\u00e8ces<\/td>\n<\/tr>\n<tr>\n<td>Temp\u00e9rature<\/td>\n<td>-10\uff5e0\u00b0\uff0c37\uff5e45\u00b0<\/td>\n<td>Tension<\/td>\n<td>110~220V<\/td>\n<\/tr>\n<tr>\n<td>Mode EMS<\/td>\n<td width=\"224\">Sortie continue, sortie sinuso\u00efdale, sortie carr\u00e9e<\/td>\n<td>EMS \u00c9nergie<\/td>\n<td>0-30J<\/td>\n<\/tr>\n<tr>\n<td>courant de cr\u00eate<\/td>\n<td>Refroidissement 6,7 A \/ Chaud 6,8 A<\/td>\n<td>Courant de mise sous tension<\/td>\n<td>0,38 A<\/td>\n<\/tr>\n<tr>\n<td>puissance de cr\u00eate<\/td>\n<td>Refroidissement 920 W \/ Chaud 930 W<\/td>\n<td>Allumer<\/td>\n<td>40 W<\/td>\n<\/tr>\n<tr>\n<td>Mode de fonctionnement<\/td>\n<td colspan=\"3\">Mode de r\u00e9glage manuel\/mode cycle automatique<\/td>\n<\/tr>\n<tr>\n<td>G\u00e9rer le courant<\/td>\n<td>2,5-3,5 A<\/td>\n<td>Manipuler la puissance<\/td>\n<td>60-84 W<\/td>\n<\/tr>\n<tr>\n<td colspan=\"4\" width=\"816\">\u00a0Paquet : Poign\u00e9es : 17,2 kg, 75 x 49 x 29 cm<br \/>\nMachine : 59,2 kg, 67 x 54 x 141 cm<\/td>\n<\/tr>\n<\/tbody>\n<\/table>\n<p>&nbsp;<\/p>","protected":false},"excerpt":{"rendered":"<p><strong>CryoEMS est le seul appareil sur le march\u00e9 qui vous offre trois opportunit\u00e9s commerciales dans un seul appareil.<\/strong><br \/>\n1. Atteignez un groupe cible plus large et g\u00e9n\u00e9rez plus de ventes.<br \/>\n2. Combinaison unique \u2013 trois technologies dans un seul appareil : cryolipolyse, EMS pour la construction musculaire et la r\u00e9duction des graisses<br \/>\n3. Traitement simultan\u00e9 d&#039;un maximum de 8 zones du corps<br \/>\n4.Parfait comme base d&#039;appareil pour votre studio<br \/>\n5. Pratique pour l&#039;utilisateur et le client<br \/>\n6. Un investissement rentable \u00e0 long terme<br \/>\n7. Amortissement rapide<\/p>","protected":false},"featured_media":4650,"template":"","meta":[],"product_brand":[],"product_cat":[73,90],"product_tag":[],"class_list":{"0":"post-4656","1":"product","2":"type-product","3":"status-publish","4":"has-post-thumbnail","6":"product_cat-cryolipolysis","7":"product_cat-lose-fat-and-body-firming","9":"first","10":"instock","11":"shipping-taxable","12":"product-type-simple"},"_links":{"self":[{"href":"https:\/\/shefmon.com\/fr\/wp-json\/wp\/v2\/product\/4656","targetHints":{"allow":["GET"]}}],"collection":[{"href":"https:\/\/shefmon.com\/fr\/wp-json\/wp\/v2\/product"}],"about":[{"href":"https:\/\/shefmon.com\/fr\/wp-json\/wp\/v2\/types\/product"}],"version-history":[{"count":0,"href":"https:\/\/shefmon.com\/fr\/wp-json\/wp\/v2\/product\/4656\/revisions"}],"wp:featuredmedia":[{"embeddable":true,"href":"https:\/\/shefmon.com\/fr\/wp-json\/wp\/v2\/media\/4650"}],"wp:attachment":[{"href":"https:\/\/shefmon.com\/fr\/wp-json\/wp\/v2\/media?parent=4656"}],"wp:term":[{"taxonomy":"product_brand","embeddable":true,"href":"https:\/\/shefmon.com\/fr\/wp-json\/wp\/v2\/product_brand?post=4656"},{"taxonomy":"product_cat","embeddable":true,"href":"https:\/\/shefmon.com\/fr\/wp-json\/wp\/v2\/product_cat?post=4656"},{"taxonomy":"product_tag","embeddable":true,"href":"https:\/\/shefmon.com\/fr\/wp-json\/wp\/v2\/product_tag?post=4656"}],"curies":[{"name":"wp","href":"https:\/\/api.w.org\/{rel}","templated":true}]}}