{"id":4355,"date":"2024-08-22T17:16:47","date_gmt":"2024-08-22T09:16:47","guid":{"rendered":"https:\/\/palegoldenrod-manatee-952098.hostingersite.com\/?post_type=product&#038;p=4355"},"modified":"2025-09-17T18:58:35","modified_gmt":"2025-09-17T10:58:35","slug":"appareil-de-micro-courant-pour-sculpter-le-visage-et-lifter-emface-ems-shefmon","status":"publish","type":"product","link":"https:\/\/shefmon.com\/fr\/product\/shefmon-emface-ems-face-sculpting-lifting-microcurrent-device\/","title":{"rendered":"A0272-F SHEFMON Emface EMS Appareil de micro-courant pour sculpter le visage et le lifting"},"content":{"rendered":"<h2>Emface\u00a0: une avanc\u00e9e majeure dans le rajeunissement facial non invasif<\/h2>\n<h3><strong>Qu&#039;est-ce qu&#039;Emface ?<\/strong><\/h3>\n<p><strong>Emface<\/strong> Il s&#039;agit d&#039;un traitement facial non invasif de pointe qui associe la stimulation \u00e9lectrique faciale de haute intensit\u00e9 (HIFES) \u00e0 une technologie de radiofr\u00e9quence (RF) avanc\u00e9e. Il est con\u00e7u pour lutter contre deux des signes les plus courants du vieillissement\u00a0: la perte de tonus musculaire et la perte de collag\u00e8ne.<\/p>\n<h3><strong>Comment fonctionne Emface ?<\/strong><\/h3>\n<p>Gr\u00e2ce \u00e0 la technologie HIFES, Emface envoie de l\u00e9gers courants \u00e9lectromagn\u00e9tiques pour contracter les muscles du front et des joues, liftant et raffermissant naturellement les tissus du visage. Parall\u00e8lement, la technologie RF applique une chaleur pr\u00e9cise sur la peau, d\u00e9clenchant une r\u00e9action de cicatrisation qui stimule la production de collag\u00e8ne et d&#039;\u00e9lastine, des prot\u00e9ines essentielles \u00e0 la douceur, \u00e0 la fermet\u00e9 et \u00e0 la jeunesse de la peau.<\/p>\n<h3><strong>Pourquoi choisir Emface ?<\/strong><\/h3>\n<p><strong>Lift et tonifie :<\/strong> Emface aide \u00e0 soulever la peau affaiss\u00e9e et \u00e0 tonifier les muscles du visage sous-jacents, vous donnant une apparence plus sculpt\u00e9e.<br \/>\n<strong>Lisse et rafra\u00eechissant :<\/strong> Il r\u00e9duit les ridules et les rides, laissant votre peau rafra\u00eechie et rajeunie.<br \/>\n<strong>Am\u00e9lioration naturelle :<\/strong> Contrairement aux produits de comblement ou au Botox, Emface am\u00e9liore vos traits naturels sans aiguilles, offrant une alternative plus subtile mais efficace.<\/p>\n<h3>Traitement rapide et pratique<\/h3>\n<p>Chaque s\u00e9ance Emface ne dure que 25 minutes, ce qui permet de l&#039;int\u00e9grer facilement \u00e0 votre emploi du temps charg\u00e9. Pour obtenir des r\u00e9sultats optimaux, il est recommand\u00e9 de suivre une s\u00e9rie de quatre s\u00e9ances espac\u00e9es d&#039;une \u00e0 deux semaines. Selon vos objectifs, des s\u00e9ances d&#039;entretien peuvent \u00eatre n\u00e9cessaires une ou deux fois par an.<\/p>\n<h3><strong>Quel est le co\u00fbt?<\/strong><\/h3>\n<p>Une s\u00e9rie compl\u00e8te de traitements Emface co\u00fbte g\u00e9n\u00e9ralement environ 1\u00a0TP4T4\u00a0500. Bien que ce prix repr\u00e9sente un investissement, beaucoup appr\u00e9cient les r\u00e9sultats durables et naturels.<\/p>\n<p><strong>Emface est-il fait pour vous\u00a0?<\/strong><\/p>\n<p>Emface est id\u00e9al pour celles et ceux qui recherchent une m\u00e9thode non invasive et sans engagement pour lifter, tonifier et lisser leur peau. Convient \u00e0 tous les types de peau, mais d\u00e9conseill\u00e9 aux personnes portant des implants m\u00e9talliques au visage en raison de l&#039;\u00e9nergie RF utilis\u00e9e. Si vous recherchez une approche naturelle du rajeunissement du visage, sans aiguilles ni convalescence, Emface pourrait \u00eatre la solution id\u00e9ale.<\/p>","protected":false},"excerpt":{"rendered":"<p>Liftez, donnez du volume et rajeunissez avec EMFACE.<br \/>\nCe traitement de pointe tonifie les muscles du visage tout en stimulant le collag\u00e8ne et l&#039;\u00e9lastine,<br \/>\nPour un teint \u00e9clatant de jeunesse. Parfait pour tous les soins de beaut\u00e9.<br \/>\n11 ans de fabrication, support OEM ODM<\/p>","protected":false},"featured_media":4367,"template":"","meta":[],"product_brand":[],"product_cat":[75,85,86,91],"product_tag":[],"class_list":{"0":"post-4355","1":"product","2":"type-product","3":"status-publish","4":"has-post-thumbnail","6":"product_cat-emslim","7":"product_cat-gain-muscle-and-body-shaping","8":"product_cat-skin-care-and-facial-rejuvenation","9":"product_cat-wrinkle-removal-and-skin-tightening","11":"first","12":"instock","13":"shipping-taxable","14":"product-type-simple"},"_links":{"self":[{"href":"https:\/\/shefmon.com\/fr\/wp-json\/wp\/v2\/product\/4355","targetHints":{"allow":["GET"]}}],"collection":[{"href":"https:\/\/shefmon.com\/fr\/wp-json\/wp\/v2\/product"}],"about":[{"href":"https:\/\/shefmon.com\/fr\/wp-json\/wp\/v2\/types\/product"}],"version-history":[{"count":0,"href":"https:\/\/shefmon.com\/fr\/wp-json\/wp\/v2\/product\/4355\/revisions"}],"wp:featuredmedia":[{"embeddable":true,"href":"https:\/\/shefmon.com\/fr\/wp-json\/wp\/v2\/media\/4367"}],"wp:attachment":[{"href":"https:\/\/shefmon.com\/fr\/wp-json\/wp\/v2\/media?parent=4355"}],"wp:term":[{"taxonomy":"product_brand","embeddable":true,"href":"https:\/\/shefmon.com\/fr\/wp-json\/wp\/v2\/product_brand?post=4355"},{"taxonomy":"product_cat","embeddable":true,"href":"https:\/\/shefmon.com\/fr\/wp-json\/wp\/v2\/product_cat?post=4355"},{"taxonomy":"product_tag","embeddable":true,"href":"https:\/\/shefmon.com\/fr\/wp-json\/wp\/v2\/product_tag?post=4355"}],"curies":[{"name":"wp","href":"https:\/\/api.w.org\/{rel}","templated":true}]}}