{"id":4288,"date":"2024-08-12T14:26:14","date_gmt":"2024-08-12T06:26:14","guid":{"rendered":"https:\/\/palegoldenrod-manatee-952098.hostingersite.com\/?post_type=product&#038;p=4288"},"modified":"2026-01-08T17:49:27","modified_gmt":"2026-01-08T09:49:27","slug":"stimulateur-musculaire-3-en-1-super-lipolaser-rf-ems","status":"publish","type":"product","link":"https:\/\/shefmon.com\/fr\/product\/3-in-1-super-lipolaser-rf-ems-muscle-stimulator\/","title":{"rendered":"A0928-Lipolaser 3 en 1 stimulateur musculaire Super Lipolaser RF Ems"},"content":{"rendered":"<h2>Comment \u00e7a marche ?<\/h2>\n<p>L&#039;appareil utilise une radiofr\u00e9quence de 1 MHz et une \u00e9nergie de fr\u00e9quence interm\u00e9diaire modul\u00e9e en amplitude (1-4000 Hz) de 100 mW, chacune avec une lumi\u00e8re rouge haute intensit\u00e9 de 658 nm. Les trois fonctions (radiofr\u00e9quence, micro\u00e9lectronique moyenne fr\u00e9quence et lumi\u00e8re rouge) fonctionnent simultan\u00e9ment pour convertir les ions n\u00e9gatifs en ions positifs et g\u00e9n\u00e9rer de la chaleur. Une chaleur profonde de 42 \u00e0 45 \u00b0C est alors g\u00e9n\u00e9r\u00e9e en profondeur. Cette production continue de chaleur profonde r\u00e9duit la taille des cellules graisseuses et a un effet b\u00e9n\u00e9fique sur la silhouette.<\/p>\n<h2>Fonctions : Machine amincissante 3 en 1 ?<\/h2>\n<p>La machine d&#039;amincissement du corps 3 en 1 \u00e0 lumi\u00e8re rouge pour l&#039;\u00e9limination des graisses 5D Lipo RF\/EMS 650 nm et la machine de drainage lymphatique \u00e0 lumi\u00e8re rouge offrent de multiples fonctions pour am\u00e9liorer la sant\u00e9 et l&#039;apparence g\u00e9n\u00e9rale du corps.<br \/>\nperte de poids<br \/>\ndrainage lymphatique<br \/>\n\u00e9lasticit\u00e9 de la peau<br \/>\nmodelage du corps<br \/>\ncirculation sanguine<br \/>\nfavoriser le m\u00e9tabolisme<\/p>\n<h2>Quels sont les avantages ?<\/h2>\n<p>Cet appareil multifonction allie la puissance de la th\u00e9rapie laser, de la radiofr\u00e9quence (RF) et de l&#039;\u00e9lectrostimulation musculaire (EMS) pour un raffermissement cutan\u00e9 et un amincissement complets. Voici les principales caract\u00e9ristiques qui font de cet appareil 3 en 1 de raffermissement cutan\u00e9 et d&#039;amincissement laser artisanal un incontournable pour atteindre vos objectifs beaut\u00e9\u00a0:<br \/>\n1.<strong>Machine avec 4 grandes poign\u00e9es + 4 petites poign\u00e9es, au total 8 poign\u00e9es<\/strong>:Cette machine est \u00e9quip\u00e9e d&#039;un total de huit poign\u00e9es, assurant une couverture compl\u00e8te du corps et une polyvalence pour diverses zones de traitement.<\/p>\n<p>2.<strong>Chaque grande poign\u00e9e dispose de 9 lumi\u00e8res, 650 nm, 100 mW par lumi\u00e8re laser<\/strong>:Les grandes poign\u00e9es sont \u00e9quip\u00e9es de neuf lumi\u00e8res laser chacune, fonctionnant \u00e0 une longueur d&#039;onde de 650 nm et d\u00e9livrant 100 mW par lumi\u00e8re laser, optimisant ainsi l&#039;efficacit\u00e9 du traitement.<\/p>\n<p>3.<strong>Chaque petite poign\u00e9e dispose de 6 lumi\u00e8res, 650 nm, 100 mW par lumi\u00e8re laser<\/strong>:Les poign\u00e9es plus petites, id\u00e9ales pour les zones plus pr\u00e9cises, sont \u00e9quip\u00e9es de six lumi\u00e8res laser chacune, \u00e9galement \u00e0 une longueur d&#039;onde de 650 nm et 100 mW par lumi\u00e8re laser.<\/p>\n<p>4.<strong>Chaque poign\u00e9e est \u00e9quip\u00e9e du syst\u00e8me RF + EMS<\/strong>:Chaque poign\u00e9e int\u00e8gre \u00e0 la fois les syst\u00e8mes RF et EMS, offrant des avantages \u00e0 double action pour le raffermissement de la peau et la stimulation musculaire, am\u00e9liorant ainsi les r\u00e9sultats globaux du traitement.<\/p>\n<p>5.<strong>Les 8 poign\u00e9es peuvent \u00eatre r\u00e9gl\u00e9es et contr\u00f4l\u00e9es s\u00e9par\u00e9ment<\/strong>:La machine permet un contr\u00f4le et un r\u00e9glage individuels de chaque poign\u00e9e, permettant des traitements personnalis\u00e9s adapt\u00e9s aux besoins et pr\u00e9f\u00e9rences sp\u00e9cifiques.<\/p>\n<h2>Un aper\u00e7u des nouvelles technologies<\/h2>\n<p>Radiofr\u00e9quence (RF) : g\u00e9n\u00e8re une chaleur profonde de 36 \u00e0 43 \u00b0C, un chauffage continu, favorise la r\u00e9g\u00e9n\u00e9ration du collag\u00e8ne dermique et raffermit la peau<br \/>\nLumi\u00e8re rouge de faible intensit\u00e9 (LLD) : la lumi\u00e8re rouge basse fr\u00e9quence de 658 nm peut cr\u00e9er temporairement de petits trous dans les cellules adipeuses, permettant ainsi aux neutrophiles d&#039;\u00eatre expuls\u00e9s du corps<br \/>\nFr\u00e9quence moyenne modul\u00e9e en amplitude (AMF) : les vibrations physiques aident au renforcement des muscles et de la peau ainsi qu&#039;au m\u00e9tabolisme, et \u00e9liminent les m\u00e9tabolites perdus dans les cellules graisseuses en raison de la LLD.<\/p>\n<h2>Plan d&#039;action strat\u00e9gique pour la zone corporelle<\/h2>\n<p>Dans le cadre d&#039;une avanc\u00e9e significative vers l&#039;am\u00e9lioration des techniques de remodelage corporel, les experts ont identifi\u00e9 les zones cl\u00e9s \u00e0 traiter et \u00e9labor\u00e9 un plan d&#039;action strat\u00e9gique pour traiter les zones \u00e0 probl\u00e8mes fr\u00e9quentes. Voici les d\u00e9tails\u00a0:<br \/>\nLignes de sous-v\u00eatements : 1 \u00e0 2 grandes poign\u00e9es retirent la viande et la graisse du dos qui d\u00e9passent sous les sous-v\u00eatements<br \/>\nAvant-bras : 1 \u00e0 2 poign\u00e9es centrales \u00e9liminent la graisse de l&#039;avant-bras, le fanon et la cellulite<br \/>\nAbdomen : 2 \u00e0 4 grandes poign\u00e9es R\u00e9solvent l&#039;ob\u00e9sit\u00e9 abdominale sup\u00e9rieure et inf\u00e9rieure et \u00e9liminent la cellulite<br \/>\nAnneau de natation abdominal : 1 \u00e0 2 grandes poign\u00e9es permettent d&#039;\u00e9liminer les fanons et les graisses saillantes des pantalons<br \/>\nBas des fesses et arri\u00e8re des cuisses : 1 \u00e0 2 grandes poign\u00e9es \u00e9liminent la cellulite et la graisse<br \/>\nInt\u00e9rieur des cuisses : 1 \u00e0 2 poign\u00e9es m\u00e9dianes \u00e9liminent la cellulite et la graisse<\/p>\n<h2>FAQ<\/h2>\n<h3>Y a-t-il des effets secondaires ?<\/h3>\n<p>Les effets secondaires potentiels varient selon le type de peau, l&#039;\u00e9tat de sant\u00e9 et l&#039;appareil utilis\u00e9. Voici quelques effets secondaires courants et potentiels\u00a0:<br \/>\n<strong>Rougeurs et irritations cutan\u00e9es<\/strong>:<br \/>\nTh\u00e9rapie au laser\u00a0: Peut provoquer des rougeurs, des gonflements et des irritations temporaires. Ces effets sont g\u00e9n\u00e9ralement l\u00e9gers et disparaissent en quelques heures ou quelques jours.<br \/>\nRF : Peut \u00e9galement provoquer des rougeurs et des gonflements similaires.<br \/>\nEMS : peut provoquer de l\u00e9g\u00e8res douleurs musculaires et une irritation cutan\u00e9e au niveau des sites d&#039;\u00e9lectrodes.<br \/>\n<strong>Br\u00fblures ou ampoules :<\/strong><br \/>\nTh\u00e9rapie au laser : une mauvaise utilisation ou une \u00e9nergie excessive peuvent entra\u00eener des br\u00fblures ou des cloques, en particulier sur les peaux plus fonc\u00e9es.<br \/>\nRF : Peut \u00e9galement provoquer des br\u00fblures si le niveau d&#039;\u00e9nergie est trop \u00e9lev\u00e9 ou si l&#039;appareil n&#039;est pas correctement calibr\u00e9.<br \/>\n<strong>Changements de pigmentation :<\/strong><br \/>\nTh\u00e9rapie au laser : Il existe un risque d\u2019hyperpigmentation (assombrissement de la peau) ou d\u2019hypopigmentation (\u00e9claircissement de la peau), en particulier chez les personnes ayant un teint plus fonc\u00e9.<br \/>\nRF : Risques similaires de changements de pigmentation, bien que moins fr\u00e9quents qu&#039;avec le laser.<br \/>\n<strong>Douleur ou inconfort :<\/strong><br \/>\nTh\u00e9rapie au laser : Certaines personnes peuvent ressentir de la douleur ou de l\u2019inconfort pendant le traitement.<br \/>\nRF : Peut provoquer une sensation de chaleur, ce qui peut \u00eatre inconfortable pour certaines personnes.<br \/>\nEMS : Les contractions musculaires induites par l\u2019EMS peuvent \u00eatre inconfortables pour certaines personnes.<br \/>\n<strong>Gonflement:<\/strong>Le gonflement est un effet secondaire temporaire courant qui peut survenir avec les trois modalit\u00e9s.<br \/>\n<strong>Ecchymoses<\/strong>:Des ecchymoses peuvent survenir, en particulier avec l&#039;EMS, en raison des contractions musculaires et de la pression des \u00e9lectrodes.<\/p>\n<h3>Le traitement est-il douloureux ?<\/h3>\n<p>La liposuccion laser est g\u00e9n\u00e9ralement consid\u00e9r\u00e9e comme non invasive et relativement indolore. Cependant, les exp\u00e9riences individuelles peuvent varier. Voici quelques facteurs \u00e0 prendre en compte\u00a0:<\/p>\n<p>Th\u00e9rapie laser\u00a0: Cette th\u00e9rapie utilise l&#039;\u00e9nergie lumineuse pour p\u00e9n\u00e9trer la peau, favorisant ainsi la production de collag\u00e8ne et le raffermissement cutan\u00e9. La plupart des personnes ressentent une sensation de chaleur, mais elle est g\u00e9n\u00e9ralement indolore. Certaines personnes peuvent ressentir un l\u00e9ger inconfort, selon leur seuil de douleur et la sensibilit\u00e9 de leur peau.<\/p>\n<p>Radiofr\u00e9quence (RF) : L&#039;\u00e9nergie RF chauffe les couches profondes de la peau, ce qui peut provoquer une sensation de chaleur. Cette sensation est g\u00e9n\u00e9ralement bien tol\u00e9r\u00e9e et indolore pour la plupart des personnes. Certaines personnes peuvent ressentir une l\u00e9g\u00e8re g\u00eane, g\u00e9n\u00e9ralement minime.<\/p>\n<p>Stimulation musculaire \u00e9lectrique (EMS)\u00a0: L&#039;EMS utilise des impulsions \u00e9lectriques pour stimuler les contractions musculaires. La sensation peut ressembler \u00e0 des picotements ou des pulsations. Bien que g\u00e9n\u00e9ralement indolore, elle peut \u00eatre d\u00e9sagr\u00e9able chez certaines personnes, surtout si l&#039;intensit\u00e9 est trop \u00e9lev\u00e9e.<\/p>\n<p>&nbsp;<\/p>\n<p>&nbsp;<\/p>","protected":false},"excerpt":{"rendered":"<p><strong>3 en 1<\/strong> : RF+EMS+<a href=\"https:\/\/shefmon.com\/beauty-machines\/laser-ipl\/\">Lipo Laser<\/a><br \/>\nFonction : Raffermissement de la peau, Perte de poids, Autre, Raffermissement<br \/>\n8 poign\u00e9es (4 grandes et 4 petites)<br \/>\npoign\u00e9e plus grande avec 9 lumi\u00e8res, 650 nm, 100 mW par lumi\u00e8re laser<br \/>\npoign\u00e9e plus petite avec 6 lumi\u00e8res, 650 nm, 100 mW par lumi\u00e8re laser<br \/>\nSyst\u00e8me RF+EMS<\/p>","protected":false},"featured_media":4310,"template":"","meta":[],"product_brand":[],"product_cat":[82,85,86,90,91],"product_tag":[],"class_list":{"0":"post-4288","1":"product","2":"type-product","3":"status-publish","4":"has-post-thumbnail","6":"product_cat-rf-cavitation","7":"product_cat-gain-muscle-and-body-shaping","8":"product_cat-skin-care-and-facial-rejuvenation","9":"product_cat-lose-fat-and-body-firming","10":"product_cat-wrinkle-removal-and-skin-tightening","12":"first","13":"instock","14":"shipping-taxable","15":"product-type-simple"},"_links":{"self":[{"href":"https:\/\/shefmon.com\/fr\/wp-json\/wp\/v2\/product\/4288","targetHints":{"allow":["GET"]}}],"collection":[{"href":"https:\/\/shefmon.com\/fr\/wp-json\/wp\/v2\/product"}],"about":[{"href":"https:\/\/shefmon.com\/fr\/wp-json\/wp\/v2\/types\/product"}],"version-history":[{"count":0,"href":"https:\/\/shefmon.com\/fr\/wp-json\/wp\/v2\/product\/4288\/revisions"}],"wp:featuredmedia":[{"embeddable":true,"href":"https:\/\/shefmon.com\/fr\/wp-json\/wp\/v2\/media\/4310"}],"wp:attachment":[{"href":"https:\/\/shefmon.com\/fr\/wp-json\/wp\/v2\/media?parent=4288"}],"wp:term":[{"taxonomy":"product_brand","embeddable":true,"href":"https:\/\/shefmon.com\/fr\/wp-json\/wp\/v2\/product_brand?post=4288"},{"taxonomy":"product_cat","embeddable":true,"href":"https:\/\/shefmon.com\/fr\/wp-json\/wp\/v2\/product_cat?post=4288"},{"taxonomy":"product_tag","embeddable":true,"href":"https:\/\/shefmon.com\/fr\/wp-json\/wp\/v2\/product_tag?post=4288"}],"curies":[{"name":"wp","href":"https:\/\/api.w.org\/{rel}","templated":true}]}}