{"id":3866,"date":"2024-06-12T11:42:54","date_gmt":"2024-06-12T03:42:54","guid":{"rendered":"https:\/\/palegoldenrod-manatee-952098.hostingersite.com\/?post_type=product&#038;p=3866"},"modified":"2025-09-17T19:07:09","modified_gmt":"2025-09-17T11:07:09","slug":"appareil-de-massage-amincissant-a-billes-internes-endos-velapro-b0158","status":"publish","type":"product","link":"https:\/\/shefmon.com\/fr\/product\/b0158-endos-velapro-endolift-inner-ball-roll-massage-slimming-machine\/","title":{"rendered":"Appareil de massage amincissant \u00e0 billes internes Endos Velapro Endolift B0158"},"content":{"rendered":"<p><strong>Qu&#039;est-ce que la machine \u00e0 rouleaux \u00e0 billes int\u00e9rieures ?<\/strong><br \/>\nLe rouleau \u00e0 billes interne est un instrument de remodelage corporel de pointe, reconnu mondialement. Il utilise une micro-vibration de compression innovante pour am\u00e9liorer le drainage lymphatique, stimuler la circulation sanguine, att\u00e9nuer et r\u00e9duire la cellulite, inverser les signes de l&#039;\u00e2ge, renforcer les muscles et favoriser la d\u00e9toxification. Il peut \u00eatre utilis\u00e9 sur le visage et le corps. Les zones les plus fr\u00e9quemment trait\u00e9es sont les cuisses, les fesses et le haut des bras.<br \/>\n<strong>Principe de fonctionnement :<\/strong><br \/>\nL&#039;appareil \u00e0 bille interne est un traitement non invasif par microvibration et compression m\u00e9canique. Le principe est simple : la bille de silicone tourne \u00e0 360\u00b0 autour du rouleau pour g\u00e9n\u00e9rer des microvibrations. En exer\u00e7ant une pression sur la peau, la bille produit un effet de compression puls\u00e9e, cr\u00e9ant un mouvement de va-et-vient continu. Les tissus sont soumis \u00e0 une pression et un effet liftant, sans comprimer ni endommager la peau. La pression exerc\u00e9e sur les tissus \u00e9tire les cellules et stimule ainsi naturellement et profond\u00e9ment l&#039;activit\u00e9 cellulaire, la circulation sanguine et l&#039;oxyg\u00e9nation. Les amas graisseux sont pressuris\u00e9s et ainsi d\u00e9compos\u00e9s, r\u00e9duisant et \u00e9liminant ainsi la cellulite.<br \/>\n<strong>Fonction<\/strong><br \/>\nLifting de la peau, rajeunissement de la peau ;<br \/>\nRemodelage pr\u00e9 et post liposuccion ;<br \/>\nRemodelage pr\u00e9 et post injections anti rides ;<br \/>\nRaideur musculaire des \u00e9paules et du cou ;<br \/>\nStimulation plantaire;<br \/>\nPr\u00e9paration athl\u00e9tique;<br \/>\nPhysioth\u00e9rapie de r\u00e9adaptation post-traumatique<\/p>\n<p><span style=\"color: #ff6600;\"><strong>Caract\u00e9ristiques 1-Affichage<\/strong><\/span><\/p>\n<p><strong><img fetchpriority=\"high\" decoding=\"async\" class=\"alignnone size-medium wp-image-2796\" src=\"https:\/\/shefmon.com\/wp-content\/uploads\/2024\/05\/B0109-3-300x176.jpg\" alt=\"\" width=\"300\" height=\"176\" srcset=\"https:\/\/shefmon.com\/wp-content\/uploads\/2024\/05\/B0109-3-300x176.jpg 300w, https:\/\/shefmon.com\/wp-content\/uploads\/2024\/05\/B0109-3-150x88.jpg 150w, https:\/\/shefmon.com\/wp-content\/uploads\/2024\/05\/B0109-3.jpg 560w\" sizes=\"(max-width: 300px) 100vw, 300px\" \/><\/strong><\/p>\n<p>L&#039;\u00e9cran 7\u2033 ULTRA haute d\u00e9finition est tactile. Son utilisation est tr\u00e8s simple et la sonde est \u00e9quip\u00e9e de 7 lampes de traitement diff\u00e9rentes, pour un r\u00e9sultat encore plus visible.<\/p>\n<p><span style=\"color: #ff6600;\"><strong>Comprend 2 \u00e0 3 rouleaux<\/strong><\/span><\/p>\n<p><strong><img decoding=\"async\" class=\"alignnone size-medium wp-image-2617 lazyload\" data-src=\"https:\/\/shefmon.com\/wp-content\/uploads\/2024\/05\/B0109-2-300x300.png\" alt=\"\" width=\"300\" height=\"300\" data-srcset=\"https:\/\/shefmon.com\/wp-content\/uploads\/2024\/05\/B0109-2-300x300.png 300w, https:\/\/shefmon.com\/wp-content\/uploads\/2024\/05\/B0109-2-150x150.png 150w, https:\/\/shefmon.com\/wp-content\/uploads\/2024\/05\/B0109-2-600x600.png 600w, https:\/\/shefmon.com\/wp-content\/uploads\/2024\/05\/B0109-2-768x768.png 768w, https:\/\/shefmon.com\/wp-content\/uploads\/2024\/05\/B0109-2.png 1000w\" data-sizes=\"(max-width: 300px) 100vw, 300px\" src=\"data:image\/gif;base64,R0lGODlhAQABAAAAACH5BAEKAAEALAAAAAABAAEAAAICTAEAOw==\" style=\"--smush-placeholder-width: 300px; --smush-placeholder-aspect-ratio: 300\/300;\" \/><\/strong><\/p>\n<p>La pi\u00e8ce \u00e0 main est \u00e9quip\u00e9e de trois rouleaux uniques, chacun d\u00e9di\u00e9 \u00e0 une phase de traitement sp\u00e9cifique. Un rouleau \u00e0 billes de gel est utilis\u00e9 en premier, suivi d&#039;un rouleau \u00e0 billes de silicone pour la phase fonctionnelle. Ce rouleau, compos\u00e9 de billes rigides \u00e0 densit\u00e9 variable, cible efficacement des zones sp\u00e9cifiques.<\/p>\n<p><span style=\"color: #ff6600;\"><strong>Comprend 3 rouleaux en silicone en forme de V avec trous d&#039;a\u00e9ration<\/strong><\/span><\/p>\n<p><img decoding=\"async\" class=\"alignnone size-medium wp-image-2794 lazyload\" data-src=\"https:\/\/shefmon.com\/wp-content\/uploads\/2024\/05\/B0109-300x300.jpg\" alt=\"\" width=\"300\" height=\"300\" data-srcset=\"https:\/\/shefmon.com\/wp-content\/uploads\/2024\/05\/B0109-300x300.jpg 300w, https:\/\/shefmon.com\/wp-content\/uploads\/2024\/05\/B0109-150x150.jpg 150w, https:\/\/shefmon.com\/wp-content\/uploads\/2024\/05\/B0109.jpg 560w\" data-sizes=\"(max-width: 300px) 100vw, 300px\" src=\"data:image\/gif;base64,R0lGODlhAQABAAAAACH5BAEKAAEALAAAAAABAAEAAAICTAEAOw==\" style=\"--smush-placeholder-width: 300px; --smush-placeholder-aspect-ratio: 300\/300;\" \/><\/p>\n<p>Ce nouveau design est dot\u00e9 de trois rouleaux en V, un en haut et un en bas, ainsi que de deux rang\u00e9es de rouleaux perfor\u00e9s. Il agit dans deux directions\u00a0: resserrement des muscles vers l&#039;int\u00e9rieur, massage et lissage, pour un confort et une efficacit\u00e9 accrus.<\/p>\n<p><span style=\"color: #ff6600;\"><strong>Caract\u00e9ristiques Pi\u00e8ce \u00e0 main pour le visage \u00e0 4 corps<\/strong><\/span><\/p>\n<p>Les pi\u00e8ces \u00e0 main pour le corps et le visage sont \u00e9quip\u00e9es de capteurs et d&#039;un \u00e9cran communiquant avec l&#039;utilisateur. Chacune est dot\u00e9e de trois embouts et b\u00e9n\u00e9ficie d&#039;un design ergonomique, agr\u00e9ment\u00e9 d&#039;indicateurs directionnels \u00e0 l&#039;arri\u00e8re pour une utilisation intuitive.<\/p>\n<p><span style=\"color: #ff6600;\"><strong>Caract\u00e9ristiques 5-Augmentez la nouvelle poign\u00e9e pour le massage du visage et des yeux<\/strong><\/span><\/p>\n<p><img decoding=\"async\" class=\"alignnone size-medium wp-image-3077 lazyload\" data-src=\"https:\/\/shefmon.com\/wp-content\/uploads\/2024\/05\/B0154-300x300.jpg\" alt=\"\" width=\"300\" height=\"300\" data-srcset=\"https:\/\/shefmon.com\/wp-content\/uploads\/2024\/05\/B0154-300x300.jpg 300w, https:\/\/shefmon.com\/wp-content\/uploads\/2024\/05\/B0154-150x150.jpg 150w, https:\/\/shefmon.com\/wp-content\/uploads\/2024\/05\/B0154-600x600.jpg 600w, https:\/\/shefmon.com\/wp-content\/uploads\/2024\/05\/B0154-768x768.jpg 768w, https:\/\/shefmon.com\/wp-content\/uploads\/2024\/05\/B0154.jpg 1000w\" data-sizes=\"(max-width: 300px) 100vw, 300px\" src=\"data:image\/gif;base64,R0lGODlhAQABAAAAACH5BAEKAAEALAAAAAABAAEAAAICTAEAOw==\" style=\"--smush-placeholder-width: 300px; --smush-placeholder-aspect-ratio: 300\/300;\" \/><\/p>","protected":false},"excerpt":{"rendered":"<p><span style=\"color: #000000;\"><strong>Fonction:<\/strong><\/span>Perte de poids, rajeunissement de la peau, \u00e9limination des rides, raffermissement<br \/>\n<strong>\u00c9cran<\/strong> 10,1 pouces<br \/>\n<strong>Vitesse de rotation<\/strong> 450 tr\/min<br \/>\n<strong>Fr\u00e9quence de sortie<\/strong> 40-300 Hz<br \/>\n<strong>Puissance de sortie<\/strong> 300 W<br \/>\n<strong>Tension<\/strong> CA 110 V\/220 V<br \/>\n<strong>Fusible<\/strong> 10A<br \/>\n<strong>Dimension<\/strong> 46*46*57cm<br \/>\n<strong>Poids<\/strong> 14 kg<\/p>","protected":false},"featured_media":3229,"template":"","meta":[],"product_brand":[],"product_cat":[77,90],"product_tag":[],"class_list":{"0":"post-3866","1":"product","2":"type-product","3":"status-publish","4":"has-post-thumbnail","6":"product_cat-endos-velapro","7":"product_cat-lose-fat-and-body-firming","9":"first","10":"instock","11":"shipping-taxable","12":"product-type-simple"},"_links":{"self":[{"href":"https:\/\/shefmon.com\/fr\/wp-json\/wp\/v2\/product\/3866","targetHints":{"allow":["GET"]}}],"collection":[{"href":"https:\/\/shefmon.com\/fr\/wp-json\/wp\/v2\/product"}],"about":[{"href":"https:\/\/shefmon.com\/fr\/wp-json\/wp\/v2\/types\/product"}],"version-history":[{"count":0,"href":"https:\/\/shefmon.com\/fr\/wp-json\/wp\/v2\/product\/3866\/revisions"}],"wp:featuredmedia":[{"embeddable":true,"href":"https:\/\/shefmon.com\/fr\/wp-json\/wp\/v2\/media\/3229"}],"wp:attachment":[{"href":"https:\/\/shefmon.com\/fr\/wp-json\/wp\/v2\/media?parent=3866"}],"wp:term":[{"taxonomy":"product_brand","embeddable":true,"href":"https:\/\/shefmon.com\/fr\/wp-json\/wp\/v2\/product_brand?post=3866"},{"taxonomy":"product_cat","embeddable":true,"href":"https:\/\/shefmon.com\/fr\/wp-json\/wp\/v2\/product_cat?post=3866"},{"taxonomy":"product_tag","embeddable":true,"href":"https:\/\/shefmon.com\/fr\/wp-json\/wp\/v2\/product_tag?post=3866"}],"curies":[{"name":"wp","href":"https:\/\/api.w.org\/{rel}","templated":true}]}}