{"id":3850,"date":"2024-06-11T22:23:19","date_gmt":"2024-06-11T14:23:19","guid":{"rendered":"https:\/\/palegoldenrod-manatee-952098.hostingersite.com\/?post_type=product&#038;p=3850"},"modified":"2025-09-17T19:08:10","modified_gmt":"2025-09-17T11:08:10","slug":"a0529-equipement-laser-fractionne-co2-professionnel-pour-lelimination-des-cicatrices-dacne-10-600-nm","status":"publish","type":"product","link":"https:\/\/shefmon.com\/fr\/product\/a0529-professional-acne-scar-removal-10600nm-co2-fractional-laser-equipment\/","title":{"rendered":"A0529 \u00c9quipement laser fractionn\u00e9 CO2 10\u00a0600\u00a0nm pour l&#039;\u00e9limination des cicatrices d&#039;acn\u00e9"},"content":{"rendered":"<p><strong>Th\u00e9orie du laser fractionn\u00e9 RF CO2<\/strong><br \/>\nLe laser CO2 fractionn\u00e9 est le syst\u00e8me de peeling cutan\u00e9 fractionn\u00e9 au CO2 le plus avanc\u00e9, avec une longueur d&#039;onde de 10\u00a0600 nm. Outre son effet peeling fin, il p\u00e9n\u00e8tre efficacement le derme gr\u00e2ce \u00e0 son faisceau laser. C&#039;est le syst\u00e8me de r\u00e9g\u00e9n\u00e9ration cutan\u00e9e le plus efficace, permettant un remodelage durable du collag\u00e8ne et une am\u00e9lioration des signes de vieillissement cutan\u00e9 gr\u00e2ce \u00e0 l&#039;exposition \u00e0 la lumi\u00e8re. Son application sur diff\u00e9rents types de cicatrices est tr\u00e8s s\u00fbre, contrairement aux lasers de peeling cutan\u00e9 total 100% (CO2 ou Er:YAG). De plus, il ne n\u00e9cessite pas de longue p\u00e9riode de r\u00e9cup\u00e9ration ni d&#039;effets secondaires. Il remodele efficacement divers types de cicatrices et tissus cutan\u00e9s d\u00e9form\u00e9s.<\/p>\n<p>Capsule de resserrement vaginal \u2013 Th\u00e9orie<br \/>\nLe r\u00e9chauffement intra-ut\u00e9rin des couches internes du tissu vaginal induit une contraction du collag\u00e8ne et de l&#039;\u00e9lastine, ainsi qu&#039;une r\u00e9g\u00e9n\u00e9ration de ces prot\u00e9ines \u00e0 long terme. Ces signaux mol\u00e9culaires activent le processus de cicatrisation du syst\u00e8me immunitaire local. Le traitement permet un remodelage complet du tissu vaginal, ainsi que le r\u00e9tablissement d&#039;un tissu vaginal ferme et jeune, impr\u00e9gn\u00e9 de fibres de collag\u00e8ne longues et \u00e9paisses.<\/p>\n<p><strong>Caract\u00e9ristiques:<\/strong><br \/>\n1. Syst\u00e8me 3 en 1, facile et pratique \u00e0 utiliser.<br \/>\na. Laser CO2 fractionn\u00e9 pour le rajeunissement de la peau et l&#039;\u00e9limination des cicatrices<br \/>\nb. et laser CO2 normal pour op\u00e9ration chirurgicale<br \/>\nc. Resserrement vaginal en option.<br \/>\n2. L&#039;\u00e9cran peut \u00eatre pli\u00e9 de haut en bas, pivot\u00e9 \u00e0 180\u00b0 \u00e0 gauche et \u00e0 droite.<br \/>\n3. Excellent bras optique \u00e0 7 articulations import\u00e9, facile \u00e0 utiliser et r\u00e9duisant consid\u00e9rablement la perte d&#039;\u00e9nergie<br \/>\n4. \u00c9metteur \u00e0 tube RF coh\u00e9rent import\u00e9 des \u00c9tats-Unis<br \/>\na. une \u00e9nergie de sortie uniforme, une p\u00e9n\u00e9tration plus profonde (8 \u00e0 10 mm sous la peau)<br \/>\nb. longue dur\u00e9e de vie : 3 \u00e0 5 ans<br \/>\nc. taille de sopt plus petite : 0,05 mm de diam\u00e8tre<br \/>\n5. 6 modes de num\u00e9risation\u00a0: S\u00e9quence, Al\u00e9atoire, Distance maximale A&amp;B, \u00c9quidistance et prise de vue rapide<br \/>\n6. 7 formes de num\u00e9risation : carr\u00e9, rectangle, rond, triangle, ovale, 6 losanges et ligne.<br \/>\n7. 3 sondes de traitement vaginal pour le resserrement vaginal, le rajeunissement vaginal et le blanchiment vaginal<br \/>\n8. Pompe ultra-silencieuse utilis\u00e9e, bruit plus faible mais d\u00e9bit d&#039;eau plus important\u00a0;<br \/>\n\u00c9cran tactile couleur LCD de 9,5 pouces, contr\u00f4le logiciel le plus humanis\u00e9.<\/p>\n<p><strong>Applications:<\/strong><br \/>\n1. Cicatrices lisses telles que cicatrices chirurgicales, cicatrices de br\u00fblures, cicatrices d&#039;acn\u00e9, etc.<br \/>\n2. Renouvellement et resurfa\u00e7age de la peau, r\u00e9cup\u00e9ration des dommages caus\u00e9s par le soleil<br \/>\n3. \u00c9limination des rides et raffermissement de la peau<br \/>\n4. \u00c9limination des pigmentations telles que les chloasmas rebelles, les taches de vieillesse, les imperfections, les mouchetures, etc.<br \/>\n5. Excroissance cutan\u00e9e telle qu&#039;une verrue, etc.<br \/>\n6. Traitement de l&#039;acn\u00e9<br \/>\n7. Traitement vaginal : resserrement vaginal, blanchiment vaginal, incontinence vaginale.<\/p>\n<p><strong>Fonction principale<\/strong><br \/>\nLe rayonnement thermique provoque la contraction du tissu muqueux, am\u00e9liorant ainsi la contraction des fibres de collag\u00e8ne et r\u00e9organisant le resserrement vaginal.<br \/>\n1. Maintenir le vagin : rajeunissement en profondeur, pr\u00e9venir le vieillissement.<br \/>\n2. R\u00e9tr\u00e9cissement du vagin : resserrement rapide, constriction, fermet\u00e9 durable.<br \/>\n3. Vagin serr\u00e9 comme jamais : pour am\u00e9liorer la sensibilit\u00e9.<br \/>\n4. Beaut\u00e9 du vagin : pigment dilu\u00e9, l\u00e8vres roses.<br \/>\n5. Sant\u00e9 priv\u00e9e : \u00e9quilibre le pH, am\u00e9liore l&#039;environnement interne.<br \/>\n6. Vagin humide : augmente la s\u00e9cr\u00e9tion, \u00e9limine la s\u00e9cheresse<\/p>\n<p>&nbsp;<\/p>","protected":false},"excerpt":{"rendered":"<p>La nouvelle norme\u00a0: les avantages du resurfa\u00e7age cutan\u00e9 au laser CO2 fractionn\u00e9<br \/>\n1. Minimise les dommages caus\u00e9s par le soleil, les cicatrices d\u2019acn\u00e9 et les ridules.<br \/>\n2. Am\u00e9liore la texture de la peau et unifie le teint.<br \/>\n3. Stimule le collag\u00e8ne pour une peau plus ferme et plus jeune.<br \/>\n4. Peut aider \u00e0 traiter les l\u00e9sions cutan\u00e9es pr\u00e9canc\u00e9reuses.<br \/>\n5. Temps d&#039;arr\u00eat minimal.<br \/>\n6.Fabrication\/Formation\/Assurance qualit\u00e9<\/p>","protected":false},"featured_media":3845,"template":"","meta":[],"product_brand":[],"product_cat":[80,86,87,88,89,91],"product_tag":[],"class_list":{"0":"post-3850","1":"product","2":"type-product","3":"status-publish","4":"has-post-thumbnail","6":"product_cat-laser-ipl","7":"product_cat-skin-care-and-facial-rejuvenation","8":"product_cat-tattoo-and-pigmentation-removal","9":"product_cat-vaginal-tightening","10":"product_cat-acne-scars-treatment","11":"product_cat-wrinkle-removal-and-skin-tightening","13":"first","14":"instock","15":"shipping-taxable","16":"product-type-simple"},"_links":{"self":[{"href":"https:\/\/shefmon.com\/fr\/wp-json\/wp\/v2\/product\/3850","targetHints":{"allow":["GET"]}}],"collection":[{"href":"https:\/\/shefmon.com\/fr\/wp-json\/wp\/v2\/product"}],"about":[{"href":"https:\/\/shefmon.com\/fr\/wp-json\/wp\/v2\/types\/product"}],"version-history":[{"count":0,"href":"https:\/\/shefmon.com\/fr\/wp-json\/wp\/v2\/product\/3850\/revisions"}],"wp:featuredmedia":[{"embeddable":true,"href":"https:\/\/shefmon.com\/fr\/wp-json\/wp\/v2\/media\/3845"}],"wp:attachment":[{"href":"https:\/\/shefmon.com\/fr\/wp-json\/wp\/v2\/media?parent=3850"}],"wp:term":[{"taxonomy":"product_brand","embeddable":true,"href":"https:\/\/shefmon.com\/fr\/wp-json\/wp\/v2\/product_brand?post=3850"},{"taxonomy":"product_cat","embeddable":true,"href":"https:\/\/shefmon.com\/fr\/wp-json\/wp\/v2\/product_cat?post=3850"},{"taxonomy":"product_tag","embeddable":true,"href":"https:\/\/shefmon.com\/fr\/wp-json\/wp\/v2\/product_tag?post=3850"}],"curies":[{"name":"wp","href":"https:\/\/api.w.org\/{rel}","templated":true}]}}