{"id":3842,"date":"2024-06-11T22:09:07","date_gmt":"2024-06-11T14:09:07","guid":{"rendered":"https:\/\/palegoldenrod-manatee-952098.hostingersite.com\/?post_type=product&#038;p=3842"},"modified":"2026-01-14T13:46:37","modified_gmt":"2026-01-14T05:46:37","slug":"appareil-anti-age-vmax-hifu-a0270-avec-radiofrequence","status":"publish","type":"product","link":"https:\/\/shefmon.com\/fr\/product\/a0270-anti-aging-vmax-hifu-machine-with-radio-frequency\/","title":{"rendered":"Appareil Hifu anti-\u00e2ge Vmax A0270 avec radiofr\u00e9quence"},"content":{"rendered":"<p><strong>Nouveaux avantages HIFU :<\/strong><br \/>\n1. Ultrasons focalis\u00e9s de haute intensit\u00e9 + RF.<br \/>\n2. Pi\u00e8ce \u00e0 main Smart Control facile \u00e0 utiliser.<br \/>\n3. 6 cartouches pour le traitement de diff\u00e9rentes parties du corps. 1,5 mm\/13,0 mm en option.<br \/>\n4. Sondes Proches de la peau plus confidentielles et plus s\u00fbres.<br \/>\n5. Syst\u00e8me de commutation \u00e0 double commande : commande au pied et boutons de commutation des poign\u00e9es.<br \/>\n6. Une cartouche : 99999 coups<br \/>\n7. 10 langues peuvent \u00eatre r\u00e9gl\u00e9es : chinois\/anglais\/russe\/portugais\/espagnol\/fran\u00e7ais\/allemand\/cor\u00e9en\/japonais\/italien.<\/p>\n<p><strong>Nouvelles cartouches HIFU pour le visage et le corps<\/strong><br \/>\nM1.5 \u2013 p\u00e9n\u00e8tre la peau de 1,5 mm et cible l\u2019\u00e9piderme dans les tissus fins comme la t\u00eate.<br \/>\nM3 \u2013 p\u00e9n\u00e8tre la peau de 3,0 mm et cible l\u2019\u00e9piderme dans les tissus plus \u00e9pais tels que les joues.<br \/>\nM4.5 \u2013 p\u00e9n\u00e8tre de 4,5 mm \u00e0 travers la peau, ciblant la peau \u00e9paisse ou la couche superficielle.<br \/>\nM9 \u2013 p\u00e9n\u00e8tre la peau de 9,0 mm et cible les peaux plus \u00e9paisses comme celles des cuisses.<br \/>\nM6 \u2013 p\u00e9n\u00e8tre la peau de 6,0 mm et\u2026<br \/>\nM13 \u2013 p\u00e9n\u00e8tre la peau de 13,0 mm et\u2026<\/p>","protected":false},"excerpt":{"rendered":"<p>Ultrasons focalis\u00e9s de haute intensit\u00e9 2 en 1 + RF<br \/>\n<span style=\"color: #000000;\"><strong>Sans douleur, \u00e9limination des rides, raffermissement de la peau, lifting du visage et des yeux<\/strong><\/span><br \/>\n<strong>Une seule utilisation, effet imm\u00e9diat !<\/strong><br \/>\nZone de traitement : Visage, Corps, Yeux, Cou\/gorge, L\u00e8vres, Jambes\/Bras,<br \/>\nPuissance RF\u00a0: 1 \u00e0 20 W<br \/>\n\u00c9nergie : 1-15 J<br \/>\nFr\u00e9quence : 1-10 Hz<br \/>\nCartouches\u00a0: Standard\u00a0: 3,0\u00a0mm, 4,5\u00a0mm, 6\u00a0mm, 9\u00a0mm. En option\u00a0: 1,5\u00a0mm, 13\u00a0mm.<br \/>\nTirs de cartouches\u00a0: 99\u00a0999 coups<br \/>\nTension : 110 V ~ 240 V 50 Hz\/60 Hz<\/p>","protected":false},"featured_media":2916,"template":"","meta":[],"product_brand":[],"product_cat":[78,86],"product_tag":[],"class_list":{"0":"post-3842","1":"product","2":"type-product","3":"status-publish","4":"has-post-thumbnail","6":"product_cat-hifu","7":"product_cat-skin-care-and-facial-rejuvenation","9":"first","10":"instock","11":"shipping-taxable","12":"product-type-simple"},"_links":{"self":[{"href":"https:\/\/shefmon.com\/fr\/wp-json\/wp\/v2\/product\/3842","targetHints":{"allow":["GET"]}}],"collection":[{"href":"https:\/\/shefmon.com\/fr\/wp-json\/wp\/v2\/product"}],"about":[{"href":"https:\/\/shefmon.com\/fr\/wp-json\/wp\/v2\/types\/product"}],"version-history":[{"count":0,"href":"https:\/\/shefmon.com\/fr\/wp-json\/wp\/v2\/product\/3842\/revisions"}],"wp:featuredmedia":[{"embeddable":true,"href":"https:\/\/shefmon.com\/fr\/wp-json\/wp\/v2\/media\/2916"}],"wp:attachment":[{"href":"https:\/\/shefmon.com\/fr\/wp-json\/wp\/v2\/media?parent=3842"}],"wp:term":[{"taxonomy":"product_brand","embeddable":true,"href":"https:\/\/shefmon.com\/fr\/wp-json\/wp\/v2\/product_brand?post=3842"},{"taxonomy":"product_cat","embeddable":true,"href":"https:\/\/shefmon.com\/fr\/wp-json\/wp\/v2\/product_cat?post=3842"},{"taxonomy":"product_tag","embeddable":true,"href":"https:\/\/shefmon.com\/fr\/wp-json\/wp\/v2\/product_tag?post=3842"}],"curies":[{"name":"wp","href":"https:\/\/api.w.org\/{rel}","templated":true}]}}