{"id":3629,"date":"2024-06-04T11:22:58","date_gmt":"2024-06-04T03:22:58","guid":{"rendered":"https:\/\/palegoldenrod-manatee-952098.hostingersite.com\/?post_type=product&#038;p=3629"},"modified":"2025-09-17T19:09:57","modified_gmt":"2025-09-17T11:09:57","slug":"sw12-eswt-pain-relieve-focus-shockwave-treatment-tecar-shock-wave-laser-therapy","status":"publish","type":"product","link":"https:\/\/shefmon.com\/fr\/product\/sw12-eswt-pain-relieve-focus-shockwave-treatment-tecar-shock-wave-laser-therapy\/","title":{"rendered":"SW12 ESWT Soulagement de la douleur Focus Traitement par ondes de choc Th\u00e9rapie laser par ondes de choc Tecar"},"content":{"rendered":"<p><strong>Le syst\u00e8me \u00e0 ondes de choc utilise le principe balistique de g\u00e9n\u00e9ration d&#039;ondes de choc :<\/strong><br \/>\nUne onde de pression est g\u00e9n\u00e9r\u00e9e par une machine \u00e0 ondes de choc utilisant de l&#039;air comprim\u00e9 acc\u00e9l\u00e9r\u00e9. Cet air comprim\u00e9 est g\u00e9n\u00e9r\u00e9 par un compresseur balistique \u00e0 commande \u00e9lectronique. Par impact \u00e9lastique, l&#039;\u00e9nergie cin\u00e9tique de la machine \u00e0 ondes de choc est transf\u00e9r\u00e9e \u00e0 la sonde de l&#039;applicateur, puis au corps du patient. Par cons\u00e9quent, pendant le traitement, l&#039;extr\u00e9mit\u00e9 de l&#039;applicateur doit \u00eatre en contact direct avec la peau et les tissus sous-cutan\u00e9s.<\/p>\n<p>Les ondes de choc ciblent les zones affect\u00e9es, source de douleur chronique. Leur action dissout les d\u00e9p\u00f4ts calcaires et am\u00e9liore la vascularisation. L&#039;effet secondaire est un soulagement de la douleur.<\/p>\n<p><strong>Principe de traitement<\/strong><br \/>\nAppliquez les fonctionnalit\u00e9s de th\u00e9rapie par ondes de choc SW12, fr\u00e9quence 1-21 Hz, permettant d&#039;atteindre jusqu&#039;\u00e0 8 cm sous-cutan\u00e9, \u00e0 appliquer sur le p\u00e9rioste et \u00e0 cr\u00e9er de la chaleur, la temp\u00e9rature instantan\u00e9e atteint 43 \u2103, tout en am\u00e9liorant la circulation sanguine.<\/p>\n<p><strong>Effet du traitement<\/strong><br \/>\nImaginez que le rouge repr\u00e9sente la zone d&#039;\u00e9nergie qui va cr\u00e9er des dommages. Cette zone s&#039;\u00e9tend du bas vers le haut de la d\u00e9charge, telle une colonne qui endommage tout sur son passage. Autour de cette colonne, l&#039;onde de choc extracorporelle forme une zone de moindre \u00e9nergie, repr\u00e9sent\u00e9e en vert, dont le dosage serait suffisant pour gu\u00e9rir. Il existe \u00e9galement une zone, repr\u00e9sent\u00e9e en bleu, de bien moindre \u00e9nergie, capable de soulager la douleur. Il existe \u00e9galement une zone o\u00f9 la force de l&#039;onde diminuerait au-dessus de la zone endommag\u00e9e (l&#039;\u00e9nergie ne peut pas durer \u00e9ternellement), ce qui aurait des effets curatifs ou analg\u00e9siques. Il est important de rappeler que les effets se produisent \u00e0 des niveaux d&#039;\u00e9nergie \u00e9lev\u00e9s ou faibles.<br \/>\nniveaux ie h<strong>Niveaux \u00e9lev\u00e9s = d\u00e9g\u00e2ts + gu\u00e9rison + soulagement de la douleur.<\/strong><\/p>","protected":false},"excerpt":{"rendered":"<p>2 modes : manuel et automatique.<br \/>\nAvec une interface de param\u00e8tres de traitement professionnelle, il est facile \u00e0 utiliser.<br \/>\nTraitement douloureux<br \/>\nPerte de poids<\/p>","protected":false},"featured_media":2421,"template":"","meta":[],"product_brand":[],"product_cat":[83],"product_tag":[],"class_list":{"0":"post-3629","1":"product","2":"type-product","3":"status-publish","4":"has-post-thumbnail","6":"product_cat-shockwave-physiotherapy","8":"first","9":"instock","10":"shipping-taxable","11":"product-type-simple"},"_links":{"self":[{"href":"https:\/\/shefmon.com\/fr\/wp-json\/wp\/v2\/product\/3629","targetHints":{"allow":["GET"]}}],"collection":[{"href":"https:\/\/shefmon.com\/fr\/wp-json\/wp\/v2\/product"}],"about":[{"href":"https:\/\/shefmon.com\/fr\/wp-json\/wp\/v2\/types\/product"}],"version-history":[{"count":0,"href":"https:\/\/shefmon.com\/fr\/wp-json\/wp\/v2\/product\/3629\/revisions"}],"wp:featuredmedia":[{"embeddable":true,"href":"https:\/\/shefmon.com\/fr\/wp-json\/wp\/v2\/media\/2421"}],"wp:attachment":[{"href":"https:\/\/shefmon.com\/fr\/wp-json\/wp\/v2\/media?parent=3629"}],"wp:term":[{"taxonomy":"product_brand","embeddable":true,"href":"https:\/\/shefmon.com\/fr\/wp-json\/wp\/v2\/product_brand?post=3629"},{"taxonomy":"product_cat","embeddable":true,"href":"https:\/\/shefmon.com\/fr\/wp-json\/wp\/v2\/product_cat?post=3629"},{"taxonomy":"product_tag","embeddable":true,"href":"https:\/\/shefmon.com\/fr\/wp-json\/wp\/v2\/product_tag?post=3629"}],"curies":[{"name":"wp","href":"https:\/\/api.w.org\/{rel}","templated":true}]}}