{"id":3078,"date":"2024-05-27T17:14:46","date_gmt":"2024-05-27T09:14:46","guid":{"rendered":"https:\/\/palegoldenrod-manatee-952098.hostingersite.com\/?post_type=product&#038;p=3078"},"modified":"2025-09-17T19:14:20","modified_gmt":"2025-09-17T11:14:20","slug":"appareil-de-massage-a-billes-internes-s26-2-en-1-pour-cryolipolyse-endos-velapro-appareil-amincissant","status":"publish","type":"product","link":"https:\/\/shefmon.com\/fr\/product\/s26-2-in-1-cryolipolysis-endos-velapro-inner-ball-roller-massager-slimming-machine\/","title":{"rendered":"Appareil de massage amincissant 2 en 1 S26, cryolipolyse, Endos Velapro, rouleau \u00e0 billes internes"},"content":{"rendered":"<p><strong>Qu&#039;est-ce que la machine \u00e0 rouleaux \u00e0 billes int\u00e9rieures ?<\/strong><br \/>\nLe rouleau \u00e0 billes interne est un instrument de remodelage corporel de pointe, reconnu mondialement. Il utilise une micro-vibration de compression innovante pour am\u00e9liorer le drainage lymphatique, stimuler la circulation sanguine, att\u00e9nuer et r\u00e9duire la cellulite, inverser les signes de l&#039;\u00e2ge, renforcer les muscles et favoriser la d\u00e9toxification. Il peut \u00eatre utilis\u00e9 sur le visage et le corps. Les zones les plus fr\u00e9quemment trait\u00e9es sont les cuisses, les fesses et le haut des bras.<br \/>\n<strong>Principe de fonctionnement :<\/strong><br \/>\nL&#039;appareil \u00e0 bille interne est un traitement non invasif par microvibration et compression m\u00e9canique. Le principe est simple : la bille de silicone tourne \u00e0 360\u00b0 autour du rouleau pour g\u00e9n\u00e9rer des microvibrations. En exer\u00e7ant une pression sur la peau, la bille produit un effet de compression puls\u00e9e, cr\u00e9ant un mouvement de va-et-vient continu. Les tissus sont soumis \u00e0 une pression et un effet liftant, sans comprimer ni endommager la peau. La pression exerc\u00e9e sur les tissus \u00e9tire les cellules et stimule ainsi naturellement et profond\u00e9ment l&#039;activit\u00e9 cellulaire, la circulation sanguine et l&#039;oxyg\u00e9nation. Les amas graisseux sont pressuris\u00e9s et ainsi d\u00e9compos\u00e9s, r\u00e9duisant et \u00e9liminant ainsi la cellulite.<br \/>\n<strong>Fonction<\/strong><br \/>\nLifting de la peau, rajeunissement de la peau ;<br \/>\nRemodelage pr\u00e9 et post liposuccion ;<br \/>\nRemodelage pr\u00e9 et post injections anti rides ;<br \/>\nRaideur musculaire des \u00e9paules et du cou ;<br \/>\nStimulation plantaire;<br \/>\nPr\u00e9paration athl\u00e9tique;<br \/>\nPhysioth\u00e9rapie de r\u00e9adaptation post-traumatique<\/p>\n<p><span style=\"color: #ff6600;\"><strong>Caract\u00e9ristiques 1-Affichage<\/strong><\/span><\/p>\n<p><strong><img fetchpriority=\"high\" decoding=\"async\" class=\"alignnone size-medium wp-image-2796\" src=\"https:\/\/shefmon.com\/wp-content\/uploads\/2024\/05\/B0109-3-300x176.jpg\" alt=\"\" width=\"300\" height=\"176\" srcset=\"https:\/\/shefmon.com\/wp-content\/uploads\/2024\/05\/B0109-3-300x176.jpg 300w, https:\/\/shefmon.com\/wp-content\/uploads\/2024\/05\/B0109-3-150x88.jpg 150w, https:\/\/shefmon.com\/wp-content\/uploads\/2024\/05\/B0109-3.jpg 560w\" sizes=\"(max-width: 300px) 100vw, 300px\" \/><\/strong><\/p>\n<p>L&#039;\u00e9cran 7\u2033 ULTRA haute d\u00e9finition est tactile. Son utilisation est tr\u00e8s simple et la sonde est \u00e9quip\u00e9e de 7 lampes de traitement diff\u00e9rentes, pour un r\u00e9sultat encore plus visible.<\/p>\n<p><span style=\"color: #ff6600;\"><strong>Comprend 2 \u00e0 3 rouleaux<\/strong><\/span><\/p>\n<p><strong><img decoding=\"async\" class=\"alignnone size-medium wp-image-2617 lazyload\" data-src=\"https:\/\/shefmon.com\/wp-content\/uploads\/2024\/05\/B0109-2-300x300.png\" alt=\"\" width=\"300\" height=\"300\" data-srcset=\"https:\/\/shefmon.com\/wp-content\/uploads\/2024\/05\/B0109-2-300x300.png 300w, https:\/\/shefmon.com\/wp-content\/uploads\/2024\/05\/B0109-2-150x150.png 150w, https:\/\/shefmon.com\/wp-content\/uploads\/2024\/05\/B0109-2-600x600.png 600w, https:\/\/shefmon.com\/wp-content\/uploads\/2024\/05\/B0109-2-768x768.png 768w, https:\/\/shefmon.com\/wp-content\/uploads\/2024\/05\/B0109-2.png 1000w\" data-sizes=\"(max-width: 300px) 100vw, 300px\" src=\"data:image\/gif;base64,R0lGODlhAQABAAAAACH5BAEKAAEALAAAAAABAAEAAAICTAEAOw==\" style=\"--smush-placeholder-width: 300px; --smush-placeholder-aspect-ratio: 300\/300;\" \/><\/strong><\/p>\n<p>La pi\u00e8ce \u00e0 main est \u00e9quip\u00e9e de trois rouleaux uniques, chacun d\u00e9di\u00e9 \u00e0 une phase de traitement sp\u00e9cifique. Un rouleau \u00e0 billes de gel est utilis\u00e9 en premier, suivi d&#039;un rouleau \u00e0 billes de silicone pour la phase fonctionnelle. Ce rouleau, compos\u00e9 de billes rigides \u00e0 densit\u00e9 variable, cible efficacement des zones sp\u00e9cifiques.<\/p>\n<p><span style=\"color: #ff6600;\"><strong>Comprend 3 rouleaux en silicone en forme de V avec trous d&#039;a\u00e9ration<\/strong><\/span><\/p>\n<p><img decoding=\"async\" class=\"alignnone size-medium wp-image-2794 lazyload\" data-src=\"https:\/\/shefmon.com\/wp-content\/uploads\/2024\/05\/B0109-300x300.jpg\" alt=\"\" width=\"300\" height=\"300\" data-srcset=\"https:\/\/shefmon.com\/wp-content\/uploads\/2024\/05\/B0109-300x300.jpg 300w, https:\/\/shefmon.com\/wp-content\/uploads\/2024\/05\/B0109-150x150.jpg 150w, https:\/\/shefmon.com\/wp-content\/uploads\/2024\/05\/B0109.jpg 560w\" data-sizes=\"(max-width: 300px) 100vw, 300px\" src=\"data:image\/gif;base64,R0lGODlhAQABAAAAACH5BAEKAAEALAAAAAABAAEAAAICTAEAOw==\" style=\"--smush-placeholder-width: 300px; --smush-placeholder-aspect-ratio: 300\/300;\" \/><\/p>\n<p>Ce nouveau design est dot\u00e9 de trois rouleaux en V, un en haut et un en bas, ainsi que de deux rang\u00e9es de rouleaux perfor\u00e9s. Il agit dans deux directions\u00a0: resserrement des muscles vers l&#039;int\u00e9rieur, massage et lissage, pour un confort et une efficacit\u00e9 accrus.<\/p>\n<p><span style=\"color: #ff6600;\"><strong>Caract\u00e9ristiques Pi\u00e8ce \u00e0 main pour le visage \u00e0 4 corps<\/strong><\/span><\/p>\n<p><img decoding=\"async\" class=\"alignnone size-medium wp-image-2797 lazyload\" data-src=\"https:\/\/shefmon.com\/wp-content\/uploads\/2024\/05\/B0109-2-1-300x300.jpg\" alt=\"\" width=\"300\" height=\"300\" data-srcset=\"https:\/\/shefmon.com\/wp-content\/uploads\/2024\/05\/B0109-2-1-300x300.jpg 300w, https:\/\/shefmon.com\/wp-content\/uploads\/2024\/05\/B0109-2-1-150x150.jpg 150w, https:\/\/shefmon.com\/wp-content\/uploads\/2024\/05\/B0109-2-1.jpg 560w\" data-sizes=\"(max-width: 300px) 100vw, 300px\" src=\"data:image\/gif;base64,R0lGODlhAQABAAAAACH5BAEKAAEALAAAAAABAAEAAAICTAEAOw==\" style=\"--smush-placeholder-width: 300px; --smush-placeholder-aspect-ratio: 300\/300;\" \/><\/p>\n<p>Les pi\u00e8ces \u00e0 main pour le corps et le visage sont \u00e9quip\u00e9es de capteurs et d&#039;un \u00e9cran communiquant avec l&#039;utilisateur. Chacune est dot\u00e9e de trois embouts et b\u00e9n\u00e9ficie d&#039;un design ergonomique, agr\u00e9ment\u00e9 d&#039;indicateurs directionnels \u00e0 l&#039;arri\u00e8re pour une utilisation intuitive.<\/p>\n<p><strong>Th\u00e9orie de la cryolipolyse :<\/strong><br \/>\nLe principe des machines de cryolipolyse repose sur le principe que les cellules graisseuses sont plus sensibles au froid que les tissus environnants. Ces machines utilisent un refroidissement contr\u00f4l\u00e9 pour geler et d\u00e9truire les cellules graisseuses sans endommager la peau ni les autres tissus. Une fois congel\u00e9es, les cellules graisseuses subissent un processus naturel de mort cellulaire appel\u00e9 apoptose. Au fil du temps, le corps \u00e9limine ces cellules graisseuses mortes par ses processus m\u00e9taboliques naturels, ce qui entra\u00eene une r\u00e9duction de la graisse dans la zone trait\u00e9e.<br \/>\n<strong>Caract\u00e9ristiques de la cryolipolyse :<\/strong><br \/>\n\uf0d8Avec traitement \u00e0 froid et \u00e0 chaud, temp\u00e9rature de -16 \u00e0 46\u00b0C<br \/>\n\uf0d8Avec t\u00eate en silicone, traitement par froid progressif et s\u00fbr, traitement non invasif<br \/>\n\uf0d8Avec 7 tailles diff\u00e9rentes en option, 4 poign\u00e9es fonctionnent en m\u00eame temps.<br \/>\n\uf0d8Un seul traitement permet d&#039;obtenir un r\u00e9sultat visible, un seul traitement r\u00e9duit de 3 \u00e0 6 cm<br \/>\n\uf0d8Dur\u00e9e de travail longue dur\u00e9e, meilleur syst\u00e8me de refroidissement TEC, fonctionnement non-stop 24 heures sur 24.<\/p>\n<p><img decoding=\"async\" class=\"alignnone size-medium wp-image-2620 lazyload\" data-src=\"https:\/\/shefmon.com\/wp-content\/uploads\/2024\/05\/S26-300x300.jpg\" alt=\"\" width=\"300\" height=\"300\" data-srcset=\"https:\/\/shefmon.com\/wp-content\/uploads\/2024\/05\/S26-300x300.jpg 300w, https:\/\/shefmon.com\/wp-content\/uploads\/2024\/05\/S26-150x150.jpg 150w, https:\/\/shefmon.com\/wp-content\/uploads\/2024\/05\/S26-600x600.jpg 600w, https:\/\/shefmon.com\/wp-content\/uploads\/2024\/05\/S26-768x768.jpg 768w, https:\/\/shefmon.com\/wp-content\/uploads\/2024\/05\/S26.jpg 1000w\" data-sizes=\"(max-width: 300px) 100vw, 300px\" src=\"data:image\/gif;base64,R0lGODlhAQABAAAAACH5BAEKAAEALAAAAAABAAEAAAICTAEAOw==\" style=\"--smush-placeholder-width: 300px; --smush-placeholder-aspect-ratio: 300\/300;\" \/><\/p>","protected":false},"excerpt":{"rendered":"<p><strong>2 en 1 : Cryolipolyse + Boule Int\u00e9rieure<\/strong><br \/>\n<strong>Fonction<\/strong>:Perte de poids, rajeunissement de la peau, \u00e9limination des rides, raffermissement<br \/>\n<strong>\u00c9cran<\/strong> 12,1 pouces<br \/>\n<strong>Vitesse de rotation<\/strong> 450 tr\/min<br \/>\n<strong>Fr\u00e9quence de sortie<\/strong> 40-300 Hz<br \/>\n<strong>Conseils de cryog\u00e9nisation :<\/strong>norme 5, max 7<br \/>\n<strong>Temp\u00e9rature de refroidissement<\/strong><br \/>\n1 \u00e0 5 vitesses (temp\u00e9rature de refroidissement de 1 \u00e0 -15\u2103)<br \/>\n<strong>Temp\u00e9rature de chauffage<\/strong><br \/>\n0-4 vitesses (pr\u00e9chauffage pendant 3 minutes, temp\u00e9rature de chauffage<br \/>\n37 \u00e0 45 \u2103)<br \/>\n<strong>Aspiration sous vide<\/strong><br \/>\n1 \u00e0 5 vitesses (10 \u00e0 80 kPa)<br \/>\n<strong>Puissance de sortie<\/strong><br \/>\n1000 W<br \/>\n<strong>Temps de prise<\/strong><br \/>\n1 \u00e0 99 min (par d\u00e9faut 60 min)<\/p>","protected":false},"featured_media":3082,"template":"","meta":[],"product_brand":[],"product_cat":[73,77,90],"product_tag":[],"class_list":{"0":"post-3078","1":"product","2":"type-product","3":"status-publish","4":"has-post-thumbnail","6":"product_cat-cryolipolysis","7":"product_cat-endos-velapro","8":"product_cat-lose-fat-and-body-firming","10":"first","11":"instock","12":"shipping-taxable","13":"product-type-simple"},"_links":{"self":[{"href":"https:\/\/shefmon.com\/fr\/wp-json\/wp\/v2\/product\/3078","targetHints":{"allow":["GET"]}}],"collection":[{"href":"https:\/\/shefmon.com\/fr\/wp-json\/wp\/v2\/product"}],"about":[{"href":"https:\/\/shefmon.com\/fr\/wp-json\/wp\/v2\/types\/product"}],"version-history":[{"count":0,"href":"https:\/\/shefmon.com\/fr\/wp-json\/wp\/v2\/product\/3078\/revisions"}],"wp:featuredmedia":[{"embeddable":true,"href":"https:\/\/shefmon.com\/fr\/wp-json\/wp\/v2\/media\/3082"}],"wp:attachment":[{"href":"https:\/\/shefmon.com\/fr\/wp-json\/wp\/v2\/media?parent=3078"}],"wp:term":[{"taxonomy":"product_brand","embeddable":true,"href":"https:\/\/shefmon.com\/fr\/wp-json\/wp\/v2\/product_brand?post=3078"},{"taxonomy":"product_cat","embeddable":true,"href":"https:\/\/shefmon.com\/fr\/wp-json\/wp\/v2\/product_cat?post=3078"},{"taxonomy":"product_tag","embeddable":true,"href":"https:\/\/shefmon.com\/fr\/wp-json\/wp\/v2\/product_tag?post=3078"}],"curies":[{"name":"wp","href":"https:\/\/api.w.org\/{rel}","templated":true}]}}