{"id":3063,"date":"2024-05-27T16:16:10","date_gmt":"2024-05-27T08:16:10","guid":{"rendered":"https:\/\/palegoldenrod-manatee-952098.hostingersite.com\/?post_type=product&#038;p=3063"},"modified":"2025-09-17T19:16:09","modified_gmt":"2025-09-17T11:16:09","slug":"a0275e-appareil-combine-3-en-1-de-magnetotherapie-par-ondes-pmst","status":"publish","type":"product","link":"https:\/\/shefmon.com\/fr\/product\/a0275e-3-in-1-combination-machine-pmst-wave-magnetotherapy\/","title":{"rendered":"A0275E Appareil combin\u00e9 3 en 1 Magn\u00e9toth\u00e9rapie par ondes PMST"},"content":{"rendered":"<p><strong>Magn\u00e9toth\u00e9rapie<\/strong> envoie un champ magn\u00e9tique dans le corps, cr\u00e9ant un effet curatif extraordinaire.<br \/>\nLes r\u00e9sultats sont une diminution de la douleur, une r\u00e9duction du gonflement et une augmentation de l&#039;amplitude des mouvements dans les zones affect\u00e9es.<br \/>\nles cellules sont r\u00e9\u00e9nergis\u00e9es en augmentant les charges \u00e9lectriques \u00e0 l&#039;int\u00e9rieur de la cellule qui la ram\u00e8nent \u00e0 son \u00e9tat de sant\u00e9 normal.<br \/>\nLe m\u00e9tabolisme cellulaire augmente, les cellules sanguines sont r\u00e9g\u00e9n\u00e9r\u00e9es, la circulation est am\u00e9lior\u00e9e et l&#039;absorption de<br \/>\nL&#039;oxyg\u00e8ne est augment\u00e9 de plus de 200%. Le syst\u00e8me immunitaire devient plus sain et le foie, les reins,<br \/>\net le c\u00f4lon sont mieux capables d\u2019\u00e9liminer les d\u00e9chets et les toxines.<\/p>\n<p><strong>Effets de la magn\u00e9toth\u00e9rapie<\/strong><br \/>\n\u53e3r\u00e9duit la douleur<br \/>\nAm\u00e9liore la circulation sanguine superficielle et profonde<br \/>\nAm\u00e9liore la r\u00e9g\u00e9n\u00e9ration des tissus<br \/>\nStimule le drainage veineux et lymphatique<br \/>\nAffecte la restauration de l&#039;activit\u00e9 de l&#039;\u00e9quilibre m\u00e9tabolique<\/p>","protected":false},"excerpt":{"rendered":"<p><strong>Nom du produit:<\/strong>Appareil de physioth\u00e9rapie magn\u00e9tique<br \/>\n<strong>tension:<\/strong>CA 100 V-CA 240 V 50\/60 Hz<br \/>\n<strong>Pouvoir:<\/strong>1500 W<br \/>\n<strong>Fr\u00e9quence:<\/strong>100 kHz \u00e0 300 kHz<br \/>\n<strong>Intensit\u00e9 du champ \u00e0 la bobine :<\/strong>4T<br \/>\n<strong>Intensit\u00e9 du champ \u00e0 une distance de 4 cm :<\/strong>0,4 T<br \/>\n<strong>Performance du terrain :<\/strong>92T\/S<br \/>\n<strong>Fonction:<\/strong>R\u00e9duire la douleur, la r\u00e9\u00e9ducation et les blessures sportives<br \/>\n<strong>Circuit de refroidissement:<\/strong>Syst\u00e8me de refroidissement par air<br \/>\n<strong>Emballer:<\/strong> 48*63*63cm\/39KGS<br \/>\n<strong>Facultatif:<\/strong> deux poign\u00e9es fonctionnant en m\u00eame temps avec des lasers<\/p>","protected":false},"featured_media":3070,"template":"","meta":[],"product_brand":[],"product_cat":[75,83],"product_tag":[],"class_list":{"0":"post-3063","1":"product","2":"type-product","3":"status-publish","4":"has-post-thumbnail","6":"product_cat-emslim","7":"product_cat-shockwave-physiotherapy","9":"first","10":"instock","11":"shipping-taxable","12":"product-type-simple"},"_links":{"self":[{"href":"https:\/\/shefmon.com\/fr\/wp-json\/wp\/v2\/product\/3063","targetHints":{"allow":["GET"]}}],"collection":[{"href":"https:\/\/shefmon.com\/fr\/wp-json\/wp\/v2\/product"}],"about":[{"href":"https:\/\/shefmon.com\/fr\/wp-json\/wp\/v2\/types\/product"}],"version-history":[{"count":0,"href":"https:\/\/shefmon.com\/fr\/wp-json\/wp\/v2\/product\/3063\/revisions"}],"wp:featuredmedia":[{"embeddable":true,"href":"https:\/\/shefmon.com\/fr\/wp-json\/wp\/v2\/media\/3070"}],"wp:attachment":[{"href":"https:\/\/shefmon.com\/fr\/wp-json\/wp\/v2\/media?parent=3063"}],"wp:term":[{"taxonomy":"product_brand","embeddable":true,"href":"https:\/\/shefmon.com\/fr\/wp-json\/wp\/v2\/product_brand?post=3063"},{"taxonomy":"product_cat","embeddable":true,"href":"https:\/\/shefmon.com\/fr\/wp-json\/wp\/v2\/product_cat?post=3063"},{"taxonomy":"product_tag","embeddable":true,"href":"https:\/\/shefmon.com\/fr\/wp-json\/wp\/v2\/product_tag?post=3063"}],"curies":[{"name":"wp","href":"https:\/\/api.w.org\/{rel}","templated":true}]}}