{"id":3036,"date":"2024-05-27T14:19:38","date_gmt":"2024-05-27T06:19:38","guid":{"rendered":"https:\/\/palegoldenrod-manatee-952098.hostingersite.com\/?post_type=product&#038;p=3036"},"modified":"2025-09-17T19:21:37","modified_gmt":"2025-09-17T11:21:37","slug":"a0240-5-en-1-emslim-ems-stimulation-musculaire-teslasculpt-renforcement-musculaire","status":"publish","type":"product","link":"https:\/\/shefmon.com\/fr\/product\/a0240-5-in-1-emslim-ems-muscle-stimulation-teslasculpt-muscle-building\/","title":{"rendered":"A0240 5 en 1 Emslim EMS Stimulation musculaire Teslasculpt Muscle Building"},"content":{"rendered":"<p><strong>Stimulation musculaire Shefmon EMS Teslasculpt<\/strong><br \/>\nTechnologie \u00e9lectromagn\u00e9tique puls\u00e9e haute intensit\u00e9 (HIPEM) pour l&#039;amincissement, le raffermissement et la combustion des graisses. Appareil professionnel pour les instituts de beaut\u00e9 et les m\u00e9decins souhaitant offrir \u00e0 leurs clients des traitements de remodelage corporel non invasifs, modernes et efficaces.<br \/>\nLe remodelage corporel par EMS d\u00e9veloppe les muscles et br\u00fble les graisses simultan\u00e9ment. Les impulsions \u00e9lectromagn\u00e9tiques induisent des contractions musculaires supramaximales qui obligent le tissu musculaire \u00e0 s&#039;adapter, favorisant ainsi la croissance musculaire et la combustion des graisses par lipolyse.<\/p>\n<p><strong>Comment fonctionne le remodelage corporel EMS ?<\/strong><br \/>\nIl s&#039;agit de la derni\u00e8re technologie de traitement con\u00e7ue en Cor\u00e9e pour un amincissement et une sculpture corporelle non invasifs qui renforcent les muscles et br\u00fblent les graisses \u00e0<br \/>\nAu m\u00eame moment. La stimulation \u00e9lectromagn\u00e9tique puls\u00e9e de haute intensit\u00e9 offre une contraction musculaire continue sans rel\u00e2chement musculaire.<br \/>\nPermettre ainsi au muscle de travailler \u00e0 sa capacit\u00e9 maximale. Ces conditions de contraction extr\u00eames n\u00e9cessitent une adaptation musculaire.<br \/>\nEt d\u00e9veloppez la masse musculaire sur la zone trait\u00e9e, tout en br\u00fblant les graisses.<br \/>\nDes \u00e9tudes cliniques rapportent une r\u00e9duction moyenne de graisse de 19% associ\u00e9e \u00e0 une augmentation de la masse musculaire de 16% au cours d&#039;un traitement<br \/>\nCompos\u00e9 de 4 \u00e0 6 s\u00e9ances, espac\u00e9es tous les 2 \u00e0 3 jours. Les zones de traitement comprennent l&#039;abdomen, les fesses, les bras et les cuisses.<\/p>\n<p><strong>Traitement s\u00fbr et confortable<\/strong><br \/>\n(HIPEM) Technologie \u00e9lectromagn\u00e9tique puls\u00e9e \u00e0 haute intensit\u00e9<br \/>\nC&#039;est comme faire 20 000 abdominaux ou squats en seulement 30 minutes sans le travail acharn\u00e9 ni la transpiration. Traitements de 30 minutes<br \/>\nLes traitements sont rapides et peuvent \u00eatre effectu\u00e9s pendant une pause d\u00e9jeuner. Cliniquement prouv\u00e9<br \/>\nEnti\u00e8rement test\u00e9 dans 7 \u00e9tudes ind\u00e9pendantes pour la s\u00e9curit\u00e9 et l&#039;efficacit\u00e9.<\/p>\n<p><strong>Avantages de la clinique<\/strong><br \/>\n* Offrez \u00e0 vos clients la toute derni\u00e8re technologie de pointe en mati\u00e8re de traitement de remodelage corporel<br \/>\n* Allumez-le et laissez le syst\u00e8me faire le travail pour vous<br \/>\n* Fonctionnement simple et facile \u00e0 utiliser<br \/>\n* Z\u00e9ro consommable<br \/>\n* Non invasif, sans temps d&#039;arr\u00eat, sans effets secondaires et sans douleur<br \/>\n* Co\u00fbt de traitement recommand\u00e9 $800 (visite unique)<br \/>\n* Livr\u00e9 avec 2 applicateurs, permettant des traitements pour le ventre, les fesses, les bras et les cuisses<\/p>","protected":false},"excerpt":{"rendered":"<p>Puissance : 5000w<br \/>\nPuissance RF : 800 W<br \/>\nIntensit\u00e9 : 7Tesla<br \/>\nLargeur d&#039;impulsion : 310 \u00b1 101 TP3T<br \/>\nForme d&#039;impulsion : onde bidirectionnelle<br \/>\n\u00c9cran : \u00e9cran robuste de 10,4 pouces<br \/>\nFr\u00e9quence : 1-150 Hz<br \/>\nTension : AC 220 V \u00b1 101 TP3T 10 A 50 Hz, 110 V \u00b1 101 TP3T 10 A 60 Hz<br \/>\nRefroidissement : refroidissement par air<br \/>\nPoign\u00e9es : 4 poign\u00e9es + muscle du plancher pelvien (en option)<\/p>","protected":false},"featured_media":3039,"template":"","meta":[],"product_brand":[],"product_cat":[75,85],"product_tag":[],"class_list":{"0":"post-3036","1":"product","2":"type-product","3":"status-publish","4":"has-post-thumbnail","6":"product_cat-emslim","7":"product_cat-gain-muscle-and-body-shaping","9":"first","10":"instock","11":"shipping-taxable","12":"product-type-simple"},"_links":{"self":[{"href":"https:\/\/shefmon.com\/fr\/wp-json\/wp\/v2\/product\/3036","targetHints":{"allow":["GET"]}}],"collection":[{"href":"https:\/\/shefmon.com\/fr\/wp-json\/wp\/v2\/product"}],"about":[{"href":"https:\/\/shefmon.com\/fr\/wp-json\/wp\/v2\/types\/product"}],"version-history":[{"count":0,"href":"https:\/\/shefmon.com\/fr\/wp-json\/wp\/v2\/product\/3036\/revisions"}],"wp:featuredmedia":[{"embeddable":true,"href":"https:\/\/shefmon.com\/fr\/wp-json\/wp\/v2\/media\/3039"}],"wp:attachment":[{"href":"https:\/\/shefmon.com\/fr\/wp-json\/wp\/v2\/media?parent=3036"}],"wp:term":[{"taxonomy":"product_brand","embeddable":true,"href":"https:\/\/shefmon.com\/fr\/wp-json\/wp\/v2\/product_brand?post=3036"},{"taxonomy":"product_cat","embeddable":true,"href":"https:\/\/shefmon.com\/fr\/wp-json\/wp\/v2\/product_cat?post=3036"},{"taxonomy":"product_tag","embeddable":true,"href":"https:\/\/shefmon.com\/fr\/wp-json\/wp\/v2\/product_tag?post=3036"}],"curies":[{"name":"wp","href":"https:\/\/api.w.org\/{rel}","templated":true}]}}